{"id":7189,"date":"2021-12-16T07:16:21","date_gmt":"2021-12-16T12:16:21","guid":{"rendered":"https:\/\/puyapeptide.net\/product\/peptideo-de-cobre-ghk-cu-tripeptideo-de-cobre-cas-89030-95-5-para-cicatrizacao-de-feridas-e-renovacao-da-pele\/"},"modified":"2021-12-16T07:16:21","modified_gmt":"2021-12-16T12:16:21","slug":"peptideo-de-cobre-ghk-cu-tripeptideo-de-cobre-cas-89030-95-5-para-cicatrizacao-de-feridas-e-renovacao-da-pele","status":"publish","type":"product","link":"https:\/\/puyapeptide.net\/pt-br\/product\/peptideo-de-cobre-ghk-cu-tripeptideo-de-cobre-cas-89030-95-5-para-cicatrizacao-de-feridas-e-renovacao-da-pele\/","title":{"rendered":"Pept\u00eddeo de cobre (GHK-Cu) \/ tripept\u00eddeo de cobre CAS 89030-95-5 para cicatriza\u00e7\u00e3o de feridas e renova\u00e7\u00e3o da pele"},"content":{"rendered":"<h2><strong>Pept\u00eddeo de cobre (GHK-Cu) \/ tripept\u00eddeo de cobre CAS 89030-95-5 para cicatriza\u00e7\u00e3o de feridas e renova\u00e7\u00e3o da pele<\/strong><\/h2>\n<p> Nome do produto: Pept\u00eddeo de cobre (GHK-Cu) \/ Tripept\u00eddeo de cobre \/ [N2- (N-Glycyl-L-histidil) -L-lisinato (2 -)] cobre<br \/>\n Sequ\u00eancia: (Cu2 +) H-Glu -His-Lys-OH<br \/>\n Sin\u00f4nimos: [N2- (N-Glicil-L-histidil) -L-lisinato (2 -)] cobre; Ghk-Cu \/ AHK-CU; Tripept\u00eddeo de cobre (GHK-Cu); Prezatide cobre, [N2- (N-Glycyl-L-histidyl) -L-lysinato (2 -)] cobre; tripept\u00eddeo \/ GHK-Cu; pept\u00eddeo de cobre, GHK-Cu, tripept\u00eddeo de cobre-1; GHK cobre; GHK.CU .HAC<br \/>\n CAS: 89030-95-5<br \/>\n MF: C14H21CuN6O4<br \/>\n MW: 400,91<br \/>\n EINECS:<br \/>\n Categorias de produtos: Farmac\u00eautico<br \/>\n Arquivo Mol: 89030-95-5.mol &lt; &amp;&gt;<br \/>\n O cobre \u00e9 um oligoelemento importante que se descobriu ser importante na cicatriza\u00e7\u00e3o de feridas e nos processos enzim\u00e1ticos. A lisiloxidase \u00e9 uma enzima importante na produ\u00e7\u00e3o de col\u00e1geno e elastina e o pept\u00eddeo de cobre depende da a\u00e7\u00e3o do cobre. A tirosinase e a citocromo c oxidase tamb\u00e9m requerem cobre. Os efeitos prejudiciais dos radicais livres na pele foram elucidados em pesquisas cient\u00edficas b\u00e1sicas sobre o fotoenvelhecimento da pele. A super\u00f3xido dismutase atua como um importante antioxidante e requer cobre como cofator.<br \/>\n O p\u00f3 do Pept\u00eddeo de Cobre GHK se complexifica espontaneamente com o cobre e facilita a absor\u00e7\u00e3o do cobre pelas c\u00e9lulas. A sequ\u00eancia do pept\u00eddeo de cobre \u00e9 encontrada em prote\u00ednas da matriz extracelular, como a cadeia de col\u00e1geno, e acredita-se que o pept\u00eddeo de cobre seja liberado durante ferimentos e inflama\u00e7\u00e3o. <\/p>\n<p> <strong>Fun\u00e7\u00e3o do pept\u00eddeo de cobre (GHK-Cu) \/ tripept\u00eddeo de cobre CAS 89030-95-5<\/strong><br \/>\n 1. Acelere o reparo de feridas<br \/>\n 2. Aumentar a reepiteliza\u00e7\u00e3o da pele<br \/>\n 3. Efeitos do envelhecimento reverso na pele<br \/>\n 4. engrossa a pele, melhora a elasticidade e aumenta a camada de gordura subcut\u00e2nea<br \/>\n 5. Melhorar o sucesso do transplante de cabelo, prevenir a queda de cabelo<br \/>\n 6. Os an\u00e1logos de GHK com an\u00e1logos de res\u00edduos de gordura aumentam o tamanho do fol\u00edculo capilar, estimulam o crescimento do cabelo e reduzem a queda de cabelo<br \/>\n 7. Cure forros intestinais feridos. Ativa a principal prote\u00edna antioxidante da pele &#8211; super\u00f3xido dismutase <\/p>\n<p> <strong>Aplica\u00e7\u00e3o t\u00edpica do pept\u00eddeo de cobre (GHK-Cu) \/ tripept\u00eddeo de cobre CAS 89030-95-5<\/strong><br \/>\n Revertendo a idade da pele, renova\u00e7\u00e3o da pele, cicatriza\u00e7\u00e3o sem cicatrizes e remo\u00e7\u00e3o da pele les\u00f5es com alta seguran\u00e7a. Pode ser usado para anti-rugas \/ repara\u00e7\u00e3o da pele \/ restaura\u00e7\u00e3o capilar<\/p>\n","protected":false},"excerpt":{"rendered":"<p>Nome do produto: Pept\u00eddeo de cobre (GHK-Cu) \/ Tripept\u00eddeo de cobre \/ [N2- (N-Glycyl-L-histidyl) -L-lysinato (2 -)] cobre<br \/>\n CAS: 89030-95-5<br \/>\n MF : C14H21CuN6O4<br \/>\n MW: 400,91<br \/>\n Arquivo Mol: 89030-95-5.mol<\/p>\n","protected":false},"featured_media":3872,"comment_status":"open","ping_status":"closed","template":"","meta":{"om_disable_all_campaigns":false,"_monsterinsights_skip_tracking":false,"_monsterinsights_sitenote_active":false,"_monsterinsights_sitenote_note":"","_monsterinsights_sitenote_category":0,"site-sidebar-layout":"default","site-content-layout":"default","ast-site-content-layout":"default","site-content-style":"default","site-sidebar-style":"default","ast-global-header-display":"","ast-banner-title-visibility":"","ast-main-header-display":"","ast-hfb-above-header-display":"","ast-hfb-below-header-display":"","ast-hfb-mobile-header-display":"","site-post-title":"","ast-breadcrumbs-content":"","ast-featured-img":"","footer-sml-layout":"","ast-disable-related-posts":"","theme-transparent-header-meta":"default","adv-header-id-meta":"","stick-header-meta":"","header-above-stick-meta":"","header-main-stick-meta":"","header-below-stick-meta":"","astra-migrate-meta-layouts":"default","ast-page-background-enabled":"default","ast-page-background-meta":{"desktop":{"background-color":"","background-image":"","background-repeat":"repeat","background-position":"center center","background-size":"auto","background-attachment":"scroll","background-type":"","background-media":"","overlay-type":"","overlay-color":"","overlay-opacity":"","overlay-gradient":""},"tablet":{"background-color":"","background-image":"","background-repeat":"repeat","background-position":"center center","background-size":"auto","background-attachment":"scroll","background-type":"","background-media":"","overlay-type":"","overlay-color":"","overlay-opacity":"","overlay-gradient":""},"mobile":{"background-color":"","background-image":"","background-repeat":"repeat","background-position":"center center","background-size":"auto","background-attachment":"scroll","background-type":"","background-media":"","overlay-type":"","overlay-color":"","overlay-opacity":"","overlay-gradient":""}},"ast-content-background-meta":{"desktop":{"background-color":"var(--ast-global-color-5)","background-image":"","background-repeat":"repeat","background-position":"center center","background-size":"auto","background-attachment":"scroll","background-type":"","background-media":"","overlay-type":"","overlay-color":"","overlay-opacity":"","overlay-gradient":""},"tablet":{"background-color":"var(--ast-global-color-5)","background-image":"","background-repeat":"repeat","background-position":"center center","background-size":"auto","background-attachment":"scroll","background-type":"","background-media":"","overlay-type":"","overlay-color":"","overlay-opacity":"","overlay-gradient":""},"mobile":{"background-color":"var(--ast-global-color-5)","background-image":"","background-repeat":"repeat","background-position":"center center","background-size":"auto","background-attachment":"scroll","background-type":"","background-media":"","overlay-type":"","overlay-color":"","overlay-opacity":"","overlay-gradient":""}}},"product_brand":[],"product_cat":[552],"product_tag":[2591],"class_list":{"0":"post-7189","1":"product","2":"type-product","3":"status-publish","4":"has-post-thumbnail","6":"product_cat-peptideo-anti-rugas-e-anti-envelhecimento","7":"product_tag-copper-peptide-ghk-cu-copper-tripeptide-cas-89030-95-5-for-wound-healing-and-skin-renewal-pt-br","8":"desktop-align-left","9":"tablet-align-left","10":"mobile-align-left","12":"first","13":"instock","14":"shipping-taxable","15":"product-type-simple"},"_links":{"self":[{"href":"https:\/\/puyapeptide.net\/pt-br\/wp-json\/wp\/v2\/product\/7189","targetHints":{"allow":["GET"]}}],"collection":[{"href":"https:\/\/puyapeptide.net\/pt-br\/wp-json\/wp\/v2\/product"}],"about":[{"href":"https:\/\/puyapeptide.net\/pt-br\/wp-json\/wp\/v2\/types\/product"}],"replies":[{"embeddable":true,"href":"https:\/\/puyapeptide.net\/pt-br\/wp-json\/wp\/v2\/comments?post=7189"}],"wp:featuredmedia":[{"embeddable":true,"href":"https:\/\/puyapeptide.net\/pt-br\/wp-json\/wp\/v2\/media\/3872"}],"wp:attachment":[{"href":"https:\/\/puyapeptide.net\/pt-br\/wp-json\/wp\/v2\/media?parent=7189"}],"wp:term":[{"taxonomy":"product_brand","embeddable":true,"href":"https:\/\/puyapeptide.net\/pt-br\/wp-json\/wp\/v2\/product_brand?post=7189"},{"taxonomy":"product_cat","embeddable":true,"href":"https:\/\/puyapeptide.net\/pt-br\/wp-json\/wp\/v2\/product_cat?post=7189"},{"taxonomy":"product_tag","embeddable":true,"href":"https:\/\/puyapeptide.net\/pt-br\/wp-json\/wp\/v2\/product_tag?post=7189"}],"curies":[{"name":"wp","href":"https:\/\/api.w.org\/{rel}","templated":true}]}}