{"id":7284,"date":"2021-12-16T07:20:53","date_gmt":"2021-12-16T12:20:53","guid":{"rendered":"https:\/\/puyapeptide.net\/product\/melanotan-1-melanotan-i-afamelanotide-cas-75921-69-6\/"},"modified":"2021-12-16T07:20:53","modified_gmt":"2021-12-16T12:20:53","slug":"melanotan-1-melanotan-i-afamelanotide-cas-75921-69-6","status":"publish","type":"product","link":"https:\/\/puyapeptide.net\/pt-br\/product\/melanotan-1-melanotan-i-afamelanotide-cas-75921-69-6\/","title":{"rendered":"Melanotan 1 \/ Melanotan I \/ Afamelanotide CAS 75921-69-6"},"content":{"rendered":"<h2><strong>Melanotan 1 \/ Melanotan I \/ Afamelanotide CAS 75921-69-6<\/strong><\/h2>\n<p> Nome do produto: Melanotan 1<br \/>\n Sequ\u00eancia: Ac-Ser-Tyr-Ser-Nle-Glu-His-D-Phe-Arg-Trp-Gly-Lys-Pro-Val-NH2<br \/>\n Sin\u00f4nimos: [ NLE4, D-PHE] HORM\u00d4NIO ESTIMULANTE DE ALFA-MELAN\u00d3CITO; (NLE4, D-PHE7) -ALPHA-MSH; [Nle4, D-Phe7] \u03b1-MSH; Ac-L-Ser-L-Tyr-L-Ser-L -Nle-L-Glu-L-His-D-Phe-L-Arg-L-Trp-Gly-L-Lys-L-Pro-L-Val-NH2; N-Ac-L-Ser-L-Tyr -L-Ser-L-Nle-L-Glu-L-His-D-Phe-L-Arg-L-Trp-Gly-L-Lys-L-Pro-L-Val-NH2; [Nle4, DPhe7] a-MSH, amida; [Nle4, DPhe7] a-MSH, amida: Melanotan \u2160; [Nle4, D-Phe7] -\u03b1-MSH, amida<br \/>\n CAS: 75921-69-6<br \/>\n MF: C78H111N21O19 &lt; &amp;&gt; MW: 1646,85<br \/>\n EINECS: 211-519-9<br \/>\n Categorias de produtos: Pept\u00eddeos moduladores do canal i\u00f4nico; Horm\u00f4nios estimuladores de melan\u00f3citos (MSH); Horm\u00f4nios imunomoduladores; Pesquisa de obesidade; Pept\u00eddeos para biologia celular; Horm\u00f4nios hipofis\u00e1rios; Pept\u00eddeo; Estimuladores de melan\u00f3citos Pept\u00eddeos e prote\u00ednas de horm\u00f4nio (MSH); pept\u00eddeos de horm\u00f4nio estimulador de \u03b1-melan\u00f3citos (\u03b1-MSH) para biologia celular; Fatores de crescimento de citocinas e horm\u00f4nios (obesidade); Melanotan II A<br \/>\n Arquivo Mol: 75921-69-6.mol &lt;&amp; &gt;<br \/>\n Melanotan 2 (tamb\u00e9m conhecido como Melanotan II) \u00e9 um sint\u00e9tico lly produzida variante de um horm\u00f4nio pept\u00eddeo produzido naturalmente em nosso corpo que estimula a melanog\u00eanese, que \u00e9 respons\u00e1vel pela pigmenta\u00e7\u00e3o da pele. Este horm\u00f4nio pept\u00eddico, denominado<br \/>\n horm\u00f4nio estimulador de alfa-melan\u00f3citos ou MSH, ativa certos receptores de melanocortina no processo de exercer seus efeitos.<br \/>\n Na verdade, o MSH tamb\u00e9m traz benef\u00edcios potentes do metabolismo lip\u00eddico, apetite e libido sexual por meio destes receptores de melanocortina.<br \/>\n Portanto, Melanotan 2 demonstrou em estudos exibir efeitos supressores do apetite, lipol\u00edticos e de aumento da libido, al\u00e9m de<br \/>\n promover o bronzeamento da pele. O Melanotan 2 foi pesquisado extensivamente para uso na prote\u00e7\u00e3o contra os efeitos prejudiciais da radia\u00e7\u00e3o ultravioleta<br \/>\n da luz solar devido \u00e0s suas caracter\u00edsticas estimuladoras da melanog\u00eanese.<br \/>\n Al\u00e9m disso, o Melanotan 2 (MT-2) e uma variante similar produzida sinteticamente,, foram estudados como um rem\u00e9dio potencial<br \/>\n para o tratamento da disfun\u00e7\u00e3o sexual; especificamente, disfun\u00e7\u00e3o er\u00e9til masculina. <\/p>\n<p> <strong>Melanotan 1 \/ Melanotan I \/ Afamelanotide CAS 75921-69-6 Propriedades qu\u00edmicas<\/strong><br \/>\n densidade 1,46 \u00b1 0,1 g \/ cm3 (previsto)<br \/>\n RTECS OS1830200<br \/>\n temperatura de armazenamento . \u221220 \u00b0 C<br \/>\n pka 4,43 \u00b1 0,10 (previsto)<br \/>\n InChIKey UAHFGYDRQSXQEB-LEBBXHLNSA-N<br \/>\n Refer\u00eancia CAS DataBase 75921-69-6 (CAS DataBase Reference) <\/p>\n<p> <strong>Usos de Melanotan 1 \/ Melanotan I \/ Afamelanotide CAS 75921-69-6s<\/strong><br \/>\n Com o lan\u00e7amento do Melanotan I, esse pept\u00eddeo linear que consiste em 13 amino\u00e1cidos deve desempenhar um papel ainda maior na pesquisa de medicamentos. Os principais nomes ingleses do Melanotan I s\u00e3o Melanotan-1 e Afamelanotide, que pertencem a an\u00e1logos do \u03b1-MSH, Melanotan I pode ser usado para tratar dist\u00farbios de fotossensibilidade causados por protoporfiria eritropoi\u00e9tica.<\/p>\n","protected":false},"excerpt":{"rendered":"<p>Nome do produto: Melanotan 1<br \/>\n CAS: 75921-69-6<br \/>\n MF: C78H111N21O19<br \/>\n MW: 1646,85<br \/>\n EINECS: 211-519-9<br \/>\n Arquivo Mol: 75921-69-6.mol<\/p>\n","protected":false},"featured_media":2213,"comment_status":"open","ping_status":"closed","template":"","meta":{"om_disable_all_campaigns":false,"_monsterinsights_skip_tracking":false,"_monsterinsights_sitenote_active":false,"_monsterinsights_sitenote_note":"","_monsterinsights_sitenote_category":0,"site-sidebar-layout":"default","site-content-layout":"default","ast-site-content-layout":"default","site-content-style":"default","site-sidebar-style":"default","ast-global-header-display":"","ast-banner-title-visibility":"","ast-main-header-display":"","ast-hfb-above-header-display":"","ast-hfb-below-header-display":"","ast-hfb-mobile-header-display":"","site-post-title":"","ast-breadcrumbs-content":"","ast-featured-img":"","footer-sml-layout":"","ast-disable-related-posts":"","theme-transparent-header-meta":"default","adv-header-id-meta":"","stick-header-meta":"","header-above-stick-meta":"","header-main-stick-meta":"","header-below-stick-meta":"","astra-migrate-meta-layouts":"default","ast-page-background-enabled":"default","ast-page-background-meta":{"desktop":{"background-color":"","background-image":"","background-repeat":"repeat","background-position":"center center","background-size":"auto","background-attachment":"scroll","background-type":"","background-media":"","overlay-type":"","overlay-color":"","overlay-opacity":"","overlay-gradient":""},"tablet":{"background-color":"","background-image":"","background-repeat":"repeat","background-position":"center center","background-size":"auto","background-attachment":"scroll","background-type":"","background-media":"","overlay-type":"","overlay-color":"","overlay-opacity":"","overlay-gradient":""},"mobile":{"background-color":"","background-image":"","background-repeat":"repeat","background-position":"center center","background-size":"auto","background-attachment":"scroll","background-type":"","background-media":"","overlay-type":"","overlay-color":"","overlay-opacity":"","overlay-gradient":""}},"ast-content-background-meta":{"desktop":{"background-color":"var(--ast-global-color-5)","background-image":"","background-repeat":"repeat","background-position":"center center","background-size":"auto","background-attachment":"scroll","background-type":"","background-media":"","overlay-type":"","overlay-color":"","overlay-opacity":"","overlay-gradient":""},"tablet":{"background-color":"var(--ast-global-color-5)","background-image":"","background-repeat":"repeat","background-position":"center center","background-size":"auto","background-attachment":"scroll","background-type":"","background-media":"","overlay-type":"","overlay-color":"","overlay-opacity":"","overlay-gradient":""},"mobile":{"background-color":"var(--ast-global-color-5)","background-image":"","background-repeat":"repeat","background-position":"center center","background-size":"auto","background-attachment":"scroll","background-type":"","background-media":"","overlay-type":"","overlay-color":"","overlay-opacity":"","overlay-gradient":""}}},"product_brand":[],"product_cat":[533],"product_tag":[2556],"class_list":{"0":"post-7284","1":"product","2":"type-product","3":"status-publish","4":"has-post-thumbnail","6":"product_cat-outros-peptideos","7":"product_tag-melanotan-1-melanotan-i-afamelanotide-cas-75921-69-6-pt-br","8":"desktop-align-left","9":"tablet-align-left","10":"mobile-align-left","12":"first","13":"instock","14":"shipping-taxable","15":"product-type-simple"},"_links":{"self":[{"href":"https:\/\/puyapeptide.net\/pt-br\/wp-json\/wp\/v2\/product\/7284","targetHints":{"allow":["GET"]}}],"collection":[{"href":"https:\/\/puyapeptide.net\/pt-br\/wp-json\/wp\/v2\/product"}],"about":[{"href":"https:\/\/puyapeptide.net\/pt-br\/wp-json\/wp\/v2\/types\/product"}],"replies":[{"embeddable":true,"href":"https:\/\/puyapeptide.net\/pt-br\/wp-json\/wp\/v2\/comments?post=7284"}],"wp:featuredmedia":[{"embeddable":true,"href":"https:\/\/puyapeptide.net\/pt-br\/wp-json\/wp\/v2\/media\/2213"}],"wp:attachment":[{"href":"https:\/\/puyapeptide.net\/pt-br\/wp-json\/wp\/v2\/media?parent=7284"}],"wp:term":[{"taxonomy":"product_brand","embeddable":true,"href":"https:\/\/puyapeptide.net\/pt-br\/wp-json\/wp\/v2\/product_brand?post=7284"},{"taxonomy":"product_cat","embeddable":true,"href":"https:\/\/puyapeptide.net\/pt-br\/wp-json\/wp\/v2\/product_cat?post=7284"},{"taxonomy":"product_tag","embeddable":true,"href":"https:\/\/puyapeptide.net\/pt-br\/wp-json\/wp\/v2\/product_tag?post=7284"}],"curies":[{"name":"wp","href":"https:\/\/api.w.org\/{rel}","templated":true}]}}