{"id":7342,"date":"2021-12-16T07:23:38","date_gmt":"2021-12-16T12:23:38","guid":{"rendered":"https:\/\/puyapeptide.net\/product\/pentagastrina-cas-5534-95-2-promove-a-secrecao-de-acido-gastrico-e-pepsina\/"},"modified":"2021-12-16T07:23:38","modified_gmt":"2021-12-16T12:23:38","slug":"pentagastrina-cas-5534-95-2-promove-a-secrecao-de-acido-gastrico-e-pepsina","status":"publish","type":"product","link":"https:\/\/puyapeptide.net\/pt-br\/product\/pentagastrina-cas-5534-95-2-promove-a-secrecao-de-acido-gastrico-e-pepsina\/","title":{"rendered":"Pentagastrina CAS 5534-95-2 promove a secre\u00e7\u00e3o de \u00e1cido g\u00e1strico e pepsina"},"content":{"rendered":"<h2><strong>Pentagastrina CAS 5534-95-2 promove a secre\u00e7\u00e3o de \u00e1cido g\u00e1strico e pepsina<\/strong><\/h2>\n<p> Nome do produto: PENTAGASTRINA<br \/>\n Sin\u00f4nimos: T-BOC-BETA-ALA-TRP-MET-ASP-PHE-NH2; aspartil] -l-fenilalaninamida; ay6608; boc-beta-ala-try-met-asp -phe (nh2); gastrodiagnost; ici50123; lanineamida; l-metionil-l-alfa-aspartil &#8211;<br \/>\n CAS: 5534-95-2<br \/>\n MF: C37H49N7O9S<br \/>\n MW: 767,9<br \/>\n EINECS: 226 -889-7<br \/>\n Categorias de Produto: MARCAINE; Pept\u00eddeo<br \/>\n Arquivo Mol: 5534-95-2.mol <\/p>\n<p> Peptavlon, tamb\u00e9m conhecido como pentagastrina, \u00e9 uma pentagastrina sint\u00e9tica que promove a secre\u00e7\u00e3o de \u00e1cido g\u00e1strico , pepsina e endogastrina. \u00c9 clinicamente usado para exame da fun\u00e7\u00e3o da secre\u00e7\u00e3o g\u00e1strica e exame da fun\u00e7\u00e3o pancre\u00e1tica. <\/p>\n<p> <strong>Pentagastrina CAS 5534-95-2 Propriedades qu\u00edmicas<\/strong><br \/>\n Ponto de fus\u00e3o 229-230 \u00b0 (dec)<br \/>\n alfa D22 -28,8 \u00b1 0,5 \u00b0 (DMF)<br \/>\n Ponto de ebuli\u00e7\u00e3o 1196,6 \u00b1 65,0 \u00b0 C (Previsto)<br \/>\n densidade 1,303 \u00b1 0,06 g \/ cm3 (Predito)<br \/>\n temp. -20 \u00b0 C<br \/>\n solubilidade Praticamente insol\u00favel em \u00e1gua; sol\u00favel em am\u00f4nia 5M e em dimetilformamida; ligeiramente sol\u00favel em etanol (96%).<br \/>\n pka 4,19 \u00b1 0,10 (previsto)<br \/>\n forma em p\u00f3<br \/>\n InChIKey NEYNJQRKHLUJRU-DZUOILHNSA-N <\/p>\n<p> <strong>Usos de pentagastrina CAS 5534-95-2<\/strong> &lt;&amp; &gt; 1. anest\u00e9sico (local)<br \/>\n 2. agente diagn\u00f3stico para dist\u00farbios da secre\u00e7\u00e3o g\u00e1strica<\/p>\n","protected":false},"excerpt":{"rendered":"<p>Nome do produto: PENTAGASTRIN<br \/>\n CAS: 5534-95-2<br \/>\n MF: C37H49N7O9S<br \/>\n MW: 767.9<br \/>\n EINECS: 226-889-7<br \/>\n Arquivo Mol: 5534-95-2.mol<\/p>\n","protected":false},"featured_media":2108,"comment_status":"open","ping_status":"closed","template":"","meta":{"om_disable_all_campaigns":false,"_monsterinsights_skip_tracking":false,"_monsterinsights_sitenote_active":false,"_monsterinsights_sitenote_note":"","_monsterinsights_sitenote_category":0,"site-sidebar-layout":"default","site-content-layout":"default","ast-site-content-layout":"default","site-content-style":"default","site-sidebar-style":"default","ast-global-header-display":"","ast-banner-title-visibility":"","ast-main-header-display":"","ast-hfb-above-header-display":"","ast-hfb-below-header-display":"","ast-hfb-mobile-header-display":"","site-post-title":"","ast-breadcrumbs-content":"","ast-featured-img":"","footer-sml-layout":"","ast-disable-related-posts":"","theme-transparent-header-meta":"default","adv-header-id-meta":"","stick-header-meta":"","header-above-stick-meta":"","header-main-stick-meta":"","header-below-stick-meta":"","astra-migrate-meta-layouts":"default","ast-page-background-enabled":"default","ast-page-background-meta":{"desktop":{"background-color":"","background-image":"","background-repeat":"repeat","background-position":"center center","background-size":"auto","background-attachment":"scroll","background-type":"","background-media":"","overlay-type":"","overlay-color":"","overlay-opacity":"","overlay-gradient":""},"tablet":{"background-color":"","background-image":"","background-repeat":"repeat","background-position":"center center","background-size":"auto","background-attachment":"scroll","background-type":"","background-media":"","overlay-type":"","overlay-color":"","overlay-opacity":"","overlay-gradient":""},"mobile":{"background-color":"","background-image":"","background-repeat":"repeat","background-position":"center center","background-size":"auto","background-attachment":"scroll","background-type":"","background-media":"","overlay-type":"","overlay-color":"","overlay-opacity":"","overlay-gradient":""}},"ast-content-background-meta":{"desktop":{"background-color":"var(--ast-global-color-5)","background-image":"","background-repeat":"repeat","background-position":"center center","background-size":"auto","background-attachment":"scroll","background-type":"","background-media":"","overlay-type":"","overlay-color":"","overlay-opacity":"","overlay-gradient":""},"tablet":{"background-color":"var(--ast-global-color-5)","background-image":"","background-repeat":"repeat","background-position":"center center","background-size":"auto","background-attachment":"scroll","background-type":"","background-media":"","overlay-type":"","overlay-color":"","overlay-opacity":"","overlay-gradient":""},"mobile":{"background-color":"var(--ast-global-color-5)","background-image":"","background-repeat":"repeat","background-position":"center center","background-size":"auto","background-attachment":"scroll","background-type":"","background-media":"","overlay-type":"","overlay-color":"","overlay-opacity":"","overlay-gradient":""}}},"product_brand":[],"product_cat":[456],"product_tag":[2414],"class_list":{"0":"post-7342","1":"product","2":"type-product","3":"status-publish","4":"has-post-thumbnail","6":"product_cat-peptideo-do-sistema-gastrointestinal","7":"product_tag-pentagastrin-cas-5534-95-2-promotes-the-secretion-of-gastric-acid-and-pepsin-pt-br","8":"desktop-align-left","9":"tablet-align-left","10":"mobile-align-left","12":"first","13":"instock","14":"shipping-taxable","15":"product-type-simple"},"_links":{"self":[{"href":"https:\/\/puyapeptide.net\/pt-br\/wp-json\/wp\/v2\/product\/7342","targetHints":{"allow":["GET"]}}],"collection":[{"href":"https:\/\/puyapeptide.net\/pt-br\/wp-json\/wp\/v2\/product"}],"about":[{"href":"https:\/\/puyapeptide.net\/pt-br\/wp-json\/wp\/v2\/types\/product"}],"replies":[{"embeddable":true,"href":"https:\/\/puyapeptide.net\/pt-br\/wp-json\/wp\/v2\/comments?post=7342"}],"wp:featuredmedia":[{"embeddable":true,"href":"https:\/\/puyapeptide.net\/pt-br\/wp-json\/wp\/v2\/media\/2108"}],"wp:attachment":[{"href":"https:\/\/puyapeptide.net\/pt-br\/wp-json\/wp\/v2\/media?parent=7342"}],"wp:term":[{"taxonomy":"product_brand","embeddable":true,"href":"https:\/\/puyapeptide.net\/pt-br\/wp-json\/wp\/v2\/product_brand?post=7342"},{"taxonomy":"product_cat","embeddable":true,"href":"https:\/\/puyapeptide.net\/pt-br\/wp-json\/wp\/v2\/product_cat?post=7342"},{"taxonomy":"product_tag","embeddable":true,"href":"https:\/\/puyapeptide.net\/pt-br\/wp-json\/wp\/v2\/product_tag?post=7342"}],"curies":[{"name":"wp","href":"https:\/\/api.w.org\/{rel}","templated":true}]}}