{"id":7394,"date":"2021-12-16T07:57:37","date_gmt":"2021-12-16T12:57:37","guid":{"rendered":"https:\/\/puyapeptide.net\/product\/bivalirudin-cas-128270-60-0-e-um-anticoagulante-para-pesquisa-de-laboratorio\/"},"modified":"2021-12-16T07:57:37","modified_gmt":"2021-12-16T12:57:37","slug":"bivalirudin-cas-128270-60-0-e-um-anticoagulante-para-pesquisa-de-laboratorio","status":"publish","type":"product","link":"https:\/\/puyapeptide.net\/pt-br\/product\/bivalirudin-cas-128270-60-0-e-um-anticoagulante-para-pesquisa-de-laboratorio\/","title":{"rendered":"Bivalirudin CAS 128270-60-0 \u00e9 um anticoagulante para pesquisa de laborat\u00f3rio"},"content":{"rendered":"<h2><strong>Bivalirudin CAS 128270-60-0 \u00e9 um anticoagulante para pesquisa de laborat\u00f3rio<\/strong><\/h2>\n<p> Nome do produto: Bivalirudina<br \/>\n Sin\u00f4nimos: Bivalirudina, TFA; BIVALIRUDINA; TRIFLUOROACETATO DE BIVALIRUDINA; BITTERMELONP.E; Bivalirudina humana; DPHE-PRO-ARG-PRO-GLY-GLY-GLY-GLY-ASN-GLY-ASP- PHE-GLU-GLU-LLE-PRO-GLU-GLU-TYR-LEU; Acetato de bivalirudina; Bivalirudina BG 8967, Hirulog, Hirulog I<br \/>\n CAS: 128270-60-0<br \/>\n MF: C98H138N24O33<br \/>\n MW: 2180.29<br \/>\n EINECS: 274-570-6<br \/>\n Categorias de Produto: API; prote\u00ednas; Pept\u00eddeo<br \/>\n Arquivo Mol: 128270-60-0.mol <\/p>\n<p> A bivalirudina \u00e9 um tipo de novo anticoagulante sint\u00e9tico. \u00c9 o inibidor direto, espec\u00edfico e revers\u00edvel da trombina. Foi desenvolvido originalmente pelo Swiss Basset (Biogen). Em seguida, foi transferido para a United States Medicines Company e aprovado para comercializa\u00e7\u00e3o nos Estados Unidos em 2000. Seu ingrediente anticoagulante \u00e9 uma esp\u00e9cie de 20 pept\u00eddeos derivados da hirudina. A bivalirudina pode ligar-se especificamente ao s\u00edtio catal\u00edtico e ao s\u00edtio de liga\u00e7\u00e3o do \u00e2nion, seja a trombina que est\u00e1 na circula\u00e7\u00e3o sangu\u00ednea ou a trombina ligada ao trombo, inibindo assim diretamente a atividade da trombina. E seu papel \u00e9 caracterizado por curto, revers\u00edvel. Os primeiros estudos cl\u00ednicos mostram que o tratamento anticoagulante com bivalirudina \u00e9 bom. E a incid\u00eancia de eventos hemorr\u00e1gicos \u00e9 baixa. Portanto, seu uso \u00e9 mais seguro do que a terapia tradicional com heparina. \u00c9 usado principalmente para a preven\u00e7\u00e3o do tratamento intervencionista da angioplastia de complica\u00e7\u00f5es isqu\u00eamicas da angina de peito inst\u00e1vel antes e depois. <\/p>\n<p> <strong>Bivalirudina CAS 128270-60-0 Propriedades qu\u00edmicas<\/strong><br \/>\n densidade 1,52 \u00b1 0,1 g \/ cm3 (Previsto)<br \/>\n temperatura de armazenamento. -20 \u00b0 C<br \/>\n forma de p\u00f3<br \/>\n cor branca a esbranqui\u00e7ada<br \/>\n InChIKey OIRCOABEOLEUMC-GEJPAHFPSA-N <\/p>\n<p> <strong>Usos da Bivalirudina CAS 128270-60-0<\/strong><br \/>\n Anticoagulante; antitromb\u00f3tico. <\/p>\n<p> A biluvudina \u00e9 um anticoagulante sint\u00e9tico, um an\u00e1logo de 20 pept\u00eddeos da hirudina, que foi aprovado para comercializa\u00e7\u00e3o nos Estados Unidos em 2000. A bivalirudina se liga especificamente ao s\u00edtio catal\u00edtico da trombina e ao s\u00edtio de liga\u00e7\u00e3o externo ani\u00f4nico , inibindo diretamente a atividade da trombina e, assim, inibindo as rea\u00e7\u00f5es catalisadas e induzidas pela trombina, e sua a\u00e7\u00e3o \u00e9 revers\u00edvel. A bivalirudina \u00e9 usada principalmente como anticoagulante para interven\u00e7\u00e3o coron\u00e1ria percut\u00e2nea (ICP) eletiva em adultos.<\/p>\n","protected":false},"excerpt":{"rendered":"<p>Nome do produto: Bivalirudina<br \/>\n CAS: 128270-60-0<br \/>\n MF: C98H138N24O33<br \/>\n MW: 2180,29<br \/>\n EINECS: 274-570-6<br \/>\n Arquivo Mol: 128270-60-0.mol<\/p>\n","protected":false},"featured_media":2276,"comment_status":"open","ping_status":"closed","template":"","meta":{"om_disable_all_campaigns":false,"_monsterinsights_skip_tracking":false,"_monsterinsights_sitenote_active":false,"_monsterinsights_sitenote_note":"","_monsterinsights_sitenote_category":0,"site-sidebar-layout":"default","site-content-layout":"default","ast-site-content-layout":"default","site-content-style":"default","site-sidebar-style":"default","ast-global-header-display":"","ast-banner-title-visibility":"","ast-main-header-display":"","ast-hfb-above-header-display":"","ast-hfb-below-header-display":"","ast-hfb-mobile-header-display":"","site-post-title":"","ast-breadcrumbs-content":"","ast-featured-img":"","footer-sml-layout":"","ast-disable-related-posts":"","theme-transparent-header-meta":"default","adv-header-id-meta":"","stick-header-meta":"","header-above-stick-meta":"","header-main-stick-meta":"","header-below-stick-meta":"","astra-migrate-meta-layouts":"default","ast-page-background-enabled":"default","ast-page-background-meta":{"desktop":{"background-color":"","background-image":"","background-repeat":"repeat","background-position":"center center","background-size":"auto","background-attachment":"scroll","background-type":"","background-media":"","overlay-type":"","overlay-color":"","overlay-opacity":"","overlay-gradient":""},"tablet":{"background-color":"","background-image":"","background-repeat":"repeat","background-position":"center center","background-size":"auto","background-attachment":"scroll","background-type":"","background-media":"","overlay-type":"","overlay-color":"","overlay-opacity":"","overlay-gradient":""},"mobile":{"background-color":"","background-image":"","background-repeat":"repeat","background-position":"center center","background-size":"auto","background-attachment":"scroll","background-type":"","background-media":"","overlay-type":"","overlay-color":"","overlay-opacity":"","overlay-gradient":""}},"ast-content-background-meta":{"desktop":{"background-color":"var(--ast-global-color-5)","background-image":"","background-repeat":"repeat","background-position":"center center","background-size":"auto","background-attachment":"scroll","background-type":"","background-media":"","overlay-type":"","overlay-color":"","overlay-opacity":"","overlay-gradient":""},"tablet":{"background-color":"var(--ast-global-color-5)","background-image":"","background-repeat":"repeat","background-position":"center center","background-size":"auto","background-attachment":"scroll","background-type":"","background-media":"","overlay-type":"","overlay-color":"","overlay-opacity":"","overlay-gradient":""},"mobile":{"background-color":"var(--ast-global-color-5)","background-image":"","background-repeat":"repeat","background-position":"center center","background-size":"auto","background-attachment":"scroll","background-type":"","background-media":"","overlay-type":"","overlay-color":"","overlay-opacity":"","overlay-gradient":""}}},"product_brand":[],"product_cat":[416],"product_tag":[2396],"class_list":{"0":"post-7394","1":"product","2":"type-product","3":"status-publish","4":"has-post-thumbnail","6":"product_cat-peptideo-sangue-e-vascular","7":"product_tag-bivalirudin-cas-128270-60-0-is-an-anticoagulant-for-lab-research-pt-br","8":"desktop-align-left","9":"tablet-align-left","10":"mobile-align-left","12":"first","13":"instock","14":"shipping-taxable","15":"product-type-simple"},"_links":{"self":[{"href":"https:\/\/puyapeptide.net\/pt-br\/wp-json\/wp\/v2\/product\/7394","targetHints":{"allow":["GET"]}}],"collection":[{"href":"https:\/\/puyapeptide.net\/pt-br\/wp-json\/wp\/v2\/product"}],"about":[{"href":"https:\/\/puyapeptide.net\/pt-br\/wp-json\/wp\/v2\/types\/product"}],"replies":[{"embeddable":true,"href":"https:\/\/puyapeptide.net\/pt-br\/wp-json\/wp\/v2\/comments?post=7394"}],"wp:featuredmedia":[{"embeddable":true,"href":"https:\/\/puyapeptide.net\/pt-br\/wp-json\/wp\/v2\/media\/2276"}],"wp:attachment":[{"href":"https:\/\/puyapeptide.net\/pt-br\/wp-json\/wp\/v2\/media?parent=7394"}],"wp:term":[{"taxonomy":"product_brand","embeddable":true,"href":"https:\/\/puyapeptide.net\/pt-br\/wp-json\/wp\/v2\/product_brand?post=7394"},{"taxonomy":"product_cat","embeddable":true,"href":"https:\/\/puyapeptide.net\/pt-br\/wp-json\/wp\/v2\/product_cat?post=7394"},{"taxonomy":"product_tag","embeddable":true,"href":"https:\/\/puyapeptide.net\/pt-br\/wp-json\/wp\/v2\/product_tag?post=7394"}],"curies":[{"name":"wp","href":"https:\/\/api.w.org\/{rel}","templated":true}]}}