{"id":7401,"date":"2021-12-16T07:58:27","date_gmt":"2021-12-16T12:58:27","guid":{"rendered":"https:\/\/puyapeptide.net\/product\/angiotensina-ii-angiotensina-ii-cas-humano-4474-91-3-para-aumento-da-pressao-arterial\/"},"modified":"2021-12-16T07:58:27","modified_gmt":"2021-12-16T12:58:27","slug":"angiotensina-ii-angiotensina-ii-cas-humano-4474-91-3-para-aumento-da-pressao-arterial","status":"publish","type":"product","link":"https:\/\/puyapeptide.net\/pt-br\/product\/angiotensina-ii-angiotensina-ii-cas-humano-4474-91-3-para-aumento-da-pressao-arterial\/","title":{"rendered":"Angiotensina II \/ ANGIOTENSINA II, CAS HUMANO 4474-91-3 Para aumento da press\u00e3o arterial"},"content":{"rendered":"<h2><strong>Angiotensina II \/ ANGIOTENSINA II, CAS HUMANO 4474-91-3 Para aumento da press\u00e3o arterial<\/strong><\/h2>\n<p> Nome do produto: ANGIOTENSINA II, HUMANA<br \/>\n Sequ\u00eancia: H-Asp-Arg-Val-Tyr-Ile-His-Pro-Phe-OH<br \/>\n Sin\u00f4nimos: DRVYIHPF; [ILE5] -ANGIOTENSINA 2; HIPERTENS\u00c3O II HUMANO; L-ASP-ARG-VAL-TYR-ILE-HIS-PRO-PHE; H-ASP-ARG-VAL-TYR-ILE-HIS-PRO-PHE-OH; FLUORESCEIN-NHCS-NH-ASP-ARG- VAL-TYR-ILE-HIS-PRO-PHE-OH; ASP-ARG-VAL-TYR-ILE-HIS-PRO-PHE-OH 2CH3CHOOH H2O; ANGIOTENSINA II, HUMANA<br \/>\n CAS: 4474-91-3 &lt;&amp; &gt; MF: C50H71N13O12<br \/>\n MW: 1046,2<br \/>\n EINECS: 2017-001-1<br \/>\n Categorias de produtos: Angiotensina; pept\u00eddeo<br \/>\n Arquivo Mol: 4474-91-3.mol <\/p>\n<p> \u00c9 \u00c9 sabido que os tecidos tumorais, incluindo os n\u00f3dulos linf\u00e1ticos metast\u00e1ticos, s\u00e3o compostos por vasos rec\u00e9m-crescidos que carecem da autorregula\u00e7\u00e3o do fluxo sangu\u00edneo e s\u00e3o influenciados apenas secundariamente pelos vasos som\u00e1ticos que respondem. Angiotensina II humana (AT II). um vasopressor, foi introduzido no Jap\u00e3o para melhorar a efic\u00e1cia da quimioterapia sist\u00eamica. Em pacientes com v\u00e1rios c\u00e2nceres avan\u00e7ados, a infus\u00e3o iv de AT II para atingir uma press\u00e3o arterial m\u00e9dia de 1,5 vezes a linha de base (mas n\u00e3o mais de 150 mm Hg) seguida por uma inje\u00e7\u00e3o em bolus de agentes citot\u00f3xicos convencionais aumenta o fluxo sangu\u00edneo 5-7 vezes nos tecidos tumorais e, portanto, aumenta a entrega da droga ao tecido alvo, resultando em efeitos quimioterap\u00eauticos aumentados. Este regime de quimioterapia de hipertens\u00e3o induzida pode ser realizado com seguran\u00e7a com efeitos colaterais m\u00ednimos. <\/p>\n<p> <strong>Angiotensina II \/ ANGIOTENSINA II, CAS HUMANO 4474-91-3 Propriedades qu\u00edmicas<\/strong><br \/>\n Ponto de ebuli\u00e7\u00e3o 809,08 \u00b0 C (estimativa grosseira) &lt;&amp; &gt; densidade 1,1257 (estimativa aproximada)<br \/>\n \u00edndice de refra\u00e7\u00e3o 1,6700 (estimativa)<br \/>\n RTECS BW2165000<br \/>\n temp. Manter em local escuro, atmosfera inerte, armazenar no freezer, sob -20 \u00b0 C<br \/>\n forma de p\u00f3<br \/>\n pka pK1: 10,37 (25 \u00b0 C)<br \/>\n cor laranja<br \/>\n Solubilidade em \u00e1gua Sol\u00favel em \u00e1gua (25 mg \/ ml) e \u00e1cido ac\u00e9tico a 5% (1 mg \/ ml).<br \/>\n InChIKey CZGUSIXMZVURDU-JZXHSEFVSA-N<br \/>\n CAS DataBase Reference 4474-91-3 <\/p>\n<p> <strong>Fun\u00e7\u00e3o e aplica\u00e7\u00e3o da angiotensina II \/ ANGIOTENSINA II, HUMAN CAS 4474-91-3<\/strong><br \/>\n A angiotensina II \u00e9 um pept\u00eddeo curto composto por 8 amino\u00e1cidos e sua fun\u00e7\u00e3o fisiol\u00f3gica \u00e9 principalmente elevar a press\u00e3o arterial por meio da constri\u00e7\u00e3o de pequenas art\u00e9rias por todo o corpo. Al\u00e9m disso, tamb\u00e9m pode promover a secre\u00e7\u00e3o de aldosterona pelo c\u00f3rtex adrenal, que atua nos t\u00fabulos renais preservando s\u00f3dio, \u00e1gua e pot\u00e1ssio, causando aumento da volemia e da press\u00e3o arterial. <\/p>\n<p> <strong>Usos da angiotensina II \/ ANGIOTENSINA II, CAS HUMANO 4474-91-3<\/strong><br \/>\n 1. Reanima\u00e7\u00e3o cardiopulmonar &#8211; ainda n\u00e3o \u00e9 um aplicativo aprovado<br \/>\n 2. Pept\u00eddeo envolvido na regula\u00e7\u00e3o da press\u00e3o arterial<br \/>\n 3. A angiotensina II \u00e9 um horm\u00f4nio pept\u00eddico mais conhecido como vasoconstritor, com pap\u00e9is centrais na hipertens\u00e3o cr\u00f4nica, insufici\u00eancia card\u00edaca e acidente vascular cerebral. \u00c9 um octapept\u00eddeo gerado tipicamente pela remo\u00e7\u00e3o de dois res\u00edduos da angiotensina I pela enzima conversora de angiotensina (ACE). A angiotensina II \u00e9 um ligante de pelo menos dois receptores distintos, AT1 e AT2, cada um evocando vias de sinaliza\u00e7\u00e3o e respostas fisiol\u00f3gicas distintas. O desenvolvimento de antagonistas para subtipos espec\u00edficos de receptores da angiotensina II representa uma alternativa valiosa aos inibidores da ECA.<\/p>\n","protected":false},"excerpt":{"rendered":"<p>Nome do produto: ANGIOTENSINA II, HUMANA<br \/>\n CAS: 4474-91-3<br \/>\n MF: C50H71N13O12<br \/>\n MW: 1046.2<br \/>\n EINECS: 2017-001-1<br \/>\n Arquivo Mol: 4474-91-3 .mol<\/p>\n","protected":false},"featured_media":2171,"comment_status":"open","ping_status":"closed","template":"","meta":{"om_disable_all_campaigns":false,"_monsterinsights_skip_tracking":false,"_monsterinsights_sitenote_active":false,"_monsterinsights_sitenote_note":"","_monsterinsights_sitenote_category":0,"site-sidebar-layout":"default","site-content-layout":"default","ast-site-content-layout":"default","site-content-style":"default","site-sidebar-style":"default","ast-global-header-display":"","ast-banner-title-visibility":"","ast-main-header-display":"","ast-hfb-above-header-display":"","ast-hfb-below-header-display":"","ast-hfb-mobile-header-display":"","site-post-title":"","ast-breadcrumbs-content":"","ast-featured-img":"","footer-sml-layout":"","ast-disable-related-posts":"","theme-transparent-header-meta":"default","adv-header-id-meta":"","stick-header-meta":"","header-above-stick-meta":"","header-main-stick-meta":"","header-below-stick-meta":"","astra-migrate-meta-layouts":"default","ast-page-background-enabled":"default","ast-page-background-meta":{"desktop":{"background-color":"","background-image":"","background-repeat":"repeat","background-position":"center center","background-size":"auto","background-attachment":"scroll","background-type":"","background-media":"","overlay-type":"","overlay-color":"","overlay-opacity":"","overlay-gradient":""},"tablet":{"background-color":"","background-image":"","background-repeat":"repeat","background-position":"center center","background-size":"auto","background-attachment":"scroll","background-type":"","background-media":"","overlay-type":"","overlay-color":"","overlay-opacity":"","overlay-gradient":""},"mobile":{"background-color":"","background-image":"","background-repeat":"repeat","background-position":"center center","background-size":"auto","background-attachment":"scroll","background-type":"","background-media":"","overlay-type":"","overlay-color":"","overlay-opacity":"","overlay-gradient":""}},"ast-content-background-meta":{"desktop":{"background-color":"var(--ast-global-color-5)","background-image":"","background-repeat":"repeat","background-position":"center center","background-size":"auto","background-attachment":"scroll","background-type":"","background-media":"","overlay-type":"","overlay-color":"","overlay-opacity":"","overlay-gradient":""},"tablet":{"background-color":"var(--ast-global-color-5)","background-image":"","background-repeat":"repeat","background-position":"center center","background-size":"auto","background-attachment":"scroll","background-type":"","background-media":"","overlay-type":"","overlay-color":"","overlay-opacity":"","overlay-gradient":""},"mobile":{"background-color":"var(--ast-global-color-5)","background-image":"","background-repeat":"repeat","background-position":"center center","background-size":"auto","background-attachment":"scroll","background-type":"","background-media":"","overlay-type":"","overlay-color":"","overlay-opacity":"","overlay-gradient":""}}},"product_brand":[],"product_cat":[416],"product_tag":[2341,2363],"class_list":{"0":"post-7401","1":"product","2":"type-product","3":"status-publish","4":"has-post-thumbnail","6":"product_cat-peptideo-sangue-e-vascular","7":"product_tag-angiotensin-ii-angiotensin-ii-pt-br","8":"product_tag-human-cas-4474-91-3-for-blood-pressure-raising-pt-br","9":"desktop-align-left","10":"tablet-align-left","11":"mobile-align-left","13":"first","14":"instock","15":"shipping-taxable","16":"product-type-simple"},"_links":{"self":[{"href":"https:\/\/puyapeptide.net\/pt-br\/wp-json\/wp\/v2\/product\/7401","targetHints":{"allow":["GET"]}}],"collection":[{"href":"https:\/\/puyapeptide.net\/pt-br\/wp-json\/wp\/v2\/product"}],"about":[{"href":"https:\/\/puyapeptide.net\/pt-br\/wp-json\/wp\/v2\/types\/product"}],"replies":[{"embeddable":true,"href":"https:\/\/puyapeptide.net\/pt-br\/wp-json\/wp\/v2\/comments?post=7401"}],"wp:featuredmedia":[{"embeddable":true,"href":"https:\/\/puyapeptide.net\/pt-br\/wp-json\/wp\/v2\/media\/2171"}],"wp:attachment":[{"href":"https:\/\/puyapeptide.net\/pt-br\/wp-json\/wp\/v2\/media?parent=7401"}],"wp:term":[{"taxonomy":"product_brand","embeddable":true,"href":"https:\/\/puyapeptide.net\/pt-br\/wp-json\/wp\/v2\/product_brand?post=7401"},{"taxonomy":"product_cat","embeddable":true,"href":"https:\/\/puyapeptide.net\/pt-br\/wp-json\/wp\/v2\/product_cat?post=7401"},{"taxonomy":"product_tag","embeddable":true,"href":"https:\/\/puyapeptide.net\/pt-br\/wp-json\/wp\/v2\/product_tag?post=7401"}],"curies":[{"name":"wp","href":"https:\/\/api.w.org\/{rel}","templated":true}]}}