{"id":7435,"date":"2021-12-16T07:59:23","date_gmt":"2021-12-16T12:59:23","guid":{"rendered":"https:\/\/puyapeptide.net\/product\/kisspeptin-10-kisspeptin-10-cas-374675-21-5-e-um-vasoconstritor-eficaz-e-inibidor-da-angiogenese\/"},"modified":"2021-12-16T07:59:23","modified_gmt":"2021-12-16T12:59:23","slug":"kisspeptin-10-kisspeptin-10-cas-374675-21-5-e-um-vasoconstritor-eficaz-e-inibidor-da-angiogenese","status":"publish","type":"product","link":"https:\/\/puyapeptide.net\/pt-br\/product\/kisspeptin-10-kisspeptin-10-cas-374675-21-5-e-um-vasoconstritor-eficaz-e-inibidor-da-angiogenese\/","title":{"rendered":"Kisspeptin 10 \/ KISSPEPTIN-10 CAS 374675-21-5 \u00e9 um vasoconstritor eficaz e inibidor da angiog\u00eanese"},"content":{"rendered":"<h2><strong>Kisspeptin 10 \/ KISSPEPTIN-10 CAS 374675-21-5 \u00e9 um vasoconstritor eficaz e inibidor da angiog\u00eanese<\/strong><\/h2>\n<p> Nome do produto: KISSPEPTIN-10<br \/>\n Sin\u00f4nimos: MALIGNANT MELANOMA METASTASIS-SUPPRESSOR KISS-1 (112-121) (HUMAN); METASTIN (HUMAN, 45-54); METASTIN (45-54); METASTIN (45 -54) AMIDA HUMANA; METASTINA (45-54), HUMANA; KISSPEPTINA-13 (4-13) (HUMANA); PRODUTO DO GENE KISS-1 (HUMANO, 112-121 AMIDA); TYR-ASN-TRP-ASN- SER-PHE-GLY-LEU-ARG-PHE-NH2<br \/>\n CAS: 374675-21-5<br \/>\n MF: C63H83N17O14<br \/>\n MW: 1302.44<br \/>\n EINECS:<br \/>\n Categorias de produto: Receptores de pept\u00eddeo &lt;&amp; &gt; Arquivo Mol: 374675-21-5.mol <\/p>\n<p> Kisspeptin-10, humano \u00e9 um potente vasoconstritor e inibidor da angiog\u00eanese. kisspeptin-10, humano inibe met\u00e1stases tumorais por meio de seu receptor GPR54. o sistema kisspeptina-10-GPR54 desempenha um papel importante no desenvolvimento do rim embrion\u00e1rio. A sinaliza\u00e7\u00e3o de kisspeptin-10 \/ Kisspeptin-10 \/ GPR54 induz a diferencia\u00e7\u00e3o de osteoblastos por meio da express\u00e3o de BMP2 mediada por NFATc4. os n\u00edveis de concentra\u00e7\u00e3o de Kisspeptin-10 ajudam a identificar a benignidade e malignidade de pequenas massas renais com SRM. <\/p>\n<p> <strong>Kisspeptin 10 \/ KISSPEPTIN-10 CAS 374675-21-5 Propriedades qu\u00edmicas<\/strong><br \/>\n densidade 1,46 \u00b1 0,1 g \/ cm3 (Previsto)<br \/>\n temperatura de armazenamento. -20 \u00b0 C<br \/>\n pka 9,96 \u00b1 0,15 (previsto) <\/p>\n<p> <strong>Fun\u00e7\u00e3o e aplica\u00e7\u00e3o de Kisspeptin 10 \/ KISSPEPTIN-10 CAS 374675-21-5<\/strong><br \/>\n Kisspeptin-10 \u00e9 um vasoconstritor eficaz e inibidor da angiog\u00eanese. A Kisspeptina-10 inibe a met\u00e1stase tumoral por meio de seu receptor GPR54. O sistema da kisspeptina-10-GPR54 desempenha um papel importante no desenvolvimento renal embrion\u00e1rio. A sinaliza\u00e7\u00e3o da Kisspeptina-10 \/ GPR54 induz a diferencia\u00e7\u00e3o de osteoblastos por meio da express\u00e3o de BMP2 mediada por NFATC4.<\/p>\n","protected":false},"excerpt":{"rendered":"<p>Kisspeptin 10 \/ KISSPEPTIN-10 CAS 374675-21-5 \u00e9 um vasoconstritor eficaz e inibidor da angiog\u00eanese Nome do produto: KISSPEPTIN-10 Sin\u00f4nimos: MALIGNANT MELANOMA METASTASIS-SUPPRESSOR KISS-1 (112-121) (HUMAN); METASTIN (HUMAN, 45-54); METASTIN (45-54); METASTIN (45 -54) AMIDA HUMANA; METASTINA (45-54), HUMANA; KISSPEPTINA-13 (4-13) (HUMANA); PRODUTO DO GENE KISS-1 (HUMANO, 112-121 AMIDA); TYR-ASN-TRP-ASN- SER-PHE-GLY-LEU-ARG-PHE-NH2 CAS: 374675-21-5 MF: C63H83N17O14 MW: [&hellip;]<\/p>\n","protected":false},"featured_media":2108,"comment_status":"open","ping_status":"closed","template":"","meta":{"om_disable_all_campaigns":false,"_monsterinsights_skip_tracking":false,"_monsterinsights_sitenote_active":false,"_monsterinsights_sitenote_note":"","_monsterinsights_sitenote_category":0,"site-sidebar-layout":"default","site-content-layout":"default","ast-site-content-layout":"default","site-content-style":"default","site-sidebar-style":"default","ast-global-header-display":"","ast-banner-title-visibility":"","ast-main-header-display":"","ast-hfb-above-header-display":"","ast-hfb-below-header-display":"","ast-hfb-mobile-header-display":"","site-post-title":"","ast-breadcrumbs-content":"","ast-featured-img":"","footer-sml-layout":"","ast-disable-related-posts":"","theme-transparent-header-meta":"default","adv-header-id-meta":"","stick-header-meta":"","header-above-stick-meta":"","header-main-stick-meta":"","header-below-stick-meta":"","astra-migrate-meta-layouts":"default","ast-page-background-enabled":"default","ast-page-background-meta":{"desktop":{"background-color":"","background-image":"","background-repeat":"repeat","background-position":"center center","background-size":"auto","background-attachment":"scroll","background-type":"","background-media":"","overlay-type":"","overlay-color":"","overlay-opacity":"","overlay-gradient":""},"tablet":{"background-color":"","background-image":"","background-repeat":"repeat","background-position":"center center","background-size":"auto","background-attachment":"scroll","background-type":"","background-media":"","overlay-type":"","overlay-color":"","overlay-opacity":"","overlay-gradient":""},"mobile":{"background-color":"","background-image":"","background-repeat":"repeat","background-position":"center center","background-size":"auto","background-attachment":"scroll","background-type":"","background-media":"","overlay-type":"","overlay-color":"","overlay-opacity":"","overlay-gradient":""}},"ast-content-background-meta":{"desktop":{"background-color":"var(--ast-global-color-5)","background-image":"","background-repeat":"repeat","background-position":"center center","background-size":"auto","background-attachment":"scroll","background-type":"","background-media":"","overlay-type":"","overlay-color":"","overlay-opacity":"","overlay-gradient":""},"tablet":{"background-color":"var(--ast-global-color-5)","background-image":"","background-repeat":"repeat","background-position":"center center","background-size":"auto","background-attachment":"scroll","background-type":"","background-media":"","overlay-type":"","overlay-color":"","overlay-opacity":"","overlay-gradient":""},"mobile":{"background-color":"var(--ast-global-color-5)","background-image":"","background-repeat":"repeat","background-position":"center center","background-size":"auto","background-attachment":"scroll","background-type":"","background-media":"","overlay-type":"","overlay-color":"","overlay-opacity":"","overlay-gradient":""}}},"product_brand":[],"product_cat":[416],"product_tag":[2327],"class_list":{"0":"post-7435","1":"product","2":"type-product","3":"status-publish","4":"has-post-thumbnail","6":"product_cat-peptideo-sangue-e-vascular","7":"product_tag-kisspeptin-10-kisspeptin-10-cas-374675-21-5-is-an-effective-vasoconstrictor-and-angiogenesis-inhibitor-pt-br","8":"desktop-align-left","9":"tablet-align-left","10":"mobile-align-left","12":"first","13":"instock","14":"shipping-taxable","15":"product-type-simple"},"_links":{"self":[{"href":"https:\/\/puyapeptide.net\/pt-br\/wp-json\/wp\/v2\/product\/7435","targetHints":{"allow":["GET"]}}],"collection":[{"href":"https:\/\/puyapeptide.net\/pt-br\/wp-json\/wp\/v2\/product"}],"about":[{"href":"https:\/\/puyapeptide.net\/pt-br\/wp-json\/wp\/v2\/types\/product"}],"replies":[{"embeddable":true,"href":"https:\/\/puyapeptide.net\/pt-br\/wp-json\/wp\/v2\/comments?post=7435"}],"wp:featuredmedia":[{"embeddable":true,"href":"https:\/\/puyapeptide.net\/pt-br\/wp-json\/wp\/v2\/media\/2108"}],"wp:attachment":[{"href":"https:\/\/puyapeptide.net\/pt-br\/wp-json\/wp\/v2\/media?parent=7435"}],"wp:term":[{"taxonomy":"product_brand","embeddable":true,"href":"https:\/\/puyapeptide.net\/pt-br\/wp-json\/wp\/v2\/product_brand?post=7435"},{"taxonomy":"product_cat","embeddable":true,"href":"https:\/\/puyapeptide.net\/pt-br\/wp-json\/wp\/v2\/product_cat?post=7435"},{"taxonomy":"product_tag","embeddable":true,"href":"https:\/\/puyapeptide.net\/pt-br\/wp-json\/wp\/v2\/product_tag?post=7435"}],"curies":[{"name":"wp","href":"https:\/\/api.w.org\/{rel}","templated":true}]}}