{"id":7489,"date":"2021-12-16T08:02:27","date_gmt":"2021-12-16T13:02:27","guid":{"rendered":"https:\/\/puyapeptide.net\/product\/dulaglutide-cas-923950-08-7-de-alta-qualidade-com-bom-preco\/"},"modified":"2021-12-16T08:02:27","modified_gmt":"2021-12-16T13:02:27","slug":"dulaglutide-cas-923950-08-7-de-alta-qualidade-com-bom-preco","status":"publish","type":"product","link":"https:\/\/puyapeptide.net\/pt-br\/product\/dulaglutide-cas-923950-08-7-de-alta-qualidade-com-bom-preco\/","title":{"rendered":"Dulaglutide CAS 923950-08-7 de alta qualidade com bom pre\u00e7o"},"content":{"rendered":"<h2><strong>Dulaglutide CAS 923950-08-7 de alta qualidade com bom pre\u00e7o<\/strong><\/h2>\n<p> Nome do produto: Dulaglutide<br \/>\n Sequ\u00eancia \uff1a H-His-Gly-Glu-Gly-Thr-Phe-Thr-Ser-Asp-Val-Ser-Ser-Tyr-Leu-Glu-Glu-Gln-Ala- Ala-Lys-Glu-Phe-Ile-Ala-Trp-Leu-Val-Lys-Gly-Gly-Gly-OH<br \/>\n Sin\u00f4nimos: Dulaglutida &#8211; solu\u00e7\u00e3o em PBS; Dulaglutida USP \/ EP \/ BP<br \/>\n CAS: 923950 -08-7<br \/>\n MF: C149H221N37O49<br \/>\n MW: 3314,62<br \/>\n EINECS:<br \/>\n Categorias de produtos: GLP<br \/>\n Arquivo Mol: Arquivo Mol <\/p>\n<p> Dulaglutido, vendido sob a marca Trulicity entre outros, \u00e9 um medicamento usado para o tratamento da diabetes tipo 2 em combina\u00e7\u00e3o com dieta e exerc\u00edcio. Tamb\u00e9m foi aprovado nos Estados Unidos para a redu\u00e7\u00e3o de eventos cardiovasculares adversos maiores em adultos com diabetes tipo 2 que tenham estabelecido doen\u00e7a cardiovascular ou m\u00faltiplos fatores de risco cardiovascular. <\/p>\n<p> Dulaglutida \u00e9 um novo agonista de GLP-1R de longa a\u00e7\u00e3o , obtido pela fus\u00e3o de dois an\u00e1logos de GLP-1 com inibi\u00e7\u00e3o de DPP-4 e um fragmento de IgG4-Fc de cadeia pesada de imunoglobulina humana, com atividade semelhante ao GLP-1 end\u00f3geno em desempenho cl\u00ednico e meia-vida de 5 dias, o que efetivamente retarda a depura\u00e7\u00e3o renal .FDA aprovou o dulaglutido para inje\u00e7\u00e3o subcut\u00e2nea em setembro de 2014.. A Comiss\u00e3o Europeia aprovou a inje\u00e7\u00e3o subcut\u00e2nea de dulaglutido para comercializa\u00e7\u00e3o na Europa em dezembro de 2014. <\/p>\n<p> <strong>A efic\u00e1cia do Dulaglutido CAS 923950-08-7<\/strong><br \/>\n \u00c9 aprovado para tratar a diabetes.<\/p>\n","protected":false},"excerpt":{"rendered":"<p>Nome do produto: Dulaglutide<br \/>\n CAS: 923950-08-7<br \/>\n MF: C149H221N37O49<br \/>\n MW: 3314,62<\/p>\n","protected":false},"featured_media":2171,"comment_status":"open","ping_status":"closed","template":"","meta":{"om_disable_all_campaigns":false,"_monsterinsights_skip_tracking":false,"_monsterinsights_sitenote_active":false,"_monsterinsights_sitenote_note":"","_monsterinsights_sitenote_category":0,"site-sidebar-layout":"default","site-content-layout":"default","ast-site-content-layout":"default","site-content-style":"default","site-sidebar-style":"default","ast-global-header-display":"","ast-banner-title-visibility":"","ast-main-header-display":"","ast-hfb-above-header-display":"","ast-hfb-below-header-display":"","ast-hfb-mobile-header-display":"","site-post-title":"","ast-breadcrumbs-content":"","ast-featured-img":"","footer-sml-layout":"","ast-disable-related-posts":"","theme-transparent-header-meta":"default","adv-header-id-meta":"","stick-header-meta":"","header-above-stick-meta":"","header-main-stick-meta":"","header-below-stick-meta":"","astra-migrate-meta-layouts":"default","ast-page-background-enabled":"default","ast-page-background-meta":{"desktop":{"background-color":"","background-image":"","background-repeat":"repeat","background-position":"center center","background-size":"auto","background-attachment":"scroll","background-type":"","background-media":"","overlay-type":"","overlay-color":"","overlay-opacity":"","overlay-gradient":""},"tablet":{"background-color":"","background-image":"","background-repeat":"repeat","background-position":"center center","background-size":"auto","background-attachment":"scroll","background-type":"","background-media":"","overlay-type":"","overlay-color":"","overlay-opacity":"","overlay-gradient":""},"mobile":{"background-color":"","background-image":"","background-repeat":"repeat","background-position":"center center","background-size":"auto","background-attachment":"scroll","background-type":"","background-media":"","overlay-type":"","overlay-color":"","overlay-opacity":"","overlay-gradient":""}},"ast-content-background-meta":{"desktop":{"background-color":"var(--ast-global-color-5)","background-image":"","background-repeat":"repeat","background-position":"center center","background-size":"auto","background-attachment":"scroll","background-type":"","background-media":"","overlay-type":"","overlay-color":"","overlay-opacity":"","overlay-gradient":""},"tablet":{"background-color":"var(--ast-global-color-5)","background-image":"","background-repeat":"repeat","background-position":"center center","background-size":"auto","background-attachment":"scroll","background-type":"","background-media":"","overlay-type":"","overlay-color":"","overlay-opacity":"","overlay-gradient":""},"mobile":{"background-color":"var(--ast-global-color-5)","background-image":"","background-repeat":"repeat","background-position":"center center","background-size":"auto","background-attachment":"scroll","background-type":"","background-media":"","overlay-type":"","overlay-color":"","overlay-opacity":"","overlay-gradient":""}}},"product_brand":[],"product_cat":[357],"product_tag":[2293],"class_list":{"0":"post-7489","1":"product","2":"type-product","3":"status-publish","4":"has-post-thumbnail","6":"product_cat-peptideo-diabetes","7":"product_tag-high-quality-dulaglutide-cas-923950-08-7-with-good-price-pt-br","8":"desktop-align-left","9":"tablet-align-left","10":"mobile-align-left","12":"first","13":"instock","14":"shipping-taxable","15":"product-type-simple"},"_links":{"self":[{"href":"https:\/\/puyapeptide.net\/pt-br\/wp-json\/wp\/v2\/product\/7489","targetHints":{"allow":["GET"]}}],"collection":[{"href":"https:\/\/puyapeptide.net\/pt-br\/wp-json\/wp\/v2\/product"}],"about":[{"href":"https:\/\/puyapeptide.net\/pt-br\/wp-json\/wp\/v2\/types\/product"}],"replies":[{"embeddable":true,"href":"https:\/\/puyapeptide.net\/pt-br\/wp-json\/wp\/v2\/comments?post=7489"}],"wp:featuredmedia":[{"embeddable":true,"href":"https:\/\/puyapeptide.net\/pt-br\/wp-json\/wp\/v2\/media\/2171"}],"wp:attachment":[{"href":"https:\/\/puyapeptide.net\/pt-br\/wp-json\/wp\/v2\/media?parent=7489"}],"wp:term":[{"taxonomy":"product_brand","embeddable":true,"href":"https:\/\/puyapeptide.net\/pt-br\/wp-json\/wp\/v2\/product_brand?post=7489"},{"taxonomy":"product_cat","embeddable":true,"href":"https:\/\/puyapeptide.net\/pt-br\/wp-json\/wp\/v2\/product_cat?post=7489"},{"taxonomy":"product_tag","embeddable":true,"href":"https:\/\/puyapeptide.net\/pt-br\/wp-json\/wp\/v2\/product_tag?post=7489"}],"curies":[{"name":"wp","href":"https:\/\/api.w.org\/{rel}","templated":true}]}}