{"id":7504,"date":"2021-12-16T08:03:29","date_gmt":"2021-12-16T13:03:29","guid":{"rendered":"https:\/\/puyapeptide.net\/product\/venda-quente-de-albiglutida-cas-782500-75-8-tratamento-para-diabetes\/"},"modified":"2021-12-16T08:03:29","modified_gmt":"2021-12-16T13:03:29","slug":"venda-quente-de-albiglutida-cas-782500-75-8-tratamento-para-diabetes","status":"publish","type":"product","link":"https:\/\/puyapeptide.net\/pt-br\/product\/venda-quente-de-albiglutida-cas-782500-75-8-tratamento-para-diabetes\/","title":{"rendered":"Venda quente de albiglutida CAS 782500-75-8 tratamento para diabetes"},"content":{"rendered":"<h2><strong>Venda quente de albiglutida CAS 782500-75-8 tratamento para diabetes<\/strong><\/h2>\n<p> Nome do produto: Albiglutida<br \/>\n Sequ\u00eancia: H-His-Gly-Glu-Gly-Thr-Phe-Thr-Ser-Asp-Val-Ser-Ser-Tyr-Leu-Glu-Gly-Gln-Ala- Ala-Lys-Glu-Phe-Ile-Ala-Trp-Leu-Val-Lys-Gly-Arg-OH<br \/>\n Sin\u00f4nimos: albiglutida; Albugon; Naliglutida; 7-36-pept\u00eddeo semelhante ao glucagon I (8-glicina) (humano), prote\u00edna de fus\u00e3o com 7-36-pept\u00eddeo I semelhante a glucagon (8-glicina) (humano) prote\u00edna de fus\u00e3o com soro; Gsk 716155; Unii-5E7U48495e; 7-36-Glucagon-like pept\u00eddeo I [8-glicina] ( huMan), prote\u00edna de fus\u00e3o com 7-36-glucagon-like pept\u00eddeo I [8-glicina] (huMan) prote\u00edna de fus\u00e3o com seruM albuMin (huMan); fragmento de albiglut\u00eddeo<br \/>\n CAS: 782500-75-8<br \/>\n MF: C148H223N39O46<br \/>\n MW: 3284.58792<br \/>\n EINECS:<br \/>\n Categorias de produtos: GLP<br \/>\n Arquivo Mol: 782500-75-8.mol <\/p>\n<p> O albiglutido \u00e9 aprovado pela FDA para diabetes mellitus tipo 2 (DM) e profilaxia para dist\u00farbios do sistema cardiovascular como resultado de diabetes tipo 2. Sua dosagem envolve titula\u00e7\u00e3o para reduzir os sintomas gastrointestinais, como n\u00e1useas, diarreia e v\u00f4mitos: iniciar inje\u00e7\u00e3o subcut\u00e2nea de 0,6 mg por dia durante 1 semana; aumentar a dose de manuten\u00e7\u00e3o de 1,2 mg por dia; e aumentar para 1,8 mg por dia, conforme necess\u00e1rio.<br \/>\n A liraglutida tamb\u00e9m \u00e9 aprovada pela FDA como Saxenda para obesidade com um \u00edndice de massa corporal de 30 kg \/ m2 <or 27kg\/m2 with the presence of at least 1 weight-related comorbid condition. Saxenda is initiated at 0.6 mg subcutaneous daily injection for 1 week, with weekly increments of 0.6 mg per day, until the maintenance dosage of 3 mg once daily is reached.3 If the patient misses a dose of liraglutide injection for more than 3 days, re-initiation at 0.6 mg is recommended to mitigate gastrointestinal (GI) symptoms. <strong>Fun\u00e7\u00e3o e aplica\u00e7\u00e3o de albiglutida CAS 782500-75-8 <\/strong><br \/>\n Em 15 de abril de 2014, a Food and Drug Administration (FDA) dos EUA aprovou oficialmente o medicamento para diabetes Albiglutide para comercializa\u00e7\u00e3o. A droga \u00e9 o segundo an\u00e1logo do GLP-1 de longa a\u00e7\u00e3o aprovado para agonizar o receptor do GLP-1 e promover a secre\u00e7\u00e3o de insulina para o tratamento do diabetes tipo 2.<\/p>\n","protected":false},"excerpt":{"rendered":"<p>Nome do produto: Albiglutide<br \/>\n CAS: 782500-75-8<br \/>\n MF: C148H223N39O46<br \/>\n MW: 3284.58792<br \/>\n Arquivo Mol: 782500-75-8.mol<\/p>\n","protected":false},"featured_media":2213,"comment_status":"open","ping_status":"closed","template":"","meta":{"om_disable_all_campaigns":false,"_monsterinsights_skip_tracking":false,"_monsterinsights_sitenote_active":false,"_monsterinsights_sitenote_note":"","_monsterinsights_sitenote_category":0,"site-sidebar-layout":"default","site-content-layout":"default","ast-site-content-layout":"default","site-content-style":"default","site-sidebar-style":"default","ast-global-header-display":"","ast-banner-title-visibility":"","ast-main-header-display":"","ast-hfb-above-header-display":"","ast-hfb-below-header-display":"","ast-hfb-mobile-header-display":"","site-post-title":"","ast-breadcrumbs-content":"","ast-featured-img":"","footer-sml-layout":"","ast-disable-related-posts":"","theme-transparent-header-meta":"default","adv-header-id-meta":"","stick-header-meta":"","header-above-stick-meta":"","header-main-stick-meta":"","header-below-stick-meta":"","astra-migrate-meta-layouts":"default","ast-page-background-enabled":"default","ast-page-background-meta":{"desktop":{"background-color":"","background-image":"","background-repeat":"repeat","background-position":"center center","background-size":"auto","background-attachment":"scroll","background-type":"","background-media":"","overlay-type":"","overlay-color":"","overlay-opacity":"","overlay-gradient":""},"tablet":{"background-color":"","background-image":"","background-repeat":"repeat","background-position":"center center","background-size":"auto","background-attachment":"scroll","background-type":"","background-media":"","overlay-type":"","overlay-color":"","overlay-opacity":"","overlay-gradient":""},"mobile":{"background-color":"","background-image":"","background-repeat":"repeat","background-position":"center center","background-size":"auto","background-attachment":"scroll","background-type":"","background-media":"","overlay-type":"","overlay-color":"","overlay-opacity":"","overlay-gradient":""}},"ast-content-background-meta":{"desktop":{"background-color":"var(--ast-global-color-5)","background-image":"","background-repeat":"repeat","background-position":"center center","background-size":"auto","background-attachment":"scroll","background-type":"","background-media":"","overlay-type":"","overlay-color":"","overlay-opacity":"","overlay-gradient":""},"tablet":{"background-color":"var(--ast-global-color-5)","background-image":"","background-repeat":"repeat","background-position":"center center","background-size":"auto","background-attachment":"scroll","background-type":"","background-media":"","overlay-type":"","overlay-color":"","overlay-opacity":"","overlay-gradient":""},"mobile":{"background-color":"var(--ast-global-color-5)","background-image":"","background-repeat":"repeat","background-position":"center center","background-size":"auto","background-attachment":"scroll","background-type":"","background-media":"","overlay-type":"","overlay-color":"","overlay-opacity":"","overlay-gradient":""}}},"product_brand":[],"product_cat":[357],"product_tag":[2264],"class_list":{"0":"post-7504","1":"product","2":"type-product","3":"status-publish","4":"has-post-thumbnail","6":"product_cat-peptideo-diabetes","7":"product_tag-hot-sale-albiglutide-cas-782500-75-8-treat-for-diabetes-pt-br","8":"desktop-align-left","9":"tablet-align-left","10":"mobile-align-left","12":"first","13":"instock","14":"shipping-taxable","15":"product-type-simple"},"_links":{"self":[{"href":"https:\/\/puyapeptide.net\/pt-br\/wp-json\/wp\/v2\/product\/7504","targetHints":{"allow":["GET"]}}],"collection":[{"href":"https:\/\/puyapeptide.net\/pt-br\/wp-json\/wp\/v2\/product"}],"about":[{"href":"https:\/\/puyapeptide.net\/pt-br\/wp-json\/wp\/v2\/types\/product"}],"replies":[{"embeddable":true,"href":"https:\/\/puyapeptide.net\/pt-br\/wp-json\/wp\/v2\/comments?post=7504"}],"wp:featuredmedia":[{"embeddable":true,"href":"https:\/\/puyapeptide.net\/pt-br\/wp-json\/wp\/v2\/media\/2213"}],"wp:attachment":[{"href":"https:\/\/puyapeptide.net\/pt-br\/wp-json\/wp\/v2\/media?parent=7504"}],"wp:term":[{"taxonomy":"product_brand","embeddable":true,"href":"https:\/\/puyapeptide.net\/pt-br\/wp-json\/wp\/v2\/product_brand?post=7504"},{"taxonomy":"product_cat","embeddable":true,"href":"https:\/\/puyapeptide.net\/pt-br\/wp-json\/wp\/v2\/product_cat?post=7504"},{"taxonomy":"product_tag","embeddable":true,"href":"https:\/\/puyapeptide.net\/pt-br\/wp-json\/wp\/v2\/product_tag?post=7504"}],"curies":[{"name":"wp","href":"https:\/\/api.w.org\/{rel}","templated":true}]}}