{"id":7545,"date":"2021-12-16T08:05:33","date_gmt":"2021-12-16T13:05:33","guid":{"rendered":"https:\/\/puyapeptide.net\/product\/bremelanotide-pt-141-pt141-acetate-cas-189691-06-3-usado-para-tratar-baixo-desejo-sexual-em-mulheres\/"},"modified":"2021-12-16T08:05:33","modified_gmt":"2021-12-16T13:05:33","slug":"bremelanotide-pt-141-pt141-acetate-cas-189691-06-3-usado-para-tratar-baixo-desejo-sexual-em-mulheres","status":"publish","type":"product","link":"https:\/\/puyapeptide.net\/pt-br\/product\/bremelanotide-pt-141-pt141-acetate-cas-189691-06-3-usado-para-tratar-baixo-desejo-sexual-em-mulheres\/","title":{"rendered":"Bremelanotide \/ PT-141 \/ PT141 Acetate CAS 189691-06-3 usado para tratar baixo desejo sexual em mulheres"},"content":{"rendered":"<h2><strong>Bremelanotide \/ PT-141 \/ PT141 Acetate CAS 189691-06-3 usado para tratar baixo desejo sexual em mulheres<\/strong><\/h2>\n<p> Nome do produto: Bremelanotida<br \/>\n Sin\u00f4nimos: BREMELANOTIDE; Brmelanotice; Ac-Nle-ciclo (-Asp-His-D-Phe-Arg-Trp-Lys) -OH; Bremelanotida, PT141, PT-141; BREMELANOTIDE PT141 ; N-acetil-L-norleucil-L-alfa-aspartil-L-histidil-D-fenilalanil-L-arginil-L-triptofil-L-lisina (2-7) -lactama; Bremelanotida, \u03b1-MSH (PT- 141); REMELANOTIDE<br \/>\n CAS: 189691-06-3<br \/>\n MF: C50H68N14O10<br \/>\n MW: 1025,18<br \/>\n EINECS: 211-519-9<br \/>\n Categorias de produtos: Pept\u00eddeos<br \/>\n Arquivo Mol: 189691 -06-3.mol <\/p>\n<p> PT141, tamb\u00e9m conhecido como Bremelanotide, \u00e9 um medicamento usado para tratar a disfun\u00e7\u00e3o sexual feminina. PT-141 mostrou resultados positivos do Chemicalbook em um ensaio cl\u00ednico de fase I administrado a mulheres normais na pr\u00e9-menopausa. Ajuda mulheres na pr\u00e9-menopausa com libido hipoativa a manter um desejo sexual normal. <\/p>\n<p> <strong>Bremelanotide \/ PT-141 \/ PT141 Acetato CAS 189691-06-3 Propriedades qu\u00edmicas<\/strong><br \/>\n densidade 1,43<br \/>\n pka 3,37 \u00b1 0,70 (previsto )<br \/>\n Estabilidade: O p\u00f3 liofilizado n\u00e3o reconstitu\u00eddo deve ser armazenado sob refrigera\u00e7\u00e3o de acordo com as instru\u00e7\u00f5es do frasco. Ap\u00f3s reconstitui\u00e7\u00e3o com \u00e1gua bacteriost\u00e1tica, refrigerar a solu\u00e7\u00e3o e usar em 30 dias. Se uma solu\u00e7\u00e3o tamponada for usada, a estabilidade melhorar\u00e1. <\/p>\n<p> <strong>Usos de Bremelanotida \/ PT-141 \/ PT141 Acetato CAS 189691-06-3 Propriedades qu\u00edmicas<\/strong><br \/>\n Tratamento da disfun\u00e7\u00e3o sexual (agonista do receptor de melanocortina).<br \/>\n A bremelanotida \u00e9 usada para tratar a diminui\u00e7\u00e3o do desejo sexual em mulheres que n\u00e3o passaram pela menopausa e n\u00e3o tiveram desejo sexual no passado.<br \/>\n A bremelanotida deve ser usada apenas para tratar a diminui\u00e7\u00e3o do desejo sexual que ocorre com qualquer tipo de atividade sexual, em qualquer situa\u00e7\u00e3o sexual, ou com qualquer parceiro sexual.<br \/>\n Bremelanotida n\u00e3o deve ser usada para tratar o desejo sexual baixo que \u00e9 causado por problemas de relacionamento, problemas de sa\u00fade, doen\u00e7a mental ou pelo uso de certas drogas ou medicamentos.<\/p>\n","protected":false},"excerpt":{"rendered":"<p>Nome do produto: Bremelanotida<br \/>\n CAS: 189691-06-3<br \/>\n MF: C50H68N14O10<br \/>\n MW: 1025,18<br \/>\n EINECS: 211-519-9<br \/>\n Arquivo Mol: 189691-06-3.mol<\/p>\n","protected":false},"featured_media":2129,"comment_status":"open","ping_status":"closed","template":"","meta":{"om_disable_all_campaigns":false,"_monsterinsights_skip_tracking":false,"_monsterinsights_sitenote_active":false,"_monsterinsights_sitenote_note":"","_monsterinsights_sitenote_category":0,"site-sidebar-layout":"default","site-content-layout":"default","ast-site-content-layout":"default","site-content-style":"default","site-sidebar-style":"default","ast-global-header-display":"","ast-banner-title-visibility":"","ast-main-header-display":"","ast-hfb-above-header-display":"","ast-hfb-below-header-display":"","ast-hfb-mobile-header-display":"","site-post-title":"","ast-breadcrumbs-content":"","ast-featured-img":"","footer-sml-layout":"","ast-disable-related-posts":"","theme-transparent-header-meta":"default","adv-header-id-meta":"","stick-header-meta":"","header-above-stick-meta":"","header-main-stick-meta":"","header-below-stick-meta":"","astra-migrate-meta-layouts":"default","ast-page-background-enabled":"default","ast-page-background-meta":{"desktop":{"background-color":"","background-image":"","background-repeat":"repeat","background-position":"center center","background-size":"auto","background-attachment":"scroll","background-type":"","background-media":"","overlay-type":"","overlay-color":"","overlay-opacity":"","overlay-gradient":""},"tablet":{"background-color":"","background-image":"","background-repeat":"repeat","background-position":"center center","background-size":"auto","background-attachment":"scroll","background-type":"","background-media":"","overlay-type":"","overlay-color":"","overlay-opacity":"","overlay-gradient":""},"mobile":{"background-color":"","background-image":"","background-repeat":"repeat","background-position":"center center","background-size":"auto","background-attachment":"scroll","background-type":"","background-media":"","overlay-type":"","overlay-color":"","overlay-opacity":"","overlay-gradient":""}},"ast-content-background-meta":{"desktop":{"background-color":"var(--ast-global-color-5)","background-image":"","background-repeat":"repeat","background-position":"center center","background-size":"auto","background-attachment":"scroll","background-type":"","background-media":"","overlay-type":"","overlay-color":"","overlay-opacity":"","overlay-gradient":""},"tablet":{"background-color":"var(--ast-global-color-5)","background-image":"","background-repeat":"repeat","background-position":"center center","background-size":"auto","background-attachment":"scroll","background-type":"","background-media":"","overlay-type":"","overlay-color":"","overlay-opacity":"","overlay-gradient":""},"mobile":{"background-color":"var(--ast-global-color-5)","background-image":"","background-repeat":"repeat","background-position":"center center","background-size":"auto","background-attachment":"scroll","background-type":"","background-media":"","overlay-type":"","overlay-color":"","overlay-opacity":"","overlay-gradient":""}}},"product_brand":[],"product_cat":[533],"product_tag":[],"class_list":{"0":"post-7545","1":"product","2":"type-product","3":"status-publish","4":"has-post-thumbnail","6":"product_cat-outros-peptideos","7":"desktop-align-left","8":"tablet-align-left","9":"mobile-align-left","11":"first","12":"instock","13":"shipping-taxable","14":"product-type-simple"},"_links":{"self":[{"href":"https:\/\/puyapeptide.net\/pt-br\/wp-json\/wp\/v2\/product\/7545","targetHints":{"allow":["GET"]}}],"collection":[{"href":"https:\/\/puyapeptide.net\/pt-br\/wp-json\/wp\/v2\/product"}],"about":[{"href":"https:\/\/puyapeptide.net\/pt-br\/wp-json\/wp\/v2\/types\/product"}],"replies":[{"embeddable":true,"href":"https:\/\/puyapeptide.net\/pt-br\/wp-json\/wp\/v2\/comments?post=7545"}],"wp:featuredmedia":[{"embeddable":true,"href":"https:\/\/puyapeptide.net\/pt-br\/wp-json\/wp\/v2\/media\/2129"}],"wp:attachment":[{"href":"https:\/\/puyapeptide.net\/pt-br\/wp-json\/wp\/v2\/media?parent=7545"}],"wp:term":[{"taxonomy":"product_brand","embeddable":true,"href":"https:\/\/puyapeptide.net\/pt-br\/wp-json\/wp\/v2\/product_brand?post=7545"},{"taxonomy":"product_cat","embeddable":true,"href":"https:\/\/puyapeptide.net\/pt-br\/wp-json\/wp\/v2\/product_cat?post=7545"},{"taxonomy":"product_tag","embeddable":true,"href":"https:\/\/puyapeptide.net\/pt-br\/wp-json\/wp\/v2\/product_tag?post=7545"}],"curies":[{"name":"wp","href":"https:\/\/api.w.org\/{rel}","templated":true}]}}