{"id":7559,"date":"2021-12-16T08:05:38","date_gmt":"2021-12-16T13:05:38","guid":{"rendered":"https:\/\/puyapeptide.net\/product\/ghrp-6-peptideo-de-liberacao-de-hormonio-do-crescimento-hexapeptideo-2-cas-87616-84-0\/"},"modified":"2021-12-16T08:05:38","modified_gmt":"2021-12-16T13:05:38","slug":"ghrp-6-peptideo-de-liberacao-de-hormonio-do-crescimento-hexapeptideo-2-cas-87616-84-0","status":"publish","type":"product","link":"https:\/\/puyapeptide.net\/pt-br\/product\/ghrp-6-peptideo-de-liberacao-de-hormonio-do-crescimento-hexapeptideo-2-cas-87616-84-0\/","title":{"rendered":"GHRP-6 \/ Pept\u00eddeo de libera\u00e7\u00e3o de horm\u00f4nio do crescimento \/ Hexapept\u00eddeo-2 CAS 87616-84-0"},"content":{"rendered":"<h2><strong>GHRP-6 \/ Pept\u00eddeo de libera\u00e7\u00e3o de horm\u00f4nio do crescimento \/ Hexapept\u00eddeo-2 CAS 87616-84-0<\/strong><\/h2>\n<p> Nome do produto: Pept\u00eddeo liberador de horm\u00f4nio do crescimento<br \/>\n Sin\u00f4nimos: D-TRP7, ALA8, D-PHE10] -A-MELANOCYTESTIMULATINGHORMONEAMIDEFRAGMENT6-11; (2S) -6-amino-2 &#8211; [[2 &#8211; [[(2S ) -2 &#8211; [[(2S) -2 &#8211; [[(2R) -2 &#8211; [[(2S) -2-amino-3- (3H-imidazol-4-il) propanoil] amino] -3- (1H -indol-3-il) propanoil] amino] propanoil] amino] -3- (1H-indol-3-il) propanoil] amino] -3-fenil-propanoil] amino] hexanamida; Pept\u00eddeo liberador de horm\u00f4nio do crescimento; (D- trp7, ala8, D-phe10) -A-melan\u00f3cito * estimulando ho; (D-TRP7, ALA8, D-PHE10) -A-MELAN\u00d3CITO * HORME EST\u00cdMULO; Crescimento; [d-trp7, ala8, d-phe10] &#8211; Fragmento de amida do horm\u00f4nio estimulador de \u03b1-melan\u00f3cito 6-11; Pept\u00eddeo Ghrp-6 de alta pureza para massa muscular magra CAS NO.87616-84-0 CAS NO.87616-84-0<br \/>\n CAS: 87616-84-0<br \/>\n MF: C46H56N12O6<br \/>\n MW: 873,01<br \/>\n EINECS:<br \/>\n Categorias de produtos: Pept\u00eddeo; GHRP6; hgh<br \/>\n Arquivo Mol: 87616-84-0.mol <\/p>\n<p> \u00c9 basicamente um secretagoue, que tem o potencial de facilitar o aumento efetivo dos n\u00edveis de secre\u00e7\u00e3o natural em nosso corpo. Ao mesmo tempo, este composto tamb\u00e9m pode facilitar um aumento repentino da massa corporal e provocar uma redu\u00e7\u00e3o maci\u00e7a da gordura corporal. GHRP 6 tamb\u00e9m inclui d-amino\u00e1cidos artificiais que levam o corpo a liberar tamb\u00e9m. GHRP 6 n\u00e3o \u00e9 conhecido por funcionar bem, ent\u00e3o ele atua no receptor no lugar daquele receptor. <\/p>\n<p> \u00c9 um composto com uma cadeia \u00fanica de 6 amino\u00e1cidos que \u00e9 respons\u00e1vel por dizer ao nosso corpo quando ele tem para come\u00e7ar a liberar as secre\u00e7\u00f5es. Tamb\u00e9m bloqueia a somatostatina, um horm\u00f4nio que \u00e9 o principal respons\u00e1vel por impedir a libera\u00e7\u00e3o de secre\u00e7\u00f5es. <\/p>\n<p> Seu principal uso \u00e9 promover o consumo de alimentos, iniciando a sensa\u00e7\u00e3o de fome e melhorando a metabolis de energia. Este composto tamb\u00e9m tem sido amplamente utilizado para tratar a defici\u00eancia de horm\u00f4nio junto com outras complica\u00e7\u00f5es como obesidade e dist\u00farbios alimentares. <\/p>\n<p> Embora seja relativamente novo no mercado, tornou-se bastante popular como potencializador de desempenho. Ele est\u00e1 sendo disponibilizado no mercado por algumas empresas de pesquisa. <\/p>\n<p> <strong>GHRP-6 \/ Pept\u00eddeo liberador de horm\u00f4nio do crescimento \/ Hexapept\u00eddeo-2 Propriedades qu\u00edmicas CAS 87616-84-0<\/strong><br \/>\n Ponto de ebuli\u00e7\u00e3o 1407,0 \u00b1 65,0 \u00b0 C ( Predito)<br \/>\n densidade 1,333 \u00b1 0,06 g \/ cm3 (Predito)<br \/>\n temp. De armazenamento. \u221220 \u00b0 C<br \/>\n pka 13,42 \u00b1 0,46 (previsto)<br \/>\n CAS DataBase Reference 87616-84-0 (CAS DataBase Reference) <\/p>\n<p> <strong>Uso de GHRP-6 \/ Pept\u00eddeo liberador de horm\u00f4nio do crescimento \/ Hexapept\u00eddeo-2 CAS 87616-84-0<\/strong><br \/>\n Estimula diretamente a gl\u00e2ndula pituit\u00e1ria anterior, que posteriormente leva a um aumento na libera\u00e7\u00e3o no corpo. Como o GHRP 6 afeta diretamente o ciclo de feedback que desencadeia mudan\u00e7as na inibi\u00e7\u00e3o da libera\u00e7\u00e3o, ele pode ser usado para restaurar a produ\u00e7\u00e3o natural se a secre\u00e7\u00e3o natural tiver sido prejudicada por causa do uso artificial de longo prazo. Segundo consta, o GHRP 6 tamb\u00e9m tem um impacto em nosso sistema nervoso. Eles s\u00e3o potencialmente capazes de proteger os neur\u00f4nios e aumentar a for\u00e7a de uma pessoa. O funcionamento do GHRP 6 \u00e9 notavelmente semelhante ao funcionamento de v\u00e1rios p\u00f3s em bruto na fam\u00edlia.<\/p>\n","protected":false},"excerpt":{"rendered":"<p>Nome do produto: Pept\u00eddeo de libera\u00e7\u00e3o de horm\u00f4nio do crescimento<br \/>\n CAS: 87616-84-0<br \/>\n MF: C46H56N12O6<br \/>\n MW: 873.01<br \/>\n Arquivo Mol: 87616-84-0.mol<\/p>\n","protected":false},"featured_media":2108,"comment_status":"open","ping_status":"closed","template":"","meta":{"om_disable_all_campaigns":false,"_monsterinsights_skip_tracking":false,"_monsterinsights_sitenote_active":false,"_monsterinsights_sitenote_note":"","_monsterinsights_sitenote_category":0,"site-sidebar-layout":"default","site-content-layout":"default","ast-site-content-layout":"default","site-content-style":"default","site-sidebar-style":"default","ast-global-header-display":"","ast-banner-title-visibility":"","ast-main-header-display":"","ast-hfb-above-header-display":"","ast-hfb-below-header-display":"","ast-hfb-mobile-header-display":"","site-post-title":"","ast-breadcrumbs-content":"","ast-featured-img":"","footer-sml-layout":"","ast-disable-related-posts":"","theme-transparent-header-meta":"default","adv-header-id-meta":"","stick-header-meta":"","header-above-stick-meta":"","header-main-stick-meta":"","header-below-stick-meta":"","astra-migrate-meta-layouts":"default","ast-page-background-enabled":"default","ast-page-background-meta":{"desktop":{"background-color":"","background-image":"","background-repeat":"repeat","background-position":"center center","background-size":"auto","background-attachment":"scroll","background-type":"","background-media":"","overlay-type":"","overlay-color":"","overlay-opacity":"","overlay-gradient":""},"tablet":{"background-color":"","background-image":"","background-repeat":"repeat","background-position":"center center","background-size":"auto","background-attachment":"scroll","background-type":"","background-media":"","overlay-type":"","overlay-color":"","overlay-opacity":"","overlay-gradient":""},"mobile":{"background-color":"","background-image":"","background-repeat":"repeat","background-position":"center center","background-size":"auto","background-attachment":"scroll","background-type":"","background-media":"","overlay-type":"","overlay-color":"","overlay-opacity":"","overlay-gradient":""}},"ast-content-background-meta":{"desktop":{"background-color":"var(--ast-global-color-5)","background-image":"","background-repeat":"repeat","background-position":"center center","background-size":"auto","background-attachment":"scroll","background-type":"","background-media":"","overlay-type":"","overlay-color":"","overlay-opacity":"","overlay-gradient":""},"tablet":{"background-color":"var(--ast-global-color-5)","background-image":"","background-repeat":"repeat","background-position":"center center","background-size":"auto","background-attachment":"scroll","background-type":"","background-media":"","overlay-type":"","overlay-color":"","overlay-opacity":"","overlay-gradient":""},"mobile":{"background-color":"var(--ast-global-color-5)","background-image":"","background-repeat":"repeat","background-position":"center center","background-size":"auto","background-attachment":"scroll","background-type":"","background-media":"","overlay-type":"","overlay-color":"","overlay-opacity":"","overlay-gradient":""}}},"product_brand":[],"product_cat":[533],"product_tag":[],"class_list":{"0":"post-7559","1":"product","2":"type-product","3":"status-publish","4":"has-post-thumbnail","6":"product_cat-outros-peptideos","7":"desktop-align-left","8":"tablet-align-left","9":"mobile-align-left","11":"first","12":"instock","13":"shipping-taxable","14":"product-type-simple"},"_links":{"self":[{"href":"https:\/\/puyapeptide.net\/pt-br\/wp-json\/wp\/v2\/product\/7559","targetHints":{"allow":["GET"]}}],"collection":[{"href":"https:\/\/puyapeptide.net\/pt-br\/wp-json\/wp\/v2\/product"}],"about":[{"href":"https:\/\/puyapeptide.net\/pt-br\/wp-json\/wp\/v2\/types\/product"}],"replies":[{"embeddable":true,"href":"https:\/\/puyapeptide.net\/pt-br\/wp-json\/wp\/v2\/comments?post=7559"}],"wp:featuredmedia":[{"embeddable":true,"href":"https:\/\/puyapeptide.net\/pt-br\/wp-json\/wp\/v2\/media\/2108"}],"wp:attachment":[{"href":"https:\/\/puyapeptide.net\/pt-br\/wp-json\/wp\/v2\/media?parent=7559"}],"wp:term":[{"taxonomy":"product_brand","embeddable":true,"href":"https:\/\/puyapeptide.net\/pt-br\/wp-json\/wp\/v2\/product_brand?post=7559"},{"taxonomy":"product_cat","embeddable":true,"href":"https:\/\/puyapeptide.net\/pt-br\/wp-json\/wp\/v2\/product_cat?post=7559"},{"taxonomy":"product_tag","embeddable":true,"href":"https:\/\/puyapeptide.net\/pt-br\/wp-json\/wp\/v2\/product_tag?post=7559"}],"curies":[{"name":"wp","href":"https:\/\/api.w.org\/{rel}","templated":true}]}}