{"id":7613,"date":"2021-12-16T10:22:54","date_gmt":"2021-12-16T15:22:54","guid":{"rendered":"https:\/\/puyapeptide.net\/product\/cjc-1295-cas-863288-34-0-com-bom-preco\/"},"modified":"2021-12-16T10:22:54","modified_gmt":"2021-12-16T15:22:54","slug":"cjc-1295-cas-863288-34-0-com-bom-preco","status":"publish","type":"product","link":"https:\/\/puyapeptide.net\/pt-br\/product\/cjc-1295-cas-863288-34-0-com-bom-preco\/","title":{"rendered":"CJC 1295 CAS 863288-34-0 com bom pre\u00e7o"},"content":{"rendered":"<h2><strong>CJC 1295 CAS 863288-34-0 com bom pre\u00e7o<\/strong><\/h2>\n<p> Nome do produto: CJC1295<br \/>\n Sin\u00f4nimos: CJC1295; Y (d -A) DAIFTQSYRKVLAQLSARKLLQDILSR-NH2; L-Tirosil-D-alanil-L-alfa-aspartil-L-alanil-L-isoleucil-L-fenilalanil- L-treonil-L-glutaminil-L-seril-L-tirosil-L-arginil-L-lisil-L-valil-L-leucil-L-alanil-L-glutaminil-L-seril-L-alanil-L- arginil-L-lisil-L-leucil-L-leucil-L-glutaminil-L-alfa-aspartil-L-isoleucil-L-leucil-L-seril-L-arginil-N6- [3- (2,5- dihidro-2,5-dioxo-1H-pirrol-1-il) -1-oxopropil] -L-lisinamida; CJC-1295 CJC-1295; Acetato de CJC-1295; CJC1295 sem DAC; -L-arginil-L- lisil-L-leucil-L-leucil-L-glutaminil; L-Tirosil-D-alanil-L-\u03b1-aspartil-L-alanil-L-isoleucil-L-fenilalanil-L-alotreonil-L-glutaminil-L- seril-L-tirosil-L-arginil-L-lisil-L-valil-L-leucil-L-alanil-L-glutaminil-L-leucil-L-seril-L-alanil<br \/>\n CAS: 863288-34- 0<br \/>\n MF: C152H252N44O42<br \/>\n MW: 3367.89688<br \/>\n EINECS: 206-141-6<br \/>\n Categorias de produtos: Pept\u00eddeos; CJC<br \/>\n Arquivo Mol: 863288-34-0.mol<br \/>\n &lt;&amp; &gt; Cjc-1295 \u00e9 um an\u00e1logo sint\u00e9tico do GHRH (horm\u00f4nio liberador do horm\u00f4nio do crescimento) que consiste em 30 amino\u00e1cidos. Verificou-se que CJC-1295 \u00e9 altamente eficaz em aumentar a secre\u00e7\u00e3o do horm\u00f4nio do crescimento e IGF-1 sem afetar negativamente a pulsa\u00e7\u00e3o da secre\u00e7\u00e3o de GH. O principal uso de CJC-1295 \u00e9 fornecer n\u00edveis aumentados de GH, o que tamb\u00e9m resulta em n\u00edveis aumentados de IGF-1. O CJC1295 sem a vers\u00e3o DAC tamb\u00e9m pode ser denominado Mod GRF 1-29. O tempo de a\u00e7\u00e3o \u00e9 relativamente curto e ser\u00e1 metabolizado pelo corpo em breve. <\/p>\n<p> <strong>Benef\u00edcios de CJC1295 CAS 863288-34-0<\/strong><br \/>\n Ganho de peso<br \/>\n Aumenta o crescimento muscular<br \/>\n Reduz a gordura &lt;&amp; &gt; Aumenta a regenera\u00e7\u00e3o e repara\u00e7\u00e3o celular<br \/>\n Promove o sono<br \/>\n Aumenta o sistema imunol\u00f3gico e a densidade \u00f3ssea<br \/>\n CJC-1-&#39;2-&#39;9-&#39;5 tamb\u00e9m promove o sono profundo de ondas lentas, que \u00e9 respons\u00e1vel pelo n\u00edvel mais alto de crescimento muscular e reten\u00e7\u00e3o e rejuvenescimento da mem\u00f3ria <\/p>\n<p> <strong>Usos de CJC1295<\/strong><br \/>\n O acetato de CJC 1295 \u00e9 usado na aplica\u00e7\u00e3o do agonista do horm\u00f4nio liberador do horm\u00f4nio do crescimento para preparar o agente anti-envelhecimento.<\/p>\n","protected":false},"excerpt":{"rendered":"<p>Nome do produto: CJC1295<br \/>\n CAS: 863288-34-0<br \/>\n MF: C152H252N44O42<br \/>\n MW: 3367.89688<br \/>\n EINECS: 206-141-6<br \/>\n Arquivo Mol: 863288-34-0.mol<\/p>\n","protected":false},"featured_media":2297,"comment_status":"open","ping_status":"closed","template":"","meta":{"om_disable_all_campaigns":false,"_monsterinsights_skip_tracking":false,"_monsterinsights_sitenote_active":false,"_monsterinsights_sitenote_note":"","_monsterinsights_sitenote_category":0,"site-sidebar-layout":"default","site-content-layout":"default","ast-site-content-layout":"default","site-content-style":"default","site-sidebar-style":"default","ast-global-header-display":"","ast-banner-title-visibility":"","ast-main-header-display":"","ast-hfb-above-header-display":"","ast-hfb-below-header-display":"","ast-hfb-mobile-header-display":"","site-post-title":"","ast-breadcrumbs-content":"","ast-featured-img":"","footer-sml-layout":"","ast-disable-related-posts":"","theme-transparent-header-meta":"default","adv-header-id-meta":"","stick-header-meta":"","header-above-stick-meta":"","header-main-stick-meta":"","header-below-stick-meta":"","astra-migrate-meta-layouts":"default","ast-page-background-enabled":"default","ast-page-background-meta":{"desktop":{"background-color":"","background-image":"","background-repeat":"repeat","background-position":"center center","background-size":"auto","background-attachment":"scroll","background-type":"","background-media":"","overlay-type":"","overlay-color":"","overlay-opacity":"","overlay-gradient":""},"tablet":{"background-color":"","background-image":"","background-repeat":"repeat","background-position":"center center","background-size":"auto","background-attachment":"scroll","background-type":"","background-media":"","overlay-type":"","overlay-color":"","overlay-opacity":"","overlay-gradient":""},"mobile":{"background-color":"","background-image":"","background-repeat":"repeat","background-position":"center center","background-size":"auto","background-attachment":"scroll","background-type":"","background-media":"","overlay-type":"","overlay-color":"","overlay-opacity":"","overlay-gradient":""}},"ast-content-background-meta":{"desktop":{"background-color":"var(--ast-global-color-5)","background-image":"","background-repeat":"repeat","background-position":"center center","background-size":"auto","background-attachment":"scroll","background-type":"","background-media":"","overlay-type":"","overlay-color":"","overlay-opacity":"","overlay-gradient":""},"tablet":{"background-color":"var(--ast-global-color-5)","background-image":"","background-repeat":"repeat","background-position":"center center","background-size":"auto","background-attachment":"scroll","background-type":"","background-media":"","overlay-type":"","overlay-color":"","overlay-opacity":"","overlay-gradient":""},"mobile":{"background-color":"var(--ast-global-color-5)","background-image":"","background-repeat":"repeat","background-position":"center center","background-size":"auto","background-attachment":"scroll","background-type":"","background-media":"","overlay-type":"","overlay-color":"","overlay-opacity":"","overlay-gradient":""}}},"product_brand":[],"product_cat":[533],"product_tag":[2175],"class_list":{"0":"post-7613","1":"product","2":"type-product","3":"status-publish","4":"has-post-thumbnail","6":"product_cat-outros-peptideos","7":"product_tag-cjc-1295-cas-863288-34-0-with-good-price-pt-br","8":"desktop-align-left","9":"tablet-align-left","10":"mobile-align-left","12":"first","13":"instock","14":"shipping-taxable","15":"product-type-simple"},"_links":{"self":[{"href":"https:\/\/puyapeptide.net\/pt-br\/wp-json\/wp\/v2\/product\/7613","targetHints":{"allow":["GET"]}}],"collection":[{"href":"https:\/\/puyapeptide.net\/pt-br\/wp-json\/wp\/v2\/product"}],"about":[{"href":"https:\/\/puyapeptide.net\/pt-br\/wp-json\/wp\/v2\/types\/product"}],"replies":[{"embeddable":true,"href":"https:\/\/puyapeptide.net\/pt-br\/wp-json\/wp\/v2\/comments?post=7613"}],"wp:featuredmedia":[{"embeddable":true,"href":"https:\/\/puyapeptide.net\/pt-br\/wp-json\/wp\/v2\/media\/2297"}],"wp:attachment":[{"href":"https:\/\/puyapeptide.net\/pt-br\/wp-json\/wp\/v2\/media?parent=7613"}],"wp:term":[{"taxonomy":"product_brand","embeddable":true,"href":"https:\/\/puyapeptide.net\/pt-br\/wp-json\/wp\/v2\/product_brand?post=7613"},{"taxonomy":"product_cat","embeddable":true,"href":"https:\/\/puyapeptide.net\/pt-br\/wp-json\/wp\/v2\/product_cat?post=7613"},{"taxonomy":"product_tag","embeddable":true,"href":"https:\/\/puyapeptide.net\/pt-br\/wp-json\/wp\/v2\/product_tag?post=7613"}],"curies":[{"name":"wp","href":"https:\/\/api.w.org\/{rel}","templated":true}]}}