{"id":7623,"date":"2021-12-16T10:24:21","date_gmt":"2021-12-16T15:24:21","guid":{"rendered":"https:\/\/puyapeptide.net\/product\/soro-timico-fator-timulina-cas-63958-90-7-para-regular-a-funcao-imune-celular-e-efeito-antivirus\/"},"modified":"2021-12-16T10:24:21","modified_gmt":"2021-12-16T15:24:21","slug":"soro-timico-fator-timulina-cas-63958-90-7-para-regular-a-funcao-imune-celular-e-efeito-antivirus","status":"publish","type":"product","link":"https:\/\/puyapeptide.net\/pt-br\/product\/soro-timico-fator-timulina-cas-63958-90-7-para-regular-a-funcao-imune-celular-e-efeito-antivirus\/","title":{"rendered":"SORO T\u00cdMICO FATOR \/ Timulina CAS 63958-90-7 para regular a fun\u00e7\u00e3o imune celular e efeito antiv\u00edrus"},"content":{"rendered":"<h2><strong>SORO T\u00cdMICO FATOR \/ Timulina CAS 63958-90-7 para regular a fun\u00e7\u00e3o imune celular e efeito antiv\u00edrus<\/strong><\/h2>\n<p> Nome do produto: SORO FATOR T\u00cdMICO \/ Timulina<br \/>\n Sin\u00f4nimos: pGlu-Ala-Lys-Ser-Gln-Gly-Gly-Ser-Asn; STF, SeruM fator t\u00edmico, ThyMulin; L-Asparagina, 5-oxo- L-prolil-L-alanil-L-lisil-L-seril-L-glutaminilglicilglicil-L-seril-; Pyr-Ala-Lys-Ser-Gln-Gly-Gly-Ser-Asn-OH sal trifluoroacetato; Fator t\u00edmico s\u00e9rico; (porcino); Fator s\u00e9rico t\u00edmico; Fator s\u00e9rico t\u00edmico (porco); PYR-ALA-LYS-SER-GLN-GLY-GLY-SER-ASN<br \/>\n CAS: 63958-90-7<br \/>\n MF: C33H54N12O15 &lt;&amp; &gt; MW: 858,85<br \/>\n EINECS: 236-855-3<br \/>\n Categorias de produtos: Pept\u00eddeo<br \/>\n Arquivo Mol: 63958-90-7.mol <\/p>\n<p> A timulina \u00e9 sintetizada pelo \u00f3rg\u00e3o denominado timo . A timulina serve principalmente para gerar o desenvolvimento ou &quot;educa\u00e7\u00e3o&quot; de certas c\u00e9lulas produzidas pela medula \u00f3ssea que s\u00e3o ativas no sistema de defesa do corpo, chamadas linf\u00f3citos T. A timulina est\u00e1 notavelmente envolvida em fazer com que essas c\u00e9lulas se desenvolvam de seu estado n\u00e3o funcional, no qual chegam ao timo, para c\u00e9lulas defensivas de fun\u00e7\u00e3o totalmente adquiridas, chamadas imunocompetentes.<br \/>\n A timulina \u00e9 apenas um dos diferentes H secretados por esta gl\u00e2ndula, que s\u00e3o produzidos em quantidades muito menores ap\u00f3s o segundo ano de vida <\/p>\n<p> <strong>FATOR T\u00cdMICO S\u00c9RIO \/ Timulina CAS 63958-90-7 Propriedades qu\u00edmicas<\/strong> &lt;&amp; &gt; Ponto de ebuli\u00e7\u00e3o 1658,9 \u00b1 65,0 \u00b0 C (previsto)<br \/>\n densidade 1,417 \u00b1 0,06 g \/ cm3 (previsto)<br \/>\n temp. \u221220 \u00b0 C<br \/>\n solubilidade \u00e1gua desionizada: sol\u00favel<br \/>\n pka 3,08 \u00b1 0,10 (previsto)<br \/>\n cor branca <\/p>\n<p> <strong>Fun\u00e7\u00e3o da TIMULINA<\/strong><br \/>\n 1. A timulina \u00e9 capaz de aumentar a massa muscular e a densidade mineral \u00f3ssea, tornando-se uma terapia promissora para o tratamento da fragilidade em idosos.<br \/>\n 2. A timulina tamb\u00e9m altera o metabolismo da gordura corporal e, portanto, pode ter aplica\u00e7\u00e3o no tratamento da obesidade.<br \/>\n 3. A timulina \u00e9 uma droga que atua como um potente secretagogo de crescimento oralmente ativo. <\/p>\n<p> <strong>Aplica\u00e7\u00e3o de TIMULINA<\/strong><br \/>\n 1. Aplicado na \u00e1rea de alimentos, Semax p\u00f3 principalmente para ser usado como aditivos alimentares;<br \/>\n 2. Aplicado no campo de produtos de sa\u00fade, Semax p\u00f3 como produtos de sa\u00fade masculina para aumentar os poderes sexuais;<br \/>\n 3. Aplicado no campo farmac\u00eautico, Semax pode tratar v\u00e1rios tipos de impot\u00eancia masculina e disfun\u00e7\u00e3o sexual.<\/p>\n","protected":false},"excerpt":{"rendered":"<p>Nome do produto: SORO T\u00cdMICO FATOR \/ Timulina<br \/>\n CAS: 63958-90-7<br \/>\n MF: C33H54N12O15<br \/>\n MW: 858,85<br \/>\n EINECS: 236-855-3<br \/>\n Arquivo Mol: 63958-90- 7. mol<\/p>\n","protected":false},"featured_media":2129,"comment_status":"open","ping_status":"closed","template":"","meta":{"om_disable_all_campaigns":false,"_monsterinsights_skip_tracking":false,"_monsterinsights_sitenote_active":false,"_monsterinsights_sitenote_note":"","_monsterinsights_sitenote_category":0,"site-sidebar-layout":"default","site-content-layout":"default","ast-site-content-layout":"default","site-content-style":"default","site-sidebar-style":"default","ast-global-header-display":"","ast-banner-title-visibility":"","ast-main-header-display":"","ast-hfb-above-header-display":"","ast-hfb-below-header-display":"","ast-hfb-mobile-header-display":"","site-post-title":"","ast-breadcrumbs-content":"","ast-featured-img":"","footer-sml-layout":"","ast-disable-related-posts":"","theme-transparent-header-meta":"default","adv-header-id-meta":"","stick-header-meta":"","header-above-stick-meta":"","header-main-stick-meta":"","header-below-stick-meta":"","astra-migrate-meta-layouts":"default","ast-page-background-enabled":"default","ast-page-background-meta":{"desktop":{"background-color":"","background-image":"","background-repeat":"repeat","background-position":"center center","background-size":"auto","background-attachment":"scroll","background-type":"","background-media":"","overlay-type":"","overlay-color":"","overlay-opacity":"","overlay-gradient":""},"tablet":{"background-color":"","background-image":"","background-repeat":"repeat","background-position":"center center","background-size":"auto","background-attachment":"scroll","background-type":"","background-media":"","overlay-type":"","overlay-color":"","overlay-opacity":"","overlay-gradient":""},"mobile":{"background-color":"","background-image":"","background-repeat":"repeat","background-position":"center center","background-size":"auto","background-attachment":"scroll","background-type":"","background-media":"","overlay-type":"","overlay-color":"","overlay-opacity":"","overlay-gradient":""}},"ast-content-background-meta":{"desktop":{"background-color":"var(--ast-global-color-5)","background-image":"","background-repeat":"repeat","background-position":"center center","background-size":"auto","background-attachment":"scroll","background-type":"","background-media":"","overlay-type":"","overlay-color":"","overlay-opacity":"","overlay-gradient":""},"tablet":{"background-color":"var(--ast-global-color-5)","background-image":"","background-repeat":"repeat","background-position":"center center","background-size":"auto","background-attachment":"scroll","background-type":"","background-media":"","overlay-type":"","overlay-color":"","overlay-opacity":"","overlay-gradient":""},"mobile":{"background-color":"var(--ast-global-color-5)","background-image":"","background-repeat":"repeat","background-position":"center center","background-size":"auto","background-attachment":"scroll","background-type":"","background-media":"","overlay-type":"","overlay-color":"","overlay-opacity":"","overlay-gradient":""}}},"product_brand":[],"product_cat":[361],"product_tag":[2143],"class_list":{"0":"post-7623","1":"product","2":"type-product","3":"status-publish","4":"has-post-thumbnail","6":"product_cat-peptideo-imunomodulador","7":"product_tag-serum-thymic-factor-thymulin-cas-63958-90-7-for-regulate-cellular-immune-function-and-anti-virus-effect-pt-br","8":"desktop-align-left","9":"tablet-align-left","10":"mobile-align-left","12":"first","13":"instock","14":"shipping-taxable","15":"product-type-simple"},"_links":{"self":[{"href":"https:\/\/puyapeptide.net\/pt-br\/wp-json\/wp\/v2\/product\/7623","targetHints":{"allow":["GET"]}}],"collection":[{"href":"https:\/\/puyapeptide.net\/pt-br\/wp-json\/wp\/v2\/product"}],"about":[{"href":"https:\/\/puyapeptide.net\/pt-br\/wp-json\/wp\/v2\/types\/product"}],"replies":[{"embeddable":true,"href":"https:\/\/puyapeptide.net\/pt-br\/wp-json\/wp\/v2\/comments?post=7623"}],"wp:featuredmedia":[{"embeddable":true,"href":"https:\/\/puyapeptide.net\/pt-br\/wp-json\/wp\/v2\/media\/2129"}],"wp:attachment":[{"href":"https:\/\/puyapeptide.net\/pt-br\/wp-json\/wp\/v2\/media?parent=7623"}],"wp:term":[{"taxonomy":"product_brand","embeddable":true,"href":"https:\/\/puyapeptide.net\/pt-br\/wp-json\/wp\/v2\/product_brand?post=7623"},{"taxonomy":"product_cat","embeddable":true,"href":"https:\/\/puyapeptide.net\/pt-br\/wp-json\/wp\/v2\/product_cat?post=7623"},{"taxonomy":"product_tag","embeddable":true,"href":"https:\/\/puyapeptide.net\/pt-br\/wp-json\/wp\/v2\/product_tag?post=7623"}],"curies":[{"name":"wp","href":"https:\/\/api.w.org\/{rel}","templated":true}]}}