{"id":7647,"date":"2021-12-16T10:25:34","date_gmt":"2021-12-16T15:25:34","guid":{"rendered":"https:\/\/puyapeptide.net\/product\/puya-supply-tirzepatide-cas-2023788-19-2\/"},"modified":"2021-12-16T10:25:34","modified_gmt":"2021-12-16T15:25:34","slug":"puya-supply-tirzepatide-cas-2023788-19-2","status":"publish","type":"product","link":"https:\/\/puyapeptide.net\/pt-br\/product\/puya-supply-tirzepatide-cas-2023788-19-2\/","title":{"rendered":"Puya Supply Tirzepatide CAS 2023788-19-2"},"content":{"rendered":"<h2><strong>Puya Supply Tirzepatide CAS 2023788-19-2<\/strong><\/h2>\n<p> Nome do produto: Tirzepatide<br \/>\n Sequ\u00eancia Y-Aib-EGTFTSDYSI-Aib-LDKIAQ-diacid-gamma-Glu- (AEEA) 2-Lys-AFVQWLIAGGPSSGAPPPS-NH2<br \/>\n Sin\u00f4nimos: Tirzepatide; GIP \\ GLP-1 &lt; &amp;&gt; CAS: 2023788-19-2<br \/>\n MF:<br \/>\n MW: 0<br \/>\n EINECS:<br \/>\n Categorias de produtos:<br \/>\n Arquivo Mol: Arquivo Mol <\/p>\n<p> Tirzepatida (LY3298176) \u00e9 um polipept\u00eddeo insulinotr\u00f3pico dependente de glicose duplo (GIP) e um agonista do receptor do pept\u00eddeo semelhante ao glucagon-1 (GLP-1) que est\u00e1 sendo desenvolvido para o tratamento do diabetes tipo 2. A tirzepatida (LY3298176) mostra efic\u00e1cia significativamente melhor em rela\u00e7\u00e3o ao controle da glicose e perda de peso do que a dulaglutida.<\/p>\n","protected":false},"excerpt":{"rendered":"<p>Nome do produto: Tirzepatida<br \/>\n Sin\u00f4nimos: Tirzepatida; GIP \\ GLP-1<br \/>\n CAS: 2023788-19-2<br \/>\n Arquivo Mol: Arquivo Mol<\/p>\n","protected":false},"featured_media":2129,"comment_status":"open","ping_status":"closed","template":"","meta":{"om_disable_all_campaigns":false,"_monsterinsights_skip_tracking":false,"_monsterinsights_sitenote_active":false,"_monsterinsights_sitenote_note":"","_monsterinsights_sitenote_category":0,"site-sidebar-layout":"default","site-content-layout":"default","ast-site-content-layout":"default","site-content-style":"default","site-sidebar-style":"default","ast-global-header-display":"","ast-banner-title-visibility":"","ast-main-header-display":"","ast-hfb-above-header-display":"","ast-hfb-below-header-display":"","ast-hfb-mobile-header-display":"","site-post-title":"","ast-breadcrumbs-content":"","ast-featured-img":"","footer-sml-layout":"","ast-disable-related-posts":"","theme-transparent-header-meta":"default","adv-header-id-meta":"","stick-header-meta":"","header-above-stick-meta":"","header-main-stick-meta":"","header-below-stick-meta":"","astra-migrate-meta-layouts":"default","ast-page-background-enabled":"default","ast-page-background-meta":{"desktop":{"background-color":"","background-image":"","background-repeat":"repeat","background-position":"center center","background-size":"auto","background-attachment":"scroll","background-type":"","background-media":"","overlay-type":"","overlay-color":"","overlay-opacity":"","overlay-gradient":""},"tablet":{"background-color":"","background-image":"","background-repeat":"repeat","background-position":"center center","background-size":"auto","background-attachment":"scroll","background-type":"","background-media":"","overlay-type":"","overlay-color":"","overlay-opacity":"","overlay-gradient":""},"mobile":{"background-color":"","background-image":"","background-repeat":"repeat","background-position":"center center","background-size":"auto","background-attachment":"scroll","background-type":"","background-media":"","overlay-type":"","overlay-color":"","overlay-opacity":"","overlay-gradient":""}},"ast-content-background-meta":{"desktop":{"background-color":"var(--ast-global-color-5)","background-image":"","background-repeat":"repeat","background-position":"center center","background-size":"auto","background-attachment":"scroll","background-type":"","background-media":"","overlay-type":"","overlay-color":"","overlay-opacity":"","overlay-gradient":""},"tablet":{"background-color":"var(--ast-global-color-5)","background-image":"","background-repeat":"repeat","background-position":"center center","background-size":"auto","background-attachment":"scroll","background-type":"","background-media":"","overlay-type":"","overlay-color":"","overlay-opacity":"","overlay-gradient":""},"mobile":{"background-color":"var(--ast-global-color-5)","background-image":"","background-repeat":"repeat","background-position":"center center","background-size":"auto","background-attachment":"scroll","background-type":"","background-media":"","overlay-type":"","overlay-color":"","overlay-opacity":"","overlay-gradient":""}}},"product_brand":[],"product_cat":[357],"product_tag":[2124],"class_list":{"0":"post-7647","1":"product","2":"type-product","3":"status-publish","4":"has-post-thumbnail","6":"product_cat-peptideo-diabetes","7":"product_tag-puya-supply-tirzepatide-cas-2023788-19-2-pt-br","8":"desktop-align-left","9":"tablet-align-left","10":"mobile-align-left","12":"first","13":"instock","14":"shipping-taxable","15":"product-type-simple"},"_links":{"self":[{"href":"https:\/\/puyapeptide.net\/pt-br\/wp-json\/wp\/v2\/product\/7647","targetHints":{"allow":["GET"]}}],"collection":[{"href":"https:\/\/puyapeptide.net\/pt-br\/wp-json\/wp\/v2\/product"}],"about":[{"href":"https:\/\/puyapeptide.net\/pt-br\/wp-json\/wp\/v2\/types\/product"}],"replies":[{"embeddable":true,"href":"https:\/\/puyapeptide.net\/pt-br\/wp-json\/wp\/v2\/comments?post=7647"}],"wp:featuredmedia":[{"embeddable":true,"href":"https:\/\/puyapeptide.net\/pt-br\/wp-json\/wp\/v2\/media\/2129"}],"wp:attachment":[{"href":"https:\/\/puyapeptide.net\/pt-br\/wp-json\/wp\/v2\/media?parent=7647"}],"wp:term":[{"taxonomy":"product_brand","embeddable":true,"href":"https:\/\/puyapeptide.net\/pt-br\/wp-json\/wp\/v2\/product_brand?post=7647"},{"taxonomy":"product_cat","embeddable":true,"href":"https:\/\/puyapeptide.net\/pt-br\/wp-json\/wp\/v2\/product_cat?post=7647"},{"taxonomy":"product_tag","embeddable":true,"href":"https:\/\/puyapeptide.net\/pt-br\/wp-json\/wp\/v2\/product_tag?post=7647"}],"curies":[{"name":"wp","href":"https:\/\/api.w.org\/{rel}","templated":true}]}}