{"id":7723,"date":"2021-12-16T10:29:57","date_gmt":"2021-12-16T15:29:57","guid":{"rendered":"https:\/\/puyapeptide.net\/product\/tesamorelin-usan-tesamorelin-cas-218949-48-5-para-o-tratamento-da-sindrome-do-disturbio-do-metabolismo-lipidico-associado-ao-hiv\/"},"modified":"2021-12-16T10:29:57","modified_gmt":"2021-12-16T15:29:57","slug":"tesamorelin-usan-tesamorelin-cas-218949-48-5-para-o-tratamento-da-sindrome-do-disturbio-do-metabolismo-lipidico-associado-ao-hiv","status":"publish","type":"product","link":"https:\/\/puyapeptide.net\/pt-br\/product\/tesamorelin-usan-tesamorelin-cas-218949-48-5-para-o-tratamento-da-sindrome-do-disturbio-do-metabolismo-lipidico-associado-ao-hiv\/","title":{"rendered":"Tesamorelin (usan) \/ Tesamorelin CAS 218949-48-5 Para o tratamento da s\u00edndrome do dist\u00farbio do metabolismo lip\u00eddico associado ao HIV"},"content":{"rendered":"<h2><strong>Tesamorelin (usan) \/ Tesamorelin CAS 218949-48-5 Para o tratamento da s\u00edndrome do dist\u00farbio do metabolismo lip\u00eddico associado ao HIV<\/strong><\/h2>\n<p> Nome do produto: Tesamorelin (usan)<br \/>\n Sin\u00f4nimos: D06655; Tesamorelin (usan); TesamorelinAcetato; Venda popular de pept\u00eddeos farmac\u00eauticos 2mg Tesamorelin 99%; Tesamorelin (usan) USP \/ EP \/ BP<br \/>\n CAS: 218949-48 -5<br \/>\n MF:<br \/>\n MW: 0<br \/>\n EINECS: 603-809-2<br \/>\n Categorias de produtos:<br \/>\n Arquivo Mol: Arquivo Mol <\/p>\n<p> Tesamorelin \u00e9 um pept\u00eddeo sint\u00e9tico que consiste em todos os 44 amino\u00e1cidos de hGRF com a adi\u00e7\u00e3o de um grupo de \u00e1cido trans-3-hexen\u00f3ico. A teamorelina (tamb\u00e9m conhecida como Egrifta) \u00e9 uma forma sint\u00e9tica de horm\u00f4nio liberador de horm\u00f4nio de crescimento que \u00e9 usado no tratamento da lipodistrofia associada ao HIV. fibroblastos de uma maneira dependente da dose, conforme revelado pelo ensaio de migra\u00e7\u00e3o do filtro transwell. O BPC 157 tamb\u00e9m acelerou de forma dependente da dose a dissemina\u00e7\u00e3o de fibroblastos de tend\u00e3o em placas de cultura. A forma\u00e7\u00e3o de F-actina conforme detectada por colora\u00e7\u00e3o com FITC-faloidina foi induzida em fibroblastos tratados com BPC 157. A express\u00e3o de prote\u00edna e ativa\u00e7\u00e3o de FAK e paxilina foram determinadas por an\u00e1lise de Western blot, e os n\u00edveis de fosforila\u00e7\u00e3o de FAK e paxilina foram aumentados de forma dependente da dose pelo BPC 157, enquanto as quantidades totais de prote\u00edna permaneceram inalteradas. Em conclus\u00e3o, o BPC 157 promove o crescimento ex vivo de fibroblastos de tend\u00e3o a partir de explantes de tend\u00e3o, a sobreviv\u00eancia celular sob estresse e a migra\u00e7\u00e3o in vitro de fibroblastos de tend\u00e3o, que \u00e9 provavelmente mediada pela ativa\u00e7\u00e3o da via FAK-paxilina.<br \/>\n &lt;&amp; &gt; <strong>Aplicativos Tesamorelin<\/strong> <\/p>\n<p> 1. A triptorelina aumenta os n\u00edveis de testosterona, causando estimula\u00e7\u00e3o constante da hip\u00f3fise, diminui a secre\u00e7\u00e3o hipofis\u00e1ria de gonadotrofinas, horm\u00f4nio luteinizante (LH) e horm\u00f4nio fol\u00edculo estimulante (FSH). <\/p>\n<p> 2. Como outros agonistas do GnRH, a triptorelina pode ser usada no tratamento de c\u00e2nceres responsivos a horm\u00f4nios, como c\u00e2ncer de pr\u00f3stata ou c\u00e2ncer de mama, puberdade precoce, condi\u00e7\u00f5es dependentes de estrog\u00eanio (como endometriose ou miomas uterinos) e na reprodu\u00e7\u00e3o assistida.<\/p>\n","protected":false},"excerpt":{"rendered":"<p>Nome do produto: Tesamorelin (usan)<br \/>\n CAS: 218949-48-5<br \/>\n EINECS: 603-809-2<br \/>\n Arquivo Mol: Arquivo Mol<\/p>\n","protected":false},"featured_media":2171,"comment_status":"open","ping_status":"closed","template":"","meta":{"om_disable_all_campaigns":false,"_monsterinsights_skip_tracking":false,"_monsterinsights_sitenote_active":false,"_monsterinsights_sitenote_note":"","_monsterinsights_sitenote_category":0,"site-sidebar-layout":"default","site-content-layout":"default","ast-site-content-layout":"default","site-content-style":"default","site-sidebar-style":"default","ast-global-header-display":"","ast-banner-title-visibility":"","ast-main-header-display":"","ast-hfb-above-header-display":"","ast-hfb-below-header-display":"","ast-hfb-mobile-header-display":"","site-post-title":"","ast-breadcrumbs-content":"","ast-featured-img":"","footer-sml-layout":"","ast-disable-related-posts":"","theme-transparent-header-meta":"default","adv-header-id-meta":"","stick-header-meta":"","header-above-stick-meta":"","header-main-stick-meta":"","header-below-stick-meta":"","astra-migrate-meta-layouts":"default","ast-page-background-enabled":"default","ast-page-background-meta":{"desktop":{"background-color":"","background-image":"","background-repeat":"repeat","background-position":"center center","background-size":"auto","background-attachment":"scroll","background-type":"","background-media":"","overlay-type":"","overlay-color":"","overlay-opacity":"","overlay-gradient":""},"tablet":{"background-color":"","background-image":"","background-repeat":"repeat","background-position":"center center","background-size":"auto","background-attachment":"scroll","background-type":"","background-media":"","overlay-type":"","overlay-color":"","overlay-opacity":"","overlay-gradient":""},"mobile":{"background-color":"","background-image":"","background-repeat":"repeat","background-position":"center center","background-size":"auto","background-attachment":"scroll","background-type":"","background-media":"","overlay-type":"","overlay-color":"","overlay-opacity":"","overlay-gradient":""}},"ast-content-background-meta":{"desktop":{"background-color":"var(--ast-global-color-5)","background-image":"","background-repeat":"repeat","background-position":"center center","background-size":"auto","background-attachment":"scroll","background-type":"","background-media":"","overlay-type":"","overlay-color":"","overlay-opacity":"","overlay-gradient":""},"tablet":{"background-color":"var(--ast-global-color-5)","background-image":"","background-repeat":"repeat","background-position":"center center","background-size":"auto","background-attachment":"scroll","background-type":"","background-media":"","overlay-type":"","overlay-color":"","overlay-opacity":"","overlay-gradient":""},"mobile":{"background-color":"var(--ast-global-color-5)","background-image":"","background-repeat":"repeat","background-position":"center center","background-size":"auto","background-attachment":"scroll","background-type":"","background-media":"","overlay-type":"","overlay-color":"","overlay-opacity":"","overlay-gradient":""}}},"product_brand":[],"product_cat":[533],"product_tag":[2070],"class_list":{"0":"post-7723","1":"product","2":"type-product","3":"status-publish","4":"has-post-thumbnail","6":"product_cat-outros-peptideos","7":"product_tag-tesamorelin-usan-tesamorelin-cas-218949-48-5-for-the-treatment-of-hiv-associated-lipid-metabolism-disorder-syndrome-pt-br","8":"desktop-align-left","9":"tablet-align-left","10":"mobile-align-left","12":"first","13":"instock","14":"shipping-taxable","15":"product-type-simple"},"_links":{"self":[{"href":"https:\/\/puyapeptide.net\/pt-br\/wp-json\/wp\/v2\/product\/7723","targetHints":{"allow":["GET"]}}],"collection":[{"href":"https:\/\/puyapeptide.net\/pt-br\/wp-json\/wp\/v2\/product"}],"about":[{"href":"https:\/\/puyapeptide.net\/pt-br\/wp-json\/wp\/v2\/types\/product"}],"replies":[{"embeddable":true,"href":"https:\/\/puyapeptide.net\/pt-br\/wp-json\/wp\/v2\/comments?post=7723"}],"wp:featuredmedia":[{"embeddable":true,"href":"https:\/\/puyapeptide.net\/pt-br\/wp-json\/wp\/v2\/media\/2171"}],"wp:attachment":[{"href":"https:\/\/puyapeptide.net\/pt-br\/wp-json\/wp\/v2\/media?parent=7723"}],"wp:term":[{"taxonomy":"product_brand","embeddable":true,"href":"https:\/\/puyapeptide.net\/pt-br\/wp-json\/wp\/v2\/product_brand?post=7723"},{"taxonomy":"product_cat","embeddable":true,"href":"https:\/\/puyapeptide.net\/pt-br\/wp-json\/wp\/v2\/product_cat?post=7723"},{"taxonomy":"product_tag","embeddable":true,"href":"https:\/\/puyapeptide.net\/pt-br\/wp-json\/wp\/v2\/product_tag?post=7723"}],"curies":[{"name":"wp","href":"https:\/\/api.w.org\/{rel}","templated":true}]}}