{"id":7789,"date":"2021-12-16T10:33:28","date_gmt":"2021-12-16T15:33:28","guid":{"rendered":"https:\/\/puyapeptide.net\/product\/epitalon-acetato-de-epithalon-cas-307297-39-8-para-anti-envelhecimento\/"},"modified":"2021-12-16T10:33:28","modified_gmt":"2021-12-16T15:33:28","slug":"epitalon-acetato-de-epithalon-cas-307297-39-8-para-anti-envelhecimento","status":"publish","type":"product","link":"https:\/\/puyapeptide.net\/pt-br\/product\/epitalon-acetato-de-epithalon-cas-307297-39-8-para-anti-envelhecimento\/","title":{"rendered":"Epitalon \/ acetato de Epithalon CAS 307297-39-8 para anti-envelhecimento"},"content":{"rendered":"<h2><strong>Epitalon \/ acetato de Epithalon CAS 307297-39-8 para anti-envelhecimento<\/strong><\/h2>\n<p> Nome do produto: Epitalon<br \/>\n Sin\u00f4nimos: Epitalon; Epithalon; Glicina, L-alanil-La-glutamil-La-aspartil-; L-alanil-L-alfa-glutamil-L-alfa-aspartilglicina; 9: PN : WO02090380 P\u00c1GINA: 55 prote\u00edna reivindicada; L-Alanil-L-\u03b1-glutamil-L-\u03b1-aspartilglicina; Epithalon, Epithalon Tetra Peptide; EpithalonAcetate<br \/>\n CAS: 307297-39-8<br \/>\n MF: C14H22N4O9<br \/>\n MW: 390,35<br \/>\n EINECS: 211-519-9<br \/>\n Categorias de produtos:<br \/>\n Arquivo Mol: 307297-39-8.mol <\/p>\n<p> Epithalon \u00e9 um pept\u00eddeo usado para regular o ciclo celular at\u00e9 -regula\u00e7\u00e3o da atividade da telomerase. A sequ\u00eancia de amino\u00e1cidos no pept\u00eddeo \u00e9 Alanina-Glutamato-Asparagina-Glicina. Foram realizados estudos em animais sobre os efeitos do Epithalon na supress\u00e3o de tumores mam\u00e1rios espont\u00e2neos e na carcinog\u00eanese espont\u00e2nea. Estudos demonstraram que o modo de a\u00e7\u00e3o do Epithalon envolve a supress\u00e3o da express\u00e3o do oncogene e modifica\u00e7\u00e3o da atividade da telomerase. <\/p>\n<p> Epitalon (tamb\u00e9m conhecido como Epithalon ou Epithalone) \u00e9 a vers\u00e3o sint\u00e9tica do polipept\u00eddeo Epithalamin que \u00e9 produzido naturalmente no Gl\u00e2ndula pineal. Foi sintetizado por Vladimir Khavinson, professor e gerontologista russo cuja pesquisa se concentrou no desenvolvimento de prepara\u00e7\u00f5es de pept\u00eddeos usados para restaurar a fun\u00e7\u00e3o em v\u00e1rios \u00f3rg\u00e3os a fim de prevenir e reverter o processo de envelhecimento. Ele \u00e9 atualmente o Diretor do Instituto de Biorregula\u00e7\u00e3o e Gerontologia de S\u00e3o Petersburgo.<br \/>\n Epitalon \u00e9 considerado a &quot;fonte da juventude&quot; de pept\u00eddeo. \u00c9 um tetrapept\u00eddeo, o que significa que \u00e9 composto por quatro cadeias de amino\u00e1cidos. O pept\u00eddeo \u00e9 usado para regular o ciclo celular durante a atividade da telomerase. A telomerase, tamb\u00e9m chamada de transferase terminal do tel\u00f4mero, \u00e9 uma enzima feita de prote\u00ednas e subunidades de RNA que alonga os cromossomos. Quando a atividade da telomerase n\u00e3o est\u00e1 presente (quando envelhecemos), nossas c\u00e9lulas envelhecem. Nossos tel\u00f4meros ficam mais curtos e come\u00e7am a morrer. Se a telomerase for ativada em nossas c\u00e9lulas, nossos tel\u00f4meros se alongam, a c\u00e9lula continua a crescer e se dividir, retardando o processo de envelhecimento. (UT Southwestern Medical Lab)<br \/>\n https:\/\/www.amisantabarbara.com\/epitalon <\/p>\n<p> <strong>Epitalon \/ acetato de Epithalon CAS 307297-39-8 Propriedades qu\u00edmicas<\/strong><br \/>\n Epitalon Chemical Properties<br \/>\n Ponto de ebuli\u00e7\u00e3o 959.8 \u00b1 65,0 \u00b0 C (predito)<br \/>\n densidade 1,466 \u00b1 0,06 g \/ cm3 (predito)<br \/>\n pka 3,16 \u00b1 0,10 (predito)<br \/>\n Refer\u00eancia CAS DataBase 307297-39-8 <\/p>\n<p> <strong>Fun\u00e7\u00f5es e aplica\u00e7\u00f5es de Epitalon \/ acetato de Epithalon CAS 307297-39-8<\/strong><br \/>\n Epitalon foi descoberto pelo cientista russo Professor Vladimir Khavinson. Ele pesquisou esse pept\u00eddeo por mais de 35 anos em ensaios cl\u00ednicos em animais e humanos. Os resultados foram surpreendentes. Pela primeira vez, os ensaios cl\u00ednicos em humanos provaram sem sombra de d\u00favida que a subst\u00e2ncia consistia em possibilidades poderosas de prolongamento da vida e anti-envelhecimento.<br \/>\n Benef\u00edcios do Epitalon: Como resultado do efeito do Epitalon na produ\u00e7\u00e3o de telomerase, os benef\u00edcios s\u00e3o \u00fanicos e distantes. alcan\u00e7ar e incluir:<br \/>\n Um aumento da expectativa de vida humana pelo alongamento dos tel\u00f4meros nas c\u00e9lulas humanas<br \/>\n Promo\u00e7\u00e3o de um sono mais profundo<br \/>\n Atraso e preven\u00e7\u00e3o de doen\u00e7as relacionadas \u00e0 idade, como c\u00e2ncer, doen\u00e7as card\u00edacas e dem\u00eancia<br \/>\n Atua como um antioxidante, reduzindo a oxida\u00e7\u00e3o de lip\u00eddios e ROS (esp\u00e9cies reativas de oxig\u00eanio), juntamente com a normaliza\u00e7\u00e3o da fun\u00e7\u00e3o das c\u00e9lulas T.<br \/>\n Melhoria da sa\u00fade e apar\u00eancia da pele<br \/>\n Cura de c\u00e9lulas musculares feridas e em deteriora\u00e7\u00e3o<br \/>\n Restaura e normaliza os n\u00edveis de melatonina em idosos que perderam alguma fun\u00e7\u00e3o pineal devido ao envelhecimento<br \/>\n pode aumentar a resist\u00eancia ao estresse emocional<\/p>\n","protected":false},"excerpt":{"rendered":"<p>Nome do produto: Epitalon<br \/>\n CAS: 307297-39-8<br \/>\n MF: C14H22N4O9<br \/>\n MW: 390,35<br \/>\n EINECS: 211-519-9<br \/>\n Arquivo Mol: 307297-39-8.mol<\/p>\n","protected":false},"featured_media":2213,"comment_status":"open","ping_status":"closed","template":"","meta":{"om_disable_all_campaigns":false,"_monsterinsights_skip_tracking":false,"_monsterinsights_sitenote_active":false,"_monsterinsights_sitenote_note":"","_monsterinsights_sitenote_category":0,"site-sidebar-layout":"default","site-content-layout":"default","ast-site-content-layout":"default","site-content-style":"default","site-sidebar-style":"default","ast-global-header-display":"","ast-banner-title-visibility":"","ast-main-header-display":"","ast-hfb-above-header-display":"","ast-hfb-below-header-display":"","ast-hfb-mobile-header-display":"","site-post-title":"","ast-breadcrumbs-content":"","ast-featured-img":"","footer-sml-layout":"","ast-disable-related-posts":"","theme-transparent-header-meta":"default","adv-header-id-meta":"","stick-header-meta":"","header-above-stick-meta":"","header-main-stick-meta":"","header-below-stick-meta":"","astra-migrate-meta-layouts":"default","ast-page-background-enabled":"default","ast-page-background-meta":{"desktop":{"background-color":"","background-image":"","background-repeat":"repeat","background-position":"center center","background-size":"auto","background-attachment":"scroll","background-type":"","background-media":"","overlay-type":"","overlay-color":"","overlay-opacity":"","overlay-gradient":""},"tablet":{"background-color":"","background-image":"","background-repeat":"repeat","background-position":"center center","background-size":"auto","background-attachment":"scroll","background-type":"","background-media":"","overlay-type":"","overlay-color":"","overlay-opacity":"","overlay-gradient":""},"mobile":{"background-color":"","background-image":"","background-repeat":"repeat","background-position":"center center","background-size":"auto","background-attachment":"scroll","background-type":"","background-media":"","overlay-type":"","overlay-color":"","overlay-opacity":"","overlay-gradient":""}},"ast-content-background-meta":{"desktop":{"background-color":"var(--ast-global-color-5)","background-image":"","background-repeat":"repeat","background-position":"center center","background-size":"auto","background-attachment":"scroll","background-type":"","background-media":"","overlay-type":"","overlay-color":"","overlay-opacity":"","overlay-gradient":""},"tablet":{"background-color":"var(--ast-global-color-5)","background-image":"","background-repeat":"repeat","background-position":"center center","background-size":"auto","background-attachment":"scroll","background-type":"","background-media":"","overlay-type":"","overlay-color":"","overlay-opacity":"","overlay-gradient":""},"mobile":{"background-color":"var(--ast-global-color-5)","background-image":"","background-repeat":"repeat","background-position":"center center","background-size":"auto","background-attachment":"scroll","background-type":"","background-media":"","overlay-type":"","overlay-color":"","overlay-opacity":"","overlay-gradient":""}}},"product_brand":[],"product_cat":[742],"product_tag":[1999],"class_list":{"0":"post-7789","1":"product","2":"type-product","3":"status-publish","4":"has-post-thumbnail","6":"product_cat-outro-peptideo-cosmetico","7":"product_tag-epitalon-epithalon-acetate-cas-307297-39-8-for-anti-aging-pt-br","8":"desktop-align-left","9":"tablet-align-left","10":"mobile-align-left","12":"first","13":"instock","14":"shipping-taxable","15":"product-type-simple"},"_links":{"self":[{"href":"https:\/\/puyapeptide.net\/pt-br\/wp-json\/wp\/v2\/product\/7789","targetHints":{"allow":["GET"]}}],"collection":[{"href":"https:\/\/puyapeptide.net\/pt-br\/wp-json\/wp\/v2\/product"}],"about":[{"href":"https:\/\/puyapeptide.net\/pt-br\/wp-json\/wp\/v2\/types\/product"}],"replies":[{"embeddable":true,"href":"https:\/\/puyapeptide.net\/pt-br\/wp-json\/wp\/v2\/comments?post=7789"}],"wp:featuredmedia":[{"embeddable":true,"href":"https:\/\/puyapeptide.net\/pt-br\/wp-json\/wp\/v2\/media\/2213"}],"wp:attachment":[{"href":"https:\/\/puyapeptide.net\/pt-br\/wp-json\/wp\/v2\/media?parent=7789"}],"wp:term":[{"taxonomy":"product_brand","embeddable":true,"href":"https:\/\/puyapeptide.net\/pt-br\/wp-json\/wp\/v2\/product_brand?post=7789"},{"taxonomy":"product_cat","embeddable":true,"href":"https:\/\/puyapeptide.net\/pt-br\/wp-json\/wp\/v2\/product_cat?post=7789"},{"taxonomy":"product_tag","embeddable":true,"href":"https:\/\/puyapeptide.net\/pt-br\/wp-json\/wp\/v2\/product_tag?post=7789"}],"curies":[{"name":"wp","href":"https:\/\/api.w.org\/{rel}","templated":true}]}}