{"id":7806,"date":"2021-12-16T10:34:25","date_gmt":"2021-12-16T15:34:25","guid":{"rendered":"https:\/\/puyapeptide.net\/product\/acetato-de-angiotensina-val5-angiotensina-ii-cas-58-49-1\/"},"modified":"2021-12-16T10:34:25","modified_gmt":"2021-12-16T15:34:25","slug":"acetato-de-angiotensina-val5-angiotensina-ii-cas-58-49-1","status":"publish","type":"product","link":"https:\/\/puyapeptide.net\/pt-br\/product\/acetato-de-angiotensina-val5-angiotensina-ii-cas-58-49-1\/","title":{"rendered":"Acetato de angiotensina \/ (Val5) -Angiotensina II CAS 58-49-1"},"content":{"rendered":"<h2><strong>Acetato de angiotensina \/ (Val5) -Angiotensina II CAS 58-49-1<\/strong><\/h2>\n<p> Nome do produto: Acetato de angiotensina<br \/>\n Sin\u00f4nimos: [VAL5] -ANGIOTENSINA II; [VAL5] ANGIOTENSINA II HUMANA; ASP-ARG-VAL-TYR-VAL-HIS-PRO-PHE; DRVYVHPF; 5-L-Valina angiotensina II); Angiotensina II 5-valina (Valina angiotensina II; Valina angiotensina II; VALINA ANGIOTENSINA II; 5-L-VALINA ANGIOTENSINA II<br \/>\n CAS: 58-49-1<br \/>\n MF: C49H69N13O12<br \/>\n MW: 1032.17<br \/>\n EINECS:<br \/>\n Categorias de Produto:<br \/>\n Arquivo Mol: 58-49-1.mol <\/p>\n<p> A angiotensina \u00e9 um tipo de subst\u00e2ncia pept\u00eddica que tem um vasoconstritor forte e estimula a secre\u00e7\u00e3o de aldosterona a partir de o c\u00f3rtex adrenal. Est\u00e1 envolvido na regula\u00e7\u00e3o da press\u00e3o arterial e dos fluidos corporais. Pode ser dividido em angiotensina I-VII, e h\u00e1 mais estudos em angiotensina I, angiotensina II e angiotensina III. <\/p>\n<p> &lt; &amp;&gt; <strong>Acetato de angiotensina \/ (Val5) -Angiotensina II CAS 58-49-1 Propriedades qu\u00edmicas<\/strong><br \/>\n temperatura de armazenamento -20 \u00b0 C<br \/>\n densidade 1,45 \u00b1 0,1 g \/ cm3 (previsto)<br \/>\n forma de p\u00f3<br \/>\n pKa 3,56 \u00b1 0,10 (previsto)<br \/>\n InChIKey JVCJXRGXGITABA-IAQGTVMASA-N<br \/>\n CAS DataBase Refer\u00eancia 58-49-1 <\/p>\n<p> <strong>Appl ica\u00e7\u00e3o e Fun\u00e7\u00e3o do Acetato de Angiotensina \/ (Val5) -Angiotensina II CAS 58-49-1<\/strong><br \/>\n O acetato de angiotensina, tamb\u00e9m conhecido como (Val5) -Angiotensina II, \u00e9 um an\u00e1logo da angiotensina II que \u00e9 um agonista dos receptores da angiotensina AT1. A angiotensina \u00e9 um oligopept\u00eddeo, um horm\u00f4nio e um poderoso dipsog\u00eanio. \u00c9 derivado da mol\u00e9cula precursora angiotensinog\u00eanio, uma globulina s\u00e9rica produzida no f\u00edgado. Desempenha um papel importante no sistema renina-angiotensina. <\/p>\n<p> A angiotensina II \u00e9 um potente vasoconstritor gerado pela a\u00e7\u00e3o sequencial da renina e da enzima de convers\u00e3o da angiotensina sobre o angiotensinog\u00eanio. As atividades biol\u00f3gicas da angiotensina II incluem a regula\u00e7\u00e3o da press\u00e3o arterial, equil\u00edbrio de sal e \u00e1gua e t\u00f4nus vascular. Al\u00e9m disso, a angiotensina II estimula v\u00e1rias enzimas como NADPH oxidase.<\/p>\n","protected":false},"excerpt":{"rendered":"<p>Nome do produto: Acetato de angiotensina<br \/>\n CAS: 58-49-1<br \/>\n MF: C49H69N13O12<br \/>\n MW: 1032,17<br \/>\n Arquivo Mol: 58-49-1.mol<\/p>\n","protected":false},"featured_media":2297,"comment_status":"open","ping_status":"closed","template":"","meta":{"om_disable_all_campaigns":false,"_monsterinsights_skip_tracking":false,"_monsterinsights_sitenote_active":false,"_monsterinsights_sitenote_note":"","_monsterinsights_sitenote_category":0,"site-sidebar-layout":"default","site-content-layout":"default","ast-site-content-layout":"default","site-content-style":"default","site-sidebar-style":"default","ast-global-header-display":"","ast-banner-title-visibility":"","ast-main-header-display":"","ast-hfb-above-header-display":"","ast-hfb-below-header-display":"","ast-hfb-mobile-header-display":"","site-post-title":"","ast-breadcrumbs-content":"","ast-featured-img":"","footer-sml-layout":"","ast-disable-related-posts":"","theme-transparent-header-meta":"default","adv-header-id-meta":"","stick-header-meta":"","header-above-stick-meta":"","header-main-stick-meta":"","header-below-stick-meta":"","astra-migrate-meta-layouts":"default","ast-page-background-enabled":"default","ast-page-background-meta":{"desktop":{"background-color":"","background-image":"","background-repeat":"repeat","background-position":"center center","background-size":"auto","background-attachment":"scroll","background-type":"","background-media":"","overlay-type":"","overlay-color":"","overlay-opacity":"","overlay-gradient":""},"tablet":{"background-color":"","background-image":"","background-repeat":"repeat","background-position":"center center","background-size":"auto","background-attachment":"scroll","background-type":"","background-media":"","overlay-type":"","overlay-color":"","overlay-opacity":"","overlay-gradient":""},"mobile":{"background-color":"","background-image":"","background-repeat":"repeat","background-position":"center center","background-size":"auto","background-attachment":"scroll","background-type":"","background-media":"","overlay-type":"","overlay-color":"","overlay-opacity":"","overlay-gradient":""}},"ast-content-background-meta":{"desktop":{"background-color":"var(--ast-global-color-5)","background-image":"","background-repeat":"repeat","background-position":"center center","background-size":"auto","background-attachment":"scroll","background-type":"","background-media":"","overlay-type":"","overlay-color":"","overlay-opacity":"","overlay-gradient":""},"tablet":{"background-color":"var(--ast-global-color-5)","background-image":"","background-repeat":"repeat","background-position":"center center","background-size":"auto","background-attachment":"scroll","background-type":"","background-media":"","overlay-type":"","overlay-color":"","overlay-opacity":"","overlay-gradient":""},"mobile":{"background-color":"var(--ast-global-color-5)","background-image":"","background-repeat":"repeat","background-position":"center center","background-size":"auto","background-attachment":"scroll","background-type":"","background-media":"","overlay-type":"","overlay-color":"","overlay-opacity":"","overlay-gradient":""}}},"product_brand":[],"product_cat":[416],"product_tag":[1974],"class_list":{"0":"post-7806","1":"product","2":"type-product","3":"status-publish","4":"has-post-thumbnail","6":"product_cat-peptideo-sangue-e-vascular","7":"product_tag-angiotensin-acetate-val5-angiotensin-ii-cas-58-49-1-pt-br","8":"desktop-align-left","9":"tablet-align-left","10":"mobile-align-left","12":"first","13":"instock","14":"shipping-taxable","15":"product-type-simple"},"_links":{"self":[{"href":"https:\/\/puyapeptide.net\/pt-br\/wp-json\/wp\/v2\/product\/7806","targetHints":{"allow":["GET"]}}],"collection":[{"href":"https:\/\/puyapeptide.net\/pt-br\/wp-json\/wp\/v2\/product"}],"about":[{"href":"https:\/\/puyapeptide.net\/pt-br\/wp-json\/wp\/v2\/types\/product"}],"replies":[{"embeddable":true,"href":"https:\/\/puyapeptide.net\/pt-br\/wp-json\/wp\/v2\/comments?post=7806"}],"wp:featuredmedia":[{"embeddable":true,"href":"https:\/\/puyapeptide.net\/pt-br\/wp-json\/wp\/v2\/media\/2297"}],"wp:attachment":[{"href":"https:\/\/puyapeptide.net\/pt-br\/wp-json\/wp\/v2\/media?parent=7806"}],"wp:term":[{"taxonomy":"product_brand","embeddable":true,"href":"https:\/\/puyapeptide.net\/pt-br\/wp-json\/wp\/v2\/product_brand?post=7806"},{"taxonomy":"product_cat","embeddable":true,"href":"https:\/\/puyapeptide.net\/pt-br\/wp-json\/wp\/v2\/product_cat?post=7806"},{"taxonomy":"product_tag","embeddable":true,"href":"https:\/\/puyapeptide.net\/pt-br\/wp-json\/wp\/v2\/product_tag?post=7806"}],"curies":[{"name":"wp","href":"https:\/\/api.w.org\/{rel}","templated":true}]}}