{"id":7851,"date":"2021-12-16T11:16:42","date_gmt":"2021-12-16T16:16:42","guid":{"rendered":"https:\/\/puyapeptide.net\/product\/etelcalcetide-cas-1262780-97-1-desenvolvido-para-uso-em-pacientes-com-doenca-renal-cronica-drc-em-tratamento-de-hemodialise\/"},"modified":"2021-12-16T11:16:42","modified_gmt":"2021-12-16T16:16:42","slug":"etelcalcetide-cas-1262780-97-1-desenvolvido-para-uso-em-pacientes-com-doenca-renal-cronica-drc-em-tratamento-de-hemodialise","status":"publish","type":"product","link":"https:\/\/puyapeptide.net\/pt-br\/product\/etelcalcetide-cas-1262780-97-1-desenvolvido-para-uso-em-pacientes-com-doenca-renal-cronica-drc-em-tratamento-de-hemodialise\/","title":{"rendered":"Etelcalcetide CAS 1262780-97-1 Desenvolvido para uso em pacientes com doen\u00e7a renal cr\u00f4nica (DRC) em tratamento de hemodi\u00e1lise"},"content":{"rendered":"<h2><strong>Etelcalcetide CAS 1262780-97-1 Desenvolvido para uso em pacientes com doen\u00e7a renal cr\u00f4nica (DRC) em tratamento de hemodi\u00e1lise<\/strong><\/h2>\n<p> Nome do produto: Etelcalcetida<br \/>\n Sin\u00f4nimos: Etelcalcetida; D-Argininamida, N-acetil-D-cisteinil-D-alanil-D-arginil-D-arginil-D-arginil-D-alanil-, dissulfeto com L -ciste\u00edna; AMG-416 (Velcalcetide)<br \/>\n CAS: 1262780-97-1<br \/>\n MF: C38H73N21O10S2<br \/>\n MW: 1048.25<br \/>\n EINECS:<br \/>\n Categorias de produtos:<br \/>\n Arquivo Mol: 1262780- 97-1.mol <\/p>\n<p> Etelcalcetide \u00e9 um novo CalcimimeticAgent (CalcimimeticAgent). \u00c9 administrado por via intravenosa e desenvolvido para pacientes com doen\u00e7a renal cr\u00f4nica (DRC) em tratamento de hemodi\u00e1lise. AMG416 se liga e ativa os receptores sens\u00edveis ao c\u00e1lcio nas gl\u00e2ndulas paratireoides, resultando em uma redu\u00e7\u00e3o nos n\u00edveis de horm\u00f4nio da paratireoide (PTH).<br \/>\n &lt;&amp; &gt; <strong>Etelcalcetide CAS 1262780-97-1 Propriedades Qu\u00edmicas<\/strong><br \/>\n densidade 1,58 \u00b1 0,1 g \/ cm3 (Predito)<br \/>\n pka 2,01 \u00b1 0,10 (Predito) <\/p>\n<p> <strong>Fun\u00e7\u00e3o e Aplica\u00e7\u00e3o de Etelcalcetide CAS 1262780-97-1 Propriedades qu\u00edmicas<\/strong><br \/>\n O etelcalcetida ativa o receptor sens\u00edvel ao c\u00e1lcio nas gl\u00e2ndulas paratireoides, reduzindo a s\u00edntese e a secre\u00e7\u00e3o do PTH. Pode ser usado para hiperparatireoidismo secund\u00e1rio associado \u00e0 pesquisa de doen\u00e7a renal cr\u00f4nica.<\/p>\n","protected":false},"excerpt":{"rendered":"<p>Nome do produto: Etelcalcetide<br \/>\n CAS: 1262780-97-1<br \/>\n MF: C38H73N21O10S2<br \/>\n MW: 1048,25<br \/>\n Arquivo Mol: 1262780-97-1.mol<\/p>\n","protected":false},"featured_media":0,"comment_status":"open","ping_status":"closed","template":"","meta":{"om_disable_all_campaigns":false,"_monsterinsights_skip_tracking":false,"_monsterinsights_sitenote_active":false,"_monsterinsights_sitenote_note":"","_monsterinsights_sitenote_category":0,"site-sidebar-layout":"default","site-content-layout":"default","ast-site-content-layout":"default","site-content-style":"default","site-sidebar-style":"default","ast-global-header-display":"","ast-banner-title-visibility":"","ast-main-header-display":"","ast-hfb-above-header-display":"","ast-hfb-below-header-display":"","ast-hfb-mobile-header-display":"","site-post-title":"","ast-breadcrumbs-content":"","ast-featured-img":"","footer-sml-layout":"","ast-disable-related-posts":"","theme-transparent-header-meta":"default","adv-header-id-meta":"","stick-header-meta":"","header-above-stick-meta":"","header-main-stick-meta":"","header-below-stick-meta":"","astra-migrate-meta-layouts":"default","ast-page-background-enabled":"default","ast-page-background-meta":{"desktop":{"background-color":"","background-image":"","background-repeat":"repeat","background-position":"center center","background-size":"auto","background-attachment":"scroll","background-type":"","background-media":"","overlay-type":"","overlay-color":"","overlay-opacity":"","overlay-gradient":""},"tablet":{"background-color":"","background-image":"","background-repeat":"repeat","background-position":"center center","background-size":"auto","background-attachment":"scroll","background-type":"","background-media":"","overlay-type":"","overlay-color":"","overlay-opacity":"","overlay-gradient":""},"mobile":{"background-color":"","background-image":"","background-repeat":"repeat","background-position":"center center","background-size":"auto","background-attachment":"scroll","background-type":"","background-media":"","overlay-type":"","overlay-color":"","overlay-opacity":"","overlay-gradient":""}},"ast-content-background-meta":{"desktop":{"background-color":"var(--ast-global-color-5)","background-image":"","background-repeat":"repeat","background-position":"center center","background-size":"auto","background-attachment":"scroll","background-type":"","background-media":"","overlay-type":"","overlay-color":"","overlay-opacity":"","overlay-gradient":""},"tablet":{"background-color":"var(--ast-global-color-5)","background-image":"","background-repeat":"repeat","background-position":"center center","background-size":"auto","background-attachment":"scroll","background-type":"","background-media":"","overlay-type":"","overlay-color":"","overlay-opacity":"","overlay-gradient":""},"mobile":{"background-color":"var(--ast-global-color-5)","background-image":"","background-repeat":"repeat","background-position":"center center","background-size":"auto","background-attachment":"scroll","background-type":"","background-media":"","overlay-type":"","overlay-color":"","overlay-opacity":"","overlay-gradient":""}}},"product_brand":[],"product_cat":[533],"product_tag":[1931],"class_list":{"0":"post-7851","1":"product","2":"type-product","3":"status-publish","5":"product_cat-outros-peptideos","6":"product_tag-etelcalcetide-cas-1262780-97-1-developed-for-use-in-patients-with-chronic-kidney-disease-ckd-who-are-on-hemodialysis-treatment-pt-br","7":"desktop-align-left","8":"tablet-align-left","9":"mobile-align-left","11":"first","12":"instock","13":"shipping-taxable","14":"product-type-simple"},"_links":{"self":[{"href":"https:\/\/puyapeptide.net\/pt-br\/wp-json\/wp\/v2\/product\/7851","targetHints":{"allow":["GET"]}}],"collection":[{"href":"https:\/\/puyapeptide.net\/pt-br\/wp-json\/wp\/v2\/product"}],"about":[{"href":"https:\/\/puyapeptide.net\/pt-br\/wp-json\/wp\/v2\/types\/product"}],"replies":[{"embeddable":true,"href":"https:\/\/puyapeptide.net\/pt-br\/wp-json\/wp\/v2\/comments?post=7851"}],"wp:attachment":[{"href":"https:\/\/puyapeptide.net\/pt-br\/wp-json\/wp\/v2\/media?parent=7851"}],"wp:term":[{"taxonomy":"product_brand","embeddable":true,"href":"https:\/\/puyapeptide.net\/pt-br\/wp-json\/wp\/v2\/product_brand?post=7851"},{"taxonomy":"product_cat","embeddable":true,"href":"https:\/\/puyapeptide.net\/pt-br\/wp-json\/wp\/v2\/product_cat?post=7851"},{"taxonomy":"product_tag","embeddable":true,"href":"https:\/\/puyapeptide.net\/pt-br\/wp-json\/wp\/v2\/product_tag?post=7851"}],"curies":[{"name":"wp","href":"https:\/\/api.w.org\/{rel}","templated":true}]}}