{"id":7858,"date":"2021-12-16T11:16:44","date_gmt":"2021-12-16T16:16:44","guid":{"rendered":"https:\/\/puyapeptide.net\/product\/dsip-sleep-inducing-peptide-cas-62568-57-4-ajuda-para-dormir-bem\/"},"modified":"2021-12-16T11:16:44","modified_gmt":"2021-12-16T16:16:44","slug":"dsip-sleep-inducing-peptide-cas-62568-57-4-ajuda-para-dormir-bem","status":"publish","type":"product","link":"https:\/\/puyapeptide.net\/pt-br\/product\/dsip-sleep-inducing-peptide-cas-62568-57-4-ajuda-para-dormir-bem\/","title":{"rendered":"DSIP \/ SLEEP-INDUCING PEPTIDE CAS 62568-57-4 Ajuda para dormir bem"},"content":{"rendered":"<h2><strong>Drotaverine Hidroklorida \/ Drotaverine Hcl CAS 985-12-6<\/strong><\/h2>\n<p> Nome do produto: DSIP<br \/>\n Sin\u00f4nimos: SLEEP INDUCING PEPTIDE; WAGGDASGE; TRP-ALA-GLY-GLY-ASN-ALA-SER-GLY-GLU; TRP-ALA-GLY-GLY-GLY-ASP-ALA-SER- GLY-GLU; TRP-ALA-GLY-GLY-ASP-ALA-SER-GLY-GLU 4H2O; P\u00c9PTIDO DE INDU\u00c7\u00c3O DE SONO DELTA; PEPT\u00cdDEO DE INDU\u00c7\u00c3O DE SONO DELTA 4H2O; DSIP<br \/>\n CAS: 62568-57-4<br \/>\n MF : C35H48N10O15<br \/>\n MW: 848,82<br \/>\n EINECS: 211-519-9<br \/>\n Categorias de produtos: Pept\u00eddeo<br \/>\n Arquivo Mol: 62568-57-4.mol <\/p>\n<p> Pept\u00eddeo indutor de sono Delta, DSIP abreviado, \u00e9 um neuropept\u00eddeo que, quando infundido no ventr\u00edculo mesodiencef\u00e1lico de coelhos receptores, induz atividade EEG do fuso e delta e atividades motoras reduzidas. <\/p>\n<p> <strong>DSIP CAS 985-12-6 Propriedades qu\u00edmicas<\/strong><br \/>\n Ponto de ebuli\u00e7\u00e3o 1522,7 \u00b1 65,0 \u00b0 C (previsto)<br \/>\n densidade 1,458 \u00b1 0,06 g \/ cm3 (previsto)<br \/>\n temp. \u221220 \u00b0 C<br \/>\n pka 3,18 \u00b1 0,10 (previsto)<br \/>\n Solubilidade em \u00e1gua Sol\u00favel em \u00e1gua a 0,5 mg \/ ml<br \/>\n InChIKey ZRZROXNBKJAOKB-GFVHOAGBSA-N <\/p>\n<p> <strong>Fun\u00e7\u00e3o DSIP<\/strong><br \/>\n Muitas fun\u00e7\u00f5es para DSIP foi sugerido ap\u00f3s pesquisas realizadas usando an\u00e1logos de pept\u00eddeos com uma maior estabilidade molecular e atrav\u00e9s da medi\u00e7\u00e3o da resposta imunol\u00f3gica semelhante a DSIP (DSIP-LI) pela inje\u00e7\u00e3o de antissoro e anticorpos DSIP <\/p>\n<p> <strong>Fun\u00e7\u00f5es na regula\u00e7\u00e3o end\u00f3crina<\/strong><br \/>\n Diminui o n\u00edvel basal n\u00edvel de corticotropina e bloqueia sua libera\u00e7\u00e3o.<br \/>\n Estimula a libera\u00e7\u00e3o do horm\u00f4nio luteinizante (LH).<br \/>\n Estimula a libera\u00e7\u00e3o de somatoliberina e secre\u00e7\u00e3o de somatotrofina e inibe a secre\u00e7\u00e3o de somatostatina. <\/p>\n<p> <strong>Estrutura e Intera\u00e7\u00f5es<\/strong><br \/>\n DSIP \u00e9 um anfif\u00edlico pept\u00eddeo de peso molecular 850 daltons com o motivo de amino\u00e1cidos: N-Trp-Ala-Gly-Gly-Asp-Ala-Ser-Gly-Glu-C<br \/>\n Foi encontrado nas formas livre e ligada no hipot\u00e1lamo, sistema l\u00edmbico e hip\u00f3fise, bem como v\u00e1rios \u00f3rg\u00e3os perif\u00e9ricos, tecidos e fluidos corporais. [5] Na pituit\u00e1ria, ele co-localiza com muitos mediadores pept\u00eddicos e n\u00e3o pept\u00eddicos, como o pept\u00eddeo intermedi\u00e1rio semelhante \u00e0 corticotropina (CLIP), horm\u00f4nio adrenocorticotr\u00f3fico (ACTH), horm\u00f4nio estimulador de melan\u00f3citos (MSH), horm\u00f4nio estimulador da tireoide (TSH) e concentrador de melanina horm\u00f4nio (MCH). \u00c9 abundante nas c\u00e9lulas secretoras do intestino e no p\u00e2ncreas, onde se co-localiza com o glucagon.<br \/>\n In vitro, demonstrou ter uma baixa estabilidade molecular com meia-vida de apenas 15 minutos devido \u00e0 a\u00e7\u00e3o de um agente espec\u00edfico Enzima semelhante \u00e0 aminopeptidase. Foi sugerido que no corpo ela se complexa com prote\u00ednas transportadoras para prevenir a degrada\u00e7\u00e3o, ou existe como um componente de uma grande mol\u00e9cula precursora, mas at\u00e9 agora nenhuma estrutura ou gene foi encontrado para este precursor.<\/p>\n","protected":false},"excerpt":{"rendered":"<p>Nome do produto: DSIP<br \/>\n CAS: 62568-57-4<br \/>\n MF: C35H48N10O15<br \/>\n MW: 848.82<br \/>\n EINECS: 211-519-9<br \/>\n Arquivo Mol: 62568-57-4.mol<\/p>\n","protected":false},"featured_media":0,"comment_status":"open","ping_status":"closed","template":"","meta":{"om_disable_all_campaigns":false,"_monsterinsights_skip_tracking":false,"_monsterinsights_sitenote_active":false,"_monsterinsights_sitenote_note":"","_monsterinsights_sitenote_category":0,"site-sidebar-layout":"default","site-content-layout":"default","ast-site-content-layout":"default","site-content-style":"default","site-sidebar-style":"default","ast-global-header-display":"","ast-banner-title-visibility":"","ast-main-header-display":"","ast-hfb-above-header-display":"","ast-hfb-below-header-display":"","ast-hfb-mobile-header-display":"","site-post-title":"","ast-breadcrumbs-content":"","ast-featured-img":"","footer-sml-layout":"","ast-disable-related-posts":"","theme-transparent-header-meta":"default","adv-header-id-meta":"","stick-header-meta":"","header-above-stick-meta":"","header-main-stick-meta":"","header-below-stick-meta":"","astra-migrate-meta-layouts":"default","ast-page-background-enabled":"default","ast-page-background-meta":{"desktop":{"background-color":"","background-image":"","background-repeat":"repeat","background-position":"center center","background-size":"auto","background-attachment":"scroll","background-type":"","background-media":"","overlay-type":"","overlay-color":"","overlay-opacity":"","overlay-gradient":""},"tablet":{"background-color":"","background-image":"","background-repeat":"repeat","background-position":"center center","background-size":"auto","background-attachment":"scroll","background-type":"","background-media":"","overlay-type":"","overlay-color":"","overlay-opacity":"","overlay-gradient":""},"mobile":{"background-color":"","background-image":"","background-repeat":"repeat","background-position":"center center","background-size":"auto","background-attachment":"scroll","background-type":"","background-media":"","overlay-type":"","overlay-color":"","overlay-opacity":"","overlay-gradient":""}},"ast-content-background-meta":{"desktop":{"background-color":"var(--ast-global-color-5)","background-image":"","background-repeat":"repeat","background-position":"center center","background-size":"auto","background-attachment":"scroll","background-type":"","background-media":"","overlay-type":"","overlay-color":"","overlay-opacity":"","overlay-gradient":""},"tablet":{"background-color":"var(--ast-global-color-5)","background-image":"","background-repeat":"repeat","background-position":"center center","background-size":"auto","background-attachment":"scroll","background-type":"","background-media":"","overlay-type":"","overlay-color":"","overlay-opacity":"","overlay-gradient":""},"mobile":{"background-color":"var(--ast-global-color-5)","background-image":"","background-repeat":"repeat","background-position":"center center","background-size":"auto","background-attachment":"scroll","background-type":"","background-media":"","overlay-type":"","overlay-color":"","overlay-opacity":"","overlay-gradient":""}}},"product_brand":[],"product_cat":[533],"product_tag":[1962],"class_list":{"0":"post-7858","1":"product","2":"type-product","3":"status-publish","5":"product_cat-outros-peptideos","6":"product_tag-dsip-sleep-inducing-peptide-cas-62568-57-4-help-for-sleep-well-pt-br","7":"desktop-align-left","8":"tablet-align-left","9":"mobile-align-left","11":"first","12":"instock","13":"shipping-taxable","14":"product-type-simple"},"_links":{"self":[{"href":"https:\/\/puyapeptide.net\/pt-br\/wp-json\/wp\/v2\/product\/7858","targetHints":{"allow":["GET"]}}],"collection":[{"href":"https:\/\/puyapeptide.net\/pt-br\/wp-json\/wp\/v2\/product"}],"about":[{"href":"https:\/\/puyapeptide.net\/pt-br\/wp-json\/wp\/v2\/types\/product"}],"replies":[{"embeddable":true,"href":"https:\/\/puyapeptide.net\/pt-br\/wp-json\/wp\/v2\/comments?post=7858"}],"wp:attachment":[{"href":"https:\/\/puyapeptide.net\/pt-br\/wp-json\/wp\/v2\/media?parent=7858"}],"wp:term":[{"taxonomy":"product_brand","embeddable":true,"href":"https:\/\/puyapeptide.net\/pt-br\/wp-json\/wp\/v2\/product_brand?post=7858"},{"taxonomy":"product_cat","embeddable":true,"href":"https:\/\/puyapeptide.net\/pt-br\/wp-json\/wp\/v2\/product_cat?post=7858"},{"taxonomy":"product_tag","embeddable":true,"href":"https:\/\/puyapeptide.net\/pt-br\/wp-json\/wp\/v2\/product_tag?post=7858"}],"curies":[{"name":"wp","href":"https:\/\/api.w.org\/{rel}","templated":true}]}}