{"id":7873,"date":"2021-12-16T11:17:58","date_gmt":"2021-12-16T16:17:58","guid":{"rendered":"https:\/\/puyapeptide.net\/product\/sermorelina-acetato-de-sermorelina-grf-1-29-amida-humana-cas-86168-78-7\/"},"modified":"2021-12-16T11:17:58","modified_gmt":"2021-12-16T16:17:58","slug":"sermorelina-acetato-de-sermorelina-grf-1-29-amida-humana-cas-86168-78-7","status":"publish","type":"product","link":"https:\/\/puyapeptide.net\/pt-br\/product\/sermorelina-acetato-de-sermorelina-grf-1-29-amida-humana-cas-86168-78-7\/","title":{"rendered":"Sermorelina \/ Acetato de Sermorelina \/ GRF (1-29) amida (humana) CAS 86168-78-7"},"content":{"rendered":"<h2><strong>Sermorelina \/ Acetato de Sermorelina \/ GRF (1-29) amida (humana) CAS 86168-78-7<\/strong><\/h2>\n<p> Nome do produto: Sermorelin<br \/>\n Sin\u00f4nimos: SERMORELIN; SERMORELIN ACETATE; YADAIFTNSYRKVLGQLSARKLLQDIMSR-NH2; TYR-ALA-ASP-ALA-ILE-PHE-THR-ASN-SER-TYR-ARG-LYS-VAL-LEU-GLY -GLN-LEU-SER-ALA-ARG-LYS-LEU-LEU-GLN-ASP-ILE-MET-SER-ARG-NH2; TYR-ALA-ASP-ALA-ILE-PHE-THR-ASN-SER-TYR -ARG-LYS-VAL-LEU-GLY-GLN-LEU-SER-ALA-ARG-LYS-LEU-LEU-GLN-ASP-ILE-MET-SER-ARG-NH2 HUMANO; fator de libera\u00e7\u00e3o do horm\u00f4nio de crescimento * fragmento 1- 29 ami; H-TYR-ALA-ASP-ALA-ILE-PHE-THR-ASN-SER-TYR-ARG-LYS-VAL-LEU-GLY-GLN-LEU-SER-ALA-ARG-LYS-LEU-LEU -GLN-ASP-ILE-MET-SER-ARG-NH2; FATOR DE LIBERA\u00c7\u00c3O DO HORM\u00d4NIO DE CRESCIMENTO (1-29), AMIDA, HUMANO<br \/>\n CAS: 86168-78-7<br \/>\n MF: C149H246N44O42S<br \/>\n MW: 3357,93<br \/>\n EINECS: 1312995-182-4<br \/>\n Categorias de produtos: Pept\u00eddeo; Derivados de amino\u00e1cidos; GH-RHObesity Research; GH-RHPept\u00eddeos para biologia celular; Fatores de libera\u00e7\u00e3o de horm\u00f4nio de crescimento; Neuropept\u00eddeos; Neurotransmiss\u00e3o (obesidade); Fatores de libera\u00e7\u00e3o; Sermorelina<br \/>\n Mol File: 86168-78-7.mol <\/p>\n<p> O acetato de serm&#39;orelina \u00e9 um an\u00e1logo ativo biol\u00f3gico do fator de libera\u00e7\u00e3o de crescimento (GRF 1-44) que \u00e9 uma libera\u00e7\u00e3o horm\u00f4nio ing (GHRH) que \u00e9 produzido naturalmente pelo c\u00e9rebro humano para estimular a produ\u00e7\u00e3o e secre\u00e7\u00e3o pela gl\u00e2ndula pituit\u00e1ria. Serm&#39;orelin n\u00e3o \u00e9 ae; \u00e9 um secretagogo, o que significa que estimula a gl\u00e2ndula pituit\u00e1ria ligando-se a receptores espec\u00edficos para aumentar a produ\u00e7\u00e3o e secre\u00e7\u00e3o de <\/p>\n<p> Durante o envelhecimento, o GHRH diminui, causando redu\u00e7\u00e3o da produ\u00e7\u00e3o e secre\u00e7\u00e3o da hip\u00f3fise e, assim, aumentando a insufici\u00eancia do horm\u00f4nio do crescimento que corroem a sa\u00fade, resist\u00eancia e vitalidade durante a vida adulta. Serm&#39;orelin \u00e9 considerado um suplemento anti-envelhecimento que pode ajudar o corpo a reparar c\u00e9lulas danificadas e sistemas enfraquecidos causados por insufici\u00eancia. <\/p>\n<p> A serm&#39;orelina \u00e9 um an\u00e1logo do pept\u00eddeo GHRH. Sua sequ\u00eancia pept\u00eddica \u00e9 composta por 29 amino\u00e1cidos. Esta sequ\u00eancia \u00e9 uma por\u00e7\u00e3o da pessoa end\u00f3gena GHRH e \u00e9 atualmente considerada o menor pept\u00eddeo sint\u00e9tico que possui toda a atividade funcional de GHRH. Devido a este fato, a sermorelina \u00e9 considerada secretagogo. <\/p>\n<p> A sermorelina tem sido usada durante a pesquisa para estimular a secre\u00e7\u00e3o da adeno-hip\u00f3fise (tamb\u00e9m chamada de pituit\u00e1ria anterior). A hip\u00f3fise anterior secreta tr\u00f3fica. A sermorelina tamb\u00e9m tem sido usada em testes de estimula\u00e7\u00e3o de pesquisa para avaliar a sufici\u00eancia hipofis\u00e1ria em rela\u00e7\u00e3o \u00e0 secre\u00e7\u00e3o. <\/p>\n<p> <strong>Sermorelin \/ Sermorelin Acetate \/ GRF (1-29) amida (humana) CAS 86168-78-7 Qu\u00edmica Propriedades<\/strong><br \/>\n alfa D20 -63,1 \u00b0 (c = 1 em \u00e1cido ac\u00e9tico a 30%)<br \/>\n densidade 1,45 \u00b1 0,1 g \/ cm3 (previsto)<br \/>\n temp. \u221220 \u00b0 C<br \/>\n InChIKey BVLCEKWPOSAKSZ-YQMCHIOTSA-N<br \/>\n CAS DataBase Reference 86168-78-7 (CAS DataBase Reference) <\/p>\n<p> <strong>Fun\u00e7\u00f5es de Sermorelin \/ Sermorelin Acetate \/ GRF (1-29) amida ( humano) CAS 86168-78-7<\/strong><br \/>\n 1. Aumenta a energia, vitalidade, for\u00e7a e resist\u00eancia.<br \/>\n 2. Crescimento da massa muscular magra \/ redu\u00e7\u00e3o da gordura, Aumento da massa muscular magra.<br \/>\n 3. Decomp\u00f5e a gordura corporal e os \u00e1cidos graxos.<br \/>\n 4. Melhora a fun\u00e7\u00e3o card\u00edaca.<br \/>\n 5. Aumenta a reten\u00e7\u00e3o de c\u00e1lcio que fortalece e aumenta a densidade \u00f3ssea.<br \/>\n 6. Melhora o sistema imunol\u00f3gico e acelera a cicatriza\u00e7\u00e3o de feridas ou cirurgia.<br \/>\n 7. Promove o sono de ondas lentas n\u00e3o REM, melhora a qualidade do sono.<br \/>\n 8. Aumenta a s\u00edntese de prote\u00ednas e estimula o crescimento de todos os \u00f3rg\u00e3os internos, exceto o c\u00e9rebro.<br \/>\n 9. Sa\u00fade da pele e das unhas (pele mais firme, unhas mais grossas).<br \/>\n 10. Diminui\u00e7\u00e3o de dores no corpo, como dores nas articula\u00e7\u00f5es e musculares. <\/p>\n<p> <strong>Aplica\u00e7\u00f5es de Sermorelin \/ Sermorelin Acetate \/ GRF (1-29) amida (humana) CAS 86168-78-7<\/strong><br \/>\n Serm&#39;orelin tem uma ampla gama de efeitos positivos. Devido \u00e0 sua natureza de GHRH, a sermo&#39;relina apenas aumenta a capacidade do corpo de produzir mais; n\u00e3o \u00e9 uma inje\u00e7\u00e3o de si mesmo. Tanto no sentido de melhorar o desempenho quanto no sentido de bem-estar geral, a sermo&#39;relina tem uma ampla gama de benef\u00edcios que a tornam uma subst\u00e2ncia poderosa e valiosa. <\/p>\n<p> O acetato de sermo&#39;relina \u00e9 um horm\u00f4nio liberador de horm\u00f4nio humano (GHRH ou GRF) usado para avalia\u00e7\u00e3o diagn\u00f3stica da fun\u00e7\u00e3o hipofis\u00e1ria e tamb\u00e9m para aumentar o crescimento em crian\u00e7as.<\/p>\n","protected":false},"excerpt":{"rendered":"<p>Nome do produto: Sermorelin<br \/>\n CAS: 86168-78-7<br \/>\n MF: C149H246N44O42S<br \/>\n MW: 3357.93<br \/>\n EINECS: 1312995-182-4<br \/>\n Arquivo Mol: 86168-78-7.mol<\/p>\n","protected":false},"featured_media":2129,"comment_status":"open","ping_status":"closed","template":"","meta":{"om_disable_all_campaigns":false,"_monsterinsights_skip_tracking":false,"_monsterinsights_sitenote_active":false,"_monsterinsights_sitenote_note":"","_monsterinsights_sitenote_category":0,"site-sidebar-layout":"default","site-content-layout":"default","ast-site-content-layout":"default","site-content-style":"default","site-sidebar-style":"default","ast-global-header-display":"","ast-banner-title-visibility":"","ast-main-header-display":"","ast-hfb-above-header-display":"","ast-hfb-below-header-display":"","ast-hfb-mobile-header-display":"","site-post-title":"","ast-breadcrumbs-content":"","ast-featured-img":"","footer-sml-layout":"","ast-disable-related-posts":"","theme-transparent-header-meta":"default","adv-header-id-meta":"","stick-header-meta":"","header-above-stick-meta":"","header-main-stick-meta":"","header-below-stick-meta":"","astra-migrate-meta-layouts":"default","ast-page-background-enabled":"default","ast-page-background-meta":{"desktop":{"background-color":"","background-image":"","background-repeat":"repeat","background-position":"center center","background-size":"auto","background-attachment":"scroll","background-type":"","background-media":"","overlay-type":"","overlay-color":"","overlay-opacity":"","overlay-gradient":""},"tablet":{"background-color":"","background-image":"","background-repeat":"repeat","background-position":"center center","background-size":"auto","background-attachment":"scroll","background-type":"","background-media":"","overlay-type":"","overlay-color":"","overlay-opacity":"","overlay-gradient":""},"mobile":{"background-color":"","background-image":"","background-repeat":"repeat","background-position":"center center","background-size":"auto","background-attachment":"scroll","background-type":"","background-media":"","overlay-type":"","overlay-color":"","overlay-opacity":"","overlay-gradient":""}},"ast-content-background-meta":{"desktop":{"background-color":"var(--ast-global-color-5)","background-image":"","background-repeat":"repeat","background-position":"center center","background-size":"auto","background-attachment":"scroll","background-type":"","background-media":"","overlay-type":"","overlay-color":"","overlay-opacity":"","overlay-gradient":""},"tablet":{"background-color":"var(--ast-global-color-5)","background-image":"","background-repeat":"repeat","background-position":"center center","background-size":"auto","background-attachment":"scroll","background-type":"","background-media":"","overlay-type":"","overlay-color":"","overlay-opacity":"","overlay-gradient":""},"mobile":{"background-color":"var(--ast-global-color-5)","background-image":"","background-repeat":"repeat","background-position":"center center","background-size":"auto","background-attachment":"scroll","background-type":"","background-media":"","overlay-type":"","overlay-color":"","overlay-opacity":"","overlay-gradient":""}}},"product_brand":[],"product_cat":[533],"product_tag":[1907],"class_list":{"0":"post-7873","1":"product","2":"type-product","3":"status-publish","4":"has-post-thumbnail","6":"product_cat-outros-peptideos","7":"product_tag-sermorelin-sermorelin-acetate-grf-1-29-amide-human-cas-86168-78-7-pt-br","8":"desktop-align-left","9":"tablet-align-left","10":"mobile-align-left","12":"first","13":"instock","14":"shipping-taxable","15":"product-type-simple"},"_links":{"self":[{"href":"https:\/\/puyapeptide.net\/pt-br\/wp-json\/wp\/v2\/product\/7873","targetHints":{"allow":["GET"]}}],"collection":[{"href":"https:\/\/puyapeptide.net\/pt-br\/wp-json\/wp\/v2\/product"}],"about":[{"href":"https:\/\/puyapeptide.net\/pt-br\/wp-json\/wp\/v2\/types\/product"}],"replies":[{"embeddable":true,"href":"https:\/\/puyapeptide.net\/pt-br\/wp-json\/wp\/v2\/comments?post=7873"}],"wp:featuredmedia":[{"embeddable":true,"href":"https:\/\/puyapeptide.net\/pt-br\/wp-json\/wp\/v2\/media\/2129"}],"wp:attachment":[{"href":"https:\/\/puyapeptide.net\/pt-br\/wp-json\/wp\/v2\/media?parent=7873"}],"wp:term":[{"taxonomy":"product_brand","embeddable":true,"href":"https:\/\/puyapeptide.net\/pt-br\/wp-json\/wp\/v2\/product_brand?post=7873"},{"taxonomy":"product_cat","embeddable":true,"href":"https:\/\/puyapeptide.net\/pt-br\/wp-json\/wp\/v2\/product_cat?post=7873"},{"taxonomy":"product_tag","embeddable":true,"href":"https:\/\/puyapeptide.net\/pt-br\/wp-json\/wp\/v2\/product_tag?post=7873"}],"curies":[{"name":"wp","href":"https:\/\/api.w.org\/{rel}","templated":true}]}}