{"id":7902,"date":"2021-12-16T11:19:52","date_gmt":"2021-12-16T16:19:52","guid":{"rendered":"https:\/\/puyapeptide.net\/product\/gonadorelina-acetato-de-gonadorelina-cas-33515-09-2-uso-para-tratar-infertilidade-e-aquicultura\/"},"modified":"2021-12-16T11:19:52","modified_gmt":"2021-12-16T16:19:52","slug":"gonadorelina-acetato-de-gonadorelina-cas-33515-09-2-uso-para-tratar-infertilidade-e-aquicultura","status":"publish","type":"product","link":"https:\/\/puyapeptide.net\/pt-br\/product\/gonadorelina-acetato-de-gonadorelina-cas-33515-09-2-uso-para-tratar-infertilidade-e-aquicultura\/","title":{"rendered":"Gonadorelina \/ acetato de gonadorelina CAS 33515-09-2 Uso para tratar infertilidade e aquicultura"},"content":{"rendered":"<h2><strong>Gonadorelina \/ acetato de gonadorelina CAS 33515-09-2 Uso para tratar infertilidade e aquicultura<\/strong><\/h2>\n<p> Nome do produto: Gonadorelina<br \/>\n Sin\u00f4nimos: Gonadoliberina, Luliberina; (2S) -N &#8211; [(2S) -1 &#8211; [[(2S) -1 &#8211; [[(2S) -1 &#8211; [[(2S) -1 &#8211; [[2 &#8211; [[(2S) -1 &#8211; [[(2S) -1 &#8211; [(2S) -2 &#8211; [(2-amino-2-oxoetil) carbamoil] pirrolidin-1-il] -5 &#8211; (diaminometilidenoamino) -1-oxopentan-2-il] amino] -4-metil-1-oxopentan-2-il] amino] -2-oxoetil] amino] -3- (4-hidroxifenil) -1-oxopropan- 2-il] amino] -3-hidroxi-1-oxopropan-2-il] amino] -3- (1H-indol-3-il) -1-oxopropan-2-il] amino] -3- (1H- imidazol-5-il) -1-oxopropan-2-il] -5-oxopirrolidina-2-carboxamida; HORM\u00d4NIO LIBERTADOR DE HORM\u00d4NIO LUTEINIZANTE (HORM\u00d4NIO LUTINIZANTE HUMANO; HORM\u00d4NIO LIBERTADOR DE HORM\u00d4NIO LUTEINIZANTE (HUMANO) PORCINO, RATO; HORM\u00d4NIO LUTINIZANTE DE LIBERA\u00c7\u00c3O DE HORM\u00d4NIO HUMANO; HORM\u00d4NIO LUTEINIZANTE DE LIBERA\u00c7\u00c3O DE HORM\u00d4NIO (HUMANO) PORCINO, RATO; ; LUTEINIZANDO HORMONEACETATO LIBERTADOR DE HORM\u00d4NIO; LUTEINIZANDO HORMONE-LIBERTA\u00c7\u00c3O DE HORM\u00d4NIO; FATOR DE LIBERA\u00c7\u00c3O DE HORM\u00d4NIO (RESUMO DO MAR); LUTEINIZANDO HORM\u00d4NIO LIBERTADOR DE HORM\u00d4NIO<br \/>\n CAS: 33515-09-2<br \/>\n MF: C55H75N17O13 &lt;&amp; MW&gt;: 251-1EC<br \/>\n: 1182-1. 553-1<br \/>\n Categorias de produtos: pept\u00eddeo; Receptores de pept\u00eddeo; Horm\u00f4nio liberador de gonadotrofina (GnRH); Farmac\u00eautico<br \/>\n Arquivo Mol: 33515-09-2.mol <\/p>\n<p> <strong>Gonadorelina \/ Gonadorelina aceta te CAS 33515-09-2 Propriedades qu\u00edmicas<\/strong><br \/>\n densidade 1,54<br \/>\n forma pura<br \/>\n pka 9,82 \u00b1 0,15 (previsto)<br \/>\n InChIKey XLXSAKCOAKORKW-AQJXLSMYSA-N <\/p>\n<p> <strong>Usos de gonadorelina \/ acetato de gonadorelina CAS 33515-09-2<\/strong><br \/>\n \u00c9 usado no tratamento de doen\u00e7as reprodutivas em vacas e no manejo reprodutivo de vacas, incluindo estro simult\u00e2neo e procedimentos de insemina\u00e7\u00e3o cronometrada. \u00c9 usado principalmente nos aspectos cl\u00ednicos da pecu\u00e1ria na China e para o estro simult\u00e2neo e a insemina\u00e7\u00e3o cronometrada de vacas. \u00c9 usado principalmente em vacas com fun\u00e7\u00e3o ovariana quiescente, onde o volume ovariano \u00e9 basicamente normal ao exame direto e n\u00e3o h\u00e1 fol\u00edculos em desenvolvimento ou corpo l\u00fateo. \u00c9 recomendado para o tratamento cl\u00ednico de vacas com ov\u00e1rios quiescentes na dose de 200 mcg. Chemicalbook estro simult\u00e2neo e insemina\u00e7\u00e3o cronometrada, a primeira inje\u00e7\u00e3o de horm\u00f4nio liberador de horm\u00f4nio luteinizante, seguido 7 dias depois por 0,5 mg \/ cabe\u00e7a de prostaglandina para dissolver o corpo l\u00fateo rec\u00e9m-formado. 48 horas depois, a segunda inje\u00e7\u00e3o de horm\u00f4nio liberador do horm\u00f4nio luteinizante, seguida por 16 a 24 horas de insemina\u00e7\u00e3o artificial cronometrada. A dose recomendada deste produto para aplica\u00e7\u00f5es simult\u00e2neas de estro e insemina\u00e7\u00e3o cronometrada em vacas \u00e9 de 100 mcg. <\/p>\n<p> <strong>Usos de Gonadorelina \/ Acetato de Gonadorelina CAS 33515-09-2<\/strong><br \/>\n 1. Estudos bioqu\u00edmicos; tem o efeito de estimular a secre\u00e7\u00e3o de horm\u00f4nios sexuais (LH e FSH) pela gl\u00e2ndula pituit\u00e1ria anterior, usados no tratamento da infertilidade; usado na aquicultura para promover a ovula\u00e7\u00e3o dos peixes parentais Chemicalbook.<br \/>\n 2. Diagn\u00f3stico e tratamento de infertilidade hipotal\u00e2mica, amenorreia secund\u00e1ria e amenorreia em mulheres normais individuais devido ao uso prolongado de contraceptivos ester\u00f3ides.<\/p>\n","protected":false},"excerpt":{"rendered":"<p>Nome do produto: Gonadorelin<br \/>\n CAS: 33515-09-2<br \/>\n MF: C55H75N17O13<br \/>\n MW: 1182,31<br \/>\n EINECS: 251-553-1<br \/>\n Arquivo Mol: 33515-09-2.mol<\/p>\n","protected":false},"featured_media":2276,"comment_status":"closed","ping_status":"closed","template":"","meta":{"om_disable_all_campaigns":false,"_monsterinsights_skip_tracking":false,"_monsterinsights_sitenote_active":false,"_monsterinsights_sitenote_note":"","_monsterinsights_sitenote_category":0,"site-sidebar-layout":"default","site-content-layout":"default","ast-site-content-layout":"default","site-content-style":"default","site-sidebar-style":"default","ast-global-header-display":"","ast-banner-title-visibility":"","ast-main-header-display":"","ast-hfb-above-header-display":"","ast-hfb-below-header-display":"","ast-hfb-mobile-header-display":"","site-post-title":"","ast-breadcrumbs-content":"","ast-featured-img":"","footer-sml-layout":"","ast-disable-related-posts":"","theme-transparent-header-meta":"default","adv-header-id-meta":"","stick-header-meta":"","header-above-stick-meta":"","header-main-stick-meta":"","header-below-stick-meta":"","astra-migrate-meta-layouts":"default","ast-page-background-enabled":"default","ast-page-background-meta":{"desktop":{"background-color":"","background-image":"","background-repeat":"repeat","background-position":"center center","background-size":"auto","background-attachment":"scroll","background-type":"","background-media":"","overlay-type":"","overlay-color":"","overlay-opacity":"","overlay-gradient":""},"tablet":{"background-color":"","background-image":"","background-repeat":"repeat","background-position":"center center","background-size":"auto","background-attachment":"scroll","background-type":"","background-media":"","overlay-type":"","overlay-color":"","overlay-opacity":"","overlay-gradient":""},"mobile":{"background-color":"","background-image":"","background-repeat":"repeat","background-position":"center center","background-size":"auto","background-attachment":"scroll","background-type":"","background-media":"","overlay-type":"","overlay-color":"","overlay-opacity":"","overlay-gradient":""}},"ast-content-background-meta":{"desktop":{"background-color":"var(--ast-global-color-5)","background-image":"","background-repeat":"repeat","background-position":"center center","background-size":"auto","background-attachment":"scroll","background-type":"","background-media":"","overlay-type":"","overlay-color":"","overlay-opacity":"","overlay-gradient":""},"tablet":{"background-color":"var(--ast-global-color-5)","background-image":"","background-repeat":"repeat","background-position":"center center","background-size":"auto","background-attachment":"scroll","background-type":"","background-media":"","overlay-type":"","overlay-color":"","overlay-opacity":"","overlay-gradient":""},"mobile":{"background-color":"var(--ast-global-color-5)","background-image":"","background-repeat":"repeat","background-position":"center center","background-size":"auto","background-attachment":"scroll","background-type":"","background-media":"","overlay-type":"","overlay-color":"","overlay-opacity":"","overlay-gradient":""}}},"product_brand":[],"product_cat":[441],"product_tag":[1893],"class_list":{"0":"post-7902","1":"product","2":"type-product","3":"status-publish","4":"has-post-thumbnail","6":"product_cat-peptideo-urogenital","7":"product_tag-gonadorelin-gonadorelin-acetate-cas-33515-09-2-use-for-treat-infertility-and-aquaculture-pt-br","8":"desktop-align-left","9":"tablet-align-left","10":"mobile-align-left","12":"first","13":"instock","14":"shipping-taxable","15":"product-type-simple"},"_links":{"self":[{"href":"https:\/\/puyapeptide.net\/pt-br\/wp-json\/wp\/v2\/product\/7902","targetHints":{"allow":["GET"]}}],"collection":[{"href":"https:\/\/puyapeptide.net\/pt-br\/wp-json\/wp\/v2\/product"}],"about":[{"href":"https:\/\/puyapeptide.net\/pt-br\/wp-json\/wp\/v2\/types\/product"}],"replies":[{"embeddable":true,"href":"https:\/\/puyapeptide.net\/pt-br\/wp-json\/wp\/v2\/comments?post=7902"}],"wp:featuredmedia":[{"embeddable":true,"href":"https:\/\/puyapeptide.net\/pt-br\/wp-json\/wp\/v2\/media\/2276"}],"wp:attachment":[{"href":"https:\/\/puyapeptide.net\/pt-br\/wp-json\/wp\/v2\/media?parent=7902"}],"wp:term":[{"taxonomy":"product_brand","embeddable":true,"href":"https:\/\/puyapeptide.net\/pt-br\/wp-json\/wp\/v2\/product_brand?post=7902"},{"taxonomy":"product_cat","embeddable":true,"href":"https:\/\/puyapeptide.net\/pt-br\/wp-json\/wp\/v2\/product_cat?post=7902"},{"taxonomy":"product_tag","embeddable":true,"href":"https:\/\/puyapeptide.net\/pt-br\/wp-json\/wp\/v2\/product_tag?post=7902"}],"curies":[{"name":"wp","href":"https:\/\/api.w.org\/{rel}","templated":true}]}}