{"id":7949,"date":"2021-12-16T11:21:49","date_gmt":"2021-12-16T16:21:49","guid":{"rendered":"https:\/\/puyapeptide.net\/product\/promocao-dinorfina-a-1-13-cas-72957-38-1\/"},"modified":"2021-12-16T11:21:49","modified_gmt":"2021-12-16T16:21:49","slug":"promocao-dinorfina-a-1-13-cas-72957-38-1","status":"publish","type":"product","link":"https:\/\/puyapeptide.net\/pt-br\/product\/promocao-dinorfina-a-1-13-cas-72957-38-1\/","title":{"rendered":"Promo\u00e7\u00e3o Dinorfina A (1-13) CAS 72957-38-1"},"content":{"rendered":"<h2><strong>Promo\u00e7\u00e3o Dinorfina A (1-13) CAS 72957-38-1<\/strong><\/h2>\n<p> Nome do produto: Dinorfina A (1-13)<br \/>\n Sin\u00f4nimos: TYR-GLY-GLY-PHE-LEU-ARG-ARG-ILE-ARG-PRO-LYS-LEU-LYS; TYR-GLY-GLY- PHE-LEU-ARG-ARG-ILE-ARG-PRO-LYS-LEU-LYS 5ACOH 6H2O; TYR-GLY-GLY-PHE-LEU-ARG-ARG-ILE-ARG-PRO-LYS-LEU-LYS PORCINO; YGGFLRRIRPKLK ; L-TYR-GLY-GLY-PHE-LEU-ARG-ARG-ILE-ARG-PRO-LYS-LEU-LYS; FRAGMENTO DE DINORFINA A PORCINA 1-13; DINORFINA A (HUMANO, 1-13); DINORFINA A ( HUMANO, 1-13) (PORCINO, RATO, BOVINO)<br \/>\n CAS: 72957-38-1<br \/>\n MF: C75H126N24O15<br \/>\n MW: 1603,95<br \/>\n EINECS:<br \/>\n Categorias de produtos: receptor opioide e opioide receptor semelhante a; pept\u00eddeo; DynorphinsPeptides for Cell Biology; Dynorphins; Neuropeptides; Opioid Peptides<br \/>\n Mol File: 72957-38-1.mol <\/p>\n<p> \u00c9 um novo tipo de polipept\u00eddeo ativo semelhante \u00e0 morfina, que pode estimular os receptores opi\u00f3ides e pode ser o ligante end\u00f3geno dos receptores opi\u00f3ides. <\/p>\n<p> <strong>Dinorfina A (1-13) CAS 72957-38-1 Propriedades qu\u00edmicas<\/strong><br \/>\n densidade 1,39 \u00b1 0,1 g \/ cm3 (previsto)<br \/>\n RTECS JV7436666<br \/>\n temp. Atmosfera inerte, armazenar em freezer, abaixo de -20 \u00b0 C<br \/>\n pka 3,31 \u00b1 0,10 (previsto) <\/p>\n<p> <strong>Fun\u00e7\u00e3o e aplica\u00e7\u00e3o de dinorfina A (1-13) CAS 72957-38-1<\/strong><br \/>\n Dinorfina su\u00edna A (1-13) \u00e9 um potente agonista do receptor opioide end\u00f3geno que tem efeitos analg\u00e9sicos em concentra\u00e7\u00f5es fisiol\u00f3gicas.<\/p>\n","protected":false},"excerpt":{"rendered":"<p>Nome do produto: Dynorphin A (1-13)<br \/>\n CAS: 72957-38-1<br \/>\n MF: C75H126N24O15<br \/>\n MW: 1603.95<br \/>\n Arquivo Mol: 72957-38-1.mol<\/p>\n","protected":false},"featured_media":2171,"comment_status":"open","ping_status":"closed","template":"","meta":{"om_disable_all_campaigns":false,"_monsterinsights_skip_tracking":false,"_monsterinsights_sitenote_active":false,"_monsterinsights_sitenote_note":"","_monsterinsights_sitenote_category":0,"site-sidebar-layout":"default","site-content-layout":"default","ast-site-content-layout":"default","site-content-style":"default","site-sidebar-style":"default","ast-global-header-display":"","ast-banner-title-visibility":"","ast-main-header-display":"","ast-hfb-above-header-display":"","ast-hfb-below-header-display":"","ast-hfb-mobile-header-display":"","site-post-title":"","ast-breadcrumbs-content":"","ast-featured-img":"","footer-sml-layout":"","ast-disable-related-posts":"","theme-transparent-header-meta":"default","adv-header-id-meta":"","stick-header-meta":"","header-above-stick-meta":"","header-main-stick-meta":"","header-below-stick-meta":"","astra-migrate-meta-layouts":"default","ast-page-background-enabled":"default","ast-page-background-meta":{"desktop":{"background-color":"","background-image":"","background-repeat":"repeat","background-position":"center center","background-size":"auto","background-attachment":"scroll","background-type":"","background-media":"","overlay-type":"","overlay-color":"","overlay-opacity":"","overlay-gradient":""},"tablet":{"background-color":"","background-image":"","background-repeat":"repeat","background-position":"center center","background-size":"auto","background-attachment":"scroll","background-type":"","background-media":"","overlay-type":"","overlay-color":"","overlay-opacity":"","overlay-gradient":""},"mobile":{"background-color":"","background-image":"","background-repeat":"repeat","background-position":"center center","background-size":"auto","background-attachment":"scroll","background-type":"","background-media":"","overlay-type":"","overlay-color":"","overlay-opacity":"","overlay-gradient":""}},"ast-content-background-meta":{"desktop":{"background-color":"var(--ast-global-color-5)","background-image":"","background-repeat":"repeat","background-position":"center center","background-size":"auto","background-attachment":"scroll","background-type":"","background-media":"","overlay-type":"","overlay-color":"","overlay-opacity":"","overlay-gradient":""},"tablet":{"background-color":"var(--ast-global-color-5)","background-image":"","background-repeat":"repeat","background-position":"center center","background-size":"auto","background-attachment":"scroll","background-type":"","background-media":"","overlay-type":"","overlay-color":"","overlay-opacity":"","overlay-gradient":""},"mobile":{"background-color":"var(--ast-global-color-5)","background-image":"","background-repeat":"repeat","background-position":"center center","background-size":"auto","background-attachment":"scroll","background-type":"","background-media":"","overlay-type":"","overlay-color":"","overlay-opacity":"","overlay-gradient":""}}},"product_brand":[],"product_cat":[533],"product_tag":[1851],"class_list":{"0":"post-7949","1":"product","2":"type-product","3":"status-publish","4":"has-post-thumbnail","6":"product_cat-outros-peptideos","7":"product_tag-hot-sale-dynorphin-a-1-13-cas-72957-38-1-pt-br","8":"desktop-align-left","9":"tablet-align-left","10":"mobile-align-left","12":"first","13":"instock","14":"shipping-taxable","15":"product-type-simple"},"_links":{"self":[{"href":"https:\/\/puyapeptide.net\/pt-br\/wp-json\/wp\/v2\/product\/7949","targetHints":{"allow":["GET"]}}],"collection":[{"href":"https:\/\/puyapeptide.net\/pt-br\/wp-json\/wp\/v2\/product"}],"about":[{"href":"https:\/\/puyapeptide.net\/pt-br\/wp-json\/wp\/v2\/types\/product"}],"replies":[{"embeddable":true,"href":"https:\/\/puyapeptide.net\/pt-br\/wp-json\/wp\/v2\/comments?post=7949"}],"wp:featuredmedia":[{"embeddable":true,"href":"https:\/\/puyapeptide.net\/pt-br\/wp-json\/wp\/v2\/media\/2171"}],"wp:attachment":[{"href":"https:\/\/puyapeptide.net\/pt-br\/wp-json\/wp\/v2\/media?parent=7949"}],"wp:term":[{"taxonomy":"product_brand","embeddable":true,"href":"https:\/\/puyapeptide.net\/pt-br\/wp-json\/wp\/v2\/product_brand?post=7949"},{"taxonomy":"product_cat","embeddable":true,"href":"https:\/\/puyapeptide.net\/pt-br\/wp-json\/wp\/v2\/product_cat?post=7949"},{"taxonomy":"product_tag","embeddable":true,"href":"https:\/\/puyapeptide.net\/pt-br\/wp-json\/wp\/v2\/product_tag?post=7949"}],"curies":[{"name":"wp","href":"https:\/\/api.w.org\/{rel}","templated":true}]}}