{"id":7963,"date":"2021-12-16T11:23:17","date_gmt":"2021-12-16T16:23:17","guid":{"rendered":"https:\/\/puyapeptide.net\/product\/puya-abastecimento-ipamorelin-acetato-de-ipamorelin-cas-170851-70-4\/"},"modified":"2021-12-16T11:23:17","modified_gmt":"2021-12-16T16:23:17","slug":"puya-abastecimento-ipamorelin-acetato-de-ipamorelin-cas-170851-70-4","status":"publish","type":"product","link":"https:\/\/puyapeptide.net\/pt-br\/product\/puya-abastecimento-ipamorelin-acetato-de-ipamorelin-cas-170851-70-4\/","title":{"rendered":"Puya Abastecimento Ipamorelin \/ Acetato de Ipamorelin CAS 170851-70-4"},"content":{"rendered":"<h2><strong>Puya Abastecimento Ipamorelin \/ Acetato de Ipamorelin CAS 170851-70-4<\/strong><\/h2>\n<p> Nome do produto: Ipamorelin<br \/>\n Sin\u00f4nimos: IpoMarelina; Acetato de IpaMorelina; Aib-His-D-2-Nal-D-Phe-Lys-NH2; IPAMORELINA (1MG); IPAMORELINA (5MG); 2-Metilalanil-L -histidil-3- (2-naftil) -D-alanil-D-fenilalanil-L-lisinamida; L-Lisinamida, 2-metilalanil-L-histidil-3- (2-naftalenil) -D-alanil-D-fenilalanil -; NNC-26-0161<br \/>\n CAS: 170851-70-4<br \/>\n MF: C38H49N9O5<br \/>\n MW: 711.85<br \/>\n EINECS:<br \/>\n Categorias de produtos: Pept\u00eddeos<br \/>\n Arquivo Mol: 170851-70 -4.mol <\/p>\n<p> Ipamorelin \u00e9 um GHRP (pept\u00eddeo liberador do horm\u00f4nio do crescimento), considerado o mais brando, porque \u00e9 liberado de forma est\u00e1vel e lenta, sem forte dessensibiliza\u00e7\u00e3o. Ipamorelin tem uma fun\u00e7\u00e3o simples e pode aumentar a produ\u00e7\u00e3o de GH natural no corpo. Ajude-nos a construir um novo tecido fino e ajude a proteger o tecido fino existente. \u00c9 bom para dormir e tem efeito anti-envelhecimento Entre as variedades de pept\u00eddeos secretagogos do horm\u00f4nio do crescimento. <\/p>\n<p> <strong>Ipamorelin \/ Acetato de Ipamorelin CAS 170851-70-4 Propriedades qu\u00edmicas<\/strong><br \/>\n Ponto de ebuli\u00e7\u00e3o 1185,5 \u00b1 65,0 \u00b0 C (previsto) &lt; &amp;&gt; densidade 1,263 \u00b1 0,06 g \/ cm3 (previsto)<br \/>\n pka 13,04 \u00b1 0,46 (previsto) <\/p>\n<p> <strong>Fun\u00e7\u00e3o e aplica\u00e7\u00e3o de ipamorelina \/ acetato de ipamorelina CAS 170851-70-4<\/strong><br \/>\n ipomorelina \u00e9 uma novidade fascinante descoberta de constru\u00e7\u00e3o muscular que est\u00e1 recebendo muita aten\u00e7\u00e3o no mundo do fisiculturismo. Como o pept\u00eddeo GHRP \/ 6 (hexapept\u00eddeo de libera\u00e7\u00e3o), \u00e9 um pept\u00eddeo sint\u00e9tico que possui propriedades de libera\u00e7\u00e3o poderosas. E essas propriedades de libera\u00e7\u00e3o s\u00e3o o que interessa a atletas e fisiculturistas, uma vez que podem fazer uma diferen\u00e7a tremenda na quantidade de m\u00fasculo que voc\u00ea pode aumentar e na rapidez com que queimar gordura.<\/p>\n","protected":false},"excerpt":{"rendered":"<p>Nome do produto: Ipamorelin<br \/>\n CAS: 170851-70-4<br \/>\n MF: C38H49N9O5<br \/>\n MW: 711.85<br \/>\n Arquivo Mol: 170851-70-4.mol<\/p>\n","protected":false},"featured_media":2213,"comment_status":"open","ping_status":"closed","template":"","meta":{"om_disable_all_campaigns":false,"_monsterinsights_skip_tracking":false,"_monsterinsights_sitenote_active":false,"_monsterinsights_sitenote_note":"","_monsterinsights_sitenote_category":0,"site-sidebar-layout":"default","site-content-layout":"default","ast-site-content-layout":"default","site-content-style":"default","site-sidebar-style":"default","ast-global-header-display":"","ast-banner-title-visibility":"","ast-main-header-display":"","ast-hfb-above-header-display":"","ast-hfb-below-header-display":"","ast-hfb-mobile-header-display":"","site-post-title":"","ast-breadcrumbs-content":"","ast-featured-img":"","footer-sml-layout":"","ast-disable-related-posts":"","theme-transparent-header-meta":"default","adv-header-id-meta":"","stick-header-meta":"","header-above-stick-meta":"","header-main-stick-meta":"","header-below-stick-meta":"","astra-migrate-meta-layouts":"default","ast-page-background-enabled":"default","ast-page-background-meta":{"desktop":{"background-color":"","background-image":"","background-repeat":"repeat","background-position":"center center","background-size":"auto","background-attachment":"scroll","background-type":"","background-media":"","overlay-type":"","overlay-color":"","overlay-opacity":"","overlay-gradient":""},"tablet":{"background-color":"","background-image":"","background-repeat":"repeat","background-position":"center center","background-size":"auto","background-attachment":"scroll","background-type":"","background-media":"","overlay-type":"","overlay-color":"","overlay-opacity":"","overlay-gradient":""},"mobile":{"background-color":"","background-image":"","background-repeat":"repeat","background-position":"center center","background-size":"auto","background-attachment":"scroll","background-type":"","background-media":"","overlay-type":"","overlay-color":"","overlay-opacity":"","overlay-gradient":""}},"ast-content-background-meta":{"desktop":{"background-color":"var(--ast-global-color-5)","background-image":"","background-repeat":"repeat","background-position":"center center","background-size":"auto","background-attachment":"scroll","background-type":"","background-media":"","overlay-type":"","overlay-color":"","overlay-opacity":"","overlay-gradient":""},"tablet":{"background-color":"var(--ast-global-color-5)","background-image":"","background-repeat":"repeat","background-position":"center center","background-size":"auto","background-attachment":"scroll","background-type":"","background-media":"","overlay-type":"","overlay-color":"","overlay-opacity":"","overlay-gradient":""},"mobile":{"background-color":"var(--ast-global-color-5)","background-image":"","background-repeat":"repeat","background-position":"center center","background-size":"auto","background-attachment":"scroll","background-type":"","background-media":"","overlay-type":"","overlay-color":"","overlay-opacity":"","overlay-gradient":""}}},"product_brand":[],"product_cat":[533],"product_tag":[1821],"class_list":{"0":"post-7963","1":"product","2":"type-product","3":"status-publish","4":"has-post-thumbnail","6":"product_cat-outros-peptideos","7":"product_tag-puya-supply-ipamorelin-ipamorelin-acetate-cas-170851-70-4-pt-br","8":"desktop-align-left","9":"tablet-align-left","10":"mobile-align-left","12":"first","13":"instock","14":"shipping-taxable","15":"product-type-simple"},"_links":{"self":[{"href":"https:\/\/puyapeptide.net\/pt-br\/wp-json\/wp\/v2\/product\/7963","targetHints":{"allow":["GET"]}}],"collection":[{"href":"https:\/\/puyapeptide.net\/pt-br\/wp-json\/wp\/v2\/product"}],"about":[{"href":"https:\/\/puyapeptide.net\/pt-br\/wp-json\/wp\/v2\/types\/product"}],"replies":[{"embeddable":true,"href":"https:\/\/puyapeptide.net\/pt-br\/wp-json\/wp\/v2\/comments?post=7963"}],"wp:featuredmedia":[{"embeddable":true,"href":"https:\/\/puyapeptide.net\/pt-br\/wp-json\/wp\/v2\/media\/2213"}],"wp:attachment":[{"href":"https:\/\/puyapeptide.net\/pt-br\/wp-json\/wp\/v2\/media?parent=7963"}],"wp:term":[{"taxonomy":"product_brand","embeddable":true,"href":"https:\/\/puyapeptide.net\/pt-br\/wp-json\/wp\/v2\/product_brand?post=7963"},{"taxonomy":"product_cat","embeddable":true,"href":"https:\/\/puyapeptide.net\/pt-br\/wp-json\/wp\/v2\/product_cat?post=7963"},{"taxonomy":"product_tag","embeddable":true,"href":"https:\/\/puyapeptide.net\/pt-br\/wp-json\/wp\/v2\/product_tag?post=7963"}],"curies":[{"name":"wp","href":"https:\/\/api.w.org\/{rel}","templated":true}]}}