{"id":7978,"date":"2021-12-16T11:23:23","date_gmt":"2021-12-16T16:23:23","guid":{"rendered":"https:\/\/puyapeptide.net\/product\/acetato-de-aviptadil-de-alto-grau-peptideo-intestinal-vasoativo-humano-rato-camundongo-coelho-canino-porcino-cas-40077-57-4\/"},"modified":"2021-12-16T11:23:23","modified_gmt":"2021-12-16T16:23:23","slug":"acetato-de-aviptadil-de-alto-grau-peptideo-intestinal-vasoativo-humano-rato-camundongo-coelho-canino-porcino-cas-40077-57-4","status":"publish","type":"product","link":"https:\/\/puyapeptide.net\/pt-br\/product\/acetato-de-aviptadil-de-alto-grau-peptideo-intestinal-vasoativo-humano-rato-camundongo-coelho-canino-porcino-cas-40077-57-4\/","title":{"rendered":"Acetato de aviptadil de alto grau \/ pept\u00eddeo intestinal vasoativo (humano, rato, camundongo, coelho, canino, porcino) CAS 40077-57-4"},"content":{"rendered":"<h2><strong>Acetato de aviptadil de alto grau \/ pept\u00eddeo intestinal vasoativo (humano, rato, camundongo, coelho, canino, porcino) CAS 40077-57-4<\/strong><\/h2>\n<p> Nome do produto: Acetato de Aviptadil \/ Pept\u00eddeo Intestinal Vasoativo (humano, rato, camundongo, coelho, canino, porcino)<br \/>\n Sin\u00f4nimos: PEPT\u00cdDEO INTESTINAL VASOATIVO (HUMANO, BOVINO, PORCINO, RATO); PEPT\u00cdDEO INTESTINAL VASOATIVO (HUMANO, PORCINO) ; PEPT\u00cdDEO INTESTINAL VASOATIVO PORCINO; PEPT\u00cdDEO INTESTINAL VASOATIVO<br \/>\n CAS: 40077-57-4<br \/>\n MF: C147H238N44O42S<br \/>\n MW: 3325,8<br \/>\n EINECS:<br \/>\n Categorias de produtos: Receptor VIP e PACAP; Pept\u00eddeo &lt;&amp; &gt; Arquivo Mol: 40077-57-4.mol <\/p>\n<p> Aviptadil, tamb\u00e9m conhecido como polipept\u00eddeo intestinal vasoativo (VIP), \u00e9 um neuropept\u00eddeo de 28 amino\u00e1cidos que pertence \u00e0 superfam\u00edlia de secre\u00e7\u00e3o do fator liberador de horm\u00f4nio de crescimento glucagon. Ele exerce potentes efeitos antiinflamat\u00f3rios e imunomoduladores. Al\u00e9m disso, Aviptadil atua como um potente vasodilatador e broncodilatador sist\u00eamico, inibe a prolifera\u00e7\u00e3o de c\u00e9lulas do m\u00fasculo liso vascular e br\u00f4nquico e diminui a agrega\u00e7\u00e3o plaquet\u00e1ria. Esses efeitos biol\u00f3gicos s\u00e3o mediados por receptores VIP espec\u00edficos. <\/p>\n<p> O pept\u00eddeo intestinal vasoativo (VIP) \u00e9 amplamente distribu\u00eddo no corpo e acredita-se que ocorra por todo o trato gastrointestinal. \u00c9 um polipept\u00eddeo de 28 res\u00edduos com semelhan\u00e7as estruturais com a secretina e o glucagon. Causa vasodilata\u00e7\u00e3o e aumenta a contratibilidade card\u00edaca. VIP estimula a secre\u00e7\u00e3o de bicarbonato, relaxa os m\u00fasculos gastrointestinais e outros m\u00fasculos lisos, estimula a glicog\u00eanese, inibe a secre\u00e7\u00e3o de \u00e1cido g\u00e1strico e estimula a secre\u00e7\u00e3o de insulina. Seu papel hormonal e neurotransmissor foi investigado. <\/p>\n<p> <strong>Acetato de aviptadil \/ pept\u00eddeo intestinal vasoativo (humano, rato, camundongo, coelho, canino, porcino) CAS 40077-57-4 Propriedades qu\u00edmicas<\/strong><br \/>\n densidade 1,47 \u00b1 0,1 g \/ cm3 (previsto)<br \/>\n temperatura de armazenamento. \u221220 \u00b0 C<br \/>\n solubilidade 1% de \u00e1cido ac\u00e9tico: sol\u00favel 0,1%, l\u00edmpido, incolor<br \/>\n em p\u00f3<br \/>\n InChIKey HEOYHMUESMJFDC-RIWXPGAOSA-N <\/p>\n<p> <strong>Fun\u00e7\u00e3o e aplica\u00e7\u00e3o de acetato de aviptadil \/ pept\u00eddeo intestinal vasoativo (humano, rato, camundongo, coelho, canino, porcino) CAS 40077-57-4<\/strong><br \/>\n Acetato de Aviptadil desenvolvido por MondobiotechAG e BiogenIdec, o acetato de atendil \u00e9 um pept\u00eddeo linear do Chemicalbook que consiste em 28 amino\u00e1cidos, que \u00e9 usado principalmente no tratamento de s\u00edndrome do desconforto respirat\u00f3rio agudo e fibrose pulmonar idiop\u00e1tica, com melhor efeito e menos efeitos colaterais, e \u00e9 uma droga pept\u00eddica promissora.<\/p>\n","protected":false},"excerpt":{"rendered":"<p>Nome do produto: Acetato de aviptadil \/ pept\u00eddeo intestinal vasoativo (humano, rato, camundongo, coelho, canino, porcino)<br \/>\n CAS: 40077-57-4<br \/>\n MF: C147H238N44O42S<br \/>\n MW: 3325.8<br \/>\n Arquivo Mol: 40077-57-4.mol<\/p>\n","protected":false},"featured_media":2297,"comment_status":"open","ping_status":"closed","template":"","meta":{"om_disable_all_campaigns":false,"_monsterinsights_skip_tracking":false,"_monsterinsights_sitenote_active":false,"_monsterinsights_sitenote_note":"","_monsterinsights_sitenote_category":0,"site-sidebar-layout":"default","site-content-layout":"default","ast-site-content-layout":"default","site-content-style":"default","site-sidebar-style":"default","ast-global-header-display":"","ast-banner-title-visibility":"","ast-main-header-display":"","ast-hfb-above-header-display":"","ast-hfb-below-header-display":"","ast-hfb-mobile-header-display":"","site-post-title":"","ast-breadcrumbs-content":"","ast-featured-img":"","footer-sml-layout":"","ast-disable-related-posts":"","theme-transparent-header-meta":"default","adv-header-id-meta":"","stick-header-meta":"","header-above-stick-meta":"","header-main-stick-meta":"","header-below-stick-meta":"","astra-migrate-meta-layouts":"default","ast-page-background-enabled":"default","ast-page-background-meta":{"desktop":{"background-color":"","background-image":"","background-repeat":"repeat","background-position":"center center","background-size":"auto","background-attachment":"scroll","background-type":"","background-media":"","overlay-type":"","overlay-color":"","overlay-opacity":"","overlay-gradient":""},"tablet":{"background-color":"","background-image":"","background-repeat":"repeat","background-position":"center center","background-size":"auto","background-attachment":"scroll","background-type":"","background-media":"","overlay-type":"","overlay-color":"","overlay-opacity":"","overlay-gradient":""},"mobile":{"background-color":"","background-image":"","background-repeat":"repeat","background-position":"center center","background-size":"auto","background-attachment":"scroll","background-type":"","background-media":"","overlay-type":"","overlay-color":"","overlay-opacity":"","overlay-gradient":""}},"ast-content-background-meta":{"desktop":{"background-color":"var(--ast-global-color-5)","background-image":"","background-repeat":"repeat","background-position":"center center","background-size":"auto","background-attachment":"scroll","background-type":"","background-media":"","overlay-type":"","overlay-color":"","overlay-opacity":"","overlay-gradient":""},"tablet":{"background-color":"var(--ast-global-color-5)","background-image":"","background-repeat":"repeat","background-position":"center center","background-size":"auto","background-attachment":"scroll","background-type":"","background-media":"","overlay-type":"","overlay-color":"","overlay-opacity":"","overlay-gradient":""},"mobile":{"background-color":"var(--ast-global-color-5)","background-image":"","background-repeat":"repeat","background-position":"center center","background-size":"auto","background-attachment":"scroll","background-type":"","background-media":"","overlay-type":"","overlay-color":"","overlay-opacity":"","overlay-gradient":""}}},"product_brand":[],"product_cat":[533],"product_tag":[1775,1731,1797,1753,1709,1687],"class_list":{"0":"post-7978","1":"product","2":"type-product","3":"status-publish","4":"has-post-thumbnail","6":"product_cat-outros-peptideos","7":"product_tag-canine-pt-br","8":"product_tag-mouse-pt-br","9":"product_tag-porcine-cas-40077-57-4-pt-br","10":"product_tag-rabbit-pt-br","11":"product_tag-rat-pt-br","12":"product_tag-top-grade-aviptadil-acetate-vasoactive-intestinal-peptide-human-pt-br","13":"desktop-align-left","14":"tablet-align-left","15":"mobile-align-left","17":"first","18":"instock","19":"shipping-taxable","20":"product-type-simple"},"_links":{"self":[{"href":"https:\/\/puyapeptide.net\/pt-br\/wp-json\/wp\/v2\/product\/7978","targetHints":{"allow":["GET"]}}],"collection":[{"href":"https:\/\/puyapeptide.net\/pt-br\/wp-json\/wp\/v2\/product"}],"about":[{"href":"https:\/\/puyapeptide.net\/pt-br\/wp-json\/wp\/v2\/types\/product"}],"replies":[{"embeddable":true,"href":"https:\/\/puyapeptide.net\/pt-br\/wp-json\/wp\/v2\/comments?post=7978"}],"wp:featuredmedia":[{"embeddable":true,"href":"https:\/\/puyapeptide.net\/pt-br\/wp-json\/wp\/v2\/media\/2297"}],"wp:attachment":[{"href":"https:\/\/puyapeptide.net\/pt-br\/wp-json\/wp\/v2\/media?parent=7978"}],"wp:term":[{"taxonomy":"product_brand","embeddable":true,"href":"https:\/\/puyapeptide.net\/pt-br\/wp-json\/wp\/v2\/product_brand?post=7978"},{"taxonomy":"product_cat","embeddable":true,"href":"https:\/\/puyapeptide.net\/pt-br\/wp-json\/wp\/v2\/product_cat?post=7978"},{"taxonomy":"product_tag","embeddable":true,"href":"https:\/\/puyapeptide.net\/pt-br\/wp-json\/wp\/v2\/product_tag?post=7978"}],"curies":[{"name":"wp","href":"https:\/\/api.w.org\/{rel}","templated":true}]}}