{"id":8021,"date":"2021-12-16T11:26:49","date_gmt":"2021-12-16T16:26:49","guid":{"rendered":"https:\/\/puyapeptide.net\/product\/teduglutide-alx-0600-cas-197922-42-2-para-pesquisa-de-laboratorio\/"},"modified":"2021-12-16T11:26:49","modified_gmt":"2021-12-16T16:26:49","slug":"teduglutide-alx-0600-cas-197922-42-2-para-pesquisa-de-laboratorio","status":"publish","type":"product","link":"https:\/\/puyapeptide.net\/pt-br\/product\/teduglutide-alx-0600-cas-197922-42-2-para-pesquisa-de-laboratorio\/","title":{"rendered":"Teduglutide \/ ALX 0600 CAS 197922-42-2 para pesquisa de laborat\u00f3rio"},"content":{"rendered":"<h2><strong>Teduglutide \/ ALX 0600 CAS 197922-42-2 para pesquisa de laborat\u00f3rio<\/strong><\/h2>\n<p> Nome do produto: Teduglutide \/ ALX 0600<br \/>\n Sin\u00f4nimos: ALX 0600; Gattex; Pept\u00eddeo semelhante ao glucagon II [2-glicina] (humano); Teduglutide; ALX 0600 USP \/ EP \/ BP<br \/>\n CAS: 197922- 42-2<br \/>\n MF: C164H252N44O55S<br \/>\n MW: 3752.08248<br \/>\n EINECS:<br \/>\n Categorias de produtos:<br \/>\n Arquivo Mol: 197922-42-2.mol <\/p>\n<p> Teduglutide \u00e9 um glucagon- como o an\u00e1logo do pept\u00eddeo 2 (GLP-2). \u00c9 composto por 33 amino\u00e1cidos e \u00e9 fabricado com uma cepa de Escherichia coli modificada por tecnologia de DNA recombinante. <\/p>\n<p> Teduglutide difere de GLP-2 por um amino\u00e1cido (alanina \u00e9 substitu\u00edda por glicina). O significado desta substitui\u00e7\u00e3o \u00e9 que o teduglutide tem a\u00e7\u00e3o mais longa do que o GLP-2 end\u00f3geno, pois \u00e9 mais resistente \u00e0 prote\u00f3lise da dipeptidil peptidase-4. <\/p>\n<p> <strong>Usos do Teduglutide \/ ALX 0600 CAS 197922-42-2<\/strong><br \/>\n Tratamento de doen\u00e7as intestinais caracterizadas por dano qu\u00edmico ou cir\u00fargico do epit\u00e9lio intestinal, como s\u00edndrome do intestino curto (SBS) ou dano ao epit\u00e9lio intestinal devido a doen\u00e7a (an\u00e1logo do pept\u00eddeo semelhante ao glucagon-2 (GLP-2)).<br \/>\n &lt; &amp;&gt; <strong>Campo de aplica\u00e7\u00e3o de Teduglutide \/ ALX 0600 CAS 197922-42-2<\/strong><br \/>\n Teduglutide \u00e9 um pept\u00eddeo-2 semelhante ao glucagon (GLP-2); regenera\u00e7\u00e3o, manuten\u00e7\u00e3o e reparo do intestino.<\/p>\n","protected":false},"excerpt":{"rendered":"<p>Nome do produto: Teduglutide \/ ALX 0600<br \/>\n CAS: 197922-42-2<br \/>\n MF: C164H252N44O55S<br \/>\n MW: 3752.08248<br \/>\n Arquivo Mol: 197922-42-2.mol<\/p>\n","protected":false},"featured_media":2129,"comment_status":"open","ping_status":"closed","template":"","meta":{"om_disable_all_campaigns":false,"_monsterinsights_skip_tracking":false,"_monsterinsights_sitenote_active":false,"_monsterinsights_sitenote_note":"","_monsterinsights_sitenote_category":0,"site-sidebar-layout":"default","site-content-layout":"default","ast-site-content-layout":"default","site-content-style":"default","site-sidebar-style":"default","ast-global-header-display":"","ast-banner-title-visibility":"","ast-main-header-display":"","ast-hfb-above-header-display":"","ast-hfb-below-header-display":"","ast-hfb-mobile-header-display":"","site-post-title":"","ast-breadcrumbs-content":"","ast-featured-img":"","footer-sml-layout":"","ast-disable-related-posts":"","theme-transparent-header-meta":"default","adv-header-id-meta":"","stick-header-meta":"","header-above-stick-meta":"","header-main-stick-meta":"","header-below-stick-meta":"","astra-migrate-meta-layouts":"default","ast-page-background-enabled":"default","ast-page-background-meta":{"desktop":{"background-color":"","background-image":"","background-repeat":"repeat","background-position":"center center","background-size":"auto","background-attachment":"scroll","background-type":"","background-media":"","overlay-type":"","overlay-color":"","overlay-opacity":"","overlay-gradient":""},"tablet":{"background-color":"","background-image":"","background-repeat":"repeat","background-position":"center center","background-size":"auto","background-attachment":"scroll","background-type":"","background-media":"","overlay-type":"","overlay-color":"","overlay-opacity":"","overlay-gradient":""},"mobile":{"background-color":"","background-image":"","background-repeat":"repeat","background-position":"center center","background-size":"auto","background-attachment":"scroll","background-type":"","background-media":"","overlay-type":"","overlay-color":"","overlay-opacity":"","overlay-gradient":""}},"ast-content-background-meta":{"desktop":{"background-color":"var(--ast-global-color-5)","background-image":"","background-repeat":"repeat","background-position":"center center","background-size":"auto","background-attachment":"scroll","background-type":"","background-media":"","overlay-type":"","overlay-color":"","overlay-opacity":"","overlay-gradient":""},"tablet":{"background-color":"var(--ast-global-color-5)","background-image":"","background-repeat":"repeat","background-position":"center center","background-size":"auto","background-attachment":"scroll","background-type":"","background-media":"","overlay-type":"","overlay-color":"","overlay-opacity":"","overlay-gradient":""},"mobile":{"background-color":"var(--ast-global-color-5)","background-image":"","background-repeat":"repeat","background-position":"center center","background-size":"auto","background-attachment":"scroll","background-type":"","background-media":"","overlay-type":"","overlay-color":"","overlay-opacity":"","overlay-gradient":""}}},"product_brand":[],"product_cat":[456],"product_tag":[1642],"class_list":{"0":"post-8021","1":"product","2":"type-product","3":"status-publish","4":"has-post-thumbnail","6":"product_cat-peptideo-do-sistema-gastrointestinal","7":"product_tag-teduglutide-alx-0600-cas-197922-42-2-for-lab-research-pt-br","8":"desktop-align-left","9":"tablet-align-left","10":"mobile-align-left","12":"first","13":"instock","14":"shipping-taxable","15":"product-type-simple"},"_links":{"self":[{"href":"https:\/\/puyapeptide.net\/pt-br\/wp-json\/wp\/v2\/product\/8021","targetHints":{"allow":["GET"]}}],"collection":[{"href":"https:\/\/puyapeptide.net\/pt-br\/wp-json\/wp\/v2\/product"}],"about":[{"href":"https:\/\/puyapeptide.net\/pt-br\/wp-json\/wp\/v2\/types\/product"}],"replies":[{"embeddable":true,"href":"https:\/\/puyapeptide.net\/pt-br\/wp-json\/wp\/v2\/comments?post=8021"}],"wp:featuredmedia":[{"embeddable":true,"href":"https:\/\/puyapeptide.net\/pt-br\/wp-json\/wp\/v2\/media\/2129"}],"wp:attachment":[{"href":"https:\/\/puyapeptide.net\/pt-br\/wp-json\/wp\/v2\/media?parent=8021"}],"wp:term":[{"taxonomy":"product_brand","embeddable":true,"href":"https:\/\/puyapeptide.net\/pt-br\/wp-json\/wp\/v2\/product_brand?post=8021"},{"taxonomy":"product_cat","embeddable":true,"href":"https:\/\/puyapeptide.net\/pt-br\/wp-json\/wp\/v2\/product_cat?post=8021"},{"taxonomy":"product_tag","embeddable":true,"href":"https:\/\/puyapeptide.net\/pt-br\/wp-json\/wp\/v2\/product_tag?post=8021"}],"curies":[{"name":"wp","href":"https:\/\/api.w.org\/{rel}","templated":true}]}}