{"id":8052,"date":"2021-12-16T12:15:31","date_gmt":"2021-12-16T17:15:31","guid":{"rendered":"https:\/\/puyapeptide.net\/product\/acetato-de-protirelina-hormonio-liberador-de-protirelina-tireotropina-trh-cas-24305-27-9-para-pesquisa-de-laboratorio\/"},"modified":"2021-12-16T12:15:31","modified_gmt":"2021-12-16T17:15:31","slug":"acetato-de-protirelina-hormonio-liberador-de-protirelina-tireotropina-trh-cas-24305-27-9-para-pesquisa-de-laboratorio","status":"publish","type":"product","link":"https:\/\/puyapeptide.net\/pt-br\/product\/acetato-de-protirelina-hormonio-liberador-de-protirelina-tireotropina-trh-cas-24305-27-9-para-pesquisa-de-laboratorio\/","title":{"rendered":"Acetato de protirelina \/ horm\u00f4nio liberador de protirelina \/ tireotropina (TRH) CAS 24305-27-9 para pesquisa de laborat\u00f3rio"},"content":{"rendered":"<h2><strong>Acetato de protirelina \/ horm\u00f4nio liberador de protirelina \/ tireotropina (TRH) CAS 24305-27-9 para pesquisa de laborat\u00f3rio<\/strong><\/h2>\n<p> Nome do produto: Acetato de protirelina \/ horm\u00f4nio liberador de protirelina \/ tireotropina (TRH)<br \/>\n Sin\u00f4nimos: THR 1-2; THR 2-3; PROTIRELIN; PYROGLU-HIS-PRO AMIDA; PYROGLU-HIS-PRO NH2; PYR- HIS-PRO-NH2 (TRH); PYR-HIS-PRO-NH2; PGLU-HIS-PRO-NH2<br \/>\n CAS: 24305-27-9<br \/>\n MF: C16H22N6O4<br \/>\n MW: 362,38<br \/>\n EINECS : 246-143-4<br \/>\n Categorias de produtos: Pept\u00eddeo; TIPINONA<br \/>\n Arquivo Mol: 24305-27-9.mol <\/p>\n<p> A protirelina, anteriormente conhecida como horm\u00f4nio liberador de tirotropina, \u00e9 um horm\u00f4nio tripept\u00eddeo liberado do hipot\u00e1lamo. O TRH est\u00e1 amplamente distribu\u00eddo no sistema nervoso central e em alguns \u00f3rg\u00e3os perif\u00e9ricos e, al\u00e9m de seus efeitos end\u00f3crinos, tamb\u00e9m atua como um neurotransmissor excitat\u00f3rio end\u00f3geno, produzindo uma ampla gama de efeitos centrais e perif\u00e9ricos. Tem algum efeito antag\u00f4nico nos receptores opi\u00f3ides end\u00f3genos, mas n\u00e3o antagoniza o efeito analg\u00e9sico da morfina. <\/p>\n<p> <strong>Acetato de protirelina \/ horm\u00f4nio liberador de protirelina \/ tireotropina (TRH) CAS 24305-27-9 Propriedades qu\u00edmicas<\/strong><br \/>\n TRH Propriedades qu\u00edmicas<br \/>\n alfa -50 (D \/ 25 \u2103) (c = 1,5, H2O) -65,5 (D) (c = 1,0, H2O)<br \/>\n Ponto de ebuli\u00e7\u00e3o 494 \u00b0 C (estimativa aproximada)<br \/>\n densidade 1,1675 (estimativa aproximada)<br \/>\n \u00edndice de refra\u00e7\u00e3o 1,6000 (estimativa)<br \/>\n temperatura de armazenamento. \u221220 \u00b0 C<br \/>\n solubilidade H2O: 10 mg \/ mL, l\u00edmpido, incolor<br \/>\n pka 13,05 \u00b1 0,20 (previsto)<br \/>\n p\u00f3<br \/>\n pH pH (10g \/ l, 25 \u2103): 3,0 \uff5e 4,0<br \/>\n Merck 13,9663<br \/>\n BRN 770238<br \/>\n InChIKey ITYONPBTNRIEBA-SRVKXCTJSA-N<br \/>\n CAS DataBase Refer\u00eancia 24305-27-9 <\/p>\n<p> <strong>Fun\u00e7\u00e3o e aplica\u00e7\u00e3o de acetato de protirelina \/ horm\u00f4nio liberador de protirelina \/ tireotropina (TRH)<\/strong><br \/>\n Al\u00e9m do tratamento do choque, a Protirelina tem outras utiliza\u00e7\u00f5es, como o tratamento do hipotiroidismo hipotal\u00e2mico e do hipertiroidismo central em endocrinologia. Na psiquiatria, \u00e9 usado no tratamento da depress\u00e3o e da esquizofrenia. Em neurologia, \u00e9 usado para tratar les\u00f5es cerebrais e da medula espinhal, coma qu\u00edmico de v\u00e1rias causas, esclerose lateral amiotr\u00f3fica, degenera\u00e7\u00e3o cerebelar espinhal, doen\u00e7a de Alzheimer, epilepsia, etc. \u00c9 usado no diagn\u00f3stico de hipertireoidismo. Portanto, Protirelina \u00e9 um medicamento que tem um bom valor de desenvolvimento e merece mais pesquisas para expandir sua aplica\u00e7\u00e3o.<\/p>\n","protected":false},"excerpt":{"rendered":"<p>Nome do produto: Acetato de protirelina \/ horm\u00f4nio liberador de protirelina \/ tireotropina (TRH)<br \/>\n CAS: 24305-27-9<br \/>\n MF: C16H22N6O4<br \/>\n MW: 362,38<br \/>\n EINECS: 246-143-4<br \/>\n Mol Arquivo: 24305-27-9.mol<\/p>\n","protected":false},"featured_media":2213,"comment_status":"open","ping_status":"closed","template":"","meta":{"om_disable_all_campaigns":false,"_monsterinsights_skip_tracking":false,"_monsterinsights_sitenote_active":false,"_monsterinsights_sitenote_note":"","_monsterinsights_sitenote_category":0,"site-sidebar-layout":"default","site-content-layout":"default","ast-site-content-layout":"default","site-content-style":"default","site-sidebar-style":"default","ast-global-header-display":"","ast-banner-title-visibility":"","ast-main-header-display":"","ast-hfb-above-header-display":"","ast-hfb-below-header-display":"","ast-hfb-mobile-header-display":"","site-post-title":"","ast-breadcrumbs-content":"","ast-featured-img":"","footer-sml-layout":"","ast-disable-related-posts":"","theme-transparent-header-meta":"default","adv-header-id-meta":"","stick-header-meta":"","header-above-stick-meta":"","header-main-stick-meta":"","header-below-stick-meta":"","astra-migrate-meta-layouts":"default","ast-page-background-enabled":"default","ast-page-background-meta":{"desktop":{"background-color":"","background-image":"","background-repeat":"repeat","background-position":"center center","background-size":"auto","background-attachment":"scroll","background-type":"","background-media":"","overlay-type":"","overlay-color":"","overlay-opacity":"","overlay-gradient":""},"tablet":{"background-color":"","background-image":"","background-repeat":"repeat","background-position":"center center","background-size":"auto","background-attachment":"scroll","background-type":"","background-media":"","overlay-type":"","overlay-color":"","overlay-opacity":"","overlay-gradient":""},"mobile":{"background-color":"","background-image":"","background-repeat":"repeat","background-position":"center center","background-size":"auto","background-attachment":"scroll","background-type":"","background-media":"","overlay-type":"","overlay-color":"","overlay-opacity":"","overlay-gradient":""}},"ast-content-background-meta":{"desktop":{"background-color":"var(--ast-global-color-5)","background-image":"","background-repeat":"repeat","background-position":"center center","background-size":"auto","background-attachment":"scroll","background-type":"","background-media":"","overlay-type":"","overlay-color":"","overlay-opacity":"","overlay-gradient":""},"tablet":{"background-color":"var(--ast-global-color-5)","background-image":"","background-repeat":"repeat","background-position":"center center","background-size":"auto","background-attachment":"scroll","background-type":"","background-media":"","overlay-type":"","overlay-color":"","overlay-opacity":"","overlay-gradient":""},"mobile":{"background-color":"var(--ast-global-color-5)","background-image":"","background-repeat":"repeat","background-position":"center center","background-size":"auto","background-attachment":"scroll","background-type":"","background-media":"","overlay-type":"","overlay-color":"","overlay-opacity":"","overlay-gradient":""}}},"product_brand":[],"product_cat":[533],"product_tag":[1624],"class_list":{"0":"post-8052","1":"product","2":"type-product","3":"status-publish","4":"has-post-thumbnail","6":"product_cat-outros-peptideos","7":"product_tag-protirelin-acetate-protirelin-thyrotropin-releasing-hormone-trh-cas-24305-27-9-for-lab-research-pt-br","8":"desktop-align-left","9":"tablet-align-left","10":"mobile-align-left","12":"first","13":"instock","14":"shipping-taxable","15":"product-type-simple"},"_links":{"self":[{"href":"https:\/\/puyapeptide.net\/pt-br\/wp-json\/wp\/v2\/product\/8052","targetHints":{"allow":["GET"]}}],"collection":[{"href":"https:\/\/puyapeptide.net\/pt-br\/wp-json\/wp\/v2\/product"}],"about":[{"href":"https:\/\/puyapeptide.net\/pt-br\/wp-json\/wp\/v2\/types\/product"}],"replies":[{"embeddable":true,"href":"https:\/\/puyapeptide.net\/pt-br\/wp-json\/wp\/v2\/comments?post=8052"}],"wp:featuredmedia":[{"embeddable":true,"href":"https:\/\/puyapeptide.net\/pt-br\/wp-json\/wp\/v2\/media\/2213"}],"wp:attachment":[{"href":"https:\/\/puyapeptide.net\/pt-br\/wp-json\/wp\/v2\/media?parent=8052"}],"wp:term":[{"taxonomy":"product_brand","embeddable":true,"href":"https:\/\/puyapeptide.net\/pt-br\/wp-json\/wp\/v2\/product_brand?post=8052"},{"taxonomy":"product_cat","embeddable":true,"href":"https:\/\/puyapeptide.net\/pt-br\/wp-json\/wp\/v2\/product_cat?post=8052"},{"taxonomy":"product_tag","embeddable":true,"href":"https:\/\/puyapeptide.net\/pt-br\/wp-json\/wp\/v2\/product_tag?post=8052"}],"curies":[{"name":"wp","href":"https:\/\/api.w.org\/{rel}","templated":true}]}}