{"id":8064,"date":"2021-12-16T12:16:33","date_gmt":"2021-12-16T17:16:33","guid":{"rendered":"https:\/\/puyapeptide.net\/product\/antide-acetate-antide-cas-112568-12-4-tratamento-para-surdez-senil\/"},"modified":"2021-12-16T12:16:33","modified_gmt":"2021-12-16T17:16:33","slug":"antide-acetate-antide-cas-112568-12-4-tratamento-para-surdez-senil","status":"publish","type":"product","link":"https:\/\/puyapeptide.net\/pt-br\/product\/antide-acetate-antide-cas-112568-12-4-tratamento-para-surdez-senil\/","title":{"rendered":"Antide Acetate \/ Antide CAS 112568-12-4 Tratamento para surdez senil"},"content":{"rendered":"<h2><strong>Antide Acetate \/ Antide CAS 112568-12-4 Tratamento para surdez senil<\/strong><\/h2>\n<p> Nome do produto: Antide<br \/>\n Sin\u00f4nimos: iturelix; Ac-D-2-Nal-4-cloro-D-Phe-beta- (3-piridil) -D-Ala-Ser-Lys (nicotinoil) -D -Lys (nicotinoil) -Leu-Lys (isopropil) -Pro-D-Ala-NH2; AC-DNAL-D: P-CLPHE-DPAL-SER-LYS: NICOTINOIL-DLYS: NICOTINOIL-LEU-LYS: ISOPROPIL-PRO -DALA-NH2; Brn 4866881; D-Alaninamida, N-acetil-3- (2-naftalenil) -D-alanil-4-cloro-D-fenilalanil-3- (3-piridinil) -D-alanil-L- seril-N (sup 6) &#8211; (3-piridinilcarbonil) -L-lisil-N (sup 6) &#8211; (3-piridinilcarbonil) -D-lisil-L-leucil-N (sup 6) &#8211; (1-metiletil) &#8211; L-lisil-L-prolil-; D-Alaninamida, N-acetil-3- (2-naftalenil) -D-alanil-4-cloro-D-fenilalanil-3- (3-piridinil) -D-alanil-L -seril-N6- (3-piridinilcarbonil) -L-lisil-N6- (3-piridinilcarbonil) -D-lisil-L-leucil-N6- (1-metiletil) -L-lisil-L-prolil-; Orf 23541 ; Ac-D-2-Nal-4-cloro-D-Phe-b- (3-piridil) -D-Ala-Ser-Lys (nicotinoil) -D-Lys (nicotinoil) -Leu-Lys (isopropil) &#8211; Pro-D-Ala-NH2<br \/>\n CAS: 112568-12-4<br \/>\n MF: C82H108ClN17O14<br \/>\n MW: 1591,29<br \/>\n EINECS:<br \/>\n Categorias de produtos: horm\u00f4nios; Pept\u00eddeo; LH-RH; LH- RHPeptides for Cell Biology; Ne uropept\u00eddeos; Fatores de libera\u00e7\u00e3o<br \/>\n Mol File: 112568-12-4.mol <\/p>\n<p> O acetato de Antide \u00e9 um antagonista de GnRH, um pept\u00eddeo sint\u00e9tico que compete com o neurohorm\u00f4nio end\u00f3geno GnRH (tamb\u00e9m conhecido como horm\u00f4nio liberador de horm\u00f4nio luteinizante, ChemicalbookLHRH) para a liga\u00e7\u00e3o ao seu receptor na gl\u00e2ndula pituit\u00e1ria anterior. Ao reduzir ou bloquear a a\u00e7\u00e3o do GnRH, os antagonistas do GnRH inibem a libera\u00e7\u00e3o de gonadotrofinas, como o horm\u00f4nio fol\u00edculo-estimulante (FSH) e o horm\u00f4nio luteinizante (LH) da pituit\u00e1ria anterior. <\/p>\n<p> <strong>Antide Acetate \/ Antide CAS 112568-12 -4 Propriedades qu\u00edmicas<\/strong><br \/>\n Antide Propriedades qu\u00edmicas<br \/>\n Ponto de ebuli\u00e7\u00e3o 1798,0 \u00b1 65,0 \u00b0 C (previsto)<br \/>\n densidade 1,258 \u00b1 0,06 g \/ cm3 (predito)<br \/>\n temp. \u221220 \u00b0 C<br \/>\n forma S\u00f3lido<br \/>\n pka 12,78 \u00b1 0,46 (previsto)<br \/>\n cor Branco a esbranqui\u00e7ado <\/p>\n<p> <strong>Usos de acetato de Antide \/ Antide CAS 112568-12-4<\/strong><br \/>\n Revers\u00edvel inibi\u00e7\u00e3o da secre\u00e7\u00e3o de gonadotrofina e subseq\u00fcente supress\u00e3o da secre\u00e7\u00e3o de esteroides ovarianos e testiculares (antagonista do horm\u00f4nio liberador de gonadotrofina). <\/p>\n<p> <strong>Fun\u00e7\u00e3o e aplica\u00e7\u00e3o de Acetato Antide \/ Antide CAS 112568-12-4<\/strong><br \/>\n Trefolane A e Antitide na propor\u00e7\u00e3o de 14-17: 1 pode prevenir significativamente o desenvolvimento de hiperresponsividade da mucosa nasal, efetivamente eliminar a eosinofilia nasal e a ativa\u00e7\u00e3o de mast\u00f3citos, e inibir diretamente a produ\u00e7\u00e3o de inibi\u00e7\u00e3o de IL-5. Tem um bom efeito terap\u00eautico para a preven\u00e7\u00e3o e tratamento da surdez senil.<\/p>\n","protected":false},"excerpt":{"rendered":"<p>Nome do produto: Antide<br \/>\n CAS: 112568-12-4<br \/>\n MF: C82H108ClN17O14<br \/>\n MW: 1591,29<br \/>\n Arquivo Mol: 112568-12-4.mol<\/p>\n","protected":false},"featured_media":2171,"comment_status":"open","ping_status":"closed","template":"","meta":{"om_disable_all_campaigns":false,"_monsterinsights_skip_tracking":false,"_monsterinsights_sitenote_active":false,"_monsterinsights_sitenote_note":"","_monsterinsights_sitenote_category":0,"site-sidebar-layout":"default","site-content-layout":"default","ast-site-content-layout":"default","site-content-style":"default","site-sidebar-style":"default","ast-global-header-display":"","ast-banner-title-visibility":"","ast-main-header-display":"","ast-hfb-above-header-display":"","ast-hfb-below-header-display":"","ast-hfb-mobile-header-display":"","site-post-title":"","ast-breadcrumbs-content":"","ast-featured-img":"","footer-sml-layout":"","ast-disable-related-posts":"","theme-transparent-header-meta":"default","adv-header-id-meta":"","stick-header-meta":"","header-above-stick-meta":"","header-main-stick-meta":"","header-below-stick-meta":"","astra-migrate-meta-layouts":"default","ast-page-background-enabled":"default","ast-page-background-meta":{"desktop":{"background-color":"","background-image":"","background-repeat":"repeat","background-position":"center center","background-size":"auto","background-attachment":"scroll","background-type":"","background-media":"","overlay-type":"","overlay-color":"","overlay-opacity":"","overlay-gradient":""},"tablet":{"background-color":"","background-image":"","background-repeat":"repeat","background-position":"center center","background-size":"auto","background-attachment":"scroll","background-type":"","background-media":"","overlay-type":"","overlay-color":"","overlay-opacity":"","overlay-gradient":""},"mobile":{"background-color":"","background-image":"","background-repeat":"repeat","background-position":"center center","background-size":"auto","background-attachment":"scroll","background-type":"","background-media":"","overlay-type":"","overlay-color":"","overlay-opacity":"","overlay-gradient":""}},"ast-content-background-meta":{"desktop":{"background-color":"var(--ast-global-color-5)","background-image":"","background-repeat":"repeat","background-position":"center center","background-size":"auto","background-attachment":"scroll","background-type":"","background-media":"","overlay-type":"","overlay-color":"","overlay-opacity":"","overlay-gradient":""},"tablet":{"background-color":"var(--ast-global-color-5)","background-image":"","background-repeat":"repeat","background-position":"center center","background-size":"auto","background-attachment":"scroll","background-type":"","background-media":"","overlay-type":"","overlay-color":"","overlay-opacity":"","overlay-gradient":""},"mobile":{"background-color":"var(--ast-global-color-5)","background-image":"","background-repeat":"repeat","background-position":"center center","background-size":"auto","background-attachment":"scroll","background-type":"","background-media":"","overlay-type":"","overlay-color":"","overlay-opacity":"","overlay-gradient":""}}},"product_brand":[],"product_cat":[533],"product_tag":[1594],"class_list":{"0":"post-8064","1":"product","2":"type-product","3":"status-publish","4":"has-post-thumbnail","6":"product_cat-outros-peptideos","7":"product_tag-antide-acetate-antide-cas-112568-12-4-treat-for-senile-deafness-pt-br","8":"desktop-align-left","9":"tablet-align-left","10":"mobile-align-left","12":"first","13":"instock","14":"shipping-taxable","15":"product-type-simple"},"_links":{"self":[{"href":"https:\/\/puyapeptide.net\/pt-br\/wp-json\/wp\/v2\/product\/8064","targetHints":{"allow":["GET"]}}],"collection":[{"href":"https:\/\/puyapeptide.net\/pt-br\/wp-json\/wp\/v2\/product"}],"about":[{"href":"https:\/\/puyapeptide.net\/pt-br\/wp-json\/wp\/v2\/types\/product"}],"replies":[{"embeddable":true,"href":"https:\/\/puyapeptide.net\/pt-br\/wp-json\/wp\/v2\/comments?post=8064"}],"wp:featuredmedia":[{"embeddable":true,"href":"https:\/\/puyapeptide.net\/pt-br\/wp-json\/wp\/v2\/media\/2171"}],"wp:attachment":[{"href":"https:\/\/puyapeptide.net\/pt-br\/wp-json\/wp\/v2\/media?parent=8064"}],"wp:term":[{"taxonomy":"product_brand","embeddable":true,"href":"https:\/\/puyapeptide.net\/pt-br\/wp-json\/wp\/v2\/product_brand?post=8064"},{"taxonomy":"product_cat","embeddable":true,"href":"https:\/\/puyapeptide.net\/pt-br\/wp-json\/wp\/v2\/product_cat?post=8064"},{"taxonomy":"product_tag","embeddable":true,"href":"https:\/\/puyapeptide.net\/pt-br\/wp-json\/wp\/v2\/product_tag?post=8064"}],"curies":[{"name":"wp","href":"https:\/\/api.w.org\/{rel}","templated":true}]}}