{"id":8093,"date":"2021-12-16T12:17:39","date_gmt":"2021-12-16T17:17:39","guid":{"rendered":"https:\/\/puyapeptide.net\/product\/acetato-de-ziconotida-cas-107452-89-1-tratamento-para-neuralgia-pos-herpetica-e-dor-de-cancer\/"},"modified":"2021-12-16T12:17:39","modified_gmt":"2021-12-16T17:17:39","slug":"acetato-de-ziconotida-cas-107452-89-1-tratamento-para-neuralgia-pos-herpetica-e-dor-de-cancer","status":"publish","type":"product","link":"https:\/\/puyapeptide.net\/pt-br\/product\/acetato-de-ziconotida-cas-107452-89-1-tratamento-para-neuralgia-pos-herpetica-e-dor-de-cancer\/","title":{"rendered":"Acetato de ziconotida CAS 107452-89-1 Tratamento para neuralgia p\u00f3s-herp\u00e9tica e dor de c\u00e2ncer"},"content":{"rendered":"<h2><strong>Acetato de ziconotida CAS 107452-89-1 Tratamento para neuralgia p\u00f3s-herp\u00e9tica e dor de c\u00e2ncer<\/strong><\/h2>\n<p> Nome do produto: Acetato de ziconotida<br \/>\n Sin\u00f4nimos: OMEGA-CONOTOXINA MVIIA; OMEGA-CGTX MVII A; ACETATO DE ZICONOT\u00cdDEO; snx111; H-CYS-LYS-GLY-LYS-GLY-ALA-LYS-CYS-SER-ARG -LEU-MET-TYR-ASP-CYS-CYS-THR-GLY-SER-CYS-ARG-SER-GLY-LYS-CYS-NH2; H-CYS-LYS-GLY-LYS-GLY-ALA-LYS-CYS -SER-ARG-LEU-MET-TYR-ASP-CYS-CYS-THR-GLY-SER-CYS-ARG-SER-GLY-LYS-CYS-NH2 (PONTE DISULFIDE: 1-16, 8-20, E 15 -25); CYS-LYS-GLY-LYS-GLY-ALA-LYS-CYS-SER-ARG-LEU-MET-TYR-ASP-CYS-CYS-THR-GLY-SER-CYS-ARG-SER-GLY- LYS-CYS-NH2; CKGKGAKCSRLMYDCCTGSCRSGKC-NH2 (PONTE DISULFIDE: 1-16,8-20, AND 15-25)<br \/>\n CAS: 107452-89-1<br \/>\n MF: C102H172N36O32S7<br \/>\n MW: 2639,13 &lt;&amp; &gt; EINECS:<br \/>\n Categorias de produtos: Pept\u00eddeo<br \/>\n Arquivo Mol: 107452-89-1.mol <\/p>\n<p> Ziconotida (Prialt) \u00e9 um composto de toxina de pept\u00eddeo com liga\u00e7\u00e3o de tr\u00eas dissulfeto de 25 amino\u00e1cidos derivado do Sul Caracol marinho do Pac\u00edfico Conusmagus. \u00c9 o primeiro novo agente neuroterap\u00eautico &#8211; bloqueador dos canais de c\u00e1lcio do tipo N (NCCB). Ele atua seletivamente nos canais de c\u00e1lcio do Chemicalbook, eletrossens\u00edveis do tipo N, nos ramos terminais dendr\u00edticos e axonais, inibindo, assim, os est\u00edmulos aferentes iniciais da les\u00e3o. \u00c9 indicado para pacientes com dor cr\u00f4nica intensa que requerem tratamento intratecal e que s\u00e3o intolerantes ou t\u00eam baixa efic\u00e1cia de outros tratamentos analg\u00e9sicos (por exemplo, aplica\u00e7\u00e3o de analg\u00e9sicos sist\u00eamicos ou morfina intratecal). A ziconotida intratecal pode ser usada para tratar a neuralgia p\u00f3s-herp\u00e9tica, dor fantasma, dor neurop\u00e1tica relacionada ao HIV, dor oncol\u00f3gica refrat\u00e1ria e dor p\u00f3s-cir\u00fargica. <\/p>\n<p> <strong>Acetato de ziconotida CAS 107452-89-1 Propriedades qu\u00edmicas<\/strong><br \/>\n densidade 1,60 \u00b1 0,1 g \/ cm3 (previsto)<br \/>\n temp. De armazenamento. -20 \u00b0 C<br \/>\n InChIKey BPKIMPVREBSLAJ-QTBYCLKRSA-N <\/p>\n<p> <strong>Usos de acetato de ziconotida CAS 107452-89-1<\/strong><br \/>\n Ligando para estudos de liga\u00e7\u00e3o de canais de c\u00e1lcio sens\u00edveis \u00e0 voltagem. <\/p>\n<p> Ziconotida ( SNX-111; Prialt), tamb\u00e9m chamado de ziconotida intratecal (ITZ) por causa de sua via de administra\u00e7\u00e3o, \u00e9 um agente analg\u00e9sico at\u00edpico para a melhora de dores fortes e cr\u00f4nicas. Derivado do Conus magus, um caracol cone, \u00e9 a forma sint\u00e9tica de um pept\u00eddeo \u03c9-conotoxina. [1] \u00c9 1.000 vezes mais poderoso que a morfina. <\/p>\n<p> Este produto \u00e9 adequado para pacientes com dor cr\u00f4nica severa que requerem tratamento intratecal e que s\u00e3o intolerantes ou t\u00eam baixa efic\u00e1cia a outros tratamentos analg\u00e9sicos (como a aplica\u00e7\u00e3o de analg\u00e9sicos sist\u00eamicos ou inje\u00e7\u00e3o intratecal de morfina, etc.) <\/p>\n<p> <strong>Fun\u00e7\u00e3o e aplica\u00e7\u00e3o do acetato de ziconotida CAS 107452-89-1<\/strong><br \/>\n 1. Efic\u00e1cia analg\u00e9sica A ziconotida \u00e9 adequada para pacientes com dor cr\u00f4nica que n\u00e3o toleram ou n\u00e3o respondem a outros tratamentos, incluindo medica\u00e7\u00e3o sist\u00eamica, tratamento adjuvante de inje\u00e7\u00e3o intratecal de morfina. A inje\u00e7\u00e3o intratecal de ziconotida tem efic\u00e1cia analg\u00e9sica cl\u00ednica e estatisticamente significativa em pacientes com c\u00e2ncer ou AIDS. <\/p>\n<p> 2. Prote\u00e7\u00e3o da medula espinhal Isquemia da medula espinhal de curto prazo Quando os neur\u00f4nios da medula espinhal s\u00e3o danificados, h\u00e1 ativa\u00e7\u00e3o da via do c\u00e1lcio eletrossens\u00edvel do tipo N. A ziconotida pode fornecer neuroprote\u00e7\u00e3o e analgesia durante a cirurgia a\u00f3rtica.<\/p>\n","protected":false},"excerpt":{"rendered":"<p>Nome do produto: Acetato de ziconotida<br \/>\n CAS: 107452-89-1<br \/>\n MF: C102H172N36O32S7<br \/>\n MW: 2639.13<br \/>\n Arquivo Mol: 107452-89-1.mol<\/p>\n","protected":false},"featured_media":2213,"comment_status":"open","ping_status":"closed","template":"","meta":{"om_disable_all_campaigns":false,"_monsterinsights_skip_tracking":false,"_monsterinsights_sitenote_active":false,"_monsterinsights_sitenote_note":"","_monsterinsights_sitenote_category":0,"site-sidebar-layout":"default","site-content-layout":"default","ast-site-content-layout":"default","site-content-style":"default","site-sidebar-style":"default","ast-global-header-display":"","ast-banner-title-visibility":"","ast-main-header-display":"","ast-hfb-above-header-display":"","ast-hfb-below-header-display":"","ast-hfb-mobile-header-display":"","site-post-title":"","ast-breadcrumbs-content":"","ast-featured-img":"","footer-sml-layout":"","ast-disable-related-posts":"","theme-transparent-header-meta":"default","adv-header-id-meta":"","stick-header-meta":"","header-above-stick-meta":"","header-main-stick-meta":"","header-below-stick-meta":"","astra-migrate-meta-layouts":"default","ast-page-background-enabled":"default","ast-page-background-meta":{"desktop":{"background-color":"","background-image":"","background-repeat":"repeat","background-position":"center center","background-size":"auto","background-attachment":"scroll","background-type":"","background-media":"","overlay-type":"","overlay-color":"","overlay-opacity":"","overlay-gradient":""},"tablet":{"background-color":"","background-image":"","background-repeat":"repeat","background-position":"center center","background-size":"auto","background-attachment":"scroll","background-type":"","background-media":"","overlay-type":"","overlay-color":"","overlay-opacity":"","overlay-gradient":""},"mobile":{"background-color":"","background-image":"","background-repeat":"repeat","background-position":"center center","background-size":"auto","background-attachment":"scroll","background-type":"","background-media":"","overlay-type":"","overlay-color":"","overlay-opacity":"","overlay-gradient":""}},"ast-content-background-meta":{"desktop":{"background-color":"var(--ast-global-color-5)","background-image":"","background-repeat":"repeat","background-position":"center center","background-size":"auto","background-attachment":"scroll","background-type":"","background-media":"","overlay-type":"","overlay-color":"","overlay-opacity":"","overlay-gradient":""},"tablet":{"background-color":"var(--ast-global-color-5)","background-image":"","background-repeat":"repeat","background-position":"center center","background-size":"auto","background-attachment":"scroll","background-type":"","background-media":"","overlay-type":"","overlay-color":"","overlay-opacity":"","overlay-gradient":""},"mobile":{"background-color":"var(--ast-global-color-5)","background-image":"","background-repeat":"repeat","background-position":"center center","background-size":"auto","background-attachment":"scroll","background-type":"","background-media":"","overlay-type":"","overlay-color":"","overlay-opacity":"","overlay-gradient":""}}},"product_brand":[],"product_cat":[533],"product_tag":[1577],"class_list":{"0":"post-8093","1":"product","2":"type-product","3":"status-publish","4":"has-post-thumbnail","6":"product_cat-outros-peptideos","7":"product_tag-ziconotide-acetate-cas-107452-89-1-treat-for-postherpetic-neuralgia-and-cancer-pain-pt-br","8":"desktop-align-left","9":"tablet-align-left","10":"mobile-align-left","12":"first","13":"instock","14":"shipping-taxable","15":"product-type-simple"},"_links":{"self":[{"href":"https:\/\/puyapeptide.net\/pt-br\/wp-json\/wp\/v2\/product\/8093","targetHints":{"allow":["GET"]}}],"collection":[{"href":"https:\/\/puyapeptide.net\/pt-br\/wp-json\/wp\/v2\/product"}],"about":[{"href":"https:\/\/puyapeptide.net\/pt-br\/wp-json\/wp\/v2\/types\/product"}],"replies":[{"embeddable":true,"href":"https:\/\/puyapeptide.net\/pt-br\/wp-json\/wp\/v2\/comments?post=8093"}],"wp:featuredmedia":[{"embeddable":true,"href":"https:\/\/puyapeptide.net\/pt-br\/wp-json\/wp\/v2\/media\/2213"}],"wp:attachment":[{"href":"https:\/\/puyapeptide.net\/pt-br\/wp-json\/wp\/v2\/media?parent=8093"}],"wp:term":[{"taxonomy":"product_brand","embeddable":true,"href":"https:\/\/puyapeptide.net\/pt-br\/wp-json\/wp\/v2\/product_brand?post=8093"},{"taxonomy":"product_cat","embeddable":true,"href":"https:\/\/puyapeptide.net\/pt-br\/wp-json\/wp\/v2\/product_cat?post=8093"},{"taxonomy":"product_tag","embeddable":true,"href":"https:\/\/puyapeptide.net\/pt-br\/wp-json\/wp\/v2\/product_tag?post=8093"}],"curies":[{"name":"wp","href":"https:\/\/api.w.org\/{rel}","templated":true}]}}