{"id":8126,"date":"2021-12-16T12:19:51","date_gmt":"2021-12-16T17:19:51","guid":{"rendered":"https:\/\/puyapeptide.net\/product\/venda-quente-de-vasopressina-cas-11000-17-2-para-pesquisa-de-laboratorio\/"},"modified":"2021-12-16T12:19:51","modified_gmt":"2021-12-16T17:19:51","slug":"venda-quente-de-vasopressina-cas-11000-17-2-para-pesquisa-de-laboratorio","status":"publish","type":"product","link":"https:\/\/puyapeptide.net\/pt-br\/product\/venda-quente-de-vasopressina-cas-11000-17-2-para-pesquisa-de-laboratorio\/","title":{"rendered":"Venda quente de vasopressina CAS 11000-17-2 para pesquisa de laborat\u00f3rio"},"content":{"rendered":"<h2><strong>Venda quente de vasopressina CAS 11000-17-2 para pesquisa de laborat\u00f3rio<\/strong><\/h2>\n<p> Nome do produto: vasopressina<br \/>\n Sin\u00f4nimos: adh (horm\u00f4nio); leiormone; pitressina; pituitrina; tomfina; vasofisina; 1- [19-amino-13-butan-2-il-10- (2-carbamoiletil) &#8211; 7- (carbamoilmetil) -16 &#8211; [(4-hidroxifenil) metil] -6,9,12,15,18-pentaoxo-1,2-ditia-5,8,11,14,17-pentazacicloicosano-4-carbonil ] -N- [1- (carbamoilmetilcarbamoil) -4- (diaminometilidenoamino) butil] pirrolidina-2-carboxamida; ACETATO DE VASOPRESSINA<br \/>\n CAS: 11000-17-2<br \/>\n MF: C46H65N13O12S2<br \/>\n MW: 1056,22 &lt;&amp; &gt; EINECS: 234-236-2<br \/>\n Categorias de produtos:<br \/>\n Arquivo Mol: 11000-17-2.mol <\/p>\n<p> O horm\u00f4nio antidiur\u00e9tico, tamb\u00e9m conhecido como vasopressina, \u00e9 um pept\u00eddeo de nove amino\u00e1cidos secretado pelo pituit\u00e1ria posterior. O horm\u00f4nio antidiur\u00e9tico se liga aos receptores nos t\u00fabulos distais ou coletores do rim e promove a reabsor\u00e7\u00e3o de \u00e1gua de volta \u00e0 circula\u00e7\u00e3o. <\/p>\n<p> <strong>Vasopressina CAS 11000-17-2 Propriedades qu\u00edmicas<\/strong><br \/>\n do p\u00f3 liofilizado<br \/>\n cor branca<br \/>\n Solubilidade em \u00e1gua Sol\u00favel em \u00e1gua (Misc\u00edvel).<br \/>\n Refer\u00eancia da Base de Dados CAS 11000-17-2 (Refer\u00eancia da Base de Dados CAS) <\/p>\n<p> <strong>Fun\u00e7\u00e3o e Aplica\u00e7\u00e3o da Vasopressina CAS 11000-17-2<\/strong><br \/>\n Atua a vasopressina em tr\u00eas receptores diferentes, receptor de vasopressina V1a (que inicia a vasoconstri\u00e7\u00e3o, gliconeog\u00eanese hep\u00e1tica, agrega\u00e7\u00e3o plaquet\u00e1ria e libera\u00e7\u00e3o de fator VIII), receptor de vasopressina V1b (que medeia a secre\u00e7\u00e3o de corticotrofina da hip\u00f3fise) e receptor de vasopressina V2 que controla a reabsor\u00e7\u00e3o de \u00e1gua livre na medular renal . A liga\u00e7\u00e3o da vasopressina ao receptor V2 ativa a adenilato ciclase, que causa a libera\u00e7\u00e3o dos canais da aquaporina 2 nas c\u00e9lulas que revestem o ducto medular renal. Isso permite que a \u00e1gua seja reabsorvida em um gradiente osm\u00f3tico para que a urina fique mais concentrada. <\/p>\n<p> Na medicina humana, a vasopressina tem sido usada para tratar hemorragia gastrointestinal aguda e para estimular o peristaltismo gastrointestinal. A vasopressina CRI tamb\u00e9m est\u00e1 sendo usada para o tratamento de pacientes s\u00e9pticos hipotensivos que n\u00e3o respondem ao vasopressor convencional. Antes dos procedimentos radiogr\u00e1ficos, era usado para dissipar sombras de g\u00e1s interferentes ou ajudar a concentrar meios de contraste.<\/p>\n","protected":false},"excerpt":{"rendered":"<p>Nome do produto: Vasopressina<br \/>\n CAS: 11000-17-2<br \/>\n MF: C46H65N13O12S2<br \/>\n MW: 1056,22<br \/>\n EINECS: 234-236-2<br \/>\n Arquivo Mol: 11000-17-2.mol<\/p>\n","protected":false},"featured_media":2213,"comment_status":"open","ping_status":"closed","template":"","meta":{"om_disable_all_campaigns":false,"_monsterinsights_skip_tracking":false,"_monsterinsights_sitenote_active":false,"_monsterinsights_sitenote_note":"","_monsterinsights_sitenote_category":0,"site-sidebar-layout":"default","site-content-layout":"default","ast-site-content-layout":"default","site-content-style":"default","site-sidebar-style":"default","ast-global-header-display":"","ast-banner-title-visibility":"","ast-main-header-display":"","ast-hfb-above-header-display":"","ast-hfb-below-header-display":"","ast-hfb-mobile-header-display":"","site-post-title":"","ast-breadcrumbs-content":"","ast-featured-img":"","footer-sml-layout":"","ast-disable-related-posts":"","theme-transparent-header-meta":"default","adv-header-id-meta":"","stick-header-meta":"","header-above-stick-meta":"","header-main-stick-meta":"","header-below-stick-meta":"","astra-migrate-meta-layouts":"default","ast-page-background-enabled":"default","ast-page-background-meta":{"desktop":{"background-color":"","background-image":"","background-repeat":"repeat","background-position":"center center","background-size":"auto","background-attachment":"scroll","background-type":"","background-media":"","overlay-type":"","overlay-color":"","overlay-opacity":"","overlay-gradient":""},"tablet":{"background-color":"","background-image":"","background-repeat":"repeat","background-position":"center center","background-size":"auto","background-attachment":"scroll","background-type":"","background-media":"","overlay-type":"","overlay-color":"","overlay-opacity":"","overlay-gradient":""},"mobile":{"background-color":"","background-image":"","background-repeat":"repeat","background-position":"center center","background-size":"auto","background-attachment":"scroll","background-type":"","background-media":"","overlay-type":"","overlay-color":"","overlay-opacity":"","overlay-gradient":""}},"ast-content-background-meta":{"desktop":{"background-color":"var(--ast-global-color-5)","background-image":"","background-repeat":"repeat","background-position":"center center","background-size":"auto","background-attachment":"scroll","background-type":"","background-media":"","overlay-type":"","overlay-color":"","overlay-opacity":"","overlay-gradient":""},"tablet":{"background-color":"var(--ast-global-color-5)","background-image":"","background-repeat":"repeat","background-position":"center center","background-size":"auto","background-attachment":"scroll","background-type":"","background-media":"","overlay-type":"","overlay-color":"","overlay-opacity":"","overlay-gradient":""},"mobile":{"background-color":"var(--ast-global-color-5)","background-image":"","background-repeat":"repeat","background-position":"center center","background-size":"auto","background-attachment":"scroll","background-type":"","background-media":"","overlay-type":"","overlay-color":"","overlay-opacity":"","overlay-gradient":""}}},"product_brand":[],"product_cat":[416],"product_tag":[1566],"class_list":{"0":"post-8126","1":"product","2":"type-product","3":"status-publish","4":"has-post-thumbnail","6":"product_cat-peptideo-sangue-e-vascular","7":"product_tag-hot-sale-vasopressin-cas-11000-17-2-for-lab-research-pt-br","8":"desktop-align-left","9":"tablet-align-left","10":"mobile-align-left","12":"first","13":"instock","14":"shipping-taxable","15":"product-type-simple"},"_links":{"self":[{"href":"https:\/\/puyapeptide.net\/pt-br\/wp-json\/wp\/v2\/product\/8126","targetHints":{"allow":["GET"]}}],"collection":[{"href":"https:\/\/puyapeptide.net\/pt-br\/wp-json\/wp\/v2\/product"}],"about":[{"href":"https:\/\/puyapeptide.net\/pt-br\/wp-json\/wp\/v2\/types\/product"}],"replies":[{"embeddable":true,"href":"https:\/\/puyapeptide.net\/pt-br\/wp-json\/wp\/v2\/comments?post=8126"}],"wp:featuredmedia":[{"embeddable":true,"href":"https:\/\/puyapeptide.net\/pt-br\/wp-json\/wp\/v2\/media\/2213"}],"wp:attachment":[{"href":"https:\/\/puyapeptide.net\/pt-br\/wp-json\/wp\/v2\/media?parent=8126"}],"wp:term":[{"taxonomy":"product_brand","embeddable":true,"href":"https:\/\/puyapeptide.net\/pt-br\/wp-json\/wp\/v2\/product_brand?post=8126"},{"taxonomy":"product_cat","embeddable":true,"href":"https:\/\/puyapeptide.net\/pt-br\/wp-json\/wp\/v2\/product_cat?post=8126"},{"taxonomy":"product_tag","embeddable":true,"href":"https:\/\/puyapeptide.net\/pt-br\/wp-json\/wp\/v2\/product_tag?post=8126"}],"curies":[{"name":"wp","href":"https:\/\/api.w.org\/{rel}","templated":true}]}}