{"id":8184,"date":"2021-12-16T12:23:27","date_gmt":"2021-12-16T17:23:27","guid":{"rendered":"https:\/\/puyapeptide.net\/product\/acetato-de-timosina-beta-4-acetato-de-timosina-%ce%b24-cas-77591-33-4-para-pesquisas-de-laboratorio\/"},"modified":"2021-12-16T12:23:27","modified_gmt":"2021-12-16T17:23:27","slug":"acetato-de-timosina-beta-4-acetato-de-timosina-%ce%b24-cas-77591-33-4-para-pesquisas-de-laboratorio","status":"publish","type":"product","link":"https:\/\/puyapeptide.net\/pt-br\/product\/acetato-de-timosina-beta-4-acetato-de-timosina-%ce%b24-cas-77591-33-4-para-pesquisas-de-laboratorio\/","title":{"rendered":"Acetato de timosina beta 4 \/ acetato de timosina \u03b24 CAS 77591-33-4 para pesquisas de laborat\u00f3rio"},"content":{"rendered":"<h2><strong>Acetato de timosina beta 4 \/ acetato de timosina \u03b24 CAS 77591-33-4 para pesquisas de laborat\u00f3rio<\/strong><\/h2>\n<p> Nome do produto: Acetato de timosina beta 4<br \/>\n Sin\u00f4nimos: AC-SER-ASP-LYS-PRO-ASP-MET-ALA-GLU-ILE-GLU-LYS-PHE-ASP-LYS-SER-LYS-LEU -LYS-LYS-THR-GLU-THR-GLN-GLU-LYS-ASN-PRO-LEU-PRO-SER-LYS-GLU-THR-ILE-GLU-GLN-GLU-LYS-GLN-ALA-GLY-GLU -SER-OH; FX (HUMANO, BOVINO, CAVALO, RATO); acetato de timosina beta 4; TIMOSINA BETA4 (HUMANO, BOVINO, CAVALO, RATO); Timosina beta4; Acetato de timosina Beta4 Beta4; Timosina \u03b24 Acetato &amp; Acetato de Timosina \u03b24 SS4; &gt; CAS: 77591-33-4<br \/>\n MF: C212H350N56O78S<br \/>\n MW: 4963.4408<br \/>\n EINECS: 1592732-453-0<br \/>\n Categorias de produtos: Pept\u00eddeo gen\u00e9rico; Pept\u00eddeo<br \/>\n Arquivo Mol: 77591-33- 4.mol <\/p>\n<p> Timosina \u03b2-4 \u00e9 um pept\u00eddeo end\u00f3geno pr\u00f3-angiog\u00eanico, ativador de fibroblastos que est\u00e1 envolvido na regula\u00e7\u00e3o hormonal. A timosina \u03b2-4 tamb\u00e9m exibe atividades imunomoduladoras e cardioprotetoras. A timosina \u03b2-4 melhora a cura do problema card\u00edaco e melhora a fun\u00e7\u00e3o card\u00edaca in vivo. A timosina \u03b2-4 se liga aos filamentos de G-actina, evitando a polimeriza\u00e7\u00e3o da actina. <\/p>\n<p> <strong>Benef\u00edcios do acetato de timosina beta 4 \/ acetato de timosina \u03b24 CAS 77591-33-4<\/strong><br \/>\n A timosina beta-4 \u00e9 um 43- pept\u00eddeo amino\u00e1cido que promove a cura em todo o corpo. Ele tamb\u00e9m tem propriedades antiinflamat\u00f3rias. Encontrada naturalmente em concentra\u00e7\u00f5es mais altas nos locais das les\u00f5es, a prote\u00edna sol\u00favel em \u00e1gua pode reparar danos nos tecidos e regular a migra\u00e7\u00e3o celular para um local. Pode melhorar a cicatriza\u00e7\u00e3o de feridas e reparar n\u00e3o apenas a pele, mas tamb\u00e9m o c\u00e9rebro, a medula espinhal e o cora\u00e7\u00e3o. Os profissionais m\u00e9dicos consideram a Timosina Beta-4 uma subst\u00e2ncia segura e poderosa em sua forma natural ou sint\u00e9tica conhecida como TB-500.<br \/>\n Al\u00e9m disso, TB4 tem um baixo peso molecular e n\u00e3o se liga \u00e0 matriz extracelular. Isso permite que ele viaje facilmente pelos tecidos do corpo, o que promove uma taxa de cura mais r\u00e1pida. O pept\u00eddeo viaja por longas dist\u00e2ncias, ent\u00e3o geralmente n\u00e3o precisa ser injetado diretamente no local da les\u00e3o. Enquanto alguns acreditam que injet\u00e1-lo mais perto de uma \u00e1rea lesada produz melhores resultados, a evid\u00eancia cl\u00ednica sugere o contr\u00e1rio. <\/p>\n<p> <strong>Usos de acetato de beta 4 de timosina \/ acetato de timosina \u03b24 CAS 77591-33-4<\/strong><br \/>\n 1. Timo \u03b24 e tumor estudos demonstraram que o acetato \u03b24 do timo est\u00e1 associado a uma variedade de tumores, incluindo c\u00e2ncer de c\u00f3lon, melanoma, fibrossarcoma, c\u00e2ncer de mama, c\u00e2ncer de p\u00e2ncreas e c\u00e2ncer de pulm\u00e3o, etc. Ele pode sinergizar com uma variedade de fatores para promover a invas\u00e3o do tumor Chemicalbook e met\u00e1stase.<br \/>\n 2. Timo \u03b24 no reparo de les\u00e3o card\u00edaca Na fase aguda do infarto do mioc\u00e1rdio, um grande n\u00famero de mi\u00f3citos card\u00edacos necrose isqu\u00eamica, levando ao comprometimento da fun\u00e7\u00e3o card\u00edaca e eventual progress\u00e3o para insufici\u00eancia card\u00edaca. Estudos confirmaram que o acetato \u03b24 do timo tem um efeito protetor sobre os cardiomi\u00f3citos.<\/p>\n","protected":false},"excerpt":{"rendered":"<p>Nome do produto: acetato de timosina beta 4<br \/>\n CAS: 77591-33-4<br \/>\n MF: C212H350N56O78S<br \/>\n MW: 4963.4408<br \/>\n EINECS: 1592732-453-0<br \/>\n Arquivo Mol: 77591-33-4 .mol<\/p>\n","protected":false},"featured_media":2213,"comment_status":"open","ping_status":"closed","template":"","meta":{"om_disable_all_campaigns":false,"_monsterinsights_skip_tracking":false,"_monsterinsights_sitenote_active":false,"_monsterinsights_sitenote_note":"","_monsterinsights_sitenote_category":0,"site-sidebar-layout":"default","site-content-layout":"default","ast-site-content-layout":"default","site-content-style":"default","site-sidebar-style":"default","ast-global-header-display":"","ast-banner-title-visibility":"","ast-main-header-display":"","ast-hfb-above-header-display":"","ast-hfb-below-header-display":"","ast-hfb-mobile-header-display":"","site-post-title":"","ast-breadcrumbs-content":"","ast-featured-img":"","footer-sml-layout":"","ast-disable-related-posts":"","theme-transparent-header-meta":"default","adv-header-id-meta":"","stick-header-meta":"","header-above-stick-meta":"","header-main-stick-meta":"","header-below-stick-meta":"","astra-migrate-meta-layouts":"default","ast-page-background-enabled":"default","ast-page-background-meta":{"desktop":{"background-color":"","background-image":"","background-repeat":"repeat","background-position":"center center","background-size":"auto","background-attachment":"scroll","background-type":"","background-media":"","overlay-type":"","overlay-color":"","overlay-opacity":"","overlay-gradient":""},"tablet":{"background-color":"","background-image":"","background-repeat":"repeat","background-position":"center center","background-size":"auto","background-attachment":"scroll","background-type":"","background-media":"","overlay-type":"","overlay-color":"","overlay-opacity":"","overlay-gradient":""},"mobile":{"background-color":"","background-image":"","background-repeat":"repeat","background-position":"center center","background-size":"auto","background-attachment":"scroll","background-type":"","background-media":"","overlay-type":"","overlay-color":"","overlay-opacity":"","overlay-gradient":""}},"ast-content-background-meta":{"desktop":{"background-color":"var(--ast-global-color-5)","background-image":"","background-repeat":"repeat","background-position":"center center","background-size":"auto","background-attachment":"scroll","background-type":"","background-media":"","overlay-type":"","overlay-color":"","overlay-opacity":"","overlay-gradient":""},"tablet":{"background-color":"var(--ast-global-color-5)","background-image":"","background-repeat":"repeat","background-position":"center center","background-size":"auto","background-attachment":"scroll","background-type":"","background-media":"","overlay-type":"","overlay-color":"","overlay-opacity":"","overlay-gradient":""},"mobile":{"background-color":"var(--ast-global-color-5)","background-image":"","background-repeat":"repeat","background-position":"center center","background-size":"auto","background-attachment":"scroll","background-type":"","background-media":"","overlay-type":"","overlay-color":"","overlay-opacity":"","overlay-gradient":""}}},"product_brand":[],"product_cat":[533],"product_tag":[1492],"class_list":{"0":"post-8184","1":"product","2":"type-product","3":"status-publish","4":"has-post-thumbnail","6":"product_cat-outros-peptideos","7":"product_tag-thymosin-beta-4-acetate-thymosin-4-acetate-cas-77591-33-4-for-lab-research-pt-br","8":"desktop-align-left","9":"tablet-align-left","10":"mobile-align-left","12":"first","13":"instock","14":"shipping-taxable","15":"product-type-simple"},"_links":{"self":[{"href":"https:\/\/puyapeptide.net\/pt-br\/wp-json\/wp\/v2\/product\/8184","targetHints":{"allow":["GET"]}}],"collection":[{"href":"https:\/\/puyapeptide.net\/pt-br\/wp-json\/wp\/v2\/product"}],"about":[{"href":"https:\/\/puyapeptide.net\/pt-br\/wp-json\/wp\/v2\/types\/product"}],"replies":[{"embeddable":true,"href":"https:\/\/puyapeptide.net\/pt-br\/wp-json\/wp\/v2\/comments?post=8184"}],"wp:featuredmedia":[{"embeddable":true,"href":"https:\/\/puyapeptide.net\/pt-br\/wp-json\/wp\/v2\/media\/2213"}],"wp:attachment":[{"href":"https:\/\/puyapeptide.net\/pt-br\/wp-json\/wp\/v2\/media?parent=8184"}],"wp:term":[{"taxonomy":"product_brand","embeddable":true,"href":"https:\/\/puyapeptide.net\/pt-br\/wp-json\/wp\/v2\/product_brand?post=8184"},{"taxonomy":"product_cat","embeddable":true,"href":"https:\/\/puyapeptide.net\/pt-br\/wp-json\/wp\/v2\/product_cat?post=8184"},{"taxonomy":"product_tag","embeddable":true,"href":"https:\/\/puyapeptide.net\/pt-br\/wp-json\/wp\/v2\/product_tag?post=8184"}],"curies":[{"name":"wp","href":"https:\/\/api.w.org\/{rel}","templated":true}]}}