{"id":8225,"date":"2021-12-16T12:25:48","date_gmt":"2021-12-16T17:25:48","guid":{"rendered":"https:\/\/puyapeptide.net\/product\/tratamento-de-cosintropina-tetracosactida-acetato-cas-16960-16-0-de-alta-qualidade-para-alguma-doenca-de-crohn-ou-colite-ulcerosa\/"},"modified":"2021-12-16T12:25:48","modified_gmt":"2021-12-16T17:25:48","slug":"tratamento-de-cosintropina-tetracosactida-acetato-cas-16960-16-0-de-alta-qualidade-para-alguma-doenca-de-crohn-ou-colite-ulcerosa","status":"publish","type":"product","link":"https:\/\/puyapeptide.net\/pt-br\/product\/tratamento-de-cosintropina-tetracosactida-acetato-cas-16960-16-0-de-alta-qualidade-para-alguma-doenca-de-crohn-ou-colite-ulcerosa\/","title":{"rendered":"Tratamento de Cosintropina \/ Tetracosactida Acetato CAS 16960-16-0 de alta qualidade para alguma doen\u00e7a de Crohn ou colite ulcerosa"},"content":{"rendered":"<h2><strong>Tratamento de Cosintropina \/ Tetracosactida Acetato CAS 16960-16-0 de alta qualidade para alguma doen\u00e7a de Crohn ou colite ulcerosa<\/strong><\/h2>\n<p> Nome do produto: Cosintropina<br \/>\n Sin\u00f4nimos: L-SER-TYR-SER-MET-GLU-HIS-PHE-ARG-TRP-GLY-LYS-PRO-VAL-GLY-LYS-LYS-ARG-ARG- PRO-VAL-LYS-VAL-TYR-PRO; cosintropina; H-SER-TYR-SER-MET-GLU-HIS-PHE-ARG-TRP-GLY-LYS-PRO-VAL-GLY-LYS-LYS-ARG- ARG PRO-VAL-LYS-VAL-TYR-PRO-OH TETRACOSACTIDE (HUMANO, BOVINO, RATO, OVINO, PORCINO, COELHO, RATO); H-SER-TYR-SER-MET-GLU-HIS-PHE-ARG-TRP -GLY-LYS-PRO-VAL-GLY-LYS-LYS-ARG-ARG-PRO-VAL-LYS-VAL-TYR-PRO-OH; SER-TYR-SER-MET-GLU-HIS-PHE-ARG-TRP -GLY-LYS-PRO-VAL-GLY-LYS-LYS-ARG-ARG-PRO-VAL-LYS-VAL-TYR-PRO HUMANO; SER-TYR-SER-MET-GLU-HIS-PHE-ARG-TRP- GLY-LYS-PRO-VAL-GLY-LYS-LYS-ARG-ARG-PRO-VAL-LYS-VAL-TYR-PRO; TETRACOSACTIDE; TETRACOSACTIDE (HUMANO)<br \/>\n CAS: 16960-16-0<br \/>\n MF : C136H210N40O31S<br \/>\n MW: 2933,44<br \/>\n EINECS: 241-031-1<br \/>\n Categorias de produtos: Receptor de melanocortina; Pept\u00eddeo; Org\u00e2nicos<br \/>\n Arquivo Mol: 16960-16-0.mol <\/p>\n<p> Cosintropina \u00e9 um polipept\u00eddeo sint\u00e9tico que consiste nos res\u00edduos de amino\u00e1cidos 1 a 24 do ACTH humano, mas que possui toda a atividade biol\u00f3gica de seu pai. Por ser de origem sint\u00e9tica, \u00e9 menos alerg\u00eanico que o ACTH de origem natural. A cosintropina \u00e9 usada como agente diagn\u00f3stico na triagem de pacientes com suspeita de insufici\u00eancia adrenocortical. Normalmente, a administra\u00e7\u00e3o parenteral de cosintropina atua rapidamente no c\u00f3rtex adrenal para efetuar a libera\u00e7\u00e3o de hidrocortisona plasm\u00e1tica; ao realizar o teste, os n\u00edveis de hidrocortisona s\u00e3o comparados a uma amostra de sangue de controle coletada anteriormente. <\/p>\n<p> <strong>Cosintropina \/ acetato de tetracosactida CAS 16960-16-0 Propriedades qu\u00edmicas<\/strong><br \/>\n densidade 1,47 \u00b1 0,1 g \/ cm3 (previsto) &lt; &amp;&gt; temp. de armazenamento \u221220 \u00b0 C<br \/>\n solubilidade Moderadamente sol\u00favel em \u00e1gua.<br \/>\n Solubilidade em \u00e1gua Sol\u00favel em \u00e1gua<br \/>\n InChIKey ZOEFCCMDUURGSE-SQKVDDBVSA-N<br \/>\n Refer\u00eancia CAS DataBase 16960-16-0 (CAS DataBase Reference)<br \/>\n &lt; &amp;&gt; <strong>Fun\u00e7\u00e3o e aplica\u00e7\u00e3o de cosintropina \/ acetato de tetracosactida CAS 16960-16-0<\/strong><br \/>\n usado para diagnosticar a insufici\u00eancia cortical adrenal; tamb\u00e9m usado no tratamento de reumatismo, artrite reumat\u00f3ide, doen\u00e7as de pele e choque. Rea\u00e7\u00f5es adversas e contra-indica\u00e7\u00f5es: prurido, rubor, urtic\u00e1ria, broncoespasmo e outras rea\u00e7\u00f5es al\u00e9rgicas do Chemicalbook s\u00e3o menos comuns do que os corticoster\u00f3ides. S\u00edncope e defici\u00eancia ocasionais. O uso prolongado ou excessivo pode causar incha\u00e7o, hipertens\u00e3o, hipocalemia, hiperpigmenta\u00e7\u00e3o e infec\u00e7\u00e3o induzida, etc. Use com cuidado se voc\u00ea for al\u00e9rgico a corticoster\u00f3ides naturais.<\/p>\n","protected":false},"excerpt":{"rendered":"<p>Nome do produto: Cosintropina<br \/>\n CAS: 16960-16-0<br \/>\n MF: C136H210N40O31S<br \/>\n MW: 2933,44<br \/>\n EINECS: 241-031-1<br \/>\n Arquivo Mol: 16960-16-0.mol<\/p>\n","protected":false},"featured_media":2339,"comment_status":"open","ping_status":"closed","template":"","meta":{"om_disable_all_campaigns":false,"_monsterinsights_skip_tracking":false,"_monsterinsights_sitenote_active":false,"_monsterinsights_sitenote_note":"","_monsterinsights_sitenote_category":0,"site-sidebar-layout":"default","site-content-layout":"default","ast-site-content-layout":"default","site-content-style":"default","site-sidebar-style":"default","ast-global-header-display":"","ast-banner-title-visibility":"","ast-main-header-display":"","ast-hfb-above-header-display":"","ast-hfb-below-header-display":"","ast-hfb-mobile-header-display":"","site-post-title":"","ast-breadcrumbs-content":"","ast-featured-img":"","footer-sml-layout":"","ast-disable-related-posts":"","theme-transparent-header-meta":"default","adv-header-id-meta":"","stick-header-meta":"","header-above-stick-meta":"","header-main-stick-meta":"","header-below-stick-meta":"","astra-migrate-meta-layouts":"default","ast-page-background-enabled":"default","ast-page-background-meta":{"desktop":{"background-color":"","background-image":"","background-repeat":"repeat","background-position":"center center","background-size":"auto","background-attachment":"scroll","background-type":"","background-media":"","overlay-type":"","overlay-color":"","overlay-opacity":"","overlay-gradient":""},"tablet":{"background-color":"","background-image":"","background-repeat":"repeat","background-position":"center center","background-size":"auto","background-attachment":"scroll","background-type":"","background-media":"","overlay-type":"","overlay-color":"","overlay-opacity":"","overlay-gradient":""},"mobile":{"background-color":"","background-image":"","background-repeat":"repeat","background-position":"center center","background-size":"auto","background-attachment":"scroll","background-type":"","background-media":"","overlay-type":"","overlay-color":"","overlay-opacity":"","overlay-gradient":""}},"ast-content-background-meta":{"desktop":{"background-color":"var(--ast-global-color-5)","background-image":"","background-repeat":"repeat","background-position":"center center","background-size":"auto","background-attachment":"scroll","background-type":"","background-media":"","overlay-type":"","overlay-color":"","overlay-opacity":"","overlay-gradient":""},"tablet":{"background-color":"var(--ast-global-color-5)","background-image":"","background-repeat":"repeat","background-position":"center center","background-size":"auto","background-attachment":"scroll","background-type":"","background-media":"","overlay-type":"","overlay-color":"","overlay-opacity":"","overlay-gradient":""},"mobile":{"background-color":"var(--ast-global-color-5)","background-image":"","background-repeat":"repeat","background-position":"center center","background-size":"auto","background-attachment":"scroll","background-type":"","background-media":"","overlay-type":"","overlay-color":"","overlay-opacity":"","overlay-gradient":""}}},"product_brand":[],"product_cat":[533],"product_tag":[1445],"class_list":{"0":"post-8225","1":"product","2":"type-product","3":"status-publish","4":"has-post-thumbnail","6":"product_cat-outros-peptideos","7":"product_tag-high-quality-cosyntropin-tetracosactide-acetate-cas-16960-16-0-treat-for-some-crohns-disease-or-ulcerative-colitis-pt-br","8":"desktop-align-left","9":"tablet-align-left","10":"mobile-align-left","12":"first","13":"instock","14":"shipping-taxable","15":"product-type-simple"},"_links":{"self":[{"href":"https:\/\/puyapeptide.net\/pt-br\/wp-json\/wp\/v2\/product\/8225","targetHints":{"allow":["GET"]}}],"collection":[{"href":"https:\/\/puyapeptide.net\/pt-br\/wp-json\/wp\/v2\/product"}],"about":[{"href":"https:\/\/puyapeptide.net\/pt-br\/wp-json\/wp\/v2\/types\/product"}],"replies":[{"embeddable":true,"href":"https:\/\/puyapeptide.net\/pt-br\/wp-json\/wp\/v2\/comments?post=8225"}],"wp:featuredmedia":[{"embeddable":true,"href":"https:\/\/puyapeptide.net\/pt-br\/wp-json\/wp\/v2\/media\/2339"}],"wp:attachment":[{"href":"https:\/\/puyapeptide.net\/pt-br\/wp-json\/wp\/v2\/media?parent=8225"}],"wp:term":[{"taxonomy":"product_brand","embeddable":true,"href":"https:\/\/puyapeptide.net\/pt-br\/wp-json\/wp\/v2\/product_brand?post=8225"},{"taxonomy":"product_cat","embeddable":true,"href":"https:\/\/puyapeptide.net\/pt-br\/wp-json\/wp\/v2\/product_cat?post=8225"},{"taxonomy":"product_tag","embeddable":true,"href":"https:\/\/puyapeptide.net\/pt-br\/wp-json\/wp\/v2\/product_tag?post=8225"}],"curies":[{"name":"wp","href":"https:\/\/api.w.org\/{rel}","templated":true}]}}