{"id":8268,"date":"2021-12-16T13:19:30","date_gmt":"2021-12-16T18:19:30","guid":{"rendered":"https:\/\/puyapeptide.net\/product\/puya-supply-teriparatide-acetate-cas-52232-67-4-tratamento-para-osteoporose\/"},"modified":"2021-12-16T13:19:30","modified_gmt":"2021-12-16T18:19:30","slug":"puya-supply-teriparatide-acetate-cas-52232-67-4-tratamento-para-osteoporose","status":"publish","type":"product","link":"https:\/\/puyapeptide.net\/pt-br\/product\/puya-supply-teriparatide-acetate-cas-52232-67-4-tratamento-para-osteoporose\/","title":{"rendered":"Puya Supply Teriparatide Acetate CAS 52232-67-4 Tratamento para Osteoporose"},"content":{"rendered":"<h2><strong>Puya Supply Teriparatide Acetate CAS 52232-67-4 Tratamento para Osteoporose<\/strong><\/h2>\n<p> Nome do produto: Acetato de teriparatida<br \/>\n Sin\u00f4nimos: HORM\u00d4NIO PARATIRE\u00d3IDE HUMANO: FRAGMENTO 1-34; HORM\u00d4NIO PARATIRE\u00d3IDE (HUMANO, 1-34); HORM\u00d4NIO PARATIRE\u00d3IDE (1-34) HUMANO; PTH (1-34) (HUMANO ); PTH (HUMANO, 1-34); TERIPARATIDE; Acetato de teriparatida; SVSEIQLMHNLGKHLNSMERVEWLRKKLQDVHNF<br \/>\n CAS: 52232-67-4<br \/>\n MF: C172H278N52O47S2<br \/>\n: MW &lt;&amp; 640-9792&gt;<br \/>\n: MW &lt;&amp; 640-9792&gt; &amp;&gt; Categorias de produtos: derivados de amino\u00e1cidos; Endocrinologia e horm\u00f4nios; Pept\u00eddeo; Horm\u00f4nios; Outras prote\u00ednas \/ horm\u00f4nios pept\u00eddicos; prote\u00ednas; Pept\u00eddeos e prote\u00ednas do horm\u00f4nio da paratire\u00f3ide (PTH); Fragmentos do horm\u00f4nio da paratire\u00f3ide; Pept\u00eddeos para biologia celular; Pept\u00eddeos e prote\u00ednas; V\u00e1rios pept\u00eddeos<br \/>\n Arquivo Mol: 52232-67-4.mol <\/p>\n<p> A teriparatida \u00e9 um produto recombinante que representa os primeiros 34 amino\u00e1cidos do horm\u00f4nio da paratire\u00f3ide humana. A teriparatida aumenta a forma\u00e7\u00e3o \u00f3ssea, a taxa de remodela\u00e7\u00e3o \u00f3ssea e o n\u00famero e atividade dos osteoblastos. Tanto a massa \u00f3ssea quanto a arquitetura s\u00e3o melhoradas.<br \/>\n A teriparatida \u00e9 aprovada pela FDA para mulheres na p\u00f3s-menopausa e homens com alto risco de fratura. <\/p>\n<p> <strong>Acetato de teriparatida CAS 52232-67-4 Propriedades qu\u00edmicas<\/strong><br \/>\n RTECS SQ7770000 &lt; &amp;&gt; temp. de armazenamento \u221220 \u00b0 C<br \/>\n forma em p\u00f3<br \/>\n CAS DataBase Reference 52232-67-4 (CAS DataBase Reference) <\/p>\n<p> <strong>Usos do acetato de teriparatida CAS 52232-67-4<\/strong><br \/>\n A teriparatida \u00e9 uma forma recombinante da paratire\u00f3ide horm\u00f4nio, que \u00e9 usado para o tratamento da osteoporose em homens e mulheres na p\u00f3s-menopausa. A regi\u00e3o N-terminal possui 34 amino\u00e1cidos, que s\u00e3o id\u00eanticos \u00e0 regi\u00e3o biologicamente ativa da sequ\u00eancia de 84 amino\u00e1cidos do horm\u00f4nio da paratire\u00f3ide humana. Tem sido demonstrado que atua sobre os osteoblastos para estimular o crescimento \u00f3sseo novo e melhorar a densidade \u00f3ssea.<\/p>\n","protected":false},"excerpt":{"rendered":"<p>Nome do produto: Acetato de teriparatida<br \/>\n CAS: 52232-67-4<br \/>\n MF: C172H278N52O47S2<br \/>\n MW: 3890.49792<br \/>\n EINECS: 640-978-1<br \/>\n Arquivo Mol: 52232-67-4.mol<\/p>\n","protected":false},"featured_media":0,"comment_status":"open","ping_status":"closed","template":"","meta":{"om_disable_all_campaigns":false,"_monsterinsights_skip_tracking":false,"_monsterinsights_sitenote_active":false,"_monsterinsights_sitenote_note":"","_monsterinsights_sitenote_category":0,"site-sidebar-layout":"default","site-content-layout":"default","ast-site-content-layout":"default","site-content-style":"default","site-sidebar-style":"default","ast-global-header-display":"","ast-banner-title-visibility":"","ast-main-header-display":"","ast-hfb-above-header-display":"","ast-hfb-below-header-display":"","ast-hfb-mobile-header-display":"","site-post-title":"","ast-breadcrumbs-content":"","ast-featured-img":"","footer-sml-layout":"","ast-disable-related-posts":"","theme-transparent-header-meta":"default","adv-header-id-meta":"","stick-header-meta":"","header-above-stick-meta":"","header-main-stick-meta":"","header-below-stick-meta":"","astra-migrate-meta-layouts":"default","ast-page-background-enabled":"default","ast-page-background-meta":{"desktop":{"background-color":"","background-image":"","background-repeat":"repeat","background-position":"center center","background-size":"auto","background-attachment":"scroll","background-type":"","background-media":"","overlay-type":"","overlay-color":"","overlay-opacity":"","overlay-gradient":""},"tablet":{"background-color":"","background-image":"","background-repeat":"repeat","background-position":"center center","background-size":"auto","background-attachment":"scroll","background-type":"","background-media":"","overlay-type":"","overlay-color":"","overlay-opacity":"","overlay-gradient":""},"mobile":{"background-color":"","background-image":"","background-repeat":"repeat","background-position":"center center","background-size":"auto","background-attachment":"scroll","background-type":"","background-media":"","overlay-type":"","overlay-color":"","overlay-opacity":"","overlay-gradient":""}},"ast-content-background-meta":{"desktop":{"background-color":"var(--ast-global-color-5)","background-image":"","background-repeat":"repeat","background-position":"center center","background-size":"auto","background-attachment":"scroll","background-type":"","background-media":"","overlay-type":"","overlay-color":"","overlay-opacity":"","overlay-gradient":""},"tablet":{"background-color":"var(--ast-global-color-5)","background-image":"","background-repeat":"repeat","background-position":"center center","background-size":"auto","background-attachment":"scroll","background-type":"","background-media":"","overlay-type":"","overlay-color":"","overlay-opacity":"","overlay-gradient":""},"mobile":{"background-color":"var(--ast-global-color-5)","background-image":"","background-repeat":"repeat","background-position":"center center","background-size":"auto","background-attachment":"scroll","background-type":"","background-media":"","overlay-type":"","overlay-color":"","overlay-opacity":"","overlay-gradient":""}}},"product_brand":[],"product_cat":[488],"product_tag":[1400],"class_list":{"0":"post-8268","1":"product","2":"type-product","3":"status-publish","5":"product_cat-peptideo-de-osteoporose","6":"product_tag-puya-supply-teriparatide-acetate-cas-52232-67-4-treat-for-osteoporosis-pt-br","7":"desktop-align-left","8":"tablet-align-left","9":"mobile-align-left","11":"first","12":"instock","13":"shipping-taxable","14":"product-type-simple"},"_links":{"self":[{"href":"https:\/\/puyapeptide.net\/pt-br\/wp-json\/wp\/v2\/product\/8268","targetHints":{"allow":["GET"]}}],"collection":[{"href":"https:\/\/puyapeptide.net\/pt-br\/wp-json\/wp\/v2\/product"}],"about":[{"href":"https:\/\/puyapeptide.net\/pt-br\/wp-json\/wp\/v2\/types\/product"}],"replies":[{"embeddable":true,"href":"https:\/\/puyapeptide.net\/pt-br\/wp-json\/wp\/v2\/comments?post=8268"}],"wp:attachment":[{"href":"https:\/\/puyapeptide.net\/pt-br\/wp-json\/wp\/v2\/media?parent=8268"}],"wp:term":[{"taxonomy":"product_brand","embeddable":true,"href":"https:\/\/puyapeptide.net\/pt-br\/wp-json\/wp\/v2\/product_brand?post=8268"},{"taxonomy":"product_cat","embeddable":true,"href":"https:\/\/puyapeptide.net\/pt-br\/wp-json\/wp\/v2\/product_cat?post=8268"},{"taxonomy":"product_tag","embeddable":true,"href":"https:\/\/puyapeptide.net\/pt-br\/wp-json\/wp\/v2\/product_tag?post=8268"}],"curies":[{"name":"wp","href":"https:\/\/api.w.org\/{rel}","templated":true}]}}