{"id":8276,"date":"2021-12-16T13:19:32","date_gmt":"2021-12-16T18:19:32","guid":{"rendered":"https:\/\/puyapeptide.net\/product\/peptideo-acetato-de-somatostatina-de-alta-qualidade-15-28-somatostatina-28-cas-38916-34-6\/"},"modified":"2021-12-16T13:19:32","modified_gmt":"2021-12-16T18:19:32","slug":"peptideo-acetato-de-somatostatina-de-alta-qualidade-15-28-somatostatina-28-cas-38916-34-6","status":"publish","type":"product","link":"https:\/\/puyapeptide.net\/pt-br\/product\/peptideo-acetato-de-somatostatina-de-alta-qualidade-15-28-somatostatina-28-cas-38916-34-6\/","title":{"rendered":"Pept\u00eddeo Acetato de Somatostatina de Alta Qualidade \/ 15-28-Somatostatina-28 CAS 38916-34-6"},"content":{"rendered":"<h2><strong>Pept\u00eddeo Acetato de Somatostatina de Alta Qualidade \/ 15-28-Somatostatina-28 CAS 38916-34-6<\/strong><\/h2>\n<p> Nome do Produto: Acetato de Somatostatina \/ 15-28-Somatostatina-28<br \/>\n Sin\u00f4nimos: Ala-Gly-Cys-Lys-Asn-Phe-Phe-Trp-Lys-Thr-Phe-Thr-Ser-Cys-OH ; Fator de Inibi\u00e7\u00e3o da Libera\u00e7\u00e3o de SoMatotropina, SRIF, SRIF-14; Somatostatina c\u00edclica; Acetato de SoMatostatina; FATOR DE INIBI\u00c7\u00c3O DA LIBERTA\u00c7\u00c3O DE HORM\u00d4NIO DO CRESCIMENTO (HUMANO, OVINO, PORCINO, RATO, RATO); HORM\u00d4NIO DE CRESCIMENTO, FATOR INIBIDO DE HORM\u00d4NIO MOUSE) 2ACOH 6H2O; H-ALA-GLY-CYS-LYS-ASN-PHE-PHE-TRP-LYS-THR-PHE-THR-SER-CYS-OH; H-ALA-GLY-CYS-LYS-ASN-PHE -PHE-TRP-LYS-THR-PHE-THR-SER-CYS-OH (ACOPLADO A BSA)<br \/>\n CAS: 38916-34-6<br \/>\n MF: C76H104N18O19S2<br \/>\n MW: 1637.88<br \/>\n EINECS: 254-186-5<br \/>\n Categorias de produtos: derivados de amino\u00e1cidos; Amino\u00e1cidos e derivados; Pept\u00eddeo; Amino\u00e1cidos 13C, 2H, 15N; Intermedi\u00e1rios e produtos qu\u00edmicos finos; Farmac\u00eauticos; pept\u00eddeos farmac\u00eauticos<br \/>\n Arquivo Mol: 38916-34-6 .mol <\/p>\n<p> Somatostatina \u00e9 um 14-pept\u00eddeo c\u00edclico que foi isolado pela primeira vez por Guillemin em 1973 e \u00e9 provavelmente o mais investigado e o mais importante dos fatores inibidores produzidos pela hipoteca lamus. A principal atividade da somatostatina, de origem hipotal\u00e2mica, \u00e9 a inibi\u00e7\u00e3o da libera\u00e7\u00e3o do horm\u00f4nio do crescimento (GH) pela hip\u00f3fise anterior. Excesso de GH, como nos tumores hipofis\u00e1rios, causa acromegalia, uma forma de gigantismo. Por outro lado, muito pouco GH leva ao nanismo. A somatostatina tamb\u00e9m foi encontrada no p\u00e2ncreas e no trato gastrointestinal, onde inibe a secre\u00e7\u00e3o de insulina e glucagon do p\u00e2ncreas, bem como a secre\u00e7\u00e3o de uma variedade de pept\u00eddeos intestinais (por exemplo, gastrina, secretina, pepsina e renina). A curta meia-vida da somatostatina, que \u00e9 inferior a 3 minutos, impede seu uso como agente terap\u00eautico. Muitos derivados da somatostatina foram preparados para aumentar sua dura\u00e7\u00e3o de a\u00e7\u00e3o e \/ ou para aumentar sua seletividade de a\u00e7\u00e3o. O ponto culminante desses estudos de estrutura-atividade foi o desenvolvimento de acetato de octreotida. <\/p>\n<p> Al\u00e9m do hipot\u00e1lamo, outras partes como o c\u00f3rtex cerebral, corpo estriado, am\u00edgdala, hipocampo e medula espinhal, nervo simp\u00e1tico, gastrointestinal, As gl\u00e2ndulas das ilhotas, rins, tire\u00f3ide e paratire\u00f3ide s\u00e3o amplamente distribu\u00eddas na somatostatina. No c\u00e9rebro e no trato gastrointestinal, 28 amino\u00e1cidos de GHRIH28, que \u00e9 uma extens\u00e3o externa do terminal N de GHRIH14, foram purificados. O efeito da somatostatina in vitro \u00e9 complicado, podendo atuar como transmissor ou modular no sistema nervoso; a somatostatina tem um certo efeito inibidor sobre a motilidade gastrointestinal e a secre\u00e7\u00e3o de horm\u00f4nios do trato digestivo; tamb\u00e9m inibe a insulina e o p\u00e2ncreas glucagon, renina, horm\u00f4nio da paratire\u00f3ide e secre\u00e7\u00e3o de calcitonina. <\/p>\n<p> <strong>Acetato de somatostatina \/ 15-28-somatostatina-28 CAS 38916-34-6 Propriedades qu\u00edmicas<\/strong><br \/>\n 15-28-somatostatina-28 Propriedades qu\u00edmicas<br \/>\n Ponto de ebuli\u00e7\u00e3o 1970,9 \u00b1 65,0 \u00b0 C (previsto)<br \/>\n densidade 1,43 \u00b1 0,1 g \/ cm3 (predito)<br \/>\n temp. \u221220 \u00b0 C<br \/>\n solubilidade H2O: 1 mg \/ mL<br \/>\n pka 2,94 \u00b1 0,70 (previsto)<br \/>\n p\u00f3<br \/>\n Solubilidade em \u00e1gua Sol\u00favel em \u00e1gua (25,00 \u00b0 C 1,00 g \/ L) , Metanol.<br \/>\n Merck 13,8788<br \/>\n BRN 6436064<br \/>\n InChIKey NHXLMOGPVYXJNR-ATOGVRKGSA-N <\/p>\n<p> <strong>Fun\u00e7\u00e3o e Aplica\u00e7\u00e3o de Acetato de Somatostatina \/ 15-28-Somatostatina-28 CAS<\/strong> &lt;&amp; &gt;<br \/>\n 1 Pode inibir a secre\u00e7\u00e3o do horm\u00f4nio do crescimento, horm\u00f4nio estimulador da tire\u00f3ide, insulina, glucagon. <\/p>\n<p> 2 Pode inibir a secre\u00e7\u00e3o de \u00e1cido g\u00e1strico estimulada pela refei\u00e7\u00e3o teste e 5-pept\u00eddeo gastrina, e pode inibir o libera\u00e7\u00e3o de pepsina e gastrina. <\/p>\n<p> 3 Pode reduzir significativamente o fluxo sangu\u00edneo visceral, reduzir a press\u00e3o portal, reduzir o fluxo sangu\u00edneo e a press\u00e3o da circula\u00e7\u00e3o colateral, reduzir o fluxo sangu\u00edneo do f\u00edgado. <\/p>\n<p> 4 Reduzir a secre\u00e7\u00e3o do p\u00e2ncreas e da secre\u00e7\u00e3o do intestino delgado e da ves\u00edcula biliar, reduzem a atividade enzim\u00e1tica e t\u00eam efeito protetor nas c\u00e9lulas pancre\u00e1ticas. <\/p>\n<p> 5 Pode afetar a absor\u00e7\u00e3o e a fun\u00e7\u00e3o nutricional do trato gastrointestinal.<\/p>\n","protected":false},"excerpt":{"rendered":"<p>Nome do Produto: Acetato de Somatostatina \/ 15-28-Somatostatina-28<br \/>\n CAS: 38916-34-6<br \/>\n MF: C76H104N18O19S2<br \/>\n MW: 1637,88<br \/>\n EINECS: 254-186-5<br \/>\n Arquivo Mol : 38916-34-6.mol<\/p>\n","protected":false},"featured_media":0,"comment_status":"open","ping_status":"closed","template":"","meta":{"om_disable_all_campaigns":false,"_monsterinsights_skip_tracking":false,"_monsterinsights_sitenote_active":false,"_monsterinsights_sitenote_note":"","_monsterinsights_sitenote_category":0,"site-sidebar-layout":"default","site-content-layout":"default","ast-site-content-layout":"default","site-content-style":"default","site-sidebar-style":"default","ast-global-header-display":"","ast-banner-title-visibility":"","ast-main-header-display":"","ast-hfb-above-header-display":"","ast-hfb-below-header-display":"","ast-hfb-mobile-header-display":"","site-post-title":"","ast-breadcrumbs-content":"","ast-featured-img":"","footer-sml-layout":"","ast-disable-related-posts":"","theme-transparent-header-meta":"default","adv-header-id-meta":"","stick-header-meta":"","header-above-stick-meta":"","header-main-stick-meta":"","header-below-stick-meta":"","astra-migrate-meta-layouts":"default","ast-page-background-enabled":"default","ast-page-background-meta":{"desktop":{"background-color":"","background-image":"","background-repeat":"repeat","background-position":"center center","background-size":"auto","background-attachment":"scroll","background-type":"","background-media":"","overlay-type":"","overlay-color":"","overlay-opacity":"","overlay-gradient":""},"tablet":{"background-color":"","background-image":"","background-repeat":"repeat","background-position":"center center","background-size":"auto","background-attachment":"scroll","background-type":"","background-media":"","overlay-type":"","overlay-color":"","overlay-opacity":"","overlay-gradient":""},"mobile":{"background-color":"","background-image":"","background-repeat":"repeat","background-position":"center center","background-size":"auto","background-attachment":"scroll","background-type":"","background-media":"","overlay-type":"","overlay-color":"","overlay-opacity":"","overlay-gradient":""}},"ast-content-background-meta":{"desktop":{"background-color":"var(--ast-global-color-5)","background-image":"","background-repeat":"repeat","background-position":"center center","background-size":"auto","background-attachment":"scroll","background-type":"","background-media":"","overlay-type":"","overlay-color":"","overlay-opacity":"","overlay-gradient":""},"tablet":{"background-color":"var(--ast-global-color-5)","background-image":"","background-repeat":"repeat","background-position":"center center","background-size":"auto","background-attachment":"scroll","background-type":"","background-media":"","overlay-type":"","overlay-color":"","overlay-opacity":"","overlay-gradient":""},"mobile":{"background-color":"var(--ast-global-color-5)","background-image":"","background-repeat":"repeat","background-position":"center center","background-size":"auto","background-attachment":"scroll","background-type":"","background-media":"","overlay-type":"","overlay-color":"","overlay-opacity":"","overlay-gradient":""}}},"product_brand":[],"product_cat":[533],"product_tag":[],"class_list":{"0":"post-8276","1":"product","2":"type-product","3":"status-publish","5":"product_cat-outros-peptideos","6":"desktop-align-left","7":"tablet-align-left","8":"mobile-align-left","10":"first","11":"instock","12":"shipping-taxable","13":"product-type-simple"},"_links":{"self":[{"href":"https:\/\/puyapeptide.net\/pt-br\/wp-json\/wp\/v2\/product\/8276","targetHints":{"allow":["GET"]}}],"collection":[{"href":"https:\/\/puyapeptide.net\/pt-br\/wp-json\/wp\/v2\/product"}],"about":[{"href":"https:\/\/puyapeptide.net\/pt-br\/wp-json\/wp\/v2\/types\/product"}],"replies":[{"embeddable":true,"href":"https:\/\/puyapeptide.net\/pt-br\/wp-json\/wp\/v2\/comments?post=8276"}],"wp:attachment":[{"href":"https:\/\/puyapeptide.net\/pt-br\/wp-json\/wp\/v2\/media?parent=8276"}],"wp:term":[{"taxonomy":"product_brand","embeddable":true,"href":"https:\/\/puyapeptide.net\/pt-br\/wp-json\/wp\/v2\/product_brand?post=8276"},{"taxonomy":"product_cat","embeddable":true,"href":"https:\/\/puyapeptide.net\/pt-br\/wp-json\/wp\/v2\/product_cat?post=8276"},{"taxonomy":"product_tag","embeddable":true,"href":"https:\/\/puyapeptide.net\/pt-br\/wp-json\/wp\/v2\/product_tag?post=8276"}],"curies":[{"name":"wp","href":"https:\/\/api.w.org\/{rel}","templated":true}]}}