{"id":8318,"date":"2021-12-16T13:22:15","date_gmt":"2021-12-16T18:22:15","guid":{"rendered":"https:\/\/puyapeptide.net\/product\/sincalide-cck-8-cas-25126-32-3-de-alta-qualidade-usado-principalmente-para-promover-a-contracao-da-vesicula-biliar-reagente-de-diagnostico-da-vesicula-biliar\/"},"modified":"2021-12-16T13:22:15","modified_gmt":"2021-12-16T18:22:15","slug":"sincalide-cck-8-cas-25126-32-3-de-alta-qualidade-usado-principalmente-para-promover-a-contracao-da-vesicula-biliar-reagente-de-diagnostico-da-vesicula-biliar","status":"publish","type":"product","link":"https:\/\/puyapeptide.net\/pt-br\/product\/sincalide-cck-8-cas-25126-32-3-de-alta-qualidade-usado-principalmente-para-promover-a-contracao-da-vesicula-biliar-reagente-de-diagnostico-da-vesicula-biliar\/","title":{"rendered":"Sincalide \/ CCK-8 CAS 25126-32-3 de alta qualidade usado principalmente para promover a contra\u00e7\u00e3o da ves\u00edcula biliar, reagente de diagn\u00f3stico da ves\u00edcula biliar"},"content":{"rendered":"<h2><strong>Sincalide \/ CCK-8 CAS 25126-32-3 de alta qualidade usado principalmente para promover a contra\u00e7\u00e3o da ves\u00edcula biliar, reagente de diagn\u00f3stico da ves\u00edcula biliar<\/strong><\/h2>\n<p> Nome do produto: Sincalide<br \/>\n Sin\u00f4nimos: [27-TYR (SO3H)] COLECISTOCININA-FRAGMENTO (26-33) -AMIDA; PANCREOZIMINA C-TERMINAL OCTAPEPT\u00cdDEO; SINCALIDA; (Tyr [SO3H] 27) Fragmento de colecistocinina 26- 33 Amida; Sinc\u00e1lido (CCK-8); (tyr (so3H) 27) fragmento de colecistoquinina * 26-33 amid; H-ASP-TYR (SO3H) -MET-GLY-TRP-MET-ASP-PHE-NH2; H -ASP-TYR (SO3H) -MET-GLY-TRP-MET-ASP-PHE-NH2 AM\u00d4NIO SAL<br \/>\n CAS: 25126-32-3<br \/>\n MF: C49H62N10O16S3<br \/>\n MW: 1143,27<br \/>\n EINECS: 246-639-0<br \/>\n Categorias de Produto: API; horm\u00f4nios; Pept\u00eddeo; Receptor de colecistoquinina (CCK); Receptores de pept\u00eddeo<br \/>\n Arquivo Mol: 25126-32-3.mol <\/p>\n<p> Sincalide \/ Colecistoquinina (CCK- 8) \u00e9 um pept\u00eddeo c\u00e9rebro-intestinal de m\u00faltiplas formas moleculares e dupla distribui\u00e7\u00e3o, composto por 33 amino\u00e1cidos, com efeitos hormonais e neurotransmissores. Sincalide \u00e9 uma mol\u00e9cula de octapept\u00eddeo, um fragmento de colecistocinina, Chemicalbook tem todas as atividades biol\u00f3gicas da colecistocinina, um octapept\u00eddeo sint\u00e9tico de colecistocinina (octapept\u00eddeo), usado principalmente para promover a contra\u00e7\u00e3o da ves\u00edcula biliar, reagente de diagn\u00f3stico da ves\u00edcula biliar, uso cl\u00ednico no tratamento de pancreatite cr\u00f4nica, constatou que a fun\u00e7\u00e3o de secre\u00e7\u00e3o pancre\u00e1tica melhorou significativamente, os sintomas foram significativamente reduzidos. Os sintomas foram significativamente reduzidos. <\/p>\n<p> <strong>Sincalide \/ CCK-8 CAS 25126-32-3 Propriedades qu\u00edmicas<\/strong><br \/>\n alfa D23 -18,4 \u00b0 (c = 0,7 em 1N NH3)<br \/>\n densidade 1,440 \u00b1 0,06 g \/ cm3 (previsto)<br \/>\n temperatura de armazenamento. -20 \u00b0 C<br \/>\n solubilidade 0,05 M de hidr\u00f3xido de am\u00f4nio: 1 mg \/ mL, l\u00edmpido, incolor<br \/>\n pka -4,17 \u00b1 0,18 (previsto)<br \/>\n forma de p\u00f3<br \/>\n Solubilidade em \u00e1gua Sol\u00favel em \u00e1gua 1 g \/ L em 10 \u00b0 C.<br \/>\n Merck 13,8617<br \/>\n BRN 5231801 <\/p>\n<p> <strong>Sincalide \/ CCK-8 CAS 25126-32-3 Propriedades qu\u00edmicas<\/strong><br \/>\n Sincalide \/ colecistoquinina (CCK-8) \u00e9 frequentemente usado clinicamente para cooperar e melhorar o exame da fun\u00e7\u00e3o da secre\u00e7\u00e3o pancre\u00e1tica com a secre\u00e7\u00e3o pancre\u00e1tica; O CCK \u00e9 usado para substituir a refei\u00e7\u00e3o gordurosa durante a colangiografia, o que pode promover o peristaltismo intestinal e encurtar o tempo do exame da refei\u00e7\u00e3o de b\u00e1rio. Tamb\u00e9m pode ser usado para tratar a paralisia intestinal.<\/p>\n","protected":false},"excerpt":{"rendered":"<p>Nome do produto: Sincalide<br \/>\n MF: C49H62N10O16S3<br \/>\n MW: 1143,27<br \/>\n EINECS: 246-639-0<br \/>\n Arquivo Mol: 25126-32-3.mol<\/p>\n","protected":false},"featured_media":2129,"comment_status":"open","ping_status":"closed","template":"","meta":{"om_disable_all_campaigns":false,"_monsterinsights_skip_tracking":false,"_monsterinsights_sitenote_active":false,"_monsterinsights_sitenote_note":"","_monsterinsights_sitenote_category":0,"site-sidebar-layout":"default","site-content-layout":"default","ast-site-content-layout":"default","site-content-style":"default","site-sidebar-style":"default","ast-global-header-display":"","ast-banner-title-visibility":"","ast-main-header-display":"","ast-hfb-above-header-display":"","ast-hfb-below-header-display":"","ast-hfb-mobile-header-display":"","site-post-title":"","ast-breadcrumbs-content":"","ast-featured-img":"","footer-sml-layout":"","ast-disable-related-posts":"","theme-transparent-header-meta":"default","adv-header-id-meta":"","stick-header-meta":"","header-above-stick-meta":"","header-main-stick-meta":"","header-below-stick-meta":"","astra-migrate-meta-layouts":"default","ast-page-background-enabled":"default","ast-page-background-meta":{"desktop":{"background-color":"","background-image":"","background-repeat":"repeat","background-position":"center center","background-size":"auto","background-attachment":"scroll","background-type":"","background-media":"","overlay-type":"","overlay-color":"","overlay-opacity":"","overlay-gradient":""},"tablet":{"background-color":"","background-image":"","background-repeat":"repeat","background-position":"center center","background-size":"auto","background-attachment":"scroll","background-type":"","background-media":"","overlay-type":"","overlay-color":"","overlay-opacity":"","overlay-gradient":""},"mobile":{"background-color":"","background-image":"","background-repeat":"repeat","background-position":"center center","background-size":"auto","background-attachment":"scroll","background-type":"","background-media":"","overlay-type":"","overlay-color":"","overlay-opacity":"","overlay-gradient":""}},"ast-content-background-meta":{"desktop":{"background-color":"var(--ast-global-color-5)","background-image":"","background-repeat":"repeat","background-position":"center center","background-size":"auto","background-attachment":"scroll","background-type":"","background-media":"","overlay-type":"","overlay-color":"","overlay-opacity":"","overlay-gradient":""},"tablet":{"background-color":"var(--ast-global-color-5)","background-image":"","background-repeat":"repeat","background-position":"center center","background-size":"auto","background-attachment":"scroll","background-type":"","background-media":"","overlay-type":"","overlay-color":"","overlay-opacity":"","overlay-gradient":""},"mobile":{"background-color":"var(--ast-global-color-5)","background-image":"","background-repeat":"repeat","background-position":"center center","background-size":"auto","background-attachment":"scroll","background-type":"","background-media":"","overlay-type":"","overlay-color":"","overlay-opacity":"","overlay-gradient":""}}},"product_brand":[],"product_cat":[533],"product_tag":[1385,1363],"class_list":{"0":"post-8318","1":"product","2":"type-product","3":"status-publish","4":"has-post-thumbnail","6":"product_cat-outros-peptideos","7":"product_tag-gallbladder-diagnostic-reagent-pt-br","8":"product_tag-high-quality-sincalide-cck-8-cas-25126-32-3-mainly-used-to-promote-gallbladder-contraction-pt-br","9":"desktop-align-left","10":"tablet-align-left","11":"mobile-align-left","13":"first","14":"instock","15":"shipping-taxable","16":"product-type-simple"},"_links":{"self":[{"href":"https:\/\/puyapeptide.net\/pt-br\/wp-json\/wp\/v2\/product\/8318","targetHints":{"allow":["GET"]}}],"collection":[{"href":"https:\/\/puyapeptide.net\/pt-br\/wp-json\/wp\/v2\/product"}],"about":[{"href":"https:\/\/puyapeptide.net\/pt-br\/wp-json\/wp\/v2\/types\/product"}],"replies":[{"embeddable":true,"href":"https:\/\/puyapeptide.net\/pt-br\/wp-json\/wp\/v2\/comments?post=8318"}],"wp:featuredmedia":[{"embeddable":true,"href":"https:\/\/puyapeptide.net\/pt-br\/wp-json\/wp\/v2\/media\/2129"}],"wp:attachment":[{"href":"https:\/\/puyapeptide.net\/pt-br\/wp-json\/wp\/v2\/media?parent=8318"}],"wp:term":[{"taxonomy":"product_brand","embeddable":true,"href":"https:\/\/puyapeptide.net\/pt-br\/wp-json\/wp\/v2\/product_brand?post=8318"},{"taxonomy":"product_cat","embeddable":true,"href":"https:\/\/puyapeptide.net\/pt-br\/wp-json\/wp\/v2\/product_cat?post=8318"},{"taxonomy":"product_tag","embeddable":true,"href":"https:\/\/puyapeptide.net\/pt-br\/wp-json\/wp\/v2\/product_tag?post=8318"}],"curies":[{"name":"wp","href":"https:\/\/api.w.org\/{rel}","templated":true}]}}