{"id":8332,"date":"2021-12-16T13:23:27","date_gmt":"2021-12-16T18:23:27","guid":{"rendered":"https:\/\/puyapeptide.net\/product\/acetato-de-alarelina-gnrh-a-cas-79561-22-1-para-promover-a-ovulacao-e-tratar-a-infertilidade-causada-por-funcao-ovariana-anormal\/"},"modified":"2021-12-16T13:23:27","modified_gmt":"2021-12-16T18:23:27","slug":"acetato-de-alarelina-gnrh-a-cas-79561-22-1-para-promover-a-ovulacao-e-tratar-a-infertilidade-causada-por-funcao-ovariana-anormal","status":"publish","type":"product","link":"https:\/\/puyapeptide.net\/pt-br\/product\/acetato-de-alarelina-gnrh-a-cas-79561-22-1-para-promover-a-ovulacao-e-tratar-a-infertilidade-causada-por-funcao-ovariana-anormal\/","title":{"rendered":"Acetato de Alarelina \/ GnRH-A CAS 79561-22-1 Para promover a ovula\u00e7\u00e3o e tratar a infertilidade causada por fun\u00e7\u00e3o ovariana anormal"},"content":{"rendered":"<h2><strong>Acetato de Alarelina \/ GnRH-A CAS 79561-22-1 Para promover a ovula\u00e7\u00e3o e tratar a infertilidade causada por fun\u00e7\u00e3o ovariana anormal<\/strong><\/h2>\n<p> Nome do produto: Alarelina<br \/>\n Sequ\u00eancia: Pyr-His-Trp-Ser-Tyr-D-Ala-Leu-Arg-Pro-NHEt<br \/>\n Sin\u00f4nimos: ALARELIN; PYR-HIS-TRP-SER-TYR- D-ALA-LEU-ARG-PRO-NHET; (DES-GLY10, D-ALA6, PRO-NHET9) -GONADOTROPINA-LIBERTA HORM\u00d4NIO (SEA BREAM); (DES-GLY10, D-ALA6, PRO-NHET9) -GONADOTROPINA -RELEASING HORMONE; (DES-GLY10, D-ALA6, PRO-NHET9) -LUTEINIZING HORMONE-RELEASING FACTOR (SEA BREAM); (DES-GLY10, D-ALA6, PRO-NHET9) -LUTEINIZING HORMONE-LACTOR; ( -GLY10, D-ALA6, PRO-NHET9) -LHRH (SEA BREAM); [DES-GLY10, D-ALA6, PRO-NHET9] -LH-RH (HUMANO)<br \/>\n CAS: 79561-22-1 &lt;&amp; &gt; MF: C56H78N16O12<br \/>\n MW: 1167,32<br \/>\n EINECS: 635-974-1<br \/>\n Categorias de produtos: API; Pept\u00eddeo; LH-RH; LH-RHPept\u00eddeos para Biologia Celular; Neuropept\u00eddeos; Fatores de libera\u00e7\u00e3o; Derivados de amino\u00e1cidos &lt; &amp;&gt; Arquivo Mol: 79561-22-1.mol <\/p>\n<p> Alaralina (an\u00e1logo de horm\u00f4nio liberador de gonadotrofina (GnRH-A), tamb\u00e9m conhecido como albuterol, \u00e9 um an\u00e1logo sint\u00e9tico de nove pept\u00eddeos do horm\u00f4nio liberador de gonadotrofina (GnRH), que \u00e9 15 vezes mais potente do que o pai. Pode estimular a gl\u00e2ndula pituit\u00e1ria a liberar horm\u00f4nio uteinizante (LH) e horm\u00f4nio estimulante do fol\u00edculo (FSH) no in\u00edcio da droga, causando um aumento transit\u00f3rio do horm\u00f4nio ester\u00f3ide derivado do livro qu\u00edmico do ov\u00e1rio; a administra\u00e7\u00e3o repetida pode inibir a libera\u00e7\u00e3o de LH e FSH da gl\u00e2ndula pituit\u00e1ria, fazendo com que o n\u00edvel de estradiol no sangue diminua, atingindo o efeito de desovula\u00e7\u00e3o da droga e, ao mesmo tempo, tem efeito regulador na express\u00e3o de oncogenes ras, neu e myc relacionados ao c\u00e2ncer endometrial. Tamb\u00e9m tem efeitos regulat\u00f3rios na express\u00e3o de ras, neu e myc, que est\u00e3o relacionados ao c\u00e2ncer endometrial. Clinicamente, \u00e9 usado principalmente para promover a ovula\u00e7\u00e3o, tratar a infertilidade causada por fun\u00e7\u00e3o ovariana anormal, endometriose e miomas uterinos e melhorar a taxa de gravidez. <\/p>\n<p> <strong>Usos de acetato de Alarelina \/ GnRH-A CAS 79561-22-1<\/strong> &lt;&amp; &gt; \u00c9 usado principalmente clinicamente para promover a ovula\u00e7\u00e3o, tratar a infertilidade causada por fun\u00e7\u00e3o ovariana anormal, endometriose e miomas uterinos e melhorar a taxa de gravidez.<\/p>\n","protected":false},"excerpt":{"rendered":"<p>Nome do produto: Alarelin<br \/>\n CAS: 79561-22-1<br \/>\n MF: C56H78N16O12<br \/>\n MW: 1167.32<br \/>\n EINECS: 635-974-1<br \/>\n Arquivo Mol: 79561-22-1.mol<\/p>\n","protected":false},"featured_media":2129,"comment_status":"open","ping_status":"closed","template":"","meta":{"om_disable_all_campaigns":false,"_monsterinsights_skip_tracking":false,"_monsterinsights_sitenote_active":false,"_monsterinsights_sitenote_note":"","_monsterinsights_sitenote_category":0,"site-sidebar-layout":"default","site-content-layout":"default","ast-site-content-layout":"default","site-content-style":"default","site-sidebar-style":"default","ast-global-header-display":"","ast-banner-title-visibility":"","ast-main-header-display":"","ast-hfb-above-header-display":"","ast-hfb-below-header-display":"","ast-hfb-mobile-header-display":"","site-post-title":"","ast-breadcrumbs-content":"","ast-featured-img":"","footer-sml-layout":"","ast-disable-related-posts":"","theme-transparent-header-meta":"default","adv-header-id-meta":"","stick-header-meta":"","header-above-stick-meta":"","header-main-stick-meta":"","header-below-stick-meta":"","astra-migrate-meta-layouts":"default","ast-page-background-enabled":"default","ast-page-background-meta":{"desktop":{"background-color":"","background-image":"","background-repeat":"repeat","background-position":"center center","background-size":"auto","background-attachment":"scroll","background-type":"","background-media":"","overlay-type":"","overlay-color":"","overlay-opacity":"","overlay-gradient":""},"tablet":{"background-color":"","background-image":"","background-repeat":"repeat","background-position":"center center","background-size":"auto","background-attachment":"scroll","background-type":"","background-media":"","overlay-type":"","overlay-color":"","overlay-opacity":"","overlay-gradient":""},"mobile":{"background-color":"","background-image":"","background-repeat":"repeat","background-position":"center center","background-size":"auto","background-attachment":"scroll","background-type":"","background-media":"","overlay-type":"","overlay-color":"","overlay-opacity":"","overlay-gradient":""}},"ast-content-background-meta":{"desktop":{"background-color":"var(--ast-global-color-5)","background-image":"","background-repeat":"repeat","background-position":"center center","background-size":"auto","background-attachment":"scroll","background-type":"","background-media":"","overlay-type":"","overlay-color":"","overlay-opacity":"","overlay-gradient":""},"tablet":{"background-color":"var(--ast-global-color-5)","background-image":"","background-repeat":"repeat","background-position":"center center","background-size":"auto","background-attachment":"scroll","background-type":"","background-media":"","overlay-type":"","overlay-color":"","overlay-opacity":"","overlay-gradient":""},"mobile":{"background-color":"var(--ast-global-color-5)","background-image":"","background-repeat":"repeat","background-position":"center center","background-size":"auto","background-attachment":"scroll","background-type":"","background-media":"","overlay-type":"","overlay-color":"","overlay-opacity":"","overlay-gradient":""}}},"product_brand":[],"product_cat":[441],"product_tag":[1335],"class_list":{"0":"post-8332","1":"product","2":"type-product","3":"status-publish","4":"has-post-thumbnail","6":"product_cat-peptideo-urogenital","7":"product_tag-alarelin-acetate-gnrh-a-cas-79561-22-1-for-promote-ovulation-and-treat-infertility-caused-by-abnormal-ovarian-function-pt-br","8":"desktop-align-left","9":"tablet-align-left","10":"mobile-align-left","12":"first","13":"instock","14":"shipping-taxable","15":"product-type-simple"},"_links":{"self":[{"href":"https:\/\/puyapeptide.net\/pt-br\/wp-json\/wp\/v2\/product\/8332","targetHints":{"allow":["GET"]}}],"collection":[{"href":"https:\/\/puyapeptide.net\/pt-br\/wp-json\/wp\/v2\/product"}],"about":[{"href":"https:\/\/puyapeptide.net\/pt-br\/wp-json\/wp\/v2\/types\/product"}],"replies":[{"embeddable":true,"href":"https:\/\/puyapeptide.net\/pt-br\/wp-json\/wp\/v2\/comments?post=8332"}],"wp:featuredmedia":[{"embeddable":true,"href":"https:\/\/puyapeptide.net\/pt-br\/wp-json\/wp\/v2\/media\/2129"}],"wp:attachment":[{"href":"https:\/\/puyapeptide.net\/pt-br\/wp-json\/wp\/v2\/media?parent=8332"}],"wp:term":[{"taxonomy":"product_brand","embeddable":true,"href":"https:\/\/puyapeptide.net\/pt-br\/wp-json\/wp\/v2\/product_brand?post=8332"},{"taxonomy":"product_cat","embeddable":true,"href":"https:\/\/puyapeptide.net\/pt-br\/wp-json\/wp\/v2\/product_cat?post=8332"},{"taxonomy":"product_tag","embeddable":true,"href":"https:\/\/puyapeptide.net\/pt-br\/wp-json\/wp\/v2\/product_tag?post=8332"}],"curies":[{"name":"wp","href":"https:\/\/api.w.org\/{rel}","templated":true}]}}