{"id":8402,"date":"2021-12-16T13:28:00","date_gmt":"2021-12-16T18:28:00","guid":{"rendered":"https:\/\/puyapeptide.net\/product\/lisiraglide-cas-320367-13-3-e-um-agonista-do-receptor-do-peptideo-semelhante-ao-glucagon-1-glp-1\/"},"modified":"2021-12-16T13:28:00","modified_gmt":"2021-12-16T18:28:00","slug":"lisiraglide-cas-320367-13-3-e-um-agonista-do-receptor-do-peptideo-semelhante-ao-glucagon-1-glp-1","status":"publish","type":"product","link":"https:\/\/puyapeptide.net\/pt-br\/product\/lisiraglide-cas-320367-13-3-e-um-agonista-do-receptor-do-peptideo-semelhante-ao-glucagon-1-glp-1\/","title":{"rendered":"Lisiraglide CAS 320367-13-3 \u00e9 um agonista do receptor do pept\u00eddeo semelhante ao glucagon-1 (GLP-1)"},"content":{"rendered":"<h2><strong>Lisiraglide CAS 320367-13-3 \u00e9 um agonista do receptor do pept\u00eddeo semelhante ao glucagon-1 (GLP-1)<\/strong><\/h2>\n<p> Nome do produto: Lixisenatida<br \/>\n Sin\u00f4nimos: Lixisenatida,&gt; 98%; lixisenatida; Lixisenatida | Acetato de lixisenatida; Acetato de lixisenatida; Lixisenatida USP \/ EP \/ BP<br \/>\n CAS: 320367-13-3<br \/>\n MF: C215H347N<br \/>\n MW: 4858,53<br \/>\n EINECS:<br \/>\n Categorias de produtos:<br \/>\n Arquivo Mol: 320367-13-3.mol <\/p>\n<p> Lisiraglide \u00e9 um pept\u00eddeo-1 semelhante ao glucagon (GLP-1) agonista do receptor, um horm\u00f4nio que ajuda a normalizar os n\u00edveis de a\u00e7\u00facar no sangue. A seguran\u00e7a e efic\u00e1cia do medicamento foram avaliadas em 10 ensaios cl\u00ednicos que envolveram um total de 5.400 pacientes com diabetes tipo 2. Nestes ensaios, a lisiramida foi avaliada como monoterapia e em combina\u00e7\u00e3o com outros medicamentos para diabetes aprovados pela FDA, incluindo metformina, sulfonilureias, pioglitazona e insulina basal. Nestes ensaios, o uso de lisiramida melhorou os n\u00edveis de hemoglobina glicada (um indicador dos n\u00edveis de glicose no sangue). Al\u00e9m disso, mais de 6.000 pacientes com diabetes tipo 2 em risco de doen\u00e7a cardiovascular ateroscler\u00f3tica foram tratados com lisiramida ou placebo no Cardiovascular Outcomes Trial. O uso de lisiramida nesses pacientes n\u00e3o aumentou o risco de eventos cardiovasculares adversos. Lisiragide n\u00e3o deve ser usada para tratar pacientes com diabetes tipo 1 ou pacientes com aumento de cetonas ou urina no sangue (cetoacidose diab\u00e9tica). Os efeitos colaterais mais comuns associados \u00e0 lisiramida s\u00e3o n\u00e1useas, v\u00f4mitos, dor de cabe\u00e7a, diarreia e tontura. A hipoglicemia \u00e9 outro efeito colateral comum em pacientes tratados com lisiramida e outros medicamentos antidiab\u00e9ticos, como sulfonilureias e \/ ou cultura basal. Al\u00e9m disso, rea\u00e7\u00f5es de hipersensibilidade graves (incluindo hipersensibilidade) foram relatadas em ensaios cl\u00ednicos com Lisiragib. <\/p>\n<p> A lixisenatida \u00e9 um medicamento atualmente usado para tratar diabetes e tamb\u00e9m \u00e9 um agonista do receptor de GLP-1. A lixisenatida (Lyxumia) foi aprovada para comercializa\u00e7\u00e3o na Europa em 2013 e \u00e9 um tratamento diab\u00e9tico injet\u00e1vel \u00e0 base de lixisenatida, administrado uma vez ao dia, junto com outros medicamentos ou insulina, para pacientes cujos n\u00edveis de glicose no sangue s\u00f3 podem ser controlados por medicamentos. &lt; &amp;&gt;<br \/>\n <strong>Nota de Lisiraglide CAS 320367-13-3<\/strong><br \/>\n Apenas para uso em pesquisa, n\u00e3o para uso em humanos<\/p>\n","protected":false},"excerpt":{"rendered":"<p>Nome do produto: Lixisenatida<br \/>\n Acetato; Lixisenatida USP \/ EP \/ BP<br \/>\n CAS: 320367-13-3<br \/>\n MF: C215H347N61O65S<br \/>\n MW: 4858.53<br \/>\n Arquivo Mol: 320367-13-3.mol<\/p>\n","protected":false},"featured_media":2108,"comment_status":"open","ping_status":"closed","template":"","meta":{"om_disable_all_campaigns":false,"_monsterinsights_skip_tracking":false,"_monsterinsights_sitenote_active":false,"_monsterinsights_sitenote_note":"","_monsterinsights_sitenote_category":0,"site-sidebar-layout":"default","site-content-layout":"default","ast-site-content-layout":"default","site-content-style":"default","site-sidebar-style":"default","ast-global-header-display":"","ast-banner-title-visibility":"","ast-main-header-display":"","ast-hfb-above-header-display":"","ast-hfb-below-header-display":"","ast-hfb-mobile-header-display":"","site-post-title":"","ast-breadcrumbs-content":"","ast-featured-img":"","footer-sml-layout":"","ast-disable-related-posts":"","theme-transparent-header-meta":"default","adv-header-id-meta":"","stick-header-meta":"","header-above-stick-meta":"","header-main-stick-meta":"","header-below-stick-meta":"","astra-migrate-meta-layouts":"default","ast-page-background-enabled":"default","ast-page-background-meta":{"desktop":{"background-color":"","background-image":"","background-repeat":"repeat","background-position":"center center","background-size":"auto","background-attachment":"scroll","background-type":"","background-media":"","overlay-type":"","overlay-color":"","overlay-opacity":"","overlay-gradient":""},"tablet":{"background-color":"","background-image":"","background-repeat":"repeat","background-position":"center center","background-size":"auto","background-attachment":"scroll","background-type":"","background-media":"","overlay-type":"","overlay-color":"","overlay-opacity":"","overlay-gradient":""},"mobile":{"background-color":"","background-image":"","background-repeat":"repeat","background-position":"center center","background-size":"auto","background-attachment":"scroll","background-type":"","background-media":"","overlay-type":"","overlay-color":"","overlay-opacity":"","overlay-gradient":""}},"ast-content-background-meta":{"desktop":{"background-color":"var(--ast-global-color-5)","background-image":"","background-repeat":"repeat","background-position":"center center","background-size":"auto","background-attachment":"scroll","background-type":"","background-media":"","overlay-type":"","overlay-color":"","overlay-opacity":"","overlay-gradient":""},"tablet":{"background-color":"var(--ast-global-color-5)","background-image":"","background-repeat":"repeat","background-position":"center center","background-size":"auto","background-attachment":"scroll","background-type":"","background-media":"","overlay-type":"","overlay-color":"","overlay-opacity":"","overlay-gradient":""},"mobile":{"background-color":"var(--ast-global-color-5)","background-image":"","background-repeat":"repeat","background-position":"center center","background-size":"auto","background-attachment":"scroll","background-type":"","background-media":"","overlay-type":"","overlay-color":"","overlay-opacity":"","overlay-gradient":""}}},"product_brand":[],"product_cat":[357],"product_tag":[1274],"class_list":{"0":"post-8402","1":"product","2":"type-product","3":"status-publish","4":"has-post-thumbnail","6":"product_cat-peptideo-diabetes","7":"product_tag-lisiraglide-cas-320367-13-3-is-a-glucagon-like-peptide-1-glp-1-receptor-agonist-pt-br","8":"desktop-align-left","9":"tablet-align-left","10":"mobile-align-left","12":"first","13":"instock","14":"shipping-taxable","15":"product-type-simple"},"_links":{"self":[{"href":"https:\/\/puyapeptide.net\/pt-br\/wp-json\/wp\/v2\/product\/8402","targetHints":{"allow":["GET"]}}],"collection":[{"href":"https:\/\/puyapeptide.net\/pt-br\/wp-json\/wp\/v2\/product"}],"about":[{"href":"https:\/\/puyapeptide.net\/pt-br\/wp-json\/wp\/v2\/types\/product"}],"replies":[{"embeddable":true,"href":"https:\/\/puyapeptide.net\/pt-br\/wp-json\/wp\/v2\/comments?post=8402"}],"wp:featuredmedia":[{"embeddable":true,"href":"https:\/\/puyapeptide.net\/pt-br\/wp-json\/wp\/v2\/media\/2108"}],"wp:attachment":[{"href":"https:\/\/puyapeptide.net\/pt-br\/wp-json\/wp\/v2\/media?parent=8402"}],"wp:term":[{"taxonomy":"product_brand","embeddable":true,"href":"https:\/\/puyapeptide.net\/pt-br\/wp-json\/wp\/v2\/product_brand?post=8402"},{"taxonomy":"product_cat","embeddable":true,"href":"https:\/\/puyapeptide.net\/pt-br\/wp-json\/wp\/v2\/product_cat?post=8402"},{"taxonomy":"product_tag","embeddable":true,"href":"https:\/\/puyapeptide.net\/pt-br\/wp-json\/wp\/v2\/product_tag?post=8402"}],"curies":[{"name":"wp","href":"https:\/\/api.w.org\/{rel}","templated":true}]}}