{"id":8445,"date":"2021-12-16T13:30:17","date_gmt":"2021-12-16T18:30:17","guid":{"rendered":"https:\/\/puyapeptide.net\/product\/oxitocina-%ce%b1-hipofamina-hormonio-oxitocico-cas-50-56-6-e-um-peptideo-hipotalamico-pleiotropico-que-contribui-para-o-parto-lactacao-e-comportamento-pro-social\/"},"modified":"2021-12-16T13:30:17","modified_gmt":"2021-12-16T18:30:17","slug":"oxitocina-%ce%b1-hipofamina-hormonio-oxitocico-cas-50-56-6-e-um-peptideo-hipotalamico-pleiotropico-que-contribui-para-o-parto-lactacao-e-comportamento-pro-social","status":"publish","type":"product","link":"https:\/\/puyapeptide.net\/pt-br\/product\/oxitocina-%ce%b1-hipofamina-hormonio-oxitocico-cas-50-56-6-e-um-peptideo-hipotalamico-pleiotropico-que-contribui-para-o-parto-lactacao-e-comportamento-pro-social\/","title":{"rendered":"Oxitocina (\u03b1-hipofamina; horm\u00f4nio oxit\u00f3cico) CAS 50-56-6 \u00e9 um pept\u00eddeo hipotal\u00e2mico pleiotr\u00f3pico que contribui para o parto, lacta\u00e7\u00e3o e comportamento pr\u00f3-social."},"content":{"rendered":"<h2><strong>Oxitocina (\u03b1-hipofamina; horm\u00f4nio oxit\u00f3cico) CAS 50-56-6 \u00e9 um pept\u00eddeo hipotal\u00e2mico pleiotr\u00f3pico que contribui para o parto, lacta\u00e7\u00e3o e comportamento pr\u00f3-social<\/strong><\/h2>\n<p> Nome do produto: oxitocina<br \/>\n Sin\u00f4nimos: (1-hemicistina) -oxitocina; 3-isoleucina-8-leucinevasopressina; atonino; c\u00edclico (1-6) -di \/\/\/; di-sipidina; endopituitrina; glicinamida, l-cisteinil-l-tirosil-l-isoleucil-l-glutaminil-l-asparaginil-l-cys; nobitocinas<br \/>\n CAS: 50-56-6<br \/>\n MF: C43H66N12O12S2<br \/>\n MW: 1007,19<br \/>\n EINECS: 200-048-4<br \/>\n Categorias de produtos: Derivados de amino\u00e1cidos; Org\u00e2nicos; Amino\u00e1cidos 13C, 2H, 15N; Pept\u00eddeo; Amino\u00e1cidos e derivados; Intermedi\u00e1rios e produtos qu\u00edmicos finos; Farmac\u00eauticos; Receptores de vasopressina e oxitocina; Receptores de pept\u00eddeos ; pept\u00eddeos para uso em parto; Medicamentos veterin\u00e1rios<br \/>\n Mol File: 50-56-6.mol <\/p>\n<p> A oxitocina (OT) \u00e9 um tipo de medicamento para contra\u00e7\u00e3o uterina e pode ser derivado da hip\u00f3fise posterior do animal ou sintetizado quimicamente.<br \/>\n A oxitocina \u00e9 uma droga contra a contra\u00e7\u00e3o uterina que \u00e9 usada principalmente na indu\u00e7\u00e3o tardia da gravidez e no parto estagnado devido \u00e0s contra\u00e7\u00f5es uterinas fracas. Adequado para induzir o parto e aliviar a dor. Normalmente usado com prepara\u00e7\u00f5es de cravagem para ser usado na indu\u00e7\u00e3o do trabalho de parto, acelera\u00e7\u00e3o do parto e no sangramento uterino devido a fracas contra\u00e7\u00f5es uterinas ap\u00f3s o nascimento ou nascimento morto. As gotas nasais podem ser usadas para promover a lacta\u00e7\u00e3o. <\/p>\n<p> <strong>Propriedades qu\u00edmicas da oxitocina CAS 50-56-6<\/strong><br \/>\n Propriedades qu\u00edmicas da oxitocina<br \/>\n Ponto de fus\u00e3o 192-194 \u00b0 C<br \/>\n alfa D22 -26,2 \u00b0 (c = 0,53)<br \/>\n densidade 1,1086 (estimativa aproximada)<br \/>\n \u00edndice de refra\u00e7\u00e3o 1,6700 (estimativa)<br \/>\n temp. 2-8 \u00b0 C<br \/>\n solubilidade Muito sol\u00favel em \u00e1gua. Ele se dissolve em solu\u00e7\u00f5es dilu\u00eddas de \u00e1cido ac\u00e9tico e de etanol (96 por cento).<br \/>\n Forma p\u00f3 liofilizado<br \/>\n pka pKa \uff5e 6.1 (grupo amino livre em Cys) (ocasionalmente); \uff5e 10 (fenol livre em Tyr) ( Ocasionalmente)<br \/>\n cor Branco<br \/>\n Solubilidade em \u00e1gua Sol\u00favel em \u00e1gua.<br \/>\n Merck 13,7049<br \/>\n BRN 3586108<br \/>\n InChIKey DSZOEVVLZMNAEH-BXUJZNQYSA-N<br \/>\n Refer\u00eancia CAS DataBase 50-56-6 (CAS Refer\u00eancia do banco de dados) <\/p>\n<p> <strong>Usos da ocitocina CAS 50-56-6<\/strong><br \/>\n 1. A ocitocina \u00e9 o principal horm\u00f4nio de contra\u00e7\u00e3o uterina e estimulador da lacta\u00e7\u00e3o da gl\u00e2ndula pituit\u00e1ria posterior.<br \/>\n 2. A ocitocina \u00e9 um horm\u00f4nio n\u00e3o pept\u00eddeo sintetizado principalmente em neur\u00f4nios magnocelulares dos n\u00facleos paraventricular e supra\u00f3ptico do hipot\u00e1lamo. \u00c9 mais conhecido por seu papel em estimular a contra\u00e7\u00e3o uterina e a lacta\u00e7\u00e3o e \u00e9 importante para a mem\u00f3ria social e apego, comportamento sexual e materno e agress\u00e3o. Al\u00e9m disso, tem sido implicado em v\u00e1rios comportamentos n\u00e3o sociais, incluindo aprendizagem, ansiedade, alimenta\u00e7\u00e3o e percep\u00e7\u00e3o de dor.<\/p>\n","protected":false},"excerpt":{"rendered":"<p>Nome do produto: Oxitocina<br \/>\n CAS: 50-56-6<br \/>\n MF: C43H66N12O12S2<br \/>\n MW: 1007,19<br \/>\n EINECS: 200-048-4<br \/>\n Arquivo Mol: 50-56-6.mol<\/p>\n","protected":false},"featured_media":2171,"comment_status":"open","ping_status":"closed","template":"","meta":{"om_disable_all_campaigns":false,"_monsterinsights_skip_tracking":false,"_monsterinsights_sitenote_active":false,"_monsterinsights_sitenote_note":"","_monsterinsights_sitenote_category":0,"site-sidebar-layout":"default","site-content-layout":"default","ast-site-content-layout":"default","site-content-style":"default","site-sidebar-style":"default","ast-global-header-display":"","ast-banner-title-visibility":"","ast-main-header-display":"","ast-hfb-above-header-display":"","ast-hfb-below-header-display":"","ast-hfb-mobile-header-display":"","site-post-title":"","ast-breadcrumbs-content":"","ast-featured-img":"","footer-sml-layout":"","ast-disable-related-posts":"","theme-transparent-header-meta":"default","adv-header-id-meta":"","stick-header-meta":"","header-above-stick-meta":"","header-main-stick-meta":"","header-below-stick-meta":"","astra-migrate-meta-layouts":"default","ast-page-background-enabled":"default","ast-page-background-meta":{"desktop":{"background-color":"","background-image":"","background-repeat":"repeat","background-position":"center center","background-size":"auto","background-attachment":"scroll","background-type":"","background-media":"","overlay-type":"","overlay-color":"","overlay-opacity":"","overlay-gradient":""},"tablet":{"background-color":"","background-image":"","background-repeat":"repeat","background-position":"center center","background-size":"auto","background-attachment":"scroll","background-type":"","background-media":"","overlay-type":"","overlay-color":"","overlay-opacity":"","overlay-gradient":""},"mobile":{"background-color":"","background-image":"","background-repeat":"repeat","background-position":"center center","background-size":"auto","background-attachment":"scroll","background-type":"","background-media":"","overlay-type":"","overlay-color":"","overlay-opacity":"","overlay-gradient":""}},"ast-content-background-meta":{"desktop":{"background-color":"var(--ast-global-color-5)","background-image":"","background-repeat":"repeat","background-position":"center center","background-size":"auto","background-attachment":"scroll","background-type":"","background-media":"","overlay-type":"","overlay-color":"","overlay-opacity":"","overlay-gradient":""},"tablet":{"background-color":"var(--ast-global-color-5)","background-image":"","background-repeat":"repeat","background-position":"center center","background-size":"auto","background-attachment":"scroll","background-type":"","background-media":"","overlay-type":"","overlay-color":"","overlay-opacity":"","overlay-gradient":""},"mobile":{"background-color":"var(--ast-global-color-5)","background-image":"","background-repeat":"repeat","background-position":"center center","background-size":"auto","background-attachment":"scroll","background-type":"","background-media":"","overlay-type":"","overlay-color":"","overlay-opacity":"","overlay-gradient":""}}},"product_brand":[],"product_cat":[441],"product_tag":[],"class_list":{"0":"post-8445","1":"product","2":"type-product","3":"status-publish","4":"has-post-thumbnail","6":"product_cat-peptideo-urogenital","7":"desktop-align-left","8":"tablet-align-left","9":"mobile-align-left","11":"first","12":"instock","13":"shipping-taxable","14":"product-type-simple"},"_links":{"self":[{"href":"https:\/\/puyapeptide.net\/pt-br\/wp-json\/wp\/v2\/product\/8445","targetHints":{"allow":["GET"]}}],"collection":[{"href":"https:\/\/puyapeptide.net\/pt-br\/wp-json\/wp\/v2\/product"}],"about":[{"href":"https:\/\/puyapeptide.net\/pt-br\/wp-json\/wp\/v2\/types\/product"}],"replies":[{"embeddable":true,"href":"https:\/\/puyapeptide.net\/pt-br\/wp-json\/wp\/v2\/comments?post=8445"}],"wp:featuredmedia":[{"embeddable":true,"href":"https:\/\/puyapeptide.net\/pt-br\/wp-json\/wp\/v2\/media\/2171"}],"wp:attachment":[{"href":"https:\/\/puyapeptide.net\/pt-br\/wp-json\/wp\/v2\/media?parent=8445"}],"wp:term":[{"taxonomy":"product_brand","embeddable":true,"href":"https:\/\/puyapeptide.net\/pt-br\/wp-json\/wp\/v2\/product_brand?post=8445"},{"taxonomy":"product_cat","embeddable":true,"href":"https:\/\/puyapeptide.net\/pt-br\/wp-json\/wp\/v2\/product_cat?post=8445"},{"taxonomy":"product_tag","embeddable":true,"href":"https:\/\/puyapeptide.net\/pt-br\/wp-json\/wp\/v2\/product_tag?post=8445"}],"curies":[{"name":"wp","href":"https:\/\/api.w.org\/{rel}","templated":true}]}}