{"id":8467,"date":"2021-12-16T13:31:29","date_gmt":"2021-12-16T18:31:29","guid":{"rendered":"https:\/\/puyapeptide.net\/product\/atosiban-cas-90779-69-4-de-alta-qualidade-e-um-antagonista-do-receptor-v1a-de-contratina-e-pressina-combinados\/"},"modified":"2021-12-16T13:31:29","modified_gmt":"2021-12-16T18:31:29","slug":"atosiban-cas-90779-69-4-de-alta-qualidade-e-um-antagonista-do-receptor-v1a-de-contratina-e-pressina-combinados","status":"publish","type":"product","link":"https:\/\/puyapeptide.net\/pt-br\/product\/atosiban-cas-90779-69-4-de-alta-qualidade-e-um-antagonista-do-receptor-v1a-de-contratina-e-pressina-combinados\/","title":{"rendered":"Atosiban CAS 90779-69-4 de alta qualidade \u00e9 um antagonista do receptor V1A de contratina e pressina combinados"},"content":{"rendered":"<h2><strong>Atosiban CAS 90779-69-4 de alta qualidade \u00e9 um antagonista do receptor V1A de contratina e pressina combinados<\/strong><\/h2>\n<p> Nome do produto: Atosiban<br \/>\n Sin\u00f4nimos: RW-22164; RW-22164; RWJ-22164; Atosiban Impurtiy; pre\u00e7o do atosiban; 1-deamino-2d-tyr- (oet) -4-thr-8-orn- oxitocina; oxitocina, \u00e1cido 1- (3-mercaptopropan\u00f3ico) -2- (o-etil-d-tirosina) -4-l-treonina-8-l; rwj22164; ACETATO DE ATOSIBAN<br \/>\n CAS: 90779-69-4 &lt;&amp; &gt; MF: C43H67N11O12S2<br \/>\n MW: 994.19<br \/>\n EINECS: 806-815-5<br \/>\n Categorias de produtos: horm\u00f4nios; Pept\u00eddeo<br \/>\n Arquivo Mol: 90779-69-4.mol <\/p>\n<p> Atosiban era introduzido no Reino Unido como um inibidor injet\u00e1vel do trabalho de parto prematuro, uma das principais causas de morbidade e mortalidade infantil. Este an\u00e1logo pept\u00eddico da oxitocina \u00e9 um antagonista do receptor V1a da vasopressina e do receptor da oxitocina, que se encontra em concentra\u00e7\u00e3o dramaticamente aumentada no miom\u00e9trio uterino de mulheres gr\u00e1vidas pr\u00f3ximas ao termo. Inibiu competitivamente as contra\u00e7\u00f5es no \u00fatero da cobaia gr\u00e1vida induzidas por oxitocina e vasopressina. Em um estudo multic\u00eantrico, duplo-cego e controlado por placebo, o tratamento com atosiban causou o prolongamento da gravidez por at\u00e9 7 dias em mulheres com mais de 28 semanas de gesta\u00e7\u00e3o. Num ensaio cl\u00ednico comparativo, o atosiban mostrou uma a\u00e7\u00e3o tocol\u00edtica compar\u00e1vel (relaxante uterino) \u00e0 ritodrina, mas o primeiro foi significativamente melhor tolerado, especialmente no que diz respeito aos efeitos secund\u00e1rios cardiovasculares maternos. Em volunt\u00e1rios saud\u00e1veis, os n\u00edveis plasm\u00e1ticos de atosiban diminu\u00edram bi-exponencialmente com uma meia-vida inicial e terminal de 21 min e 1,7 h, respectivamente. <\/p>\n<p> O atosiban \u00e9 um antagonista do receptor combinado da contratina e da pressina V1A. A estrutura do receptor da contratina e do receptor V1A da pressina \u00e9 semelhante. Quando o receptor do horm\u00f4nio contr\u00e1til \u00e9 bloqueado, o horm\u00f4nio contr\u00e1til ainda pode atuar atrav\u00e9s do receptor V1A, portanto, \u00e9 necess\u00e1rio bloquear as duas vias de a\u00e7\u00e3o do receptor acima quando o mesmo Chemicalbook \u00e9 usado, e um \u00fanico antagonismo de um receptor pode inibir efetivamente a contra\u00e7\u00e3o uterina. Esta \u00e9 uma das principais raz\u00f5es pelas quais os beta-agonistas, bloqueadores dos canais de c\u00e1lcio e inibidores da prostaglandina sintase n\u00e3o inibem efetivamente as contra\u00e7\u00f5es uterinas. <\/p>\n<p> <strong>Atosiban CAS 90779-69-4 Propriedades qu\u00edmicas<\/strong><br \/>\n Ponto de ebuli\u00e7\u00e3o 1469,0 \u00b1 65,0 \u00b0 C. (Previsto)<br \/>\n densidade 1,254 \u00b1 0,06 g \/ cm3 (Previsto)<br \/>\n temperatura de armazenamento. -20 \u00b0 C<br \/>\n solubilidade H2O: \u2264100 mg \/ mL<br \/>\n forma s\u00f3lida<br \/>\n pka 12,81 \u00b1 0,70 (previsto)<br \/>\n CAS DataBase Reference 90779-69-4 (CAS DataBase Reference)<br \/>\n &lt; &amp;&gt; <strong>Fun\u00e7\u00e3o e aplica\u00e7\u00e3o do Atosiban CAS 90779-69-4<\/strong><br \/>\n 1. Trabalho de parto prematuro<br \/>\n 2. O atosiban \u00e9 um agente bloqueador do receptor de oxitocina no tratamento da endometriose experimental e demonstrou exibir uma efici\u00eancia terap\u00eautica significativa. <\/p>\n<p> Atosiban Anticancer Research Os efeitos antitumorais do \u00f3leo essencial de O. falcata foram testados em tumores s\u00f3lidos de murina H22 transplantados in vivo . A inibi\u00e7\u00e3o do crescimento em tumores s\u00f3lidos H22 foi moderada (Yang et al. 2013).<\/p>\n","protected":false},"excerpt":{"rendered":"<p>Nome do produto: Atosiban<br \/>\n CAS: 90779-69-4<br \/>\n MF: C43H67N11O12S2<br \/>\n MW: 994.19<br \/>\n EINECS: 806-815-5<br \/>\n Arquivo Mol: 90779-69-4.mol<\/p>\n","protected":false},"featured_media":2129,"comment_status":"open","ping_status":"closed","template":"","meta":{"om_disable_all_campaigns":false,"_monsterinsights_skip_tracking":false,"_monsterinsights_sitenote_active":false,"_monsterinsights_sitenote_note":"","_monsterinsights_sitenote_category":0,"site-sidebar-layout":"default","site-content-layout":"default","ast-site-content-layout":"default","site-content-style":"default","site-sidebar-style":"default","ast-global-header-display":"","ast-banner-title-visibility":"","ast-main-header-display":"","ast-hfb-above-header-display":"","ast-hfb-below-header-display":"","ast-hfb-mobile-header-display":"","site-post-title":"","ast-breadcrumbs-content":"","ast-featured-img":"","footer-sml-layout":"","ast-disable-related-posts":"","theme-transparent-header-meta":"default","adv-header-id-meta":"","stick-header-meta":"","header-above-stick-meta":"","header-main-stick-meta":"","header-below-stick-meta":"","astra-migrate-meta-layouts":"default","ast-page-background-enabled":"default","ast-page-background-meta":{"desktop":{"background-color":"","background-image":"","background-repeat":"repeat","background-position":"center center","background-size":"auto","background-attachment":"scroll","background-type":"","background-media":"","overlay-type":"","overlay-color":"","overlay-opacity":"","overlay-gradient":""},"tablet":{"background-color":"","background-image":"","background-repeat":"repeat","background-position":"center center","background-size":"auto","background-attachment":"scroll","background-type":"","background-media":"","overlay-type":"","overlay-color":"","overlay-opacity":"","overlay-gradient":""},"mobile":{"background-color":"","background-image":"","background-repeat":"repeat","background-position":"center center","background-size":"auto","background-attachment":"scroll","background-type":"","background-media":"","overlay-type":"","overlay-color":"","overlay-opacity":"","overlay-gradient":""}},"ast-content-background-meta":{"desktop":{"background-color":"var(--ast-global-color-5)","background-image":"","background-repeat":"repeat","background-position":"center center","background-size":"auto","background-attachment":"scroll","background-type":"","background-media":"","overlay-type":"","overlay-color":"","overlay-opacity":"","overlay-gradient":""},"tablet":{"background-color":"var(--ast-global-color-5)","background-image":"","background-repeat":"repeat","background-position":"center center","background-size":"auto","background-attachment":"scroll","background-type":"","background-media":"","overlay-type":"","overlay-color":"","overlay-opacity":"","overlay-gradient":""},"mobile":{"background-color":"var(--ast-global-color-5)","background-image":"","background-repeat":"repeat","background-position":"center center","background-size":"auto","background-attachment":"scroll","background-type":"","background-media":"","overlay-type":"","overlay-color":"","overlay-opacity":"","overlay-gradient":""}}},"product_brand":[],"product_cat":[441],"product_tag":[1230],"class_list":{"0":"post-8467","1":"product","2":"type-product","3":"status-publish","4":"has-post-thumbnail","6":"product_cat-peptideo-urogenital","7":"product_tag-high-quality-atosiban-cas-90779-69-4-is-a-combined-contractin-and-pressin-v1a-receptor-antagonist-pt-br","8":"desktop-align-left","9":"tablet-align-left","10":"mobile-align-left","12":"first","13":"instock","14":"shipping-taxable","15":"product-type-simple"},"_links":{"self":[{"href":"https:\/\/puyapeptide.net\/pt-br\/wp-json\/wp\/v2\/product\/8467","targetHints":{"allow":["GET"]}}],"collection":[{"href":"https:\/\/puyapeptide.net\/pt-br\/wp-json\/wp\/v2\/product"}],"about":[{"href":"https:\/\/puyapeptide.net\/pt-br\/wp-json\/wp\/v2\/types\/product"}],"replies":[{"embeddable":true,"href":"https:\/\/puyapeptide.net\/pt-br\/wp-json\/wp\/v2\/comments?post=8467"}],"wp:featuredmedia":[{"embeddable":true,"href":"https:\/\/puyapeptide.net\/pt-br\/wp-json\/wp\/v2\/media\/2129"}],"wp:attachment":[{"href":"https:\/\/puyapeptide.net\/pt-br\/wp-json\/wp\/v2\/media?parent=8467"}],"wp:term":[{"taxonomy":"product_brand","embeddable":true,"href":"https:\/\/puyapeptide.net\/pt-br\/wp-json\/wp\/v2\/product_brand?post=8467"},{"taxonomy":"product_cat","embeddable":true,"href":"https:\/\/puyapeptide.net\/pt-br\/wp-json\/wp\/v2\/product_cat?post=8467"},{"taxonomy":"product_tag","embeddable":true,"href":"https:\/\/puyapeptide.net\/pt-br\/wp-json\/wp\/v2\/product_tag?post=8467"}],"curies":[{"name":"wp","href":"https:\/\/api.w.org\/{rel}","templated":true}]}}