{"id":8491,"date":"2021-12-17T01:42:56","date_gmt":"2021-12-17T06:42:56","guid":{"rendered":"https:\/\/puyapeptide.net\/product\/puya-abastecimento-lypressin-cas-50-57-7-de-alta-qualidade\/"},"modified":"2021-12-17T01:42:56","modified_gmt":"2021-12-17T06:42:56","slug":"puya-abastecimento-lypressin-cas-50-57-7-de-alta-qualidade","status":"publish","type":"product","link":"https:\/\/puyapeptide.net\/pt-br\/product\/puya-abastecimento-lypressin-cas-50-57-7-de-alta-qualidade\/","title":{"rendered":"Puya Abastecimento Lypressin CAS 50-57-7 de Alta Qualidade"},"content":{"rendered":"<h2><strong>Puya Abastecimento Lypressin CAS 50-57-7 de Alta Qualidade<\/strong><\/h2>\n<p> Nome do produto: Lypressina<br \/>\n Sin\u00f4nimos: Lisipressina; Acetato de Lispessina; (8-lisina) vasopressina; 8-l-lisina-vasopressi; CYFQNCPKG-NH2; LISINA VASOPRESSINA; [LYS8] -VASOPRESSINA: LYPRESSINA &lt;&amp; LYPRESSINA 50-57-7<br \/>\n MF: C46H65N13O12S2<br \/>\n MW: 1056,22<br \/>\n EINECS: 200-050-5<br \/>\n Categorias de produtos: horm\u00f4nios; Outros APIs; Derivados de amino\u00e1cidos; Pept\u00eddeo<br \/>\n Arquivo Mol: 50 -57-7.mol <\/p>\n<p> A lpressina \u00e9 8-L-lisina vasopressina sint\u00e9tica, um polipept\u00eddeo semelhante ao ADH. O an\u00e1logo da lisina \u00e9 considerado mais est\u00e1vel e \u00e9 rapidamente absorvido pela mucosa tenasal. A lpressina (Diapid) est\u00e1 farmaceuticamente dispon\u00edvel como solu\u00e7\u00e3o t\u00f3pica, spray, 50 unidades pressoras (185 g) \/ mL em recipientes de 5 mL. Dosagem usual, t\u00f3pica (intranasal), um ou mais sprays aplicados a uma ou ambas as narinas ou mais vezes ao dia. <\/p>\n<p> <strong>Lypressin CAS 50-57-7 Propriedades Qu\u00edmicas<\/strong><br \/>\n densidade 1,1080 (estimativa aproximada)<br \/>\n \u00edndice de refra\u00e7\u00e3o 1,6700 (estimativa)<br \/>\n temperatura de armazenamento. -20 \u00b0 C<br \/>\n InChIKey NKWAIKZITYLOMT-DHSVNZEYSA-N <\/p>\n<p> <strong>Uso de Lypressina CAS 50-57-7<\/strong><br \/>\n A principal fun\u00e7\u00e3o fisiol\u00f3gica da vasopressina \u00e9 regular o volume de fluido extracelular, promover a reabsor\u00e7\u00e3o de \u00e1gua pelos t\u00fabulos renais, contrai os vasos sangu\u00edneos e aumenta a press\u00e3o sangu\u00ednea. A vasopressina (acetato de lisfenol) \u00e9 um derivado sint\u00e9tico da vasopressina. Seus efeitos antidiur\u00e9ticos e vasoconstritores s\u00e3o relativamente leves e podem ser usados como intermedi\u00e1rio de s\u00edntese farmac\u00eautica.<\/p>\n","protected":false},"excerpt":{"rendered":"<p>Nome do produto: Lypressin<br \/>\n CAS: 50-57-7<br \/>\n MF: C46H65N13O12S2<br \/>\n MW: 1056,22<br \/>\n EINECS: 200-050-5<br \/>\n Arquivo Mol: 50-57-7.mol<\/p>\n","protected":false},"featured_media":2171,"comment_status":"open","ping_status":"closed","template":"","meta":{"om_disable_all_campaigns":false,"_monsterinsights_skip_tracking":false,"_monsterinsights_sitenote_active":false,"_monsterinsights_sitenote_note":"","_monsterinsights_sitenote_category":0,"site-sidebar-layout":"default","site-content-layout":"default","ast-site-content-layout":"default","site-content-style":"default","site-sidebar-style":"default","ast-global-header-display":"","ast-banner-title-visibility":"","ast-main-header-display":"","ast-hfb-above-header-display":"","ast-hfb-below-header-display":"","ast-hfb-mobile-header-display":"","site-post-title":"","ast-breadcrumbs-content":"","ast-featured-img":"","footer-sml-layout":"","ast-disable-related-posts":"","theme-transparent-header-meta":"default","adv-header-id-meta":"","stick-header-meta":"","header-above-stick-meta":"","header-main-stick-meta":"","header-below-stick-meta":"","astra-migrate-meta-layouts":"default","ast-page-background-enabled":"default","ast-page-background-meta":{"desktop":{"background-color":"","background-image":"","background-repeat":"repeat","background-position":"center center","background-size":"auto","background-attachment":"scroll","background-type":"","background-media":"","overlay-type":"","overlay-color":"","overlay-opacity":"","overlay-gradient":""},"tablet":{"background-color":"","background-image":"","background-repeat":"repeat","background-position":"center center","background-size":"auto","background-attachment":"scroll","background-type":"","background-media":"","overlay-type":"","overlay-color":"","overlay-opacity":"","overlay-gradient":""},"mobile":{"background-color":"","background-image":"","background-repeat":"repeat","background-position":"center center","background-size":"auto","background-attachment":"scroll","background-type":"","background-media":"","overlay-type":"","overlay-color":"","overlay-opacity":"","overlay-gradient":""}},"ast-content-background-meta":{"desktop":{"background-color":"var(--ast-global-color-5)","background-image":"","background-repeat":"repeat","background-position":"center center","background-size":"auto","background-attachment":"scroll","background-type":"","background-media":"","overlay-type":"","overlay-color":"","overlay-opacity":"","overlay-gradient":""},"tablet":{"background-color":"var(--ast-global-color-5)","background-image":"","background-repeat":"repeat","background-position":"center center","background-size":"auto","background-attachment":"scroll","background-type":"","background-media":"","overlay-type":"","overlay-color":"","overlay-opacity":"","overlay-gradient":""},"mobile":{"background-color":"var(--ast-global-color-5)","background-image":"","background-repeat":"repeat","background-position":"center center","background-size":"auto","background-attachment":"scroll","background-type":"","background-media":"","overlay-type":"","overlay-color":"","overlay-opacity":"","overlay-gradient":""}}},"product_brand":[],"product_cat":[416],"product_tag":[],"class_list":{"0":"post-8491","1":"product","2":"type-product","3":"status-publish","4":"has-post-thumbnail","6":"product_cat-peptideo-sangue-e-vascular","7":"desktop-align-left","8":"tablet-align-left","9":"mobile-align-left","11":"first","12":"instock","13":"shipping-taxable","14":"product-type-simple"},"_links":{"self":[{"href":"https:\/\/puyapeptide.net\/pt-br\/wp-json\/wp\/v2\/product\/8491","targetHints":{"allow":["GET"]}}],"collection":[{"href":"https:\/\/puyapeptide.net\/pt-br\/wp-json\/wp\/v2\/product"}],"about":[{"href":"https:\/\/puyapeptide.net\/pt-br\/wp-json\/wp\/v2\/types\/product"}],"replies":[{"embeddable":true,"href":"https:\/\/puyapeptide.net\/pt-br\/wp-json\/wp\/v2\/comments?post=8491"}],"wp:featuredmedia":[{"embeddable":true,"href":"https:\/\/puyapeptide.net\/pt-br\/wp-json\/wp\/v2\/media\/2171"}],"wp:attachment":[{"href":"https:\/\/puyapeptide.net\/pt-br\/wp-json\/wp\/v2\/media?parent=8491"}],"wp:term":[{"taxonomy":"product_brand","embeddable":true,"href":"https:\/\/puyapeptide.net\/pt-br\/wp-json\/wp\/v2\/product_brand?post=8491"},{"taxonomy":"product_cat","embeddable":true,"href":"https:\/\/puyapeptide.net\/pt-br\/wp-json\/wp\/v2\/product_cat?post=8491"},{"taxonomy":"product_tag","embeddable":true,"href":"https:\/\/puyapeptide.net\/pt-br\/wp-json\/wp\/v2\/product_tag?post=8491"}],"curies":[{"name":"wp","href":"https:\/\/api.w.org\/{rel}","templated":true}]}}