{"id":8582,"date":"2021-12-17T01:48:27","date_gmt":"2021-12-17T06:48:27","guid":{"rendered":"https:\/\/puyapeptide.net\/product\/nesiritide-bnp-32-humano-cas-124584-08-3-peptideo-natriuretico-cerebral-para-insuficiencia-cardiaca\/"},"modified":"2021-12-17T01:48:27","modified_gmt":"2021-12-17T06:48:27","slug":"nesiritide-bnp-32-humano-cas-124584-08-3-peptideo-natriuretico-cerebral-para-insuficiencia-cardiaca","status":"publish","type":"product","link":"https:\/\/puyapeptide.net\/pt-br\/product\/nesiritide-bnp-32-humano-cas-124584-08-3-peptideo-natriuretico-cerebral-para-insuficiencia-cardiaca\/","title":{"rendered":"Nesiritide \/ BNP-32 (HUMANO) CAS 124584-08-3 Pept\u00eddeo natriur\u00e9tico cerebral para insufici\u00eancia card\u00edaca"},"content":{"rendered":"<h2><strong>Nesiritide \/ BNP-32 (HUMANO) CAS 124584-08-3 Pept\u00eddeo natriur\u00e9tico cerebral para insufici\u00eancia card\u00edaca<\/strong><\/h2>\n<p> Nome do produto: Nesiritide \/ BNP-32 (HUMANO)<br \/>\n Sin\u00f4nimos: Nesiritide, Brain Natriuretic Peptide-32 human, BNP-32,&gt; 98%; BNP-32 (human) hydrochloride; Nesiritide [USAN: INN] ; SPKMVQGSGCFGRKMDRISSSSGLGCKVLRRH (PONTE DISSULFIDE: 10-26); SER-PRO-LYS-MET-VAL-GLN-GLY-SER-GLY-CYS-PHE-GLY-ARG-LYS-MET-ASP-ARG-ILE-SER-SER -SER-SER-GLY-LEU-GLY-CYS-LYS-VAL-LEU-ARG-ARG-HIS; H-SER-PRO-LYS-MET-VAL-GLN-GLY-SER-GLY-CYS-PHE-GLY -ARG-LYS-MET-ASP-ARG-ILE-SER-SER-SER-SER-GLY-LEU-GLY-CYS-LYS-VAL-LEU-ARG-ARG-HIS-OH; H-SER-PRO-LYS -MET-VAL-GLN-GLY-SER-GLY-CYS-PHE-GLY-ARG-LYS-MET-ASP-ARG-ILE-SER-SER-SER-SER-SER-GLY-LEU-GLY-CYS-LYS-VAL -LEU-ARG-ARG-HIS-OH (PONTE DISULFIDE: 10-26); PEPT\u00cdDEO NATRIUR\u00c9TICO CEREBRAL (1-32), HUMANO<br \/>\n CAS: 124584-08-3<br \/>\n MF: C143H244N50O42S4<br \/>\n MW: 3464.04<br \/>\n EINECS: 1312995-182-4<br \/>\n Categorias de produtos:<br \/>\n Arquivo Mol: 124584-08-3.mol <\/p>\n<p> Nesiritide foi introduzido nos EUA como um novo tratamento intravenoso para pacientes com insufici\u00eancia card\u00edaca congestiva agudamente descompensada que apresentam dispneia em repouso ou com atividade m\u00ednima ity. A nesiritida \u00e9 a primeira forma humana recombinante do potente pept\u00eddeo natriur\u00e9tico vasodilatador do tipo B (tamb\u00e9m conhecido como pept\u00eddeo natriur\u00e9tico cerebral), um pept\u00eddeo natural de 32 amino\u00e1cidos com uma estrutura em anel de 17 amino\u00e1cidos ligada por dissulfeto. A nesiritida liga-se ao receptor do pept\u00eddeo natriur\u00e9tico Atype na superf\u00edcie das c\u00e9lulas endoteliais e do m\u00fasculo liso, estimulando a produ\u00e7\u00e3o do segundo mensageiro cGMP, que medeia o relaxamento predominantemente das c\u00e9lulas do m\u00fasculo liso vascular. Tamb\u00e9m facilita a elimina\u00e7\u00e3o de s\u00f3dio e \u00e1gua pelos rins e diminui a secre\u00e7\u00e3o de certos horm\u00f4nios, como adrenalina, angiotensina II, aldosterona e endotelina, que provocam efeitos prejudiciais a longo prazo, incluindo constri\u00e7\u00e3o dos vasos sangu\u00edneos e eleva\u00e7\u00e3o da press\u00e3o arterial. Em ensaios cl\u00ednicos com doentes com insufici\u00eancia card\u00edaca, o nesidtide reduziu de forma dependente da dose a press\u00e3o capilar pulmonar, a press\u00e3o atrial direita e a resist\u00eancia vascular sist\u00e9mica e aumentou o \u00edndice card\u00edaco sem afectar a frequ\u00eancia card\u00edaca. O principal efeito adverso observado foi hipotens\u00e3o dependente da dose. Em um ensaio comparativo de fase III, a nesiritide foi considerada superior a iv. nitroglicerina em seus efeitos hemodin\u00e2micos, bem como mais f\u00e1cil de administrar e melhor tolerada. A nesiritida \u00e9 eliminada por clivagem proteol\u00edtica pela enzima endopeptidase neutra NEP24.11 e pela liga\u00e7\u00e3o ao receptor do pept\u00eddeo natriur\u00e9tico tipo C seguida por endocitose e hidr\u00f3lise lisossomal intracelular. Por ter meia-vida curta (18 min), a nesiritida \u00e9 administrada como uma infus\u00e3o em bolus de 21\u03bcg \/ kg seguida por uma infus\u00e3o de manuten\u00e7\u00e3o cont\u00ednua de 0,011\u03bcg \/ kg \/ min, geralmente durante 24-48 horas. <\/p>\n<p> <strong>Nesiritida \/ BNP-32 (HUMANO) CAS 124584-08-3 Propriedades qu\u00edmicas<\/strong><br \/>\n BNP-32 (HUMANO) Propriedades qu\u00edmicas<br \/>\n densidade 1,52 \u00b1 0,1 g \/ cm3 (previsto)<br \/>\n RTECS EE1534000<br \/>\n temp. \u221220 \u00b0 C<br \/>\n forma de p\u00f3<br \/>\n Solubilidade em \u00e1gua Sol\u00favel em \u00e1gua a 1mg \/ ml<br \/>\n CAS DataBase Reference 124584-08-3 <\/p>\n<p> <strong>Fun\u00e7\u00e3o e Aplica\u00e7\u00e3o de Nesiritide \/ BNP-32 (HUMANO) CAS 124584-08-3<\/strong><br \/>\n Tratamento da insufici\u00eancia card\u00edaca congestiva (antagonista do sistema renina-angiotensina).<\/p>\n","protected":false},"excerpt":{"rendered":"<p>Nome do produto: Nesiritide \/ BNP-32 (HUMANO)<br \/>\n CAS: 124584-08-3<br \/>\n MF: C143H244N50O42S4<br \/>\n MW: 3464,04<br \/>\n EINECS: 1312995-182-4<br \/>\n Categorias de produtos: &lt; &amp;&gt; Arquivo Mol: 124584-08-3.mol<\/p>\n","protected":false},"featured_media":2297,"comment_status":"open","ping_status":"closed","template":"","meta":{"om_disable_all_campaigns":false,"_monsterinsights_skip_tracking":false,"_monsterinsights_sitenote_active":false,"_monsterinsights_sitenote_note":"","_monsterinsights_sitenote_category":0,"site-sidebar-layout":"default","site-content-layout":"default","ast-site-content-layout":"default","site-content-style":"default","site-sidebar-style":"default","ast-global-header-display":"","ast-banner-title-visibility":"","ast-main-header-display":"","ast-hfb-above-header-display":"","ast-hfb-below-header-display":"","ast-hfb-mobile-header-display":"","site-post-title":"","ast-breadcrumbs-content":"","ast-featured-img":"","footer-sml-layout":"","ast-disable-related-posts":"","theme-transparent-header-meta":"default","adv-header-id-meta":"","stick-header-meta":"","header-above-stick-meta":"","header-main-stick-meta":"","header-below-stick-meta":"","astra-migrate-meta-layouts":"default","ast-page-background-enabled":"default","ast-page-background-meta":{"desktop":{"background-color":"","background-image":"","background-repeat":"repeat","background-position":"center center","background-size":"auto","background-attachment":"scroll","background-type":"","background-media":"","overlay-type":"","overlay-color":"","overlay-opacity":"","overlay-gradient":""},"tablet":{"background-color":"","background-image":"","background-repeat":"repeat","background-position":"center center","background-size":"auto","background-attachment":"scroll","background-type":"","background-media":"","overlay-type":"","overlay-color":"","overlay-opacity":"","overlay-gradient":""},"mobile":{"background-color":"","background-image":"","background-repeat":"repeat","background-position":"center center","background-size":"auto","background-attachment":"scroll","background-type":"","background-media":"","overlay-type":"","overlay-color":"","overlay-opacity":"","overlay-gradient":""}},"ast-content-background-meta":{"desktop":{"background-color":"var(--ast-global-color-5)","background-image":"","background-repeat":"repeat","background-position":"center center","background-size":"auto","background-attachment":"scroll","background-type":"","background-media":"","overlay-type":"","overlay-color":"","overlay-opacity":"","overlay-gradient":""},"tablet":{"background-color":"var(--ast-global-color-5)","background-image":"","background-repeat":"repeat","background-position":"center center","background-size":"auto","background-attachment":"scroll","background-type":"","background-media":"","overlay-type":"","overlay-color":"","overlay-opacity":"","overlay-gradient":""},"mobile":{"background-color":"var(--ast-global-color-5)","background-image":"","background-repeat":"repeat","background-position":"center center","background-size":"auto","background-attachment":"scroll","background-type":"","background-media":"","overlay-type":"","overlay-color":"","overlay-opacity":"","overlay-gradient":""}}},"product_brand":[],"product_cat":[503],"product_tag":[1142],"class_list":{"0":"post-8582","1":"product","2":"type-product","3":"status-publish","4":"has-post-thumbnail","6":"product_cat-peptideo-do-sistema-cardiovascular","7":"product_tag-nesiritide-bnp-32-human-cas-124584-08-3-brain-natriuretic-peptide-for-heart-failure-pt-br","8":"desktop-align-left","9":"tablet-align-left","10":"mobile-align-left","12":"first","13":"instock","14":"shipping-taxable","15":"product-type-simple"},"_links":{"self":[{"href":"https:\/\/puyapeptide.net\/pt-br\/wp-json\/wp\/v2\/product\/8582","targetHints":{"allow":["GET"]}}],"collection":[{"href":"https:\/\/puyapeptide.net\/pt-br\/wp-json\/wp\/v2\/product"}],"about":[{"href":"https:\/\/puyapeptide.net\/pt-br\/wp-json\/wp\/v2\/types\/product"}],"replies":[{"embeddable":true,"href":"https:\/\/puyapeptide.net\/pt-br\/wp-json\/wp\/v2\/comments?post=8582"}],"wp:featuredmedia":[{"embeddable":true,"href":"https:\/\/puyapeptide.net\/pt-br\/wp-json\/wp\/v2\/media\/2297"}],"wp:attachment":[{"href":"https:\/\/puyapeptide.net\/pt-br\/wp-json\/wp\/v2\/media?parent=8582"}],"wp:term":[{"taxonomy":"product_brand","embeddable":true,"href":"https:\/\/puyapeptide.net\/pt-br\/wp-json\/wp\/v2\/product_brand?post=8582"},{"taxonomy":"product_cat","embeddable":true,"href":"https:\/\/puyapeptide.net\/pt-br\/wp-json\/wp\/v2\/product_cat?post=8582"},{"taxonomy":"product_tag","embeddable":true,"href":"https:\/\/puyapeptide.net\/pt-br\/wp-json\/wp\/v2\/product_tag?post=8582"}],"curies":[{"name":"wp","href":"https:\/\/api.w.org\/{rel}","templated":true}]}}