{"id":8612,"date":"2021-12-17T01:49:39","date_gmt":"2021-12-17T06:49:39","guid":{"rendered":"https:\/\/puyapeptide.net\/product\/venda-quente-de-lanreotideo-de-peptideo-anticancer-cas-108736-35-2\/"},"modified":"2021-12-17T01:49:39","modified_gmt":"2021-12-17T06:49:39","slug":"venda-quente-de-lanreotideo-de-peptideo-anticancer-cas-108736-35-2","status":"publish","type":"product","link":"https:\/\/puyapeptide.net\/pt-br\/product\/venda-quente-de-lanreotideo-de-peptideo-anticancer-cas-108736-35-2\/","title":{"rendered":"Venda quente de lanreot\u00eddeo de pept\u00eddeo antic\u00e2ncer CAS 108736-35-2"},"content":{"rendered":"<h2><strong>Venda quente de lanreot\u00eddeo de pept\u00eddeo antic\u00e2ncer CAS 108736-35-2<\/strong><\/h2>\n<p> Nome do produto: Lanreotida<br \/>\n Sin\u00f4nimos: LANREOT\u00cdDE; AUTOGEL; BETA- (2-NAFTIL) -D-ALA-CYS-TYR-D-TRP-LYS-VAL-CYS-THR AMIDA; BIM-23014; ANGIOPEPTINA ; HD-2-NAL-CYS-TYR-D-TRP-LYS-VAL-CYS-THR-NH2; HD-2-NAL-CYS-TYR-D-TRP-LYS-VAL-CYS-THR-NH2, ( DISULFIDE BOND); IPSTYL<br \/>\n CAS: 108736-35-2<br \/>\n MF: C54 H69 N11 O10 S2<br \/>\n MW: 1096,32<br \/>\n EINECS: 689-178-4<br \/>\n Categorias de produtos: horm\u00f4nios &lt;&amp; &gt; Arquivo Mol: 108736-35-2.mol <\/p>\n<p> Lanreotide (INN) como inibidores de crescimento natural, lanreotide \u00e9 um inibidor de pept\u00eddeo de muitas fun\u00e7\u00f5es end\u00f3crinas, neuroend\u00f3crinas, ex\u00f3crinas e par\u00e1crinas. Lanreotide \u00e9 mais ativo e tem uma dura\u00e7\u00e3o de a\u00e7\u00e3o mais longa do que os inibidores de crescimento natural. Seu efeito inibit\u00f3rio na secre\u00e7\u00e3o do horm\u00f4nio do crescimento \u00e9 significativamente mais seletivo do que na secre\u00e7\u00e3o de insulina e, em 2017, o FDA aprovou o acetato de lanreotida para inje\u00e7\u00e3o para o tratamento de tumores neuroend\u00f3crinos. <\/p>\n<p> Lanreotida (DCI) \u00e9 um medicamento usado no tratamento de acromegalia e sintomas causados por tumores neuroend\u00f3crinos, mais notavelmente s\u00edndrome carcinoide. <\/p>\n<p> Lanreotida \u00e9 usado no tratamento de acromegalia, devido a tumores secretores de horm\u00f4nio de crescimento hipofis\u00e1rio e n\u00e3o hipofis\u00e1rio, e o gerenciamento dos sintomas causados por tumores neuroend\u00f3crinos, particularmente tumores carcin\u00f3ides e VIPomas. Nos Estados Unidos e Canad\u00e1, a lanreotida \u00e9 indicada apenas para o tratamento da acromegalia. No Reino Unido, tamb\u00e9m \u00e9 indicado no tratamento do adenoma tireotr\u00f3fico, um tumor raro da hip\u00f3fise que secreta TSH. <\/p>\n<p> A lanreotida tamb\u00e9m apresenta atividade contra tumores n\u00e3o end\u00f3crinos e, juntamente com outros an\u00e1logos da somatostatina. , est\u00e1 sendo estudado como um poss\u00edvel agente antitumoral geral. <\/p>\n<p> <strong>Lanreotide CAS 108736-35-2 Propriedades qu\u00edmicas<\/strong><br \/>\n Ponto de ebuli\u00e7\u00e3o 1508,2 \u00b1 65,0 \u00b0 C (previsto)<br \/>\n densidade 1,40 \u00b1 0,1 g \/ cm3 ( Previsto)<br \/>\n temperatura de armazenamento. Manter em local escuro, selado em seco, armazenar em freezer, abaixo de -20 \u00b0 C<br \/>\n pka 9,90 \u00b1 0,15 (previsto) <\/p>\n<p> <strong>Fun\u00e7\u00e3o e aplica\u00e7\u00e3o de Lanreotide CAS 108736-35-2<\/strong><br \/>\n Lanreotide is usado no tratamento de acromegalia, devido a tumores secretores de horm\u00f4nio de crescimento hipofis\u00e1rio e n\u00e3o hipofis\u00e1rio, e no tratamento de sintomas causados por tumores neuroend\u00f3crinos, particularmente tumores carcinoides e VIPomas. Nos Estados Unidos e Canad\u00e1, a lanreotida \u00e9 indicada apenas para o tratamento da acromegalia. No Reino Unido, tamb\u00e9m \u00e9 indicado no tratamento de adenoma tireotr\u00f3fico, um tumor raro da gl\u00e2ndula pituit\u00e1ria que secreta. <\/p>\n<p> A lanreotida tamb\u00e9m mostra atividade contra tumores n\u00e3o end\u00f3crinos e, junto com outros an\u00e1logos da somatostatina, est\u00e1 sendo estudado como um poss\u00edvel agente antitumoral geral. <\/p>\n<p> Lanreotida, em dezembro de 2014, o FDA dos EUA aprovou a lanreotida para o tratamento de pacientes com tumores neuroend\u00f3crinos gastroenteropancre\u00e1ticos localmente avan\u00e7ados ou metast\u00e1ticos irressec\u00e1veis, bem ou moderadamente diferenciados (GEP-NETs )<\/p>\n","protected":false},"excerpt":{"rendered":"<p>Nome do produto: Lanreotide<br \/>\n CAS: 108736-35-2<br \/>\n MF: C54 H69 N11 O10 S2<br \/>\n MW: 1096,32<br \/>\n EINECS: 689-178-4<br \/>\n Categorias do produto: horm\u00f4nios<br \/>\n Arquivo Mol: 108736-35-2.mol<\/p>\n","protected":false},"featured_media":2108,"comment_status":"open","ping_status":"closed","template":"","meta":{"om_disable_all_campaigns":false,"_monsterinsights_skip_tracking":false,"_monsterinsights_sitenote_active":false,"_monsterinsights_sitenote_note":"","_monsterinsights_sitenote_category":0,"site-sidebar-layout":"default","site-content-layout":"default","ast-site-content-layout":"default","site-content-style":"default","site-sidebar-style":"default","ast-global-header-display":"","ast-banner-title-visibility":"","ast-main-header-display":"","ast-hfb-above-header-display":"","ast-hfb-below-header-display":"","ast-hfb-mobile-header-display":"","site-post-title":"","ast-breadcrumbs-content":"","ast-featured-img":"","footer-sml-layout":"","ast-disable-related-posts":"","theme-transparent-header-meta":"default","adv-header-id-meta":"","stick-header-meta":"","header-above-stick-meta":"","header-main-stick-meta":"","header-below-stick-meta":"","astra-migrate-meta-layouts":"default","ast-page-background-enabled":"default","ast-page-background-meta":{"desktop":{"background-color":"","background-image":"","background-repeat":"repeat","background-position":"center center","background-size":"auto","background-attachment":"scroll","background-type":"","background-media":"","overlay-type":"","overlay-color":"","overlay-opacity":"","overlay-gradient":""},"tablet":{"background-color":"","background-image":"","background-repeat":"repeat","background-position":"center center","background-size":"auto","background-attachment":"scroll","background-type":"","background-media":"","overlay-type":"","overlay-color":"","overlay-opacity":"","overlay-gradient":""},"mobile":{"background-color":"","background-image":"","background-repeat":"repeat","background-position":"center center","background-size":"auto","background-attachment":"scroll","background-type":"","background-media":"","overlay-type":"","overlay-color":"","overlay-opacity":"","overlay-gradient":""}},"ast-content-background-meta":{"desktop":{"background-color":"var(--ast-global-color-5)","background-image":"","background-repeat":"repeat","background-position":"center center","background-size":"auto","background-attachment":"scroll","background-type":"","background-media":"","overlay-type":"","overlay-color":"","overlay-opacity":"","overlay-gradient":""},"tablet":{"background-color":"var(--ast-global-color-5)","background-image":"","background-repeat":"repeat","background-position":"center center","background-size":"auto","background-attachment":"scroll","background-type":"","background-media":"","overlay-type":"","overlay-color":"","overlay-opacity":"","overlay-gradient":""},"mobile":{"background-color":"var(--ast-global-color-5)","background-image":"","background-repeat":"repeat","background-position":"center center","background-size":"auto","background-attachment":"scroll","background-type":"","background-media":"","overlay-type":"","overlay-color":"","overlay-opacity":"","overlay-gradient":""}}},"product_brand":[],"product_cat":[393],"product_tag":[],"class_list":{"0":"post-8612","1":"product","2":"type-product","3":"status-publish","4":"has-post-thumbnail","6":"product_cat-peptideo-antitumoral","7":"desktop-align-left","8":"tablet-align-left","9":"mobile-align-left","11":"first","12":"instock","13":"shipping-taxable","14":"product-type-simple"},"_links":{"self":[{"href":"https:\/\/puyapeptide.net\/pt-br\/wp-json\/wp\/v2\/product\/8612","targetHints":{"allow":["GET"]}}],"collection":[{"href":"https:\/\/puyapeptide.net\/pt-br\/wp-json\/wp\/v2\/product"}],"about":[{"href":"https:\/\/puyapeptide.net\/pt-br\/wp-json\/wp\/v2\/types\/product"}],"replies":[{"embeddable":true,"href":"https:\/\/puyapeptide.net\/pt-br\/wp-json\/wp\/v2\/comments?post=8612"}],"wp:featuredmedia":[{"embeddable":true,"href":"https:\/\/puyapeptide.net\/pt-br\/wp-json\/wp\/v2\/media\/2108"}],"wp:attachment":[{"href":"https:\/\/puyapeptide.net\/pt-br\/wp-json\/wp\/v2\/media?parent=8612"}],"wp:term":[{"taxonomy":"product_brand","embeddable":true,"href":"https:\/\/puyapeptide.net\/pt-br\/wp-json\/wp\/v2\/product_brand?post=8612"},{"taxonomy":"product_cat","embeddable":true,"href":"https:\/\/puyapeptide.net\/pt-br\/wp-json\/wp\/v2\/product_cat?post=8612"},{"taxonomy":"product_tag","embeddable":true,"href":"https:\/\/puyapeptide.net\/pt-br\/wp-json\/wp\/v2\/product_tag?post=8612"}],"curies":[{"name":"wp","href":"https:\/\/api.w.org\/{rel}","templated":true}]}}