{"id":8632,"date":"2021-12-17T01:50:42","date_gmt":"2021-12-17T06:50:42","guid":{"rendered":"https:\/\/puyapeptide.net\/product\/icatibant-acetate-cas-30308-48-4-use-para-tratar-angioedema-hereditario\/"},"modified":"2021-12-17T01:50:42","modified_gmt":"2021-12-17T06:50:42","slug":"icatibant-acetate-cas-30308-48-4-use-para-tratar-angioedema-hereditario","status":"publish","type":"product","link":"https:\/\/puyapeptide.net\/pt-br\/product\/icatibant-acetate-cas-30308-48-4-use-para-tratar-angioedema-hereditario\/","title":{"rendered":"Icatibant Acetate CAS 30308-48-4 Use para tratar angioedema heredit\u00e1rio"},"content":{"rendered":"<h2><strong>Icatibant Acetate CAS 30308-48-4 Use para tratar angioedema heredit\u00e1rio<\/strong><\/h2>\n<p> Nome do Produto: Acetato de Icatibante<br \/>\n Sin\u00f4nimos: Acetato de Icatibante; Impureza de Icatibante; Acetato de Itibantida<br \/>\n CAS: 130308-48-4<br \/>\n Sequ\u00eancia: HD-Arg-Arg-Pro-Hyp-Gly-Thi- Ser-D-Tic-Oic-Arg-OH<br \/>\n F\u00f3rmula molecular: C59H89N19O13S<br \/>\n Peso molecular: 1304,54 <\/p>\n<p> Eltebante, um antagonista competitivo seletivo no receptor de bradicinina tipo 2 (B2), \u00e9 um decapept\u00eddeo com uma estrutura semelhante \u00e0 bradicinina com cinco amino\u00e1cidos n\u00e3o derivados de prote\u00ednas. Eltebante foi aprovado para comercializa\u00e7\u00e3o na UE j\u00e1 em 1\u00ba de novembro de 2010 para o tratamento de ataques agudos de angioedema heredit\u00e1rio (AEH). <\/p>\n<p> <strong>Fun\u00e7\u00e3o e aplica\u00e7\u00e3o do acetato de icatibante CAS 30308-48-4<\/strong><br \/>\n Eltebante o acetato \u00e9 um antagonista competitivo potente e seletivo dos receptores de bradicinina tipo 2 (B2) que trata o incha\u00e7o local dos \u00eambolos no AEH agudo, inibindo os efeitos da bradicinina associados ao incha\u00e7o local emb\u00f3lico, inflama\u00e7\u00e3o e sintomas dolorosos do AEH. HAE \u00e9 apenas a primeira de v\u00e1rias indica\u00e7\u00f5es que podem ser tratadas com acetato de eltebante; outras indica\u00e7\u00f5es potenciais s\u00e3o asma, cirrose e outros tipos de angioedema.<\/p>\n","protected":false},"excerpt":{"rendered":"<p>Nome do produto: Icatibant Acetate<br \/>\n CAS: 130308-48-4<br \/>\n Sequ\u00eancia: HD-Arg-Arg-Pro-Hyp-Gly-Thi-Ser-D-Tic-Oic-Arg-OH<br \/>\n F\u00f3rmula molecular : C59H89N19O13S<br \/>\n Peso molecular: 1304,54<\/p>\n","protected":false},"featured_media":2129,"comment_status":"open","ping_status":"closed","template":"","meta":{"om_disable_all_campaigns":false,"_monsterinsights_skip_tracking":false,"_monsterinsights_sitenote_active":false,"_monsterinsights_sitenote_note":"","_monsterinsights_sitenote_category":0,"site-sidebar-layout":"default","site-content-layout":"default","ast-site-content-layout":"default","site-content-style":"default","site-sidebar-style":"default","ast-global-header-display":"","ast-banner-title-visibility":"","ast-main-header-display":"","ast-hfb-above-header-display":"","ast-hfb-below-header-display":"","ast-hfb-mobile-header-display":"","site-post-title":"","ast-breadcrumbs-content":"","ast-featured-img":"","footer-sml-layout":"","ast-disable-related-posts":"","theme-transparent-header-meta":"default","adv-header-id-meta":"","stick-header-meta":"","header-above-stick-meta":"","header-main-stick-meta":"","header-below-stick-meta":"","astra-migrate-meta-layouts":"default","ast-page-background-enabled":"default","ast-page-background-meta":{"desktop":{"background-color":"","background-image":"","background-repeat":"repeat","background-position":"center center","background-size":"auto","background-attachment":"scroll","background-type":"","background-media":"","overlay-type":"","overlay-color":"","overlay-opacity":"","overlay-gradient":""},"tablet":{"background-color":"","background-image":"","background-repeat":"repeat","background-position":"center center","background-size":"auto","background-attachment":"scroll","background-type":"","background-media":"","overlay-type":"","overlay-color":"","overlay-opacity":"","overlay-gradient":""},"mobile":{"background-color":"","background-image":"","background-repeat":"repeat","background-position":"center center","background-size":"auto","background-attachment":"scroll","background-type":"","background-media":"","overlay-type":"","overlay-color":"","overlay-opacity":"","overlay-gradient":""}},"ast-content-background-meta":{"desktop":{"background-color":"var(--ast-global-color-5)","background-image":"","background-repeat":"repeat","background-position":"center center","background-size":"auto","background-attachment":"scroll","background-type":"","background-media":"","overlay-type":"","overlay-color":"","overlay-opacity":"","overlay-gradient":""},"tablet":{"background-color":"var(--ast-global-color-5)","background-image":"","background-repeat":"repeat","background-position":"center center","background-size":"auto","background-attachment":"scroll","background-type":"","background-media":"","overlay-type":"","overlay-color":"","overlay-opacity":"","overlay-gradient":""},"mobile":{"background-color":"var(--ast-global-color-5)","background-image":"","background-repeat":"repeat","background-position":"center center","background-size":"auto","background-attachment":"scroll","background-type":"","background-media":"","overlay-type":"","overlay-color":"","overlay-opacity":"","overlay-gradient":""}}},"product_brand":[],"product_cat":[416],"product_tag":[1126],"class_list":{"0":"post-8632","1":"product","2":"type-product","3":"status-publish","4":"has-post-thumbnail","6":"product_cat-peptideo-sangue-e-vascular","7":"product_tag-icatibant-acetate-cas-30308-48-4-use-for-treat-hereditary-angioedema-pt-br","8":"desktop-align-left","9":"tablet-align-left","10":"mobile-align-left","12":"first","13":"instock","14":"shipping-taxable","15":"product-type-simple"},"_links":{"self":[{"href":"https:\/\/puyapeptide.net\/pt-br\/wp-json\/wp\/v2\/product\/8632","targetHints":{"allow":["GET"]}}],"collection":[{"href":"https:\/\/puyapeptide.net\/pt-br\/wp-json\/wp\/v2\/product"}],"about":[{"href":"https:\/\/puyapeptide.net\/pt-br\/wp-json\/wp\/v2\/types\/product"}],"replies":[{"embeddable":true,"href":"https:\/\/puyapeptide.net\/pt-br\/wp-json\/wp\/v2\/comments?post=8632"}],"wp:featuredmedia":[{"embeddable":true,"href":"https:\/\/puyapeptide.net\/pt-br\/wp-json\/wp\/v2\/media\/2129"}],"wp:attachment":[{"href":"https:\/\/puyapeptide.net\/pt-br\/wp-json\/wp\/v2\/media?parent=8632"}],"wp:term":[{"taxonomy":"product_brand","embeddable":true,"href":"https:\/\/puyapeptide.net\/pt-br\/wp-json\/wp\/v2\/product_brand?post=8632"},{"taxonomy":"product_cat","embeddable":true,"href":"https:\/\/puyapeptide.net\/pt-br\/wp-json\/wp\/v2\/product_cat?post=8632"},{"taxonomy":"product_tag","embeddable":true,"href":"https:\/\/puyapeptide.net\/pt-br\/wp-json\/wp\/v2\/product_tag?post=8632"}],"curies":[{"name":"wp","href":"https:\/\/api.w.org\/{rel}","templated":true}]}}