{"id":8641,"date":"2021-12-17T01:51:49","date_gmt":"2021-12-17T06:51:49","guid":{"rendered":"https:\/\/puyapeptide.net\/product\/glucagon-cas-16941-32-5-promove-a-glicogenolise-e-a-producao-de-glicose-para-aumentar-o-acucar-no-sangue\/"},"modified":"2021-12-17T01:51:49","modified_gmt":"2021-12-17T06:51:49","slug":"glucagon-cas-16941-32-5-promove-a-glicogenolise-e-a-producao-de-glicose-para-aumentar-o-acucar-no-sangue","status":"publish","type":"product","link":"https:\/\/puyapeptide.net\/pt-br\/product\/glucagon-cas-16941-32-5-promove-a-glicogenolise-e-a-producao-de-glicose-para-aumentar-o-acucar-no-sangue\/","title":{"rendered":"Glucagon CAS 16941-32-5 Promove a glicogen\u00f3lise e a produ\u00e7\u00e3o de glicose para aumentar o a\u00e7\u00facar no sangue"},"content":{"rendered":"<h2><strong>Glucagon CAS 16941-32-5 Promove a glicogen\u00f3lise e a produ\u00e7\u00e3o de glicose para aumentar o a\u00e7\u00facar no sangue<\/strong><\/h2>\n<p> Nome do produto: Glucagon<br \/>\n Sin\u00f4nimos: GLUCAGON 1-37; GLUCAGON (1-37) (PORCINE); GLUCAGON 37; ACETATO DE GLUCAGON; HSQGTFTSDYSKYLDSRRAQDFVQWLMNTKRNKNNIA; H-HIS-SER-GLN-GLY-THR -SER-ASP-TYR-SER-LYS-TYR-LEU-ASP-SER-ARG-ARG-ALA-GLN-ASP-PHE-VAL-GLN-TRP-LEU-MET-ASN-THR-LYS-ARG-ASN -LYS-ASN-ASN-ILE-ALA-OH; Glucagon 1-29; Glucagon (1-29) HCl humano<br \/>\n CAS: 16941-32-5<br \/>\n MF: C153H225N43O49S<br \/>\n MW: 3482,75 &lt;&amp; &gt; EINECS: 685-611-6<br \/>\n Categorias de produtos: derivados de amino\u00e1cidos; Pept\u00eddeo; Biologia de c\u00e9lulas-tronco de GlucagonIslet; Diferencia\u00e7\u00e3o de c\u00e9lulas-tronco de ilhotas; Horm\u00f4nios; Outras prote\u00ednas \/ horm\u00f4nios de pept\u00eddeos; Glucagon e pept\u00eddeos semelhantes a glucagonPept\u00eddeos para biologia celular; Biologia celular; Fatores de crescimento de citocinas e horm\u00f4nios (obesidade); Pept\u00eddeos gastrointestinais; GlucagonObesity Research; API; Diabetes Research<br \/>\n Mol File: 16941-32-5.mol <\/p>\n<p> Glucagon, tamb\u00e9m conhecido como glucagon, \u00e9 um horm\u00f4nio polipept\u00eddico de cadeia linear secretado pelas c\u00e9lulas das ilhotas pancre\u00e1ticas \u03b1, contendo 29 amino\u00e1cidos, com f\u00f3rmula molecular e relativa massa de C153H225N43O49S = 3482,8. A China sintetizou esse horm\u00f4nio. \u00c9 uma esp\u00e9cie de p\u00f3 fino cristalino branco, inodoro e ins\u00edpido \u00e0 temperatura ambiente. O glucagon \u00e9 quase insol\u00favel em \u00e1gua e na maioria dos solventes org\u00e2nicos, enquanto \u00e9 sol\u00favel em \u00e1cido dilu\u00eddo e solu\u00e7\u00e3o alcalina dilu\u00edda. A maior parte das prepara\u00e7\u00f5es s\u00e3o cloridratos, que se dissolvem em \u00e1gua. Sabe-se que o glucagon deve reter sua integridade molecular para exercer sua atividade fisiol\u00f3gica. A estrutura do glucagon de humanos e mam\u00edferos (coelho, bovino, su\u00edno, rato, etc.) pode ser consistente, enquanto p\u00e1ssaros ligeiramente diferentes. <\/p>\n<p> Glucagon \u00e9 um polipept\u00eddeo que consiste em 29 amino\u00e1cidos e \u00e9 secretado pelas c\u00e9lulas alfa das ilhotas do p\u00e2ncreas. O glucagon \u00e9 produzido a partir do gene pr\u00f3-glucagon, inicialmente como o precursor do pr\u00f3-glucagon, que \u00e9 processado tecido-espec\u00edfico nas c\u00e9lulas alfa pancre\u00e1ticas para formar glucagon e nas c\u00e9lulas intestinais para formar GLP-1 e GLP-2.<br \/>\n &lt;&amp; &gt; \u00c9 geralmente aceito que a insulina e o glucagon s\u00e3o os principais horm\u00f4nios envolvidos na fisiopatologia do diabetes, mas o papel do glucagon no diabetes \u00e9 complexo e controverso em alguns casos. O papel do glucagon nos agentes hipoglic\u00eamicos usados atualmente est\u00e1 recebendo cada vez mais aten\u00e7\u00e3o, e o desenvolvimento cont\u00ednuo da terapia direcionada ao glucagon destaca a importante contribui\u00e7\u00e3o do glucagon na otimiza\u00e7\u00e3o do controle do diabetes. <\/p>\n<p> O glucagon \u00e9 um horm\u00f4nio contra-regulador que estimula a glicose hep\u00e1tica produ\u00e7\u00e3o para evitar a hipoglicemia. Os receptores do glucagon est\u00e3o localizados nos hepat\u00f3citos e os locais de liga\u00e7\u00e3o do glucagon tamb\u00e9m foram identificados nos rins, cora\u00e7\u00e3o, trato gastrointestinal, tecido adiposo, c\u00e9rebro e ba\u00e7o. Com base em estudos em c\u00e3es, aproximadamente 17% do glucagon \u00e9 degradado pelos rins e 20% a 25% \u00e9 degradado pelo f\u00edgado. A libera\u00e7\u00e3o de glucagon em resposta \u00e0 hipoglicemia foi bem estabelecida e \u00e9 mediada por mecanismos aut\u00f4nomos, end\u00f3crinos e par\u00e1crinos e, possivelmente, tamb\u00e9m por meio da detec\u00e7\u00e3o direta dos n\u00edveis de glicose no sangue pelas c\u00e9lulas alfa. Os mecanismos moleculares exatos pelos quais as c\u00e9lulas secretam glucagon n\u00e3o s\u00e3o totalmente compreendidos, mas envolvem os canais de adenosina trifosfato de pot\u00e1ssio (KATP) e os canais de c\u00e1lcio. <\/p>\n<p> Na fisiologia normal, a secre\u00e7\u00e3o de glucagon durante a hiperglicemia \u00e9 inibida pelos produtos da secre\u00e7\u00e3o celular insulina, zinco e \u00e1cido gama-aminobut\u00edrico (GABA), que s\u00e3o liberados em resposta \u00e0s refei\u00e7\u00f5es e \u00e0 eleva\u00e7\u00e3o da glicose no sangue. Quando os n\u00edveis de glicose no sangue caem, as c\u00e9lulas beta reduzem a produ\u00e7\u00e3o desses produtos, eliminando assim seu efeito inibit\u00f3rio nas c\u00e9lulas alfa. Esse mecanismo, conhecido como hip\u00f3tese de &quot;desligamento&quot;, acaba levando a um aumento na secre\u00e7\u00e3o de glucagon quando a glicose no sangue est\u00e1 muito baixa. O horm\u00f4nio inibidor do crescimento, que \u00e9 produzido pelas c\u00e9lulas \u03b4 e GLP-1 nas ilhotas, tamb\u00e9m inibe a secre\u00e7\u00e3o de glucagon. s\u00e3o muito altos. O glucagon, um horm\u00f4nio regulador que promove a produ\u00e7\u00e3o hep\u00e1tica de glicose, previne a hipoglicemia em condi\u00e7\u00f5es fisiol\u00f3gicas normais. Em pacientes com diabetes, a secre\u00e7\u00e3o de glucagon pode ser descontrolada, o que leva a problemas com a homeostase da glicose. Alguns tratamentos para diabetes s\u00e3o eficazes ao inibir a secre\u00e7\u00e3o ou a\u00e7\u00e3o do glucagon, bem como a terapia direcionada espec\u00edfica do glucagon. <\/p>\n<p> <strong>Glucagon CAS 16941-32-5 Propriedades qu\u00edmicas<\/strong><br \/>\n densidade 1,53 \u00b1 0,1 g \/ cm3 ( Previsto)<br \/>\n temperatura de armazenamento. Manter em local escuro, selado em seco, 2-8 \u00b0 C<br \/>\n solubilidade Praticamente insol\u00favel em \u00e1gua e na maioria dos solventes org\u00e2nicos. \u00c9 sol\u00favel em \u00e1cidos minerais dilu\u00eddos e em solu\u00e7\u00f5es dilu\u00eddas de hidr\u00f3xidos alcalinos.<br \/>\n Forma de p\u00f3 <\/p>\n<p> <strong>Fun\u00e7\u00e3o e aplica\u00e7\u00e3o do glucagon CAS 16941-32-5<\/strong><br \/>\n 1 \u3001 Aumentar o efeito da glicose no sangue: pode ativar a fosforilase hep\u00e1tica, promove a decomposi\u00e7\u00e3o do glicog\u00eanio hep\u00e1tico e a isog\u00eanese do glicog\u00eanio, e aumenta a glicose sangu\u00ednea.<br \/>\n 2 \u3001 Efeito inotr\u00f3pico positivo: pode aumentar o conte\u00fado de cAMP intracelular, melhorar a contratilidade mioc\u00e1rdica, aumentar o d\u00e9bito card\u00edaco e trabalho por batimento. Seu efeito inotr\u00f3pico positivo ainda pode ser exercido ap\u00f3s a aplica\u00e7\u00e3o de uma quantidade suficiente de glicos\u00eddeo card\u00edaco, e n\u00e3o \u00e9 bloqueado pelo propranolol. Embora possa aumentar a frequ\u00eancia card\u00edaca e a press\u00e3o arterial, n\u00e3o causa arritmia. Os mecanismos s\u00e3o: (1) ativa\u00e7\u00e3o da adenilato ciclase para converter adenosina trifosfato em adenosina monofosfato ciclizado, o que aumenta a contratilidade mioc\u00e1rdica; (2) promo\u00e7\u00e3o da glicogen\u00f3lise hep\u00e1tica e aumento do n\u00edvel de glicose no sangue; (3) promovendo a libera\u00e7\u00e3o de insulina do Chemicalbook, melhorando a utiliza\u00e7\u00e3o da glicose pelo mioc\u00e1rdio e promovendo as enzimas anaer\u00f3bias do mioc\u00e1rdio, melhorando assim o metabolismo energ\u00e9tico do mioc\u00e1rdio. Combinado com glicos\u00eddeos card\u00edacos semelhantes aos digit\u00e1licos, pode aumentar a efic\u00e1cia.<br \/>\n 3. Efeitos nos rins: dilatar os vasos sangu\u00edneos renais, melhorar o fluxo sangu\u00edneo renal e promover a excre\u00e7\u00e3o de s\u00f3dio, pot\u00e1ssio e c\u00e1lcio.<br \/>\n 4. Efeitos no sistema digestivo: podem causar relaxamento dos m\u00fasculos lisos do est\u00f4mago e duodeno, intestino delgado e c\u00f3lon, inibir o peristaltismo do est\u00f4mago, intestino delgado e c\u00f3lon e aumentar a secre\u00e7\u00e3o de bile e fluido intestinal. Efeitos no sistema secretor: excitar a medula adrenal, promover a libera\u00e7\u00e3o de catecolaminas. Tamb\u00e9m pode promover a secre\u00e7\u00e3o de insulina, horm\u00f4nio da tireoide, calcitonina e horm\u00f4nio do crescimento.<\/p>\n","protected":false},"excerpt":{"rendered":"<p>Nome do produto: Glucagon<br \/>\n CAS: 16941-32-5<br \/>\n MF: C153H225N43O49S<br \/>\n MW: 3482,75<br \/>\n EINECS: 685-611-6<br \/>\n Arquivo Mol: 16941-32-5.mol<\/p>\n","protected":false},"featured_media":2129,"comment_status":"open","ping_status":"closed","template":"","meta":{"om_disable_all_campaigns":false,"_monsterinsights_skip_tracking":false,"_monsterinsights_sitenote_active":false,"_monsterinsights_sitenote_note":"","_monsterinsights_sitenote_category":0,"site-sidebar-layout":"default","site-content-layout":"default","ast-site-content-layout":"default","site-content-style":"default","site-sidebar-style":"default","ast-global-header-display":"","ast-banner-title-visibility":"","ast-main-header-display":"","ast-hfb-above-header-display":"","ast-hfb-below-header-display":"","ast-hfb-mobile-header-display":"","site-post-title":"","ast-breadcrumbs-content":"","ast-featured-img":"","footer-sml-layout":"","ast-disable-related-posts":"","theme-transparent-header-meta":"default","adv-header-id-meta":"","stick-header-meta":"","header-above-stick-meta":"","header-main-stick-meta":"","header-below-stick-meta":"","astra-migrate-meta-layouts":"default","ast-page-background-enabled":"default","ast-page-background-meta":{"desktop":{"background-color":"","background-image":"","background-repeat":"repeat","background-position":"center center","background-size":"auto","background-attachment":"scroll","background-type":"","background-media":"","overlay-type":"","overlay-color":"","overlay-opacity":"","overlay-gradient":""},"tablet":{"background-color":"","background-image":"","background-repeat":"repeat","background-position":"center center","background-size":"auto","background-attachment":"scroll","background-type":"","background-media":"","overlay-type":"","overlay-color":"","overlay-opacity":"","overlay-gradient":""},"mobile":{"background-color":"","background-image":"","background-repeat":"repeat","background-position":"center center","background-size":"auto","background-attachment":"scroll","background-type":"","background-media":"","overlay-type":"","overlay-color":"","overlay-opacity":"","overlay-gradient":""}},"ast-content-background-meta":{"desktop":{"background-color":"var(--ast-global-color-5)","background-image":"","background-repeat":"repeat","background-position":"center center","background-size":"auto","background-attachment":"scroll","background-type":"","background-media":"","overlay-type":"","overlay-color":"","overlay-opacity":"","overlay-gradient":""},"tablet":{"background-color":"var(--ast-global-color-5)","background-image":"","background-repeat":"repeat","background-position":"center center","background-size":"auto","background-attachment":"scroll","background-type":"","background-media":"","overlay-type":"","overlay-color":"","overlay-opacity":"","overlay-gradient":""},"mobile":{"background-color":"var(--ast-global-color-5)","background-image":"","background-repeat":"repeat","background-position":"center center","background-size":"auto","background-attachment":"scroll","background-type":"","background-media":"","overlay-type":"","overlay-color":"","overlay-opacity":"","overlay-gradient":""}}},"product_brand":[],"product_cat":[357],"product_tag":[1091],"class_list":{"0":"post-8641","1":"product","2":"type-product","3":"status-publish","4":"has-post-thumbnail","6":"product_cat-peptideo-diabetes","7":"product_tag-glucagon-cas-16941-32-5-promotes-glycogenolysis-and-glucose-production-to-raise-blood-sugar-pt-br","8":"desktop-align-left","9":"tablet-align-left","10":"mobile-align-left","12":"first","13":"instock","14":"shipping-taxable","15":"product-type-simple"},"_links":{"self":[{"href":"https:\/\/puyapeptide.net\/pt-br\/wp-json\/wp\/v2\/product\/8641","targetHints":{"allow":["GET"]}}],"collection":[{"href":"https:\/\/puyapeptide.net\/pt-br\/wp-json\/wp\/v2\/product"}],"about":[{"href":"https:\/\/puyapeptide.net\/pt-br\/wp-json\/wp\/v2\/types\/product"}],"replies":[{"embeddable":true,"href":"https:\/\/puyapeptide.net\/pt-br\/wp-json\/wp\/v2\/comments?post=8641"}],"wp:featuredmedia":[{"embeddable":true,"href":"https:\/\/puyapeptide.net\/pt-br\/wp-json\/wp\/v2\/media\/2129"}],"wp:attachment":[{"href":"https:\/\/puyapeptide.net\/pt-br\/wp-json\/wp\/v2\/media?parent=8641"}],"wp:term":[{"taxonomy":"product_brand","embeddable":true,"href":"https:\/\/puyapeptide.net\/pt-br\/wp-json\/wp\/v2\/product_brand?post=8641"},{"taxonomy":"product_cat","embeddable":true,"href":"https:\/\/puyapeptide.net\/pt-br\/wp-json\/wp\/v2\/product_cat?post=8641"},{"taxonomy":"product_tag","embeddable":true,"href":"https:\/\/puyapeptide.net\/pt-br\/wp-json\/wp\/v2\/product_tag?post=8641"}],"curies":[{"name":"wp","href":"https:\/\/api.w.org\/{rel}","templated":true}]}}