{"id":8716,"date":"2021-12-17T03:00:43","date_gmt":"2021-12-17T08:00:43","guid":{"rendered":"https:\/\/puyapeptide.net\/product\/ganirelix-acetate-cas-123246-29-7-antagonistas-do-hormonio-liberador-de-gonadotrofina-gnrh\/"},"modified":"2021-12-17T03:00:43","modified_gmt":"2021-12-17T08:00:43","slug":"ganirelix-acetate-cas-123246-29-7-antagonistas-do-hormonio-liberador-de-gonadotrofina-gnrh","status":"publish","type":"product","link":"https:\/\/puyapeptide.net\/pt-br\/product\/ganirelix-acetate-cas-123246-29-7-antagonistas-do-hormonio-liberador-de-gonadotrofina-gnrh\/","title":{"rendered":"Ganirelix Acetate CAS 123246-29-7 Antagonistas do horm\u00f4nio liberador de gonadotrofina (GnRH)"},"content":{"rendered":"<h2><strong>Ganirelix Acetate CAS 123246-29-7 Antagonistas do horm\u00f4nio liberador de gonadotrofina (GnRH)<\/strong><\/h2>\n<p> Nome do produto: Acetato de Ganirelix<br \/>\n Sin\u00f4nimos: Ac-DNal-DCpa-DPal-Ser-Tyr-DHar (Et2) -Leu-Har (Et2) -Pro-DAla -NH2; Ganirelixum; Acetato de ganirelix; GANIRELIX; Acetato de Ganirelix USP \/ EP \/ BP<br \/>\n CAS: 123246-29-7<br \/>\n MF: C80H113ClN18O13<br \/>\n MW: 1570,34<br \/>\n EINECS:<br \/>\n Categorias de produtos: horm\u00f4nios<br \/>\n Arquivo Mol: 123246-29 -7.mol <\/p>\n<p> Acetato de Ganirelix \u00e9 um composto decapept\u00eddeo sint\u00e9tico semelhante ao horm\u00f4nio liberador de gonadotropina end\u00f3geno (GnRH) (tamb\u00e9m conhecido como horm\u00f4nio liberador do horm\u00f4nio luteinizante (LHRH)) e \u00e9 um antagonista do GnRH que antagoniza competitivamente o receptor gonadotr\u00f3pico de GnRH, causando muta\u00e7\u00e3o na via e inibi\u00e7\u00e3o r\u00e1pida e revers\u00edvel da secre\u00e7\u00e3o de gonadotrofina (horm\u00f4nio luteinizante LH e horm\u00f4nio fol\u00edculo estimulante FSH). O acetato de Ganirelix inibe a secre\u00e7\u00e3o de LH da hip\u00f3fise mais significativamente do que a secre\u00e7\u00e3o de FSH, reduzindo assim a produ\u00e7\u00e3o de horm\u00f4nio sexual. <\/p>\n<p> <strong>Fun\u00e7\u00e3o e aplica\u00e7\u00e3o do acetato de Ganirelix CAS 123246-29-7<\/strong><br \/>\n O acetato de Ganirelix \u00e9 um an\u00e1logo do GnRH com substitui\u00e7\u00f5es nos res\u00edduos 1, 2, 3, 6, 8 e 10. N\u00e3o \u00e9 um superagonista, mas, em vez disso, \u00e9 um decapept\u00eddeo sint\u00e9tico com alta atividade antagonista e o primeiro antagonista de GnRH a ser comercializado. \u00c9 aprovado para a supress\u00e3o de surtos de LH em mulheres submetidas a tratamento de fertilidade por hiperestimula\u00e7\u00e3o ovariana; Picos de LH normalmente promovem a ovula\u00e7\u00e3o. O objetivo deste medicamento \u00e9 reduzir significativamente o n\u00famero de dias de medica\u00e7\u00e3o necess\u00e1rios para suprimir o pico de LH, mantendo assim os \u00f3vulos nos ov\u00e1rios. Os ciclos de tratamento de fertiliza\u00e7\u00e3o in vitro (FIV) foram historicamente iniciados pela administra\u00e7\u00e3o de acetato de leuprolide para suprimir a libera\u00e7\u00e3o prematura de LH. Isso inibe a ovula\u00e7\u00e3o para que os \u00f3vulos permane\u00e7am dispon\u00edveis para recupera\u00e7\u00e3o por um especialista em fertilidade. Para este prop\u00f3sito, o acetato de leuprolide geralmente \u00e9 injetado por at\u00e9 26 dias. Estudos cl\u00ednicos demonstraram que o acetato de ganirelix pode interromper o pico de LH em apenas 5 dias de tratamento, que a supress\u00e3o do LH \u00e9 mais pronunciada do que a do FSH e que o tempo de tratamento mais curto minimiza os efeitos colaterais desagrad\u00e1veis, como ondas de calor e dores de cabe\u00e7a . <\/p>\n<p> \u00c9 usado principalmente clinicamente em protocolos de estimula\u00e7\u00e3o ovariana controlada para mulheres submetidas \u00e0 tecnologia de reprodu\u00e7\u00e3o assistida para prevenir picos prematuros de horm\u00f4nio luteinizante e para o tratamento de dist\u00farbios de fertilidade causados por esta causa Chemicalbook. O medicamento tem menos efeitos adversos, altas taxas de gravidez e ciclos de tratamento curtos e tem vantagens cl\u00ednicas significativas em compara\u00e7\u00e3o com medicamentos semelhantes.<\/p>\n","protected":false},"excerpt":{"rendered":"<p>Nome do produto: Acetato de Ganirelix<br \/>\n CAS: 123246-29-7<br \/>\n MF: C80H113ClN18O13<br \/>\n MW: 1570,34<br \/>\n Categorias do produto: horm\u00f4nios<br \/>\n Arquivo Mol: 123246-29-7.mol<\/p>\n","protected":false},"featured_media":2108,"comment_status":"open","ping_status":"closed","template":"","meta":{"om_disable_all_campaigns":false,"_monsterinsights_skip_tracking":false,"_monsterinsights_sitenote_active":false,"_monsterinsights_sitenote_note":"","_monsterinsights_sitenote_category":0,"site-sidebar-layout":"default","site-content-layout":"default","ast-site-content-layout":"default","site-content-style":"default","site-sidebar-style":"default","ast-global-header-display":"","ast-banner-title-visibility":"","ast-main-header-display":"","ast-hfb-above-header-display":"","ast-hfb-below-header-display":"","ast-hfb-mobile-header-display":"","site-post-title":"","ast-breadcrumbs-content":"","ast-featured-img":"","footer-sml-layout":"","ast-disable-related-posts":"","theme-transparent-header-meta":"default","adv-header-id-meta":"","stick-header-meta":"","header-above-stick-meta":"","header-main-stick-meta":"","header-below-stick-meta":"","astra-migrate-meta-layouts":"default","ast-page-background-enabled":"default","ast-page-background-meta":{"desktop":{"background-color":"","background-image":"","background-repeat":"repeat","background-position":"center center","background-size":"auto","background-attachment":"scroll","background-type":"","background-media":"","overlay-type":"","overlay-color":"","overlay-opacity":"","overlay-gradient":""},"tablet":{"background-color":"","background-image":"","background-repeat":"repeat","background-position":"center center","background-size":"auto","background-attachment":"scroll","background-type":"","background-media":"","overlay-type":"","overlay-color":"","overlay-opacity":"","overlay-gradient":""},"mobile":{"background-color":"","background-image":"","background-repeat":"repeat","background-position":"center center","background-size":"auto","background-attachment":"scroll","background-type":"","background-media":"","overlay-type":"","overlay-color":"","overlay-opacity":"","overlay-gradient":""}},"ast-content-background-meta":{"desktop":{"background-color":"var(--ast-global-color-5)","background-image":"","background-repeat":"repeat","background-position":"center center","background-size":"auto","background-attachment":"scroll","background-type":"","background-media":"","overlay-type":"","overlay-color":"","overlay-opacity":"","overlay-gradient":""},"tablet":{"background-color":"var(--ast-global-color-5)","background-image":"","background-repeat":"repeat","background-position":"center center","background-size":"auto","background-attachment":"scroll","background-type":"","background-media":"","overlay-type":"","overlay-color":"","overlay-opacity":"","overlay-gradient":""},"mobile":{"background-color":"var(--ast-global-color-5)","background-image":"","background-repeat":"repeat","background-position":"center center","background-size":"auto","background-attachment":"scroll","background-type":"","background-media":"","overlay-type":"","overlay-color":"","overlay-opacity":"","overlay-gradient":""}}},"product_brand":[],"product_cat":[441],"product_tag":[1034],"class_list":{"0":"post-8716","1":"product","2":"type-product","3":"status-publish","4":"has-post-thumbnail","6":"product_cat-peptideo-urogenital","7":"product_tag-ganirelix-acetate-cas-123246-29-7-gonadotropin-releasing-hormone-gnrh-antagonists-pt-br","8":"desktop-align-left","9":"tablet-align-left","10":"mobile-align-left","12":"first","13":"instock","14":"shipping-taxable","15":"product-type-simple"},"_links":{"self":[{"href":"https:\/\/puyapeptide.net\/pt-br\/wp-json\/wp\/v2\/product\/8716","targetHints":{"allow":["GET"]}}],"collection":[{"href":"https:\/\/puyapeptide.net\/pt-br\/wp-json\/wp\/v2\/product"}],"about":[{"href":"https:\/\/puyapeptide.net\/pt-br\/wp-json\/wp\/v2\/types\/product"}],"replies":[{"embeddable":true,"href":"https:\/\/puyapeptide.net\/pt-br\/wp-json\/wp\/v2\/comments?post=8716"}],"wp:featuredmedia":[{"embeddable":true,"href":"https:\/\/puyapeptide.net\/pt-br\/wp-json\/wp\/v2\/media\/2108"}],"wp:attachment":[{"href":"https:\/\/puyapeptide.net\/pt-br\/wp-json\/wp\/v2\/media?parent=8716"}],"wp:term":[{"taxonomy":"product_brand","embeddable":true,"href":"https:\/\/puyapeptide.net\/pt-br\/wp-json\/wp\/v2\/product_brand?post=8716"},{"taxonomy":"product_cat","embeddable":true,"href":"https:\/\/puyapeptide.net\/pt-br\/wp-json\/wp\/v2\/product_cat?post=8716"},{"taxonomy":"product_tag","embeddable":true,"href":"https:\/\/puyapeptide.net\/pt-br\/wp-json\/wp\/v2\/product_tag?post=8716"}],"curies":[{"name":"wp","href":"https:\/\/api.w.org\/{rel}","templated":true}]}}