{"id":8728,"date":"2021-12-17T03:02:08","date_gmt":"2021-12-17T08:02:08","guid":{"rendered":"https:\/\/puyapeptide.net\/product\/acetato-de-exenatida-cas-141732-76-5-usado-como-agente-hipoglicemiante-enteral\/"},"modified":"2021-12-17T03:02:08","modified_gmt":"2021-12-17T08:02:08","slug":"acetato-de-exenatida-cas-141732-76-5-usado-como-agente-hipoglicemiante-enteral","status":"publish","type":"product","link":"https:\/\/puyapeptide.net\/pt-br\/product\/acetato-de-exenatida-cas-141732-76-5-usado-como-agente-hipoglicemiante-enteral\/","title":{"rendered":"Acetato de exenatida CAS 141732-76-5 usado como agente hipoglicemiante enteral"},"content":{"rendered":"<h2><strong>Acetato de exenatida CAS 141732-76-5 usado como agente hipoglicemiante enteral<\/strong><\/h2>\n<p> Nome do produto: Acetato de exenatida<br \/>\n Sin\u00f4nimos: Exenatida; His-Gly-Gly-Gly-Thr-Phe-Thr-Ser-Asp-Leu-Ser-Lys-Gln-Met-Glu-Glu-Glu-Ala -Val-Arg-Leu-Phe-Ile-Glu-Trp-Leu-Lys-Asn-Gly-Gly-Pro-Ser-Gly-Ala-Pro-Pro-Pro-Ser-NH {2}; ACETATO EXENATIDO (EXENDIN -4); His-Gly-Gly-Gly-Thr-Phe-Thr-Ser-Asp-Leu-Ser-Lys-Gln-Met-Glu-Glu-Glu-Ala-Val-Arg-Leu-Phe-Ile- Glu-Trp-Leu-Lys-Asn-Gly-Gly-Pro-Ser-Ser-Gly-Ala-Pro-Pro-Pro-Ser-NH2; Acetato de exenatida; ACETATO DE EXENATIDA; ACETATO DE ENFUVIRTIDA; Extendina-4<br \/>\n CAS : 141732-76-5<br \/>\n MF: C186H286N50O62S<br \/>\n MW: 4244.60796<br \/>\n EINECS: 1592732-453-0<br \/>\n Categorias de produtos: Agonista; Bases e reagentes relacionados; Pept\u00eddeo; Intermedi\u00e1rios e produtos qu\u00edmicos finos; Nucleot\u00eddeos; Produtos farmac\u00eauticos; GLP<br \/>\n Arquivo Mol: 141732-76-5.mol <\/p>\n<p> A sequ\u00eancia de amino\u00e1cidos do acetato de exenatida se sobrep\u00f5e parcialmente ao GLP-1 humano. Foi demonstrado que o acetato de exenatida se liga e ativa o receptor de GLP-1 humano conhecido in vitro. Isso significa que, ao incluir cAMP (monofosfato de adenosina c\u00edclico) ou outros mecanismos de sinaliza\u00e7\u00e3o intracelular, a s\u00edntese de insulina dependente de glicose e a secre\u00e7\u00e3o de insulina pelas c\u00e9lulas \u03b2 pancre\u00e1ticas no corpo aumentam. <\/p>\n<p> <strong>Fun\u00e7\u00e3o e aplica\u00e7\u00e3o de acetato de exenatida CAS 141732-76-5<\/strong><br \/>\n A aplica\u00e7\u00e3o de acetato de exenatida causa um aumento no cAMP acinar sem estimular a libera\u00e7\u00e3o de amilase. Como um mim\u00e9tico da incretina, o acetato de exenatida atua como agonista do receptor do pept\u00eddeo-1 semelhante ao glucagon (GLP-1). Como o GLP-1, embora com atividade prolongada, o acetato de exenatida aumenta a produ\u00e7\u00e3o p\u00f3s-prandial de insulina e suprime a secre\u00e7\u00e3o de glucagon. Por esse motivo, o acetato de exenatida encontrou uso como medicamento para o diabetes II.<\/p>\n","protected":false},"excerpt":{"rendered":"<p>Nome do produto: Acetato de exenatida<br \/>\n CAS: 141732-76-5<br \/>\n MF: C186H286N50O62S<br \/>\n MW: 4244.60796<br \/>\n EINECS: 1592732-453-0<br \/>\n Arquivo Mol: 141732-76-5.mol<\/p>\n","protected":false},"featured_media":2213,"comment_status":"open","ping_status":"closed","template":"","meta":{"om_disable_all_campaigns":false,"_monsterinsights_skip_tracking":false,"_monsterinsights_sitenote_active":false,"_monsterinsights_sitenote_note":"","_monsterinsights_sitenote_category":0,"site-sidebar-layout":"default","site-content-layout":"default","ast-site-content-layout":"default","site-content-style":"default","site-sidebar-style":"default","ast-global-header-display":"","ast-banner-title-visibility":"","ast-main-header-display":"","ast-hfb-above-header-display":"","ast-hfb-below-header-display":"","ast-hfb-mobile-header-display":"","site-post-title":"","ast-breadcrumbs-content":"","ast-featured-img":"","footer-sml-layout":"","ast-disable-related-posts":"","theme-transparent-header-meta":"default","adv-header-id-meta":"","stick-header-meta":"","header-above-stick-meta":"","header-main-stick-meta":"","header-below-stick-meta":"","astra-migrate-meta-layouts":"default","ast-page-background-enabled":"default","ast-page-background-meta":{"desktop":{"background-color":"","background-image":"","background-repeat":"repeat","background-position":"center center","background-size":"auto","background-attachment":"scroll","background-type":"","background-media":"","overlay-type":"","overlay-color":"","overlay-opacity":"","overlay-gradient":""},"tablet":{"background-color":"","background-image":"","background-repeat":"repeat","background-position":"center center","background-size":"auto","background-attachment":"scroll","background-type":"","background-media":"","overlay-type":"","overlay-color":"","overlay-opacity":"","overlay-gradient":""},"mobile":{"background-color":"","background-image":"","background-repeat":"repeat","background-position":"center center","background-size":"auto","background-attachment":"scroll","background-type":"","background-media":"","overlay-type":"","overlay-color":"","overlay-opacity":"","overlay-gradient":""}},"ast-content-background-meta":{"desktop":{"background-color":"var(--ast-global-color-5)","background-image":"","background-repeat":"repeat","background-position":"center center","background-size":"auto","background-attachment":"scroll","background-type":"","background-media":"","overlay-type":"","overlay-color":"","overlay-opacity":"","overlay-gradient":""},"tablet":{"background-color":"var(--ast-global-color-5)","background-image":"","background-repeat":"repeat","background-position":"center center","background-size":"auto","background-attachment":"scroll","background-type":"","background-media":"","overlay-type":"","overlay-color":"","overlay-opacity":"","overlay-gradient":""},"mobile":{"background-color":"var(--ast-global-color-5)","background-image":"","background-repeat":"repeat","background-position":"center center","background-size":"auto","background-attachment":"scroll","background-type":"","background-media":"","overlay-type":"","overlay-color":"","overlay-opacity":"","overlay-gradient":""}}},"product_brand":[],"product_cat":[357],"product_tag":[1002],"class_list":{"0":"post-8728","1":"product","2":"type-product","3":"status-publish","4":"has-post-thumbnail","6":"product_cat-peptideo-diabetes","7":"product_tag-exenatide-acetate-cas-141732-76-5-used-as-an-enteral-hypoglycemic-agent-pt-br","8":"desktop-align-left","9":"tablet-align-left","10":"mobile-align-left","12":"first","13":"instock","14":"shipping-taxable","15":"product-type-simple"},"_links":{"self":[{"href":"https:\/\/puyapeptide.net\/pt-br\/wp-json\/wp\/v2\/product\/8728","targetHints":{"allow":["GET"]}}],"collection":[{"href":"https:\/\/puyapeptide.net\/pt-br\/wp-json\/wp\/v2\/product"}],"about":[{"href":"https:\/\/puyapeptide.net\/pt-br\/wp-json\/wp\/v2\/types\/product"}],"replies":[{"embeddable":true,"href":"https:\/\/puyapeptide.net\/pt-br\/wp-json\/wp\/v2\/comments?post=8728"}],"wp:featuredmedia":[{"embeddable":true,"href":"https:\/\/puyapeptide.net\/pt-br\/wp-json\/wp\/v2\/media\/2213"}],"wp:attachment":[{"href":"https:\/\/puyapeptide.net\/pt-br\/wp-json\/wp\/v2\/media?parent=8728"}],"wp:term":[{"taxonomy":"product_brand","embeddable":true,"href":"https:\/\/puyapeptide.net\/pt-br\/wp-json\/wp\/v2\/product_brand?post=8728"},{"taxonomy":"product_cat","embeddable":true,"href":"https:\/\/puyapeptide.net\/pt-br\/wp-json\/wp\/v2\/product_cat?post=8728"},{"taxonomy":"product_tag","embeddable":true,"href":"https:\/\/puyapeptide.net\/pt-br\/wp-json\/wp\/v2\/product_tag?post=8728"}],"curies":[{"name":"wp","href":"https:\/\/api.w.org\/{rel}","templated":true}]}}