{"id":8756,"date":"2021-12-17T03:03:23","date_gmt":"2021-12-17T08:03:23","guid":{"rendered":"https:\/\/puyapeptide.net\/product\/puya-supply-eptifibatide-cas-188627-80-7-inibe-a-agregacao-plaquetaria-e-trombose\/"},"modified":"2021-12-17T03:03:23","modified_gmt":"2021-12-17T08:03:23","slug":"puya-supply-eptifibatide-cas-188627-80-7-inibe-a-agregacao-plaquetaria-e-trombose","status":"publish","type":"product","link":"https:\/\/puyapeptide.net\/pt-br\/product\/puya-supply-eptifibatide-cas-188627-80-7-inibe-a-agregacao-plaquetaria-e-trombose\/","title":{"rendered":"Puya Supply Eptifibatide CAS 188627-80-7 inibe a agrega\u00e7\u00e3o plaquet\u00e1ria e trombose"},"content":{"rendered":"<h2><strong>Puya Supply Eptifibatide CAS 188627-80-7 inibe a agrega\u00e7\u00e3o plaquet\u00e1ria e trombose<\/strong><\/h2>\n<p> Nome do produto: Eptifibatida<br \/>\n Sin\u00f4nimos: Sal de acetato de etifibatida; Eptifibatida, MPA-HAR-Gly-Asp-Trp-Pro-Cys-NH2, MPAHARGDWPC-NH2,&gt; 99%; MAP-LYS-GLY-ASP- TRP-PRO-CYS-NH2; INTEGRELIN; Eptifibatida; N6- (Aminoiminometil) -N2- (3-mercapto-1-oxopropil-L-lisilglicil-La-aspartil-L-triptofil-L-prolil-L-cisteinamida; MPA -HAR-GLY-ASP-TRP-PRO-CYS-NH2 (DISULFIDE BRIDGE, MPA1-CYS6); Intrifiban<br \/>\n CAS: 188627-80-7<br \/>\n MF: C35H49N11O9S2<br \/>\n MW: 831,96<br \/>\n EINECS : 641-366-7<br \/>\n Categorias de produtos: Intermedi\u00e1rios e produtos qu\u00edmicos finos; Pept\u00eddeos; Farmac\u00eauticos<br \/>\n Arquivo Mol: 188627-80-7.mol <\/p>\n<p> Eptifibatida \u00e9 um tipo de hexapept\u00eddeo c\u00edclico sint\u00e9tico que consiste em 6 amino\u00e1cidos e 1 res\u00edduo de mercaptopropionil. \u00c9 capaz de se ligar ao receptor de plaquetas glicoprote\u00edna (GP) IIb \/ IIIa das plaquetas humanas e inibir a agrega\u00e7\u00e3o plaquet\u00e1ria, bloqueando assim a liga\u00e7\u00e3o do fibrinog\u00eanio, fator de von Willebrand e outros ligantes adesivos. indicado para o tratamento da s\u00edndrome coronariana aguda (SCA) e coronariana percut\u00e2nea i interven\u00e7\u00e3o (PCI). \u00c9 capaz de reduzir o risco de eventos isqu\u00eamicos card\u00edacos agudos em pacientes com angina inst\u00e1vel ou infec\u00e7\u00e3o mioc\u00e1rdica sem supradesnivelamento do segmento ST. \u00c9 frequentemente usado em combina\u00e7\u00e3o com aspirina ou clopidogrel e heparina. Ele pode ser fabricado por meio da s\u00edntese de pept\u00eddeos em fase de solu\u00e7\u00e3o e pode ser purificado por cromatografia l\u00edquida preparativa de fase reversa e liofiliza\u00e7\u00e3o. <\/p>\n<p> <strong>Eptifibatide CAS 188627-80-7 Propriedades qu\u00edmicas<\/strong><br \/>\n densidade 1,60 \u00b1 0,1 g \/ cm3 (previsto)<br \/>\n temp. Selado em seco, armazenado em freezer, abaixo de -20 \u00b0 C<br \/>\n pka 4,01 \u00b1 0,10 (previsto)<br \/>\n CAS DataBase Reference 188627-80-7 <\/p>\n<p> <strong>Fun\u00e7\u00e3o e aplica\u00e7\u00e3o de Eptifibatide CAS 188627-80- 7<\/strong><br \/>\n A Arginina-glicina-aspartato-mim\u00e9tico, reversivelmente se liga \u00e0s plaquetas para reduzir o risco de eventos card\u00edacos isqu\u00eamicos.<\/p>\n","protected":false},"excerpt":{"rendered":"<p>Nome do produto: Eptifibatide<br \/>\n CAS: 188627-80-7<br \/>\n MF: C35H49N11O9S2<br \/>\n MW: 831.96<br \/>\n EINECS: 641-366-7<br \/>\n Arquivo Mol: 188627-80-7.mol<\/p>\n","protected":false},"featured_media":2108,"comment_status":"open","ping_status":"closed","template":"","meta":{"om_disable_all_campaigns":false,"_monsterinsights_skip_tracking":false,"_monsterinsights_sitenote_active":false,"_monsterinsights_sitenote_note":"","_monsterinsights_sitenote_category":0,"site-sidebar-layout":"default","site-content-layout":"default","ast-site-content-layout":"default","site-content-style":"default","site-sidebar-style":"default","ast-global-header-display":"","ast-banner-title-visibility":"","ast-main-header-display":"","ast-hfb-above-header-display":"","ast-hfb-below-header-display":"","ast-hfb-mobile-header-display":"","site-post-title":"","ast-breadcrumbs-content":"","ast-featured-img":"","footer-sml-layout":"","ast-disable-related-posts":"","theme-transparent-header-meta":"default","adv-header-id-meta":"","stick-header-meta":"","header-above-stick-meta":"","header-main-stick-meta":"","header-below-stick-meta":"","astra-migrate-meta-layouts":"default","ast-page-background-enabled":"default","ast-page-background-meta":{"desktop":{"background-color":"","background-image":"","background-repeat":"repeat","background-position":"center center","background-size":"auto","background-attachment":"scroll","background-type":"","background-media":"","overlay-type":"","overlay-color":"","overlay-opacity":"","overlay-gradient":""},"tablet":{"background-color":"","background-image":"","background-repeat":"repeat","background-position":"center center","background-size":"auto","background-attachment":"scroll","background-type":"","background-media":"","overlay-type":"","overlay-color":"","overlay-opacity":"","overlay-gradient":""},"mobile":{"background-color":"","background-image":"","background-repeat":"repeat","background-position":"center center","background-size":"auto","background-attachment":"scroll","background-type":"","background-media":"","overlay-type":"","overlay-color":"","overlay-opacity":"","overlay-gradient":""}},"ast-content-background-meta":{"desktop":{"background-color":"var(--ast-global-color-5)","background-image":"","background-repeat":"repeat","background-position":"center center","background-size":"auto","background-attachment":"scroll","background-type":"","background-media":"","overlay-type":"","overlay-color":"","overlay-opacity":"","overlay-gradient":""},"tablet":{"background-color":"var(--ast-global-color-5)","background-image":"","background-repeat":"repeat","background-position":"center center","background-size":"auto","background-attachment":"scroll","background-type":"","background-media":"","overlay-type":"","overlay-color":"","overlay-opacity":"","overlay-gradient":""},"mobile":{"background-color":"var(--ast-global-color-5)","background-image":"","background-repeat":"repeat","background-position":"center center","background-size":"auto","background-attachment":"scroll","background-type":"","background-media":"","overlay-type":"","overlay-color":"","overlay-opacity":"","overlay-gradient":""}}},"product_brand":[],"product_cat":[416],"product_tag":[986],"class_list":{"0":"post-8756","1":"product","2":"type-product","3":"status-publish","4":"has-post-thumbnail","6":"product_cat-peptideo-sangue-e-vascular","7":"product_tag-puya-supply-eptifibatide-cas-188627-80-7-pt-br","8":"desktop-align-left","9":"tablet-align-left","10":"mobile-align-left","12":"first","13":"instock","14":"shipping-taxable","15":"product-type-simple"},"_links":{"self":[{"href":"https:\/\/puyapeptide.net\/pt-br\/wp-json\/wp\/v2\/product\/8756","targetHints":{"allow":["GET"]}}],"collection":[{"href":"https:\/\/puyapeptide.net\/pt-br\/wp-json\/wp\/v2\/product"}],"about":[{"href":"https:\/\/puyapeptide.net\/pt-br\/wp-json\/wp\/v2\/types\/product"}],"replies":[{"embeddable":true,"href":"https:\/\/puyapeptide.net\/pt-br\/wp-json\/wp\/v2\/comments?post=8756"}],"wp:featuredmedia":[{"embeddable":true,"href":"https:\/\/puyapeptide.net\/pt-br\/wp-json\/wp\/v2\/media\/2108"}],"wp:attachment":[{"href":"https:\/\/puyapeptide.net\/pt-br\/wp-json\/wp\/v2\/media?parent=8756"}],"wp:term":[{"taxonomy":"product_brand","embeddable":true,"href":"https:\/\/puyapeptide.net\/pt-br\/wp-json\/wp\/v2\/product_brand?post=8756"},{"taxonomy":"product_cat","embeddable":true,"href":"https:\/\/puyapeptide.net\/pt-br\/wp-json\/wp\/v2\/product_cat?post=8756"},{"taxonomy":"product_tag","embeddable":true,"href":"https:\/\/puyapeptide.net\/pt-br\/wp-json\/wp\/v2\/product_tag?post=8756"}],"curies":[{"name":"wp","href":"https:\/\/api.w.org\/{rel}","templated":true}]}}