{"id":8816,"date":"2021-12-17T03:07:24","date_gmt":"2021-12-17T08:07:24","guid":{"rendered":"https:\/\/puyapeptide.net\/product\/acetato-de-desmopressina-cas-16679-58-6-usado-para-tratar-uroparesia\/"},"modified":"2021-12-17T03:07:24","modified_gmt":"2021-12-17T08:07:24","slug":"acetato-de-desmopressina-cas-16679-58-6-usado-para-tratar-uroparesia","status":"publish","type":"product","link":"https:\/\/puyapeptide.net\/pt-br\/product\/acetato-de-desmopressina-cas-16679-58-6-usado-para-tratar-uroparesia\/","title":{"rendered":"Acetato de desmopressina CAS 16679-58-6 usado para tratar uroparesia"},"content":{"rendered":"<h2><strong>Acetato de desmopressina CAS 16679-58-6 usado para tratar uroparesia<\/strong><\/h2>\n<p> Nome do produto: Desmopressina<br \/>\n Sin\u00f4nimos: MPR-TYR-PHE-GLN-ASN-CYS-PRO-D-ARG-GLY-NH2; MINIRINA; [DEAMINO1, DARG8] VASOPRESSINA; [DEAMINO-CYS1, D- ARG8] -VASOPRESSINA; DDAVP HUMANA; DESMOPRESSINA HUMANA; DESAMINO- [D-ARG8] VASOPRESSINA<br \/>\n CAS: 16679-58-6<br \/>\n MF: C46H64N14O12S2<br \/>\n MW: 1069,22<br \/>\n EINEC: 1069,22<br \/>\n EINEC 240-726-7<br \/>\n Categorias de produtos: derivados de amino\u00e1cidos; pept\u00eddeo; receptor de vasopressina e oxitocina<br \/>\n Arquivo mol: 16679-58-6.mol <\/p>\n<p> A desmopressina (nome comercial: DDAVP) \u00e9 um produto artificial derivado da vasopressina, sendo semelhante ao horm\u00f4nio antidiur\u00e9tico (ADH) que se produz naturalmente no corpo. \u00c9 usado no tratamento de diabetes insipidus, enurese noturna, hemofilia A, doen\u00e7a de von Willebrand e n\u00edveis elevados de ur\u00e9ia no sangue. \u00c9 capaz de aumentar a permeabilidade \u00e0 \u00e1gua nas c\u00e9lulas tubulares renais, aumentando ainda mais a concentra\u00e7\u00e3o de urina e diminuindo a produ\u00e7\u00e3o de urina. Portanto, ele pode ser usado para prevenir e controlar a sede severa, a mic\u00e7\u00e3o e a desidrata\u00e7\u00e3o causadas por v\u00e1rios tipos de raz\u00f5es, incluindo les\u00f5es, cirurgia e certas condi\u00e7\u00f5es m\u00e9dicas. Isso ajuda voc\u00ea a dormir durante a noite sem ser acordado ao urinar. <\/p>\n<p> <strong>Desmopressina CAS 16679-58-6 Propriedades qu\u00edmicas<\/strong><br \/>\n alfa D25 +85,5 \u00b1 2 \u00b0 (calculado para o pept\u00eddeo livre)<br \/>\n densidade 1,56 \u00b1 0,1 g \/ cm3 (previsto)<br \/>\n RTECS YW9000000<br \/>\n temp. Armazenar a 0 \u00b0 C<br \/>\n solubilidade H2O: sol\u00favel 20mg \/ mL, l\u00edmpido, incolor<br \/>\n pka 9,90 \u00b1 0,15 (previsto)<br \/>\n de forma limpa<br \/>\n InChIKey NFLWUMRGJYTJIN-PNIOQBSNSA-N <\/p>\n<p> <strong>Usos de Desmopressina CAS 16679-58-6<\/strong><br \/>\n Antidiur\u00e9tico.<\/p>\n","protected":false},"excerpt":{"rendered":"<p>Nome do produto: Desmopressina<br \/>\n CAS: 16679-58-6<br \/>\n MF: C46H64N14O12S2<br \/>\n MW: 1069,22<br \/>\n EINECS: 240-726-7<br \/>\n Arquivo Mol: 16679-58-6.mol<\/p>\n","protected":false},"featured_media":2213,"comment_status":"open","ping_status":"closed","template":"","meta":{"om_disable_all_campaigns":false,"_monsterinsights_skip_tracking":false,"_monsterinsights_sitenote_active":false,"_monsterinsights_sitenote_note":"","_monsterinsights_sitenote_category":0,"site-sidebar-layout":"default","site-content-layout":"default","ast-site-content-layout":"default","site-content-style":"default","site-sidebar-style":"default","ast-global-header-display":"","ast-banner-title-visibility":"","ast-main-header-display":"","ast-hfb-above-header-display":"","ast-hfb-below-header-display":"","ast-hfb-mobile-header-display":"","site-post-title":"","ast-breadcrumbs-content":"","ast-featured-img":"","footer-sml-layout":"","ast-disable-related-posts":"","theme-transparent-header-meta":"default","adv-header-id-meta":"","stick-header-meta":"","header-above-stick-meta":"","header-main-stick-meta":"","header-below-stick-meta":"","astra-migrate-meta-layouts":"default","ast-page-background-enabled":"default","ast-page-background-meta":{"desktop":{"background-color":"","background-image":"","background-repeat":"repeat","background-position":"center center","background-size":"auto","background-attachment":"scroll","background-type":"","background-media":"","overlay-type":"","overlay-color":"","overlay-opacity":"","overlay-gradient":""},"tablet":{"background-color":"","background-image":"","background-repeat":"repeat","background-position":"center center","background-size":"auto","background-attachment":"scroll","background-type":"","background-media":"","overlay-type":"","overlay-color":"","overlay-opacity":"","overlay-gradient":""},"mobile":{"background-color":"","background-image":"","background-repeat":"repeat","background-position":"center center","background-size":"auto","background-attachment":"scroll","background-type":"","background-media":"","overlay-type":"","overlay-color":"","overlay-opacity":"","overlay-gradient":""}},"ast-content-background-meta":{"desktop":{"background-color":"var(--ast-global-color-5)","background-image":"","background-repeat":"repeat","background-position":"center center","background-size":"auto","background-attachment":"scroll","background-type":"","background-media":"","overlay-type":"","overlay-color":"","overlay-opacity":"","overlay-gradient":""},"tablet":{"background-color":"var(--ast-global-color-5)","background-image":"","background-repeat":"repeat","background-position":"center center","background-size":"auto","background-attachment":"scroll","background-type":"","background-media":"","overlay-type":"","overlay-color":"","overlay-opacity":"","overlay-gradient":""},"mobile":{"background-color":"var(--ast-global-color-5)","background-image":"","background-repeat":"repeat","background-position":"center center","background-size":"auto","background-attachment":"scroll","background-type":"","background-media":"","overlay-type":"","overlay-color":"","overlay-opacity":"","overlay-gradient":""}}},"product_brand":[],"product_cat":[416],"product_tag":[914],"class_list":{"0":"post-8816","1":"product","2":"type-product","3":"status-publish","4":"has-post-thumbnail","6":"product_cat-peptideo-sangue-e-vascular","7":"product_tag-desmopressin-acetate-cas-16679-58-6-used-for-treat-uroparesis-pt-br","8":"desktop-align-left","9":"tablet-align-left","10":"mobile-align-left","12":"first","13":"instock","14":"shipping-taxable","15":"product-type-simple"},"_links":{"self":[{"href":"https:\/\/puyapeptide.net\/pt-br\/wp-json\/wp\/v2\/product\/8816","targetHints":{"allow":["GET"]}}],"collection":[{"href":"https:\/\/puyapeptide.net\/pt-br\/wp-json\/wp\/v2\/product"}],"about":[{"href":"https:\/\/puyapeptide.net\/pt-br\/wp-json\/wp\/v2\/types\/product"}],"replies":[{"embeddable":true,"href":"https:\/\/puyapeptide.net\/pt-br\/wp-json\/wp\/v2\/comments?post=8816"}],"wp:featuredmedia":[{"embeddable":true,"href":"https:\/\/puyapeptide.net\/pt-br\/wp-json\/wp\/v2\/media\/2213"}],"wp:attachment":[{"href":"https:\/\/puyapeptide.net\/pt-br\/wp-json\/wp\/v2\/media?parent=8816"}],"wp:term":[{"taxonomy":"product_brand","embeddable":true,"href":"https:\/\/puyapeptide.net\/pt-br\/wp-json\/wp\/v2\/product_brand?post=8816"},{"taxonomy":"product_cat","embeddable":true,"href":"https:\/\/puyapeptide.net\/pt-br\/wp-json\/wp\/v2\/product_cat?post=8816"},{"taxonomy":"product_tag","embeddable":true,"href":"https:\/\/puyapeptide.net\/pt-br\/wp-json\/wp\/v2\/product_tag?post=8816"}],"curies":[{"name":"wp","href":"https:\/\/api.w.org\/{rel}","templated":true}]}}