{"id":8863,"date":"2021-12-17T03:10:59","date_gmt":"2021-12-17T08:10:59","guid":{"rendered":"https:\/\/puyapeptide.net\/product\/acetato-de-terlipressina-de-alta-qualidade-cas-14636-12-5-para-tratar-sangramento-varicoso-agudo\/"},"modified":"2021-12-17T03:10:59","modified_gmt":"2021-12-17T08:10:59","slug":"acetato-de-terlipressina-de-alta-qualidade-cas-14636-12-5-para-tratar-sangramento-varicoso-agudo","status":"publish","type":"product","link":"https:\/\/puyapeptide.net\/pt-br\/product\/acetato-de-terlipressina-de-alta-qualidade-cas-14636-12-5-para-tratar-sangramento-varicoso-agudo\/","title":{"rendered":"Acetato de terlipressina de alta qualidade CAS 14636-12-5 para tratar sangramento varicoso agudo"},"content":{"rendered":"<h2><strong>Acetato de terlipressina de alta qualidade CAS 14636-12-5 para tratar sangramento varicoso agudo<\/strong><\/h2>\n<p> Nome do produto: N- (N- (N-Glicilglicil) glicil) -8-L-lisinevasopressina<br \/>\n Sin\u00f4nimos: [N-\u03b1-Triglicil-8-lisina] -vasopressina; 130: PN: WO2010033207 SEQID: 171 prote\u00edna reivindicada; 1-Triglicil-8-lisina Vasopressina; N\u03b1-Glicil-glicil-glicil- [8-lisina] -vasopressina; N\u03b1-Glicil-glicil-glicil-lisina-vasopressina; N\u03b1-Glicil\u03b1-Glicilglicil; N\u03b1-Glicil\u03b1-Glicilglicil; -Gly-Gly-8-Lys-vasopressina; Terlipressina, Terlipressina, Terlipressina, Terlipressina<br \/>\n CAS: 14636-12-5<br \/>\n MF: C52H74N16O15S2<br \/>\n MW: 1227,37<br \/>\n EINECS: 238-680-8<br \/>\n Categorias de produtos: horm\u00f4nios; Pept\u00eddeo; Derivados de amino\u00e1cidos<br \/>\n Arquivo Mol: 14636-12-5.mol <\/p>\n<p> O nome qu\u00edmico da terlipressina \u00e9 triglicilamida lisina na sulina, que \u00e9 um novo tipo de sint\u00e9tico prepara\u00e7\u00e3o angiog\u00eanica de longa dura\u00e7\u00e3o. \u00c9 um pr\u00f3-f\u00e1rmaco, que por si s\u00f3 \u00e9 inativo. Depois de remover os 3 res\u00edduos de substitui\u00e7\u00e3o de glicina em seu N-terminal, ele lentamente &quot;libera&quot; lisina ativa mais. Portanto, a terlipressina \u00e9 equivalente a um reservat\u00f3rio que pode liberar vasopressina lisina a uma taxa est\u00e1vel. <\/p>\n<p> <strong>Propriedades qu\u00edmicas do acetato de terlipressina CAS 14636-12-5<\/strong><br \/>\n Ponto de ebuli\u00e7\u00e3o 1824,0 \u00b1 65,0 \u00b0 C (previsto)<br \/>\n densidade 1,46 \u00b1 0,1 g \/ cm3 (predito)<br \/>\n temp. Manter em local escuro, atmosfera inerte, armazenar no freezer, abaixo de -20 \u00b0 C<br \/>\n pka 9,90 \u00b1 0,15 (previsto)<br \/>\n Refer\u00eancia CAS DataBase 14636-12-5 (CAS DataBase Reference) <\/p>\n<p> <strong>Fun\u00e7\u00e3o E aplica\u00e7\u00e3o de acetato de terlipressina CAS 14636-12-5<\/strong><br \/>\n N- (N- (N-Glycylglycyl) glycyl) -8-L-lysinevasopressina \u00e9 um an\u00e1logo da vasopressina usada como uma droga vasoativa no tratamento da hipotens\u00e3o. N- (N- (N-Glycylglycyl) glycyl) -8-L-lisinevasopressina \u00e9 usado choque s\u00e9ptico norepinefrina-resistente e s\u00edndrome hepatorrenal. A N- (N- (N-Glycylglycyl) glycyl) -8-L-lisinevasopressina tamb\u00e9m \u00e9 usada no tratamento de sangramento agudo por varizes.<\/p>\n","protected":false},"excerpt":{"rendered":"<p>Nome do produto: N- (N- (N-Glicilglicil) glicil) -8-L-lisinevasopressina<br \/>\n CAS: 14636-12-5<br \/>\n MF: C52H74N16O15S2<br \/>\n MW: 1227,37<br \/>\n EINECS: 238- 680-8<br \/>\n Categorias de produtos: horm\u00f4nios; Pept\u00eddeo; Derivados de amino\u00e1cidos<br \/>\n Arquivo Mol: 14636-12-5.mol<\/p>\n","protected":false},"featured_media":2297,"comment_status":"open","ping_status":"closed","template":"","meta":{"om_disable_all_campaigns":false,"_monsterinsights_skip_tracking":false,"_monsterinsights_sitenote_active":false,"_monsterinsights_sitenote_note":"","_monsterinsights_sitenote_category":0,"site-sidebar-layout":"default","site-content-layout":"default","ast-site-content-layout":"default","site-content-style":"default","site-sidebar-style":"default","ast-global-header-display":"","ast-banner-title-visibility":"","ast-main-header-display":"","ast-hfb-above-header-display":"","ast-hfb-below-header-display":"","ast-hfb-mobile-header-display":"","site-post-title":"","ast-breadcrumbs-content":"","ast-featured-img":"","footer-sml-layout":"","ast-disable-related-posts":"","theme-transparent-header-meta":"default","adv-header-id-meta":"","stick-header-meta":"","header-above-stick-meta":"","header-main-stick-meta":"","header-below-stick-meta":"","astra-migrate-meta-layouts":"default","ast-page-background-enabled":"default","ast-page-background-meta":{"desktop":{"background-color":"","background-image":"","background-repeat":"repeat","background-position":"center center","background-size":"auto","background-attachment":"scroll","background-type":"","background-media":"","overlay-type":"","overlay-color":"","overlay-opacity":"","overlay-gradient":""},"tablet":{"background-color":"","background-image":"","background-repeat":"repeat","background-position":"center center","background-size":"auto","background-attachment":"scroll","background-type":"","background-media":"","overlay-type":"","overlay-color":"","overlay-opacity":"","overlay-gradient":""},"mobile":{"background-color":"","background-image":"","background-repeat":"repeat","background-position":"center center","background-size":"auto","background-attachment":"scroll","background-type":"","background-media":"","overlay-type":"","overlay-color":"","overlay-opacity":"","overlay-gradient":""}},"ast-content-background-meta":{"desktop":{"background-color":"var(--ast-global-color-5)","background-image":"","background-repeat":"repeat","background-position":"center center","background-size":"auto","background-attachment":"scroll","background-type":"","background-media":"","overlay-type":"","overlay-color":"","overlay-opacity":"","overlay-gradient":""},"tablet":{"background-color":"var(--ast-global-color-5)","background-image":"","background-repeat":"repeat","background-position":"center center","background-size":"auto","background-attachment":"scroll","background-type":"","background-media":"","overlay-type":"","overlay-color":"","overlay-opacity":"","overlay-gradient":""},"mobile":{"background-color":"var(--ast-global-color-5)","background-image":"","background-repeat":"repeat","background-position":"center center","background-size":"auto","background-attachment":"scroll","background-type":"","background-media":"","overlay-type":"","overlay-color":"","overlay-opacity":"","overlay-gradient":""}}},"product_brand":[],"product_cat":[416],"product_tag":[874],"class_list":{"0":"post-8863","1":"product","2":"type-product","3":"status-publish","4":"has-post-thumbnail","6":"product_cat-peptideo-sangue-e-vascular","7":"product_tag-terlipressin-acetate-cas-14636-12-5-for-treat-acute-variceal-bleeding-pt-br","8":"desktop-align-left","9":"tablet-align-left","10":"mobile-align-left","12":"first","13":"instock","14":"shipping-taxable","15":"product-type-simple"},"_links":{"self":[{"href":"https:\/\/puyapeptide.net\/pt-br\/wp-json\/wp\/v2\/product\/8863","targetHints":{"allow":["GET"]}}],"collection":[{"href":"https:\/\/puyapeptide.net\/pt-br\/wp-json\/wp\/v2\/product"}],"about":[{"href":"https:\/\/puyapeptide.net\/pt-br\/wp-json\/wp\/v2\/types\/product"}],"replies":[{"embeddable":true,"href":"https:\/\/puyapeptide.net\/pt-br\/wp-json\/wp\/v2\/comments?post=8863"}],"wp:featuredmedia":[{"embeddable":true,"href":"https:\/\/puyapeptide.net\/pt-br\/wp-json\/wp\/v2\/media\/2297"}],"wp:attachment":[{"href":"https:\/\/puyapeptide.net\/pt-br\/wp-json\/wp\/v2\/media?parent=8863"}],"wp:term":[{"taxonomy":"product_brand","embeddable":true,"href":"https:\/\/puyapeptide.net\/pt-br\/wp-json\/wp\/v2\/product_brand?post=8863"},{"taxonomy":"product_cat","embeddable":true,"href":"https:\/\/puyapeptide.net\/pt-br\/wp-json\/wp\/v2\/product_cat?post=8863"},{"taxonomy":"product_tag","embeddable":true,"href":"https:\/\/puyapeptide.net\/pt-br\/wp-json\/wp\/v2\/product_tag?post=8863"}],"curies":[{"name":"wp","href":"https:\/\/api.w.org\/{rel}","templated":true}]}}