{"id":8917,"date":"2021-12-17T03:14:23","date_gmt":"2021-12-17T08:14:23","guid":{"rendered":"https:\/\/puyapeptide.net\/product\/acetato-de-carbetocina-cas-37025-55-1-prevencao-de-contracoes-uterinas-fracas-e-hemorragia-pos-parto\/"},"modified":"2021-12-17T03:14:23","modified_gmt":"2021-12-17T08:14:23","slug":"acetato-de-carbetocina-cas-37025-55-1-prevencao-de-contracoes-uterinas-fracas-e-hemorragia-pos-parto","status":"publish","type":"product","link":"https:\/\/puyapeptide.net\/pt-br\/product\/acetato-de-carbetocina-cas-37025-55-1-prevencao-de-contracoes-uterinas-fracas-e-hemorragia-pos-parto\/","title":{"rendered":"Acetato de carbetocina CAS 37025-55-1 Preven\u00e7\u00e3o de contra\u00e7\u00f5es uterinas fracas e hemorragia p\u00f3s-parto"},"content":{"rendered":"<h2><strong>Acetato de carbetocina CAS 37025-55-1 Preven\u00e7\u00e3o de contra\u00e7\u00f5es uterinas fracas e hemorragia p\u00f3s-parto<\/strong><\/h2>\n<p> Nome do produto: CARBETOCINA<br \/>\n lances: BUTYRYL-TYR (ME) -ILE-GLN-ASN-CYS-PRO-LEU-GLY-NH2, (SULFIDE BOND ENTRE BUTYRYL-4-YL E CYS); BUTYRYL-SAL TRIFLUOROACETATO TYR (ME) -ILE-GLN-ASN-CYS-PRO-LEU-GLY-NH2; (BUTYRYL1, TYR (ME) 2) -1-CARBAOXITOCINA TRIFLUOROACETATO; (BUTYRYL1, TYR (ME) 2); (BUTYRYL1, TYR (ME) 2) -OXYTOCIN TRIFLUOROACETATE SAL; CARBETOCIN; SAL DE TRIFLUOROACETATO DE CARBETOCINA; (2-O-METILTIROSINA) -DE-AMINO-1-CARBAOXITOCINA<br \/>\n MF 37025-1: 37025-55: C45H69N11O12S<br \/>\n MW: 988,17<br \/>\n EINECS: 253-312-6<br \/>\n Categorias de produtos: Outros APIs; Pept\u00eddeo; Receptor de vasopressina e oxitocina; Intermedi\u00e1rios e produtos qu\u00edmicos finos; Farmac\u00eauticos<br \/>\n Arquivo Mol: 37025-55- 1.mol <\/p>\n<p> A carbetocina \u00e9 um an\u00e1logo sint\u00e9tico do 8-pept\u00eddeo da ocitocina de longa a\u00e7\u00e3o com propriedades agonistas, com propriedades cl\u00ednicas e farmacol\u00f3gicas semelhantes \u00e0s da ocitocina de natural. Como uma oxitocina, uma carbetocina se liga aos receptores de oxitocina no m\u00fasculo liso do \u00fatero, causando uma contra\u00e7\u00e3o r\u00edtmica do \u00fatero que aumenta sua frequ\u00eancia e aumenta o t\u00f4nus uterino em cima da contra\u00e7\u00e3o do Chemicalbook original. No estado de n\u00e3o gravidez, o n\u00edvel de receptores de ocitocina no \u00fatero \u00e9 baixo, aumento durante a gravidez e atingindo o pico no parto. Portanto, uma cabergolina n\u00e3o tem efeito no \u00fatero de n\u00e3o gr\u00e1vidas, mas tem um efeito de contra\u00e7\u00e3o uterina eficaz no \u00fatero gr\u00e1vido e no \u00fatero que acabou de dar \u00e0 luz. <\/p>\n<p> <strong>CARBETOCINA Propriedades compostas da carbetocina<\/strong><br \/>\n alfa D &#8211; 69,0 \u00b0 (c = 0,25 em \u00e1cido ac\u00e9tico 1M)<br \/>\n Ponto de ebuli\u00e7\u00e3o 1477,9 \u00b1 65,0 \u00b0 C (previsto)<br \/>\n densidade 1,218 \u00b1 0,06 g \/ cm3 (predito)<br \/>\n temp. -15 \u00b0 C<br \/>\n forma de p\u00f3<br \/>\n pka 13,07 \u00b1 0,70 (previsto)<br \/>\n cor branca a bege <\/p>\n<p> <strong>Fun\u00e7\u00e3o e aplica\u00e7\u00e3o de carbetocina<\/strong><br \/>\n Para uso ap\u00f3s anestesia peridural ou eletiva lombar para cesariana parto para prevenir contra\u00e7\u00f5es uterinas fracas e hemorragia p\u00f3s-parto.<br \/>\n Cesariana sob outra anestesia para cesariana de emerg\u00eancia, cesariana cl\u00e1ssica, anestesia peridural ou espinhal ou presen\u00e7a materna com doen\u00e7a card\u00edaca depressa, hist\u00f3rico de hipertens\u00e3o, coagulopatia conhecida ou f\u00edgado, rim e doen\u00e7a end\u00f3crinas (excluindo diabetes gestacional). O uso de carbetocina n\u00e3o foi estudado. A administra\u00e7\u00e3o de carbetocina ap\u00f3s o parto vaginal n\u00e3o foi devidamente estudada e a dose n\u00e3o fornecida fornecida.<\/p>\n","protected":false},"excerpt":{"rendered":"<p>Nome do produto: CARBETOCIN<br \/>\n CAS: 37025-55-1<br \/>\n MF: C45H69N11O12S<br \/>\n MW: 988,17<br \/>\n EINECS: 253-312-6<br \/>\n Arquivo Mol: 37025-55-1 .mol<\/p>\n","protected":false},"featured_media":2213,"comment_status":"open","ping_status":"closed","template":"","meta":{"om_disable_all_campaigns":false,"_monsterinsights_skip_tracking":false,"_monsterinsights_sitenote_active":false,"_monsterinsights_sitenote_note":"","_monsterinsights_sitenote_category":0,"site-sidebar-layout":"default","site-content-layout":"default","ast-site-content-layout":"default","site-content-style":"default","site-sidebar-style":"default","ast-global-header-display":"","ast-banner-title-visibility":"","ast-main-header-display":"","ast-hfb-above-header-display":"","ast-hfb-below-header-display":"","ast-hfb-mobile-header-display":"","site-post-title":"","ast-breadcrumbs-content":"","ast-featured-img":"","footer-sml-layout":"","ast-disable-related-posts":"","theme-transparent-header-meta":"default","adv-header-id-meta":"","stick-header-meta":"","header-above-stick-meta":"","header-main-stick-meta":"","header-below-stick-meta":"","astra-migrate-meta-layouts":"default","ast-page-background-enabled":"default","ast-page-background-meta":{"desktop":{"background-color":"","background-image":"","background-repeat":"repeat","background-position":"center center","background-size":"auto","background-attachment":"scroll","background-type":"","background-media":"","overlay-type":"","overlay-color":"","overlay-opacity":"","overlay-gradient":""},"tablet":{"background-color":"","background-image":"","background-repeat":"repeat","background-position":"center center","background-size":"auto","background-attachment":"scroll","background-type":"","background-media":"","overlay-type":"","overlay-color":"","overlay-opacity":"","overlay-gradient":""},"mobile":{"background-color":"","background-image":"","background-repeat":"repeat","background-position":"center center","background-size":"auto","background-attachment":"scroll","background-type":"","background-media":"","overlay-type":"","overlay-color":"","overlay-opacity":"","overlay-gradient":""}},"ast-content-background-meta":{"desktop":{"background-color":"var(--ast-global-color-5)","background-image":"","background-repeat":"repeat","background-position":"center center","background-size":"auto","background-attachment":"scroll","background-type":"","background-media":"","overlay-type":"","overlay-color":"","overlay-opacity":"","overlay-gradient":""},"tablet":{"background-color":"var(--ast-global-color-5)","background-image":"","background-repeat":"repeat","background-position":"center center","background-size":"auto","background-attachment":"scroll","background-type":"","background-media":"","overlay-type":"","overlay-color":"","overlay-opacity":"","overlay-gradient":""},"mobile":{"background-color":"var(--ast-global-color-5)","background-image":"","background-repeat":"repeat","background-position":"center center","background-size":"auto","background-attachment":"scroll","background-type":"","background-media":"","overlay-type":"","overlay-color":"","overlay-opacity":"","overlay-gradient":""}}},"product_brand":[],"product_cat":[441],"product_tag":[839],"class_list":{"0":"post-8917","1":"product","2":"type-product","3":"status-publish","4":"has-post-thumbnail","6":"product_cat-peptideo-urogenital","7":"product_tag-carbetocin-acetate-cas-37025-55-1-pt-br","8":"desktop-align-left","9":"tablet-align-left","10":"mobile-align-left","12":"first","13":"instock","14":"shipping-taxable","15":"product-type-simple"},"_links":{"self":[{"href":"https:\/\/puyapeptide.net\/pt-br\/wp-json\/wp\/v2\/product\/8917","targetHints":{"allow":["GET"]}}],"collection":[{"href":"https:\/\/puyapeptide.net\/pt-br\/wp-json\/wp\/v2\/product"}],"about":[{"href":"https:\/\/puyapeptide.net\/pt-br\/wp-json\/wp\/v2\/types\/product"}],"replies":[{"embeddable":true,"href":"https:\/\/puyapeptide.net\/pt-br\/wp-json\/wp\/v2\/comments?post=8917"}],"wp:featuredmedia":[{"embeddable":true,"href":"https:\/\/puyapeptide.net\/pt-br\/wp-json\/wp\/v2\/media\/2213"}],"wp:attachment":[{"href":"https:\/\/puyapeptide.net\/pt-br\/wp-json\/wp\/v2\/media?parent=8917"}],"wp:term":[{"taxonomy":"product_brand","embeddable":true,"href":"https:\/\/puyapeptide.net\/pt-br\/wp-json\/wp\/v2\/product_brand?post=8917"},{"taxonomy":"product_cat","embeddable":true,"href":"https:\/\/puyapeptide.net\/pt-br\/wp-json\/wp\/v2\/product_cat?post=8917"},{"taxonomy":"product_tag","embeddable":true,"href":"https:\/\/puyapeptide.net\/pt-br\/wp-json\/wp\/v2\/product_tag?post=8917"}],"curies":[{"name":"wp","href":"https:\/\/api.w.org\/{rel}","templated":true}]}}