{"id":8929,"date":"2021-12-17T03:38:41","date_gmt":"2021-12-17T08:38:41","guid":{"rendered":"https:\/\/puyapeptide.net\/product\/venda-quente-de-plecanatida-cas-467426-54-6-use-para-tratar-constipacao-idiopatica-cronica-cic\/"},"modified":"2023-11-18T17:02:25","modified_gmt":"2023-11-18T22:02:25","slug":"venda-quente-de-plecanatida-cas-467426-54-6-use-para-tratar-constipacao-idiopatica-cronica-cic","status":"publish","type":"product","link":"https:\/\/puyapeptide.net\/pt-br\/product\/venda-quente-de-plecanatida-cas-467426-54-6-use-para-tratar-constipacao-idiopatica-cronica-cic\/","title":{"rendered":"Venda quente de plecanatida CAS 467426-54-6 Use para tratar constipa\u00e7\u00e3o idiop\u00e1tica cr\u00f4nica (CIC)"},"content":{"rendered":"<h2><strong>Venda quente de plecanatida CAS 467426-54-6 Use para tratar constipa\u00e7\u00e3o idiop\u00e1tica cr\u00f4nica (CIC)<\/strong><\/h2>\n<p> Nome do produto: Plecanatida<br \/>\n Sin\u00f4nimos: Plecanatida; ASN-ASP-GLU-CYS-GLU-LEU-CYS-VAL-ASN-VAL-ALA-CYS-THR-GLY-CYS-LEU (DISULFIDE BOND CYS1 e CYS3, CYS2 &amp; CYS4); Plecanatida Impurtiy; L-Leucina, L-asparaginil-L-\u03b1-aspartil-L-\u03b1-glutamil-L-cisteinil-L-\u03b1-glutamil-L-leucil-L-cisteinil-L-valil-L- asparaginil-L-valil-L-alanil-L-cisteinil-L-treonilglicil-L-cisteinil-, c\u00edclico (4 \u2192 12), (7 \u2192 15) -bis (dissulfeto); Fandachem de plecanatida; Impureza de plecanatida; Plecanatida USP \/ EP \/ BP; Prikanatide<br \/>\n CAS: 467426-54-6<br \/>\n MF: C65H104N18O26S4<br \/>\n MW: 1681.89<br \/>\n Arquivo Mol: 467426-54-6.mol <\/p>\n<p> Plecanatida \u00e9 um novo droga que afeta a enzima guanilato ciclase, estimulando a secre\u00e7\u00e3o de fluido intestinal e acelerando os movimentos intestinais. O pept\u00eddeo oral, composto por 16 amino\u00e1cidos, \u00e9 projetado para imitar a guanosina urin\u00e1ria, um pept\u00eddeo gastrointestinal humano. Originalmente desenvolvida pela Callisto Pharmaceuticals nos Estados Unidos e transferida para a Synergy Pharmaceuticals para desenvolvimento, a procainatida foi aprovada para comercializa\u00e7\u00e3o pela Food and Drug Administration (FDA) dos EUA em 19 de janeiroChemicalbook 2017 para o tratamento de CIC em adultos. A procainatida \u00e9 um an\u00e1logo da uroguanosina (uroguanilina) e cont\u00e9m um 16 \u00e9 um an\u00e1logo da uroguanilina, um pept\u00eddeo c\u00edclico contendo 16 amino\u00e1cidos e tem a fun\u00e7\u00e3o de um agonista do receptor de guanilato ciclase que promove a excre\u00e7\u00e3o urin\u00e1ria de s\u00f3dio, regula os \u00edons \u00e1cido-base no trato gastrointestinal, induz fluido transporte para o trato gastrointestinal e aumenta a peristalse do trato gastrointestinal. <\/p>\n<p> Traduzido com www.DeepL.com\/Translator (vers\u00e3o gratuita) <\/p>\n<p> <strong>Fun\u00e7\u00e3o e aplica\u00e7\u00e3o da plecanatida<\/strong><br \/>\n A procainida \u00e9 um agonista do receptor de guanilateciclase-C (GC-C) que promove a excre\u00e7\u00e3o urin\u00e1ria de s\u00f3dio, regula \u00edons \u00e1cido-base no trato gastrointestinal, induz o transporte de fluido para o e trato gastrointestinal, e aumenta a peristalse no trato gastrointestinal, e \u00e9 indicado para o tratamento de CIC em adultos.<\/p>\n","protected":false},"excerpt":{"rendered":"<p>Nome do produto: Plecanatida <strong><br \/>\n CAS: 467426-54-6<br \/>\n MF: C65H104N18O26S4<br \/>\n MW: 1681,89<br \/>\n Arquivo Mol: 467426-54-6.mol<\/strong><\/p>\n","protected":false},"featured_media":2171,"comment_status":"open","ping_status":"closed","template":"","meta":{"om_disable_all_campaigns":false,"_monsterinsights_skip_tracking":false,"_monsterinsights_sitenote_active":false,"_monsterinsights_sitenote_note":"","_monsterinsights_sitenote_category":0,"site-sidebar-layout":"default","site-content-layout":"default","ast-site-content-layout":"default","site-content-style":"default","site-sidebar-style":"default","ast-global-header-display":"","ast-banner-title-visibility":"","ast-main-header-display":"","ast-hfb-above-header-display":"","ast-hfb-below-header-display":"","ast-hfb-mobile-header-display":"","site-post-title":"","ast-breadcrumbs-content":"","ast-featured-img":"","footer-sml-layout":"","ast-disable-related-posts":"","theme-transparent-header-meta":"default","adv-header-id-meta":"","stick-header-meta":"","header-above-stick-meta":"","header-main-stick-meta":"","header-below-stick-meta":"","astra-migrate-meta-layouts":"default","ast-page-background-enabled":"default","ast-page-background-meta":{"desktop":{"background-color":"","background-image":"","background-repeat":"repeat","background-position":"center center","background-size":"auto","background-attachment":"scroll","background-type":"","background-media":"","overlay-type":"","overlay-color":"","overlay-opacity":"","overlay-gradient":""},"tablet":{"background-color":"","background-image":"","background-repeat":"repeat","background-position":"center center","background-size":"auto","background-attachment":"scroll","background-type":"","background-media":"","overlay-type":"","overlay-color":"","overlay-opacity":"","overlay-gradient":""},"mobile":{"background-color":"","background-image":"","background-repeat":"repeat","background-position":"center center","background-size":"auto","background-attachment":"scroll","background-type":"","background-media":"","overlay-type":"","overlay-color":"","overlay-opacity":"","overlay-gradient":""}},"ast-content-background-meta":{"desktop":{"background-color":"var(--ast-global-color-5)","background-image":"","background-repeat":"repeat","background-position":"center center","background-size":"auto","background-attachment":"scroll","background-type":"","background-media":"","overlay-type":"","overlay-color":"","overlay-opacity":"","overlay-gradient":""},"tablet":{"background-color":"var(--ast-global-color-5)","background-image":"","background-repeat":"repeat","background-position":"center center","background-size":"auto","background-attachment":"scroll","background-type":"","background-media":"","overlay-type":"","overlay-color":"","overlay-opacity":"","overlay-gradient":""},"mobile":{"background-color":"var(--ast-global-color-5)","background-image":"","background-repeat":"repeat","background-position":"center center","background-size":"auto","background-attachment":"scroll","background-type":"","background-media":"","overlay-type":"","overlay-color":"","overlay-opacity":"","overlay-gradient":""}}},"product_brand":[],"product_cat":[456],"product_tag":[807],"class_list":{"0":"post-8929","1":"product","2":"type-product","3":"status-publish","4":"has-post-thumbnail","6":"product_cat-peptideo-do-sistema-gastrointestinal","7":"product_tag-plecanatide-cas-467426-54-6-use-for-treat-chronic-idiopathic-constipation-pt-br","8":"desktop-align-left","9":"tablet-align-left","10":"mobile-align-left","12":"first","13":"instock","14":"shipping-taxable","15":"product-type-simple"},"_links":{"self":[{"href":"https:\/\/puyapeptide.net\/pt-br\/wp-json\/wp\/v2\/product\/8929","targetHints":{"allow":["GET"]}}],"collection":[{"href":"https:\/\/puyapeptide.net\/pt-br\/wp-json\/wp\/v2\/product"}],"about":[{"href":"https:\/\/puyapeptide.net\/pt-br\/wp-json\/wp\/v2\/types\/product"}],"replies":[{"embeddable":true,"href":"https:\/\/puyapeptide.net\/pt-br\/wp-json\/wp\/v2\/comments?post=8929"}],"wp:featuredmedia":[{"embeddable":true,"href":"https:\/\/puyapeptide.net\/pt-br\/wp-json\/wp\/v2\/media\/2171"}],"wp:attachment":[{"href":"https:\/\/puyapeptide.net\/pt-br\/wp-json\/wp\/v2\/media?parent=8929"}],"wp:term":[{"taxonomy":"product_brand","embeddable":true,"href":"https:\/\/puyapeptide.net\/pt-br\/wp-json\/wp\/v2\/product_brand?post=8929"},{"taxonomy":"product_cat","embeddable":true,"href":"https:\/\/puyapeptide.net\/pt-br\/wp-json\/wp\/v2\/product_cat?post=8929"},{"taxonomy":"product_tag","embeddable":true,"href":"https:\/\/puyapeptide.net\/pt-br\/wp-json\/wp\/v2\/product_tag?post=8929"}],"curies":[{"name":"wp","href":"https:\/\/api.w.org\/{rel}","templated":true}]}}