{"id":5040,"date":"2021-12-16T03:25:40","date_gmt":"2021-12-16T08:25:40","guid":{"rendered":"https:\/\/puyapeptide.net\/peptide-personalizate\/"},"modified":"2021-12-16T03:25:50","modified_gmt":"2021-12-16T08:25:50","slug":"peptide-personalizate","status":"publish","type":"page","link":"https:\/\/puyapeptide.net\/ro\/peptide-personalizate\/","title":{"rendered":"Peptide personalizate"},"content":{"rendered":"\t\t<div data-elementor-type=\"wp-page\" data-elementor-id=\"5040\" class=\"elementor elementor-5040\">\n\t\t\t\t\t\t<section class=\"elementor-section elementor-top-section elementor-element elementor-element-750ce8d elementor-section-boxed elementor-section-height-default elementor-section-height-default\" data-id=\"750ce8d\" data-element_type=\"section\" data-e-type=\"section\" data-settings=\"{&quot;background_background&quot;:&quot;classic&quot;}\">\n\t\t\t\t\t\t<div class=\"elementor-container elementor-column-gap-no\">\n\t\t\t\t\t<div class=\"elementor-column elementor-col-100 elementor-top-column elementor-element elementor-element-5392e4d\" data-id=\"5392e4d\" data-element_type=\"column\" data-e-type=\"column\">\n\t\t\t<div class=\"elementor-widget-wrap elementor-element-populated\">\n\t\t\t\t\t\t<div class=\"elementor-element elementor-element-950ab56 elementor-widget elementor-widget-heading\" data-id=\"950ab56\" data-element_type=\"widget\" data-e-type=\"widget\" data-widget_type=\"heading.default\">\n\t\t\t\t<div class=\"elementor-widget-container\">\n\t\t\t\t\t<h1 class=\"elementor-heading-title elementor-size-default\">Peptid\u0103 personalizat\u0103<\/h1>\t\t\t\t<\/div>\n\t\t\t\t<\/div>\n\t\t\t\t<div class=\"elementor-element elementor-element-8063b88 elementor-widget elementor-widget-text-editor\" data-id=\"8063b88\" data-element_type=\"widget\" data-e-type=\"widget\" data-widget_type=\"text-editor.default\">\n\t\t\t\t<div class=\"elementor-widget-container\">\n\t\t\t\t\t\t\t\t\t<p>Ne angaj\u0103m s\u0103 oferim servicii de personalizare cuprinz\u0103toare \u0219i de \u00eenalt\u0103 calitate a peptidelor \u0219i asisten\u021b\u0103 tehnic\u0103 companiilor de biotehnologie, institutelor de cercetare \u0219i universit\u0103\u021bilor din \u021bar\u0103 \u0219i din str\u0103in\u0103tate. P\u00e2n\u0103 acum, am livrat aproape 20.000 de peptide clien\u021bilor no\u0219tri. \u00cen cadrul sistemului strict de calitate, compania noastr\u0103 adopt\u0103 echipamente avansate \u00eempreun\u0103, cum ar fi Waters, Agilent, care ofer\u0103 o garan\u021bie puternic\u0103 pentru calitatea produselor.<\/p>\n\t\t\t\t\t\t\t\t<\/div>\n\t\t\t\t<\/div>\n\t\t\t\t\t<\/div>\n\t\t<\/div>\n\t\t\t\t\t<\/div>\n\t\t<\/section>\n\t\t\t\t<section class=\"elementor-section elementor-top-section elementor-element elementor-element-f7e7052 elementor-section-boxed elementor-section-height-default elementor-section-height-default\" data-id=\"f7e7052\" data-element_type=\"section\" data-e-type=\"section\">\n\t\t\t\t\t\t<div class=\"elementor-container elementor-column-gap-default\">\n\t\t\t\t\t<div class=\"elementor-column elementor-col-33 elementor-top-column elementor-element elementor-element-afe398d\" data-id=\"afe398d\" data-element_type=\"column\" data-e-type=\"column\">\n\t\t\t<div class=\"elementor-widget-wrap elementor-element-populated\">\n\t\t\t\t\t\t<div class=\"elementor-element elementor-element-d447bbe elementor-widget elementor-widget-image\" data-id=\"d447bbe\" data-element_type=\"widget\" data-e-type=\"widget\" data-widget_type=\"image.default\">\n\t\t\t\t<div class=\"elementor-widget-container\">\n\t\t\t\t\t\t\t\t\t\t\t\t\t\t\t<img fetchpriority=\"high\" decoding=\"async\" width=\"344\" height=\"258\" src=\"https:\/\/puyapeptide.net\/wp-content\/uploads\/2020\/08\/pathologycam-testing.jpg\" class=\"attachment-large size-large wp-image-1311\" alt=\"\" \/>\t\t\t\t\t\t\t\t\t\t\t\t\t\t\t<\/div>\n\t\t\t\t<\/div>\n\t\t\t\t\t<\/div>\n\t\t<\/div>\n\t\t\t\t<div class=\"elementor-column elementor-col-33 elementor-top-column elementor-element elementor-element-1f724c8\" data-id=\"1f724c8\" data-element_type=\"column\" data-e-type=\"column\">\n\t\t\t<div class=\"elementor-widget-wrap elementor-element-populated\">\n\t\t\t\t\t\t<div class=\"elementor-element elementor-element-179709f elementor-widget elementor-widget-image\" data-id=\"179709f\" data-element_type=\"widget\" data-e-type=\"widget\" data-widget_type=\"image.default\">\n\t\t\t\t<div class=\"elementor-widget-container\">\n\t\t\t\t\t\t\t\t\t\t\t\t\t\t\t<img decoding=\"async\" width=\"344\" height=\"258\" src=\"https:\/\/puyapeptide.net\/wp-content\/uploads\/2020\/08\/mineral-assay.jpg\" class=\"attachment-large size-large wp-image-1269\" alt=\"\" \/>\t\t\t\t\t\t\t\t\t\t\t\t\t\t\t<\/div>\n\t\t\t\t<\/div>\n\t\t\t\t\t<\/div>\n\t\t<\/div>\n\t\t\t\t<div class=\"elementor-column elementor-col-33 elementor-top-column elementor-element elementor-element-38c63b1\" data-id=\"38c63b1\" data-element_type=\"column\" data-e-type=\"column\">\n\t\t\t<div class=\"elementor-widget-wrap elementor-element-populated\">\n\t\t\t\t\t\t<div class=\"elementor-element elementor-element-47f701a elementor-widget elementor-widget-image\" data-id=\"47f701a\" data-element_type=\"widget\" data-e-type=\"widget\" data-widget_type=\"image.default\">\n\t\t\t\t<div class=\"elementor-widget-container\">\n\t\t\t\t\t\t\t\t\t\t\t\t\t\t\t<img decoding=\"async\" width=\"344\" height=\"258\" src=\"https:\/\/puyapeptide.net\/wp-content\/uploads\/2020\/08\/parmaceutical-reserach.jpg\" class=\"attachment-large size-large wp-image-1290\" alt=\"\" \/>\t\t\t\t\t\t\t\t\t\t\t\t\t\t\t<\/div>\n\t\t\t\t<\/div>\n\t\t\t\t\t<\/div>\n\t\t<\/div>\n\t\t\t\t\t<\/div>\n\t\t<\/section>\n\t\t\t\t<section class=\"elementor-section elementor-top-section elementor-element elementor-element-c933d5a elementor-section-boxed elementor-section-height-default elementor-section-height-default\" data-id=\"c933d5a\" data-element_type=\"section\" data-e-type=\"section\">\n\t\t\t\t\t\t<div class=\"elementor-container elementor-column-gap-default\">\n\t\t\t\t\t<div class=\"elementor-column elementor-col-33 elementor-top-column elementor-element elementor-element-9ada36e\" data-id=\"9ada36e\" data-element_type=\"column\" data-e-type=\"column\">\n\t\t\t<div class=\"elementor-widget-wrap elementor-element-populated\">\n\t\t\t\t\t\t<div class=\"elementor-element elementor-element-9431dcd elementor-widget elementor-widget-heading\" data-id=\"9431dcd\" data-element_type=\"widget\" data-e-type=\"widget\" data-widget_type=\"heading.default\">\n\t\t\t\t<div class=\"elementor-widget-container\">\n\t\t\t\t\t<h3 class=\"elementor-heading-title elementor-size-default\">Testarea Pathologycam<\/h3>\t\t\t\t<\/div>\n\t\t\t\t<\/div>\n\t\t\t\t\t<\/div>\n\t\t<\/div>\n\t\t\t\t<div class=\"elementor-column elementor-col-33 elementor-top-column elementor-element elementor-element-42668e2\" data-id=\"42668e2\" data-element_type=\"column\" data-e-type=\"column\">\n\t\t\t<div class=\"elementor-widget-wrap elementor-element-populated\">\n\t\t\t\t\t\t<div class=\"elementor-element elementor-element-caa987b elementor-widget elementor-widget-heading\" data-id=\"caa987b\" data-element_type=\"widget\" data-e-type=\"widget\" data-widget_type=\"heading.default\">\n\t\t\t\t<div class=\"elementor-widget-container\">\n\t\t\t\t\t<h3 class=\"elementor-heading-title elementor-size-default\">Analiza mineralelor<\/h3>\t\t\t\t<\/div>\n\t\t\t\t<\/div>\n\t\t\t\t\t<\/div>\n\t\t<\/div>\n\t\t\t\t<div class=\"elementor-column elementor-col-33 elementor-top-column elementor-element elementor-element-24f94bf\" data-id=\"24f94bf\" data-element_type=\"column\" data-e-type=\"column\">\n\t\t\t<div class=\"elementor-widget-wrap elementor-element-populated\">\n\t\t\t\t\t\t<div class=\"elementor-element elementor-element-7229e80 elementor-widget elementor-widget-heading\" data-id=\"7229e80\" data-element_type=\"widget\" data-e-type=\"widget\" data-widget_type=\"heading.default\">\n\t\t\t\t<div class=\"elementor-widget-container\">\n\t\t\t\t\t<h3 class=\"elementor-heading-title elementor-size-default\">Cercetare farmaceutic\u0103<\/h3>\t\t\t\t<\/div>\n\t\t\t\t<\/div>\n\t\t\t\t\t<\/div>\n\t\t<\/div>\n\t\t\t\t\t<\/div>\n\t\t<\/section>\n\t\t\t\t<section class=\"elementor-section elementor-top-section elementor-element elementor-element-9267557 elementor-section-boxed elementor-section-height-default elementor-section-height-default\" data-id=\"9267557\" data-element_type=\"section\" data-e-type=\"section\">\n\t\t\t\t\t\t<div class=\"elementor-container elementor-column-gap-default\">\n\t\t\t\t\t<div class=\"elementor-column elementor-col-100 elementor-top-column elementor-element elementor-element-282c6ae\" data-id=\"282c6ae\" data-element_type=\"column\" data-e-type=\"column\">\n\t\t\t<div class=\"elementor-widget-wrap elementor-element-populated\">\n\t\t\t\t\t\t<div class=\"elementor-element elementor-element-a30e273 elementor-widget elementor-widget-heading\" data-id=\"a30e273\" data-element_type=\"widget\" data-e-type=\"widget\" data-widget_type=\"heading.default\">\n\t\t\t\t<div class=\"elementor-widget-container\">\n\t\t\t\t\t<h2 class=\"elementor-heading-title elementor-size-default\">Serviciul nostru<\/h2>\t\t\t\t<\/div>\n\t\t\t\t<\/div>\n\t\t\t\t\t<\/div>\n\t\t<\/div>\n\t\t\t\t\t<\/div>\n\t\t<\/section>\n\t\t\t\t<section class=\"elementor-section elementor-top-section elementor-element elementor-element-34e06f5 elementor-section-boxed elementor-section-height-default elementor-section-height-default\" data-id=\"34e06f5\" data-element_type=\"section\" data-e-type=\"section\">\n\t\t\t\t\t\t<div class=\"elementor-container elementor-column-gap-default\">\n\t\t\t\t\t<div class=\"elementor-column elementor-col-100 elementor-top-column elementor-element elementor-element-edf93ef\" data-id=\"edf93ef\" data-element_type=\"column\" data-e-type=\"column\">\n\t\t\t<div class=\"elementor-widget-wrap elementor-element-populated\">\n\t\t\t\t\t\t<div class=\"elementor-element elementor-element-1a6bc98 elementor-widget elementor-widget-text-editor\" data-id=\"1a6bc98\" data-element_type=\"widget\" data-e-type=\"widget\" data-widget_type=\"text-editor.default\">\n\t\t\t\t<div class=\"elementor-widget-container\">\n\t\t\t\t\t\t\t\t\t<p>Lungimea peptidei: sinteza peptidelor mai mari de 100 de aminoacizi, sinteza dipeptidelor ciclice<\/p>\n<p> Modificarea cicliz\u0103rii: peptide ciclice legate de disulfur\u0103 cu mai mult de 4 perechi, primele peptide ciclice legate de amid\u0103, peptide ciclice legate de lan\u021buri laterale legate de amid\u0103, peptide ciclice legate de amid\u0103 \u0219i disulfur\u0103<\/p>\n<p> Modificarea fluorescen\u021bei: Cy3, Cy5, etc. etichetare fluorescent\u0103, combina\u021bie de stingere Dabcyl\/Edans, AMC, PNA, Dnasyl, MCA<\/p>\n<p> Modificare special\u0103 a materialului: peptid\u0103 modificat\u0103 prin glicozilare, peptid\u0103 modificat\u0103 prin fosforilare \u0219i sulfonare, peptid\u0103 modificat\u0103 cu azid\u0103 (alchil) Arg(me), Arg(Me)2(asimetrial\u0103), Arg(Me)2(simetric\u0103) peptid\u0103 modificat\u0103, Lys(Me) ), Lys(Me)2, Lys(me)3 peptid\u0103 modificat\u0103<br \/> Cuplarea anticorpilor: prin cuplarea Cys sau prin cuplarea carboxil-terminal\u0103 KLH,BSA,OVA<\/p>\n<p> Peptid\u0103 ramificat\u0103: Lys, Orn peptid\u0103 cu dou\u0103 ramuri, patru ramuri, opt ramuri; Asp, Glu peptid\u0103 cu dou\u0103 ramuri, patru ramuri, opt ramuri<br \/> Polipeptid\u0103 ciclic\u0103 RGD: polipeptid\u0103 ciclic\u0103 RGD \u0219i polipeptid\u0103 modificat\u0103<\/p>\n<p> Peptid\u0103 neoantigen tumoral\u0103: peptid\u0103 care p\u0103trunde \u00een celule, peptid\u0103 antibacterian\u0103, proiectare \u0219i dezvoltare de peptide \u00eenc\u0103rcate cu medicamente, produc\u021bia de peptide neoantigen tumoral (specifica\u021bie de func\u021bionare GMP)<\/p>\n<p> Peptid\u0103 anti-neo-coroan\u0103: proiectare \u0219i sinteza de peptide legate de virusul neo-coroan\u0103 pentru \u021binte populare, suport complet<\/p>\n<p> Bibliotec\u0103 de peptide: bibliotec\u0103 de peptide suprapuse, bibliotec\u0103 de peptide de screening de aminoacizi, bibliotec\u0103 de peptide de screening de localizare, bibliotec\u0103 de peptide aleatoare (bibliotec\u0103 de peptide promiscue)<\/p>\n<p> Alte peptide. Peptid\u0103 asem\u0103n\u0103toare peptidei, peptid\u0103 capsat\u0103, peptid\u0103 acid sialic, peptid\u0103 colesterol, peptid\u0103 Hynic etc.<\/p>\n\t\t\t\t\t\t\t\t<\/div>\n\t\t\t\t<\/div>\n\t\t\t\t\t<\/div>\n\t\t<\/div>\n\t\t\t\t\t<\/div>\n\t\t<\/section>\n\t\t\t\t<\/div>\n\t\t","protected":false},"excerpt":{"rendered":"<p>Peptid\u0103 personalizat\u0103 Ne angaj\u0103m s\u0103 oferim servicii de personalizare cuprinz\u0103toare \u0219i de \u00eenalt\u0103 calitate a peptidelor \u0219i asisten\u021b\u0103 tehnic\u0103 companiilor de biotehnologie, institutelor de cercetare \u0219i universit\u0103\u021bilor din \u021bar\u0103 \u0219i din str\u0103in\u0103tate. P\u00e2n\u0103 acum, am livrat aproape 20.000 de peptide clien\u021bilor no\u0219tri. \u00cen cadrul sistemului strict de calitate, compania noastr\u0103 adopt\u0103 echipamente avansate \u00eempreun\u0103, cum [&hellip;]<\/p>\n","protected":false},"author":1,"featured_media":0,"parent":0,"menu_order":0,"comment_status":"closed","ping_status":"closed","template":"","meta":{"om_disable_all_campaigns":false,"_monsterinsights_skip_tracking":false,"_monsterinsights_sitenote_active":false,"_monsterinsights_sitenote_note":"","_monsterinsights_sitenote_category":0,"site-sidebar-layout":"no-sidebar","site-content-layout":"page-builder","ast-site-content-layout":"default","site-content-style":"default","site-sidebar-style":"default","ast-global-header-display":"","ast-banner-title-visibility":"","ast-main-header-display":"","ast-hfb-above-header-display":"","ast-hfb-below-header-display":"","ast-hfb-mobile-header-display":"","site-post-title":"disabled","ast-breadcrumbs-content":"","ast-featured-img":"disabled","footer-sml-layout":"","ast-disable-related-posts":"","theme-transparent-header-meta":"enabled","adv-header-id-meta":"","stick-header-meta":"","header-above-stick-meta":"","header-main-stick-meta":"","header-below-stick-meta":"","astra-migrate-meta-layouts":"default","ast-page-background-enabled":"default","ast-page-background-meta":{"desktop":{"background-color":"","background-image":"","background-repeat":"repeat","background-position":"center center","background-size":"auto","background-attachment":"scroll","background-type":"","background-media":"","overlay-type":"","overlay-color":"","overlay-opacity":"","overlay-gradient":""},"tablet":{"background-color":"","background-image":"","background-repeat":"repeat","background-position":"center center","background-size":"auto","background-attachment":"scroll","background-type":"","background-media":"","overlay-type":"","overlay-color":"","overlay-opacity":"","overlay-gradient":""},"mobile":{"background-color":"","background-image":"","background-repeat":"repeat","background-position":"center center","background-size":"auto","background-attachment":"scroll","background-type":"","background-media":"","overlay-type":"","overlay-color":"","overlay-opacity":"","overlay-gradient":""}},"ast-content-background-meta":{"desktop":{"background-color":"var(--ast-global-color-5)","background-image":"","background-repeat":"repeat","background-position":"center center","background-size":"auto","background-attachment":"scroll","background-type":"","background-media":"","overlay-type":"","overlay-color":"","overlay-opacity":"","overlay-gradient":""},"tablet":{"background-color":"var(--ast-global-color-5)","background-image":"","background-repeat":"repeat","background-position":"center center","background-size":"auto","background-attachment":"scroll","background-type":"","background-media":"","overlay-type":"","overlay-color":"","overlay-opacity":"","overlay-gradient":""},"mobile":{"background-color":"var(--ast-global-color-5)","background-image":"","background-repeat":"repeat","background-position":"center center","background-size":"auto","background-attachment":"scroll","background-type":"","background-media":"","overlay-type":"","overlay-color":"","overlay-opacity":"","overlay-gradient":""}},"footnotes":""},"class_list":["post-5040","page","type-page","status-publish","hentry"],"_links":{"self":[{"href":"https:\/\/puyapeptide.net\/ro\/wp-json\/wp\/v2\/pages\/5040","targetHints":{"allow":["GET"]}}],"collection":[{"href":"https:\/\/puyapeptide.net\/ro\/wp-json\/wp\/v2\/pages"}],"about":[{"href":"https:\/\/puyapeptide.net\/ro\/wp-json\/wp\/v2\/types\/page"}],"author":[{"embeddable":true,"href":"https:\/\/puyapeptide.net\/ro\/wp-json\/wp\/v2\/users\/1"}],"replies":[{"embeddable":true,"href":"https:\/\/puyapeptide.net\/ro\/wp-json\/wp\/v2\/comments?post=5040"}],"version-history":[{"count":1,"href":"https:\/\/puyapeptide.net\/ro\/wp-json\/wp\/v2\/pages\/5040\/revisions"}],"predecessor-version":[{"id":5041,"href":"https:\/\/puyapeptide.net\/ro\/wp-json\/wp\/v2\/pages\/5040\/revisions\/5041"}],"wp:attachment":[{"href":"https:\/\/puyapeptide.net\/ro\/wp-json\/wp\/v2\/media?parent=5040"}],"curies":[{"name":"wp","href":"https:\/\/api.w.org\/{rel}","templated":true}]}}